{"id":438,"date":"2024-04-06T23:50:33","date_gmt":"2024-04-06T22:50:33","guid":{"rendered":"http:\/\/szkolanurkowaniatest.dawidfemin.atthost24.pl\/?page_id=438"},"modified":"2024-12-17T00:31:32","modified_gmt":"2024-12-16T22:31:32","slug":"advance-open-water-diver-silver","status":"publish","type":"page","link":"https:\/\/demonray.de\/en\/advance-open-water-diver-silver\/","title":{"rendered":"Advanced Open Water Diver \u2013 Silver"},"content":{"rendered":"<div data-elementor-type=\"wp-page\" data-elementor-id=\"438\" class=\"elementor elementor-438\">\n\t\t\t\t<div class=\"elementor-element elementor-element-493bb78e e-flex e-con-boxed e-con e-parent\" data-id=\"493bb78e\" data-element_type=\"container\">\n\t\t\t\t\t<div class=\"e-con-inner\">\n\t\t\t\t<div class=\"elementor-element elementor-element-904092a elementor-widget elementor-widget-heading\" data-id=\"904092a\" data-element_type=\"widget\" data-widget_type=\"heading.default\">\n\t\t\t\t<div class=\"elementor-widget-container\">\n\t\t\t<h2 class=\"elementor-heading-title elementor-size-default\">Advanced Open Water Diver <br> Silver<\/h2>\t\t<\/div>\n\t\t\t\t<\/div>\n\t\t\t\t<div class=\"elementor-element elementor-element-42a566a2 elementor-view-default elementor-widget elementor-widget-icon\" data-id=\"42a566a2\" data-element_type=\"widget\" data-widget_type=\"icon.default\">\n\t\t\t\t<div class=\"elementor-widget-container\">\n\t\t\t\t\t<div class=\"elementor-icon-wrapper\">\n\t\t\t<a class=\"elementor-icon\" href=\"#scrollToContent\">\n\t\t\t<svg xmlns=\"http:\/\/www.w3.org\/2000\/svg\" xmlns:xlink=\"http:\/\/www.w3.org\/1999\/xlink\" fill=\"#ffffff\" height=\"800px\" width=\"800px\" id=\"Layer_1\" viewbox=\"0 0 512 512\" xml:space=\"preserve\" stroke=\"#ffffff\"><g id=\"SVGRepo_bgCarrier\" stroke-width=\"0\"><\/g><g id=\"SVGRepo_tracerCarrier\" stroke-linecap=\"round\" stroke-linejoin=\"round\"><\/g><g id=\"SVGRepo_iconCarrier\"> <polygon points=\"442.2,93.1 256,279.3 69.8,93.1 0,162.9 256,418.9 512,162.9 \"><\/polygon> <\/g><\/svg>\t\t\t<\/a>\n\t\t<\/div>\n\t\t\t\t<\/div>\n\t\t\t\t<\/div>\n\t\t\t\t<div class=\"elementor-element elementor-element-6ae9efdc .trapez elementor-widget elementor-widget-html\" data-id=\"6ae9efdc\" data-element_type=\"widget\" id=\"scrollToContent\" data-widget_type=\"html.default\">\n\t\t\t\t<div class=\"elementor-widget-container\">\n\t\t\t<div><\/div>\t\t<\/div>\n\t\t\t\t<\/div>\n\t\t\t\t\t<\/div>\n\t\t\t\t<\/div>\n\t\t<div class=\"elementor-element elementor-element-8fd1fee e-flex e-con-boxed e-con e-parent\" data-id=\"8fd1fee\" data-element_type=\"container\">\n\t\t\t\t\t<div class=\"e-con-inner\">\n\t\t\t\t<div class=\"elementor-element elementor-element-5257b0a elementor-widget elementor-widget-heading\" data-id=\"5257b0a\" data-element_type=\"widget\" data-widget_type=\"heading.default\">\n\t\t\t\t<div class=\"elementor-widget-container\">\n\t\t\t<h2 class=\"elementor-heading-title elementor-size-default\">ADVANCED OPEN WATER DIVER PSAI <br> SILVER (LEVEL 1)<\/h2>\t\t<\/div>\n\t\t\t\t<\/div>\n\t\t\t\t<div class=\"elementor-element elementor-element-545d0f9 elementor-widget elementor-widget-heading\" data-id=\"545d0f9\" data-element_type=\"widget\" data-widget_type=\"heading.default\">\n\t\t\t\t<div class=\"elementor-widget-container\">\n\t\t\t<p class=\"elementor-heading-title elementor-size-default\">This is a course that offers versatile opportunities for further education for even more interesting and safer diving.<\/p>\t\t<\/div>\n\t\t\t\t<\/div>\n\t\t\t\t<div class=\"elementor-element elementor-element-72598b3 elementor-widget elementor-widget-heading\" data-id=\"72598b3\" data-element_type=\"widget\" data-widget_type=\"heading.default\">\n\t\t\t\t<div class=\"elementor-widget-container\">\n\t\t\t<h2 class=\"elementor-heading-title elementor-size-default\">QUALIFICATIONS UPON COURSE COMPLETION:<\/h2>\t\t<\/div>\n\t\t\t\t<\/div>\n\t\t\t\t<div class=\"elementor-element elementor-element-bc0609c elementor-widget elementor-widget-heading\" data-id=\"bc0609c\" data-element_type=\"widget\" data-widget_type=\"heading.default\">\n\t\t\t\t<div class=\"elementor-widget-container\">\n\t\t\t<p class=\"elementor-heading-title elementor-size-default\">Upon successful completion of the course, participants receive an international license allowing dives up to 30m in various environmental conditions.<\/p>\t\t<\/div>\n\t\t\t\t<\/div>\n\t\t\t\t<div class=\"elementor-element elementor-element-38ecb2a elementor-widget elementor-widget-heading\" data-id=\"38ecb2a\" data-element_type=\"widget\" data-widget_type=\"heading.default\">\n\t\t\t\t<div class=\"elementor-widget-container\">\n\t\t\t<h2 class=\"elementor-heading-title elementor-size-default\">REQUIREMENTS FOR CANDIDATES:<\/h2>\t\t<\/div>\n\t\t\t\t<\/div>\n\t\t\t\t<div class=\"elementor-element elementor-element-9eced16 elementor-widget elementor-widget-heading\" data-id=\"9eced16\" data-element_type=\"widget\" data-widget_type=\"heading.default\">\n\t\t\t\t<div class=\"elementor-widget-container\">\n\t\t\t<p class=\"elementor-heading-title elementor-size-default\">\u2022 possession of BASIC LEVEL - OPEN WATER SPORT DIVER or equivalent<\/p>\t\t<\/div>\n\t\t\t\t<\/div>\n\t\t\t\t<div class=\"elementor-element elementor-element-5123b92 elementor-widget elementor-widget-heading\" data-id=\"5123b92\" data-element_type=\"widget\" data-widget_type=\"heading.default\">\n\t\t\t\t<div class=\"elementor-widget-container\">\n\t\t\t<p class=\"elementor-heading-title elementor-size-default\">\u2022 minimum of 10 logged dives<\/p>\t\t<\/div>\n\t\t\t\t<\/div>\n\t\t\t\t<div class=\"elementor-element elementor-element-c510230 elementor-widget elementor-widget-heading\" data-id=\"c510230\" data-element_type=\"widget\" data-widget_type=\"heading.default\">\n\t\t\t\t<div class=\"elementor-widget-container\">\n\t\t\t<h2 class=\"elementor-heading-title elementor-size-default\">REQUIREMENTS TO COMPLETE THE COURSE:<\/h2>\t\t<\/div>\n\t\t\t\t<\/div>\n\t\t\t\t<div class=\"elementor-element elementor-element-dd513cb elementor-widget elementor-widget-heading\" data-id=\"dd513cb\" data-element_type=\"widget\" data-widget_type=\"heading.default\">\n\t\t\t\t<div class=\"elementor-widget-container\">\n\t\t\t<p class=\"elementor-heading-title elementor-size-default\">\u2022 completion of a total of at least 20 dives<\/p>\t\t<\/div>\n\t\t\t\t<\/div>\n\t\t\t\t<div class=\"elementor-element elementor-element-8b0bde8 elementor-widget elementor-widget-heading\" data-id=\"8b0bde8\" data-element_type=\"widget\" data-widget_type=\"heading.default\">\n\t\t\t\t<div class=\"elementor-widget-container\">\n\t\t\t<p class=\"elementor-heading-title elementor-size-default\">\u2022 acquisition of skills and knowledge in 4 specializations, of which are mandatory:<\/p>\t\t<\/div>\n\t\t\t\t<\/div>\n\t\t\t\t<div class=\"elementor-element elementor-element-f1ea769 elementor-widget elementor-widget-heading\" data-id=\"f1ea769\" data-element_type=\"widget\" data-widget_type=\"heading.default\">\n\t\t\t\t<div class=\"elementor-widget-container\">\n\t\t\t<p class=\"elementor-heading-title elementor-size-default\">\u2022 night diving and low visibility diving (NIGHT &amp; LIMITED VISIBILITY)<\/p>\t\t<\/div>\n\t\t\t\t<\/div>\n\t\t\t\t<div class=\"elementor-element elementor-element-3119473 elementor-widget elementor-widget-heading\" data-id=\"3119473\" data-element_type=\"widget\" data-widget_type=\"heading.default\">\n\t\t\t\t<div class=\"elementor-widget-container\">\n\t\t\t<p class=\"elementor-heading-title elementor-size-default\">\u2022 underwater navigation using a compass (UNDERWATER NAVIGATION)<\/p>\t\t<\/div>\n\t\t\t\t<\/div>\n\t\t\t\t<div class=\"elementor-element elementor-element-c5ec75c elementor-widget elementor-widget-heading\" data-id=\"c5ec75c\" data-element_type=\"widget\" data-widget_type=\"heading.default\">\n\t\t\t\t<div class=\"elementor-widget-container\">\n\t\t\t<p class=\"elementor-heading-title elementor-size-default\">and 2 out of 9 remaining:<\/p>\t\t<\/div>\n\t\t\t\t<\/div>\n\t\t\t\t<div class=\"elementor-element elementor-element-8471c6a elementor-widget elementor-widget-heading\" data-id=\"8471c6a\" data-element_type=\"widget\" data-widget_type=\"heading.default\">\n\t\t\t\t<div class=\"elementor-widget-container\">\n\t\t\t<p class=\"elementor-heading-title elementor-size-default\">\u2022 full face mask diving - Full Face Mask<\/p>\t\t<\/div>\n\t\t\t\t<\/div>\n\t\t\t\t<div class=\"elementor-element elementor-element-813e15f elementor-widget elementor-widget-heading\" data-id=\"813e15f\" data-element_type=\"widget\" data-widget_type=\"heading.default\">\n\t\t\t\t<div class=\"elementor-widget-container\">\n\t\t\t<p class=\"elementor-heading-title elementor-size-default\">\u2022 dry suit diving (DRY SUIT)<\/p>\t\t<\/div>\n\t\t\t\t<\/div>\n\t\t\t\t<div class=\"elementor-element elementor-element-e84ea2f elementor-widget elementor-widget-heading\" data-id=\"e84ea2f\" data-element_type=\"widget\" data-widget_type=\"heading.default\">\n\t\t\t\t<div class=\"elementor-widget-container\">\n\t\t\t<p class=\"elementor-heading-title elementor-size-default\">\u2022 Twin Set Diver<\/p>\t\t<\/div>\n\t\t\t\t<\/div>\n\t\t\t\t<div class=\"elementor-element elementor-element-dd00848 elementor-widget elementor-widget-heading\" data-id=\"dd00848\" data-element_type=\"widget\" data-widget_type=\"heading.default\">\n\t\t\t\t<div class=\"elementor-widget-container\">\n\t\t\t<p class=\"elementor-heading-title elementor-size-default\">\u2022 Narcosis Management Level I or I + II<\/p>\t\t<\/div>\n\t\t\t\t<\/div>\n\t\t\t\t<div class=\"elementor-element elementor-element-386c8ad elementor-widget elementor-widget-heading\" data-id=\"386c8ad\" data-element_type=\"widget\" data-widget_type=\"heading.default\">\n\t\t\t\t<div class=\"elementor-widget-container\">\n\t\t\t<p class=\"elementor-heading-title elementor-size-default\">\u2022 ice diving (ICE DIVER)<\/p>\t\t<\/div>\n\t\t\t\t<\/div>\n\t\t\t\t<div class=\"elementor-element elementor-element-28c8966 elementor-widget elementor-widget-heading\" data-id=\"28c8966\" data-element_type=\"widget\" data-widget_type=\"heading.default\">\n\t\t\t\t<div class=\"elementor-widget-container\">\n\t\t\t<p class=\"elementor-heading-title elementor-size-default\">\u2022 wreck diving - Wreck Diver Cold Water Environment<\/p>\t\t<\/div>\n\t\t\t\t<\/div>\n\t\t\t\t<div class=\"elementor-element elementor-element-c02a678 elementor-widget elementor-widget-heading\" data-id=\"c02a678\" data-element_type=\"widget\" data-widget_type=\"heading.default\">\n\t\t\t\t<div class=\"elementor-widget-container\">\n\t\t\t<p class=\"elementor-heading-title elementor-size-default\">\u2022 Basic Nitrox<\/p>\t\t<\/div>\n\t\t\t\t<\/div>\n\t\t\t\t<div class=\"elementor-element elementor-element-986e1a1 elementor-widget elementor-widget-heading\" data-id=\"986e1a1\" data-element_type=\"widget\" data-widget_type=\"heading.default\">\n\t\t\t\t<div class=\"elementor-widget-container\">\n\t\t\t<p class=\"elementor-heading-title elementor-size-default\">\u2022 DPV Open Water (scooter)<\/p>\t\t<\/div>\n\t\t\t\t<\/div>\n\t\t\t\t<div class=\"elementor-element elementor-element-d564967 elementor-widget elementor-widget-heading\" data-id=\"d564967\" data-element_type=\"widget\" data-widget_type=\"heading.default\">\n\t\t\t\t<div class=\"elementor-widget-container\">\n\t\t\t<p class=\"elementor-heading-title elementor-size-default\">\u2022 Basic Open Water Sidemount Diver<\/p>\t\t<\/div>\n\t\t\t\t<\/div>\n\t\t\t\t<div class=\"elementor-element elementor-element-19487eb elementor-widget elementor-widget-heading\" data-id=\"19487eb\" data-element_type=\"widget\" data-widget_type=\"heading.default\">\n\t\t\t\t<div class=\"elementor-widget-container\">\n\t\t\t<p class=\"elementor-heading-title elementor-size-default\">Additionally: Course dive to a depth of 30m.<\/p>\t\t<\/div>\n\t\t\t\t<\/div>\n\t\t\t\t<div class=\"elementor-element elementor-element-cc6bc03 elementor-widget elementor-widget-heading\" data-id=\"cc6bc03\" data-element_type=\"widget\" data-widget_type=\"heading.default\">\n\t\t\t\t<div class=\"elementor-widget-container\">\n\t\t\t<h2 class=\"elementor-heading-title elementor-size-default\">Course price:<\/h2>\t\t<\/div>\n\t\t\t\t<\/div>\n\t\t\t\t<div class=\"elementor-element elementor-element-7530667 elementor-widget elementor-widget-heading\" data-id=\"7530667\" data-element_type=\"widget\" data-widget_type=\"heading.default\">\n\t\t\t\t<div class=\"elementor-widget-container\">\n\t\t\t<p class=\"elementor-heading-title elementor-size-default\">150\u20ac including license issuance<\/p>\t\t<\/div>\n\t\t\t\t<\/div>\n\t\t\t\t\t<\/div>\n\t\t\t\t<\/div>\n\t\t<div class=\"elementor-element elementor-element-2941b094 e-flex e-con-boxed e-con e-parent\" data-id=\"2941b094\" data-element_type=\"container\" data-settings=\"{&quot;background_background&quot;:&quot;classic&quot;}\">\n\t\t\t\t\t<div class=\"e-con-inner\">\n\t\t\t\t<div class=\"elementor-element elementor-element-6d61a483 elementor-widget elementor-widget-html\" data-id=\"6d61a483\" data-element_type=\"widget\" data-widget_type=\"html.default\">\n\t\t\t\t<div class=\"elementor-widget-container\">\n\t\t\t<div><\/div>\t\t<\/div>\n\t\t\t\t<\/div>\n\t\t\t\t<div class=\"elementor-element elementor-element-2bfe3c1e elementor-widget elementor-widget-heading\" data-id=\"2bfe3c1e\" data-element_type=\"widget\" data-widget_type=\"heading.default\">\n\t\t\t\t<div class=\"elementor-widget-container\">\n\t\t\t<h2 class=\"elementor-heading-title elementor-size-default\"><a href=\"https:\/\/www.facebook.com\/profile.php?id=61550789842853\" target=\"_blank\">JOIN US ON FACEBOOK AND INSTAGRAM!<\/a><\/h2>\t\t<\/div>\n\t\t\t\t<\/div>\n\t\t\t\t<div class=\"elementor-element elementor-element-71903900 elementor-widget elementor-widget-html\" data-id=\"71903900\" data-element_type=\"widget\" data-widget_type=\"html.default\">\n\t\t\t\t<div class=\"elementor-widget-container\">\n\t\t\t<div><\/div>\t\t<\/div>\n\t\t\t\t<\/div>\n\t\t<div class=\"elementor-element elementor-element-49b6314e e-flex e-con-boxed e-con e-child\" data-id=\"49b6314e\" data-element_type=\"container\">\n\t\t\t\t\t<div class=\"e-con-inner\">\n\t\t\t\t<div class=\"elementor-element elementor-element-7cdb48a elementor-widget elementor-widget-image\" data-id=\"7cdb48a\" data-element_type=\"widget\" data-widget_type=\"image.default\">\n\t\t\t\t<div class=\"elementor-widget-container\">\n\t\t\t\t\t\t\t\t\t\t\t\t\t\t<a href=\"https:\/\/www.facebook.com\/profile.php?id=61550789842853\" target=\"_blank\">\n\t\t\t\t\t\t\t<img decoding=\"async\" width=\"101\" height=\"100\" src=\"https:\/\/demonray.de\/wp-content\/uploads\/2024\/04\/fb_btn.png\" class=\"attachment-large size-large wp-image-1173\" alt=\"\" srcset=\"https:\/\/demonray.de\/wp-content\/uploads\/2024\/04\/fb_btn.png 101w, https:\/\/demonray.de\/wp-content\/uploads\/2024\/04\/fb_btn-12x12.png 12w\" sizes=\"(max-width: 101px) 100vw, 101px\" \/>\t\t\t\t\t\t\t\t<\/a>\n\t\t\t\t\t\t\t\t\t\t\t\t\t<\/div>\n\t\t\t\t<\/div>\n\t\t\t\t<div class=\"elementor-element elementor-element-64714597 elementor-widget elementor-widget-image\" data-id=\"64714597\" data-element_type=\"widget\" data-widget_type=\"image.default\">\n\t\t\t\t<div class=\"elementor-widget-container\">\n\t\t\t\t\t\t\t\t\t\t\t\t\t\t<a href=\"https:\/\/www.instagram.com\/demonray_diving\/\" target=\"_blank\">\n\t\t\t\t\t\t\t<img decoding=\"async\" width=\"101\" height=\"101\" src=\"https:\/\/demonray.de\/wp-content\/uploads\/2024\/04\/iggg.png\" class=\"attachment-large size-large wp-image-1174\" alt=\"\" srcset=\"https:\/\/demonray.de\/wp-content\/uploads\/2024\/04\/iggg.png 101w, https:\/\/demonray.de\/wp-content\/uploads\/2024\/04\/iggg-12x12.png 12w\" sizes=\"(max-width: 101px) 100vw, 101px\" \/>\t\t\t\t\t\t\t\t<\/a>\n\t\t\t\t\t\t\t\t\t\t\t\t\t<\/div>\n\t\t\t\t<\/div>\n\t\t\t\t\t<\/div>\n\t\t\t\t<\/div>\n\t\t\t\t\t<\/div>\n\t\t\t\t<\/div>\n\t\t\t\t<\/div>","protected":false},"excerpt":{"rendered":"<p>Advanced Open Water Diver Silver ADVANCED OPEN WATER DIVER PSAI SILVER (POZIOM 1) Jest to kurs daj\u0105cy wszechstronne mo\u017cliwo\u015bci dalszej edukacji dla jeszcze ciekawszego i bezpieczniejszego nurkowania. UPRAWNIENIA PO UKO\u0143CZENIU KURSU: Po pozytywnym uko\u0144czeniu kursu uczestnicy uzyskuj\u0105 mi\u0119dzynarodow\u0105 licencj\u0119 uprawniaj\u0105c\u0105 do nurkowa\u0144 do 30m w r\u00f3\u017cnych warunkach \u015brodowiskowych. WYMAGANIA DLA KANDYDAT\u00d3W: \u2022 posiadanie STOPNIA PODSTAWOWEGO [&hellip;]<\/p>","protected":false},"author":1,"featured_media":0,"parent":0,"menu_order":0,"comment_status":"closed","ping_status":"closed","template":"","meta":{"footnotes":""},"class_list":["post-438","page","type-page","status-publish","hentry"],"yoast_head":"<!-- This site is optimized with the Yoast SEO Premium plugin v19.4 (Yoast SEO v24.3) - https:\/\/yoast.com\/wordpress\/plugins\/seo\/ -->\n<title>Advanced Open Water Diver \u2013 Silver - Demon Ray<\/title>\n<meta name=\"robots\" content=\"index, follow, max-snippet:-1, max-image-preview:large, max-video-preview:-1\" \/>\n<link rel=\"canonical\" href=\"https:\/\/demonray.de\/en\/advance-open-water-diver-silver\/\" \/>\n<meta property=\"og:locale\" content=\"en_GB\" \/>\n<meta property=\"og:type\" content=\"article\" \/>\n<meta property=\"og:title\" content=\"Advanced Open Water Diver \u2013 Silver\" \/>\n<meta property=\"og:description\" content=\"Advanced Open Water Diver Silver ADVANCED OPEN WATER DIVER PSAI SILVER (POZIOM 1) Jest to kurs daj\u0105cy wszechstronne mo\u017cliwo\u015bci dalszej edukacji dla jeszcze ciekawszego i bezpieczniejszego nurkowania. UPRAWNIENIA PO UKO\u0143CZENIU KURSU: Po pozytywnym uko\u0144czeniu kursu uczestnicy uzyskuj\u0105 mi\u0119dzynarodow\u0105 licencj\u0119 uprawniaj\u0105c\u0105 do nurkowa\u0144 do 30m w r\u00f3\u017cnych warunkach \u015brodowiskowych. WYMAGANIA DLA KANDYDAT\u00d3W: \u2022 posiadanie STOPNIA PODSTAWOWEGO [&hellip;]\" \/>\n<meta property=\"og:url\" content=\"https:\/\/demonray.de\/en\/advance-open-water-diver-silver\/\" \/>\n<meta property=\"og:site_name\" content=\"Demon Ray\" \/>\n<meta property=\"article:publisher\" content=\"https:\/\/www.facebook.com\/p\/Demon-Ray-Scuba-Diving-61550789842853\/\" \/>\n<meta property=\"article:modified_time\" content=\"2024-12-16T22:31:32+00:00\" \/>\n<meta property=\"og:image\" content=\"https:\/\/demonray.de\/wp-content\/uploads\/2024\/04\/fb_btn.png\" \/>\n\t<meta property=\"og:image:width\" content=\"101\" \/>\n\t<meta property=\"og:image:height\" content=\"100\" \/>\n\t<meta property=\"og:image:type\" content=\"image\/png\" \/>\n<meta name=\"twitter:card\" content=\"summary_large_image\" \/>\n<meta name=\"twitter:label1\" content=\"Estimated reading time\" \/>\n\t<meta name=\"twitter:data1\" content=\"2 minutes\" \/>\n<script type=\"application\/ld+json\" class=\"yoast-schema-graph\">{\"@context\":\"https:\/\/schema.org\",\"@graph\":[{\"@type\":\"WebPage\",\"@id\":\"https:\/\/demonray.de\/advance-open-water-diver-silver\/\",\"url\":\"https:\/\/demonray.de\/advance-open-water-diver-silver\/\",\"name\":\"Advanced Open Water Diver \u2013 Silver - Demon Ray\",\"isPartOf\":{\"@id\":\"https:\/\/demonray.de\/#website\"},\"primaryImageOfPage\":{\"@id\":\"https:\/\/demonray.de\/advance-open-water-diver-silver\/#primaryimage\"},\"image\":{\"@id\":\"https:\/\/demonray.de\/advance-open-water-diver-silver\/#primaryimage\"},\"thumbnailUrl\":\"https:\/\/demonray.de\/wp-content\/uploads\/2024\/04\/fb_btn.png\",\"datePublished\":\"2024-04-06T22:50:33+00:00\",\"dateModified\":\"2024-12-16T22:31:32+00:00\",\"breadcrumb\":{\"@id\":\"https:\/\/demonray.de\/advance-open-water-diver-silver\/#breadcrumb\"},\"inLanguage\":\"en-GB\",\"potentialAction\":[{\"@type\":\"ReadAction\",\"target\":[\"https:\/\/demonray.de\/advance-open-water-diver-silver\/\"]}]},{\"@type\":\"ImageObject\",\"inLanguage\":\"en-GB\",\"@id\":\"https:\/\/demonray.de\/advance-open-water-diver-silver\/#primaryimage\",\"url\":\"https:\/\/demonray.de\/wp-content\/uploads\/2024\/04\/fb_btn.png\",\"contentUrl\":\"https:\/\/demonray.de\/wp-content\/uploads\/2024\/04\/fb_btn.png\"},{\"@type\":\"BreadcrumbList\",\"@id\":\"https:\/\/demonray.de\/advance-open-water-diver-silver\/#breadcrumb\",\"itemListElement\":[{\"@type\":\"ListItem\",\"position\":1,\"name\":\"Strona g\u0142\u00f3wna\",\"item\":\"https:\/\/demonray.de\/\"},{\"@type\":\"ListItem\",\"position\":2,\"name\":\"Advanced Open Water Diver \u2013 Silver\"}]},{\"@type\":\"WebSite\",\"@id\":\"https:\/\/demonray.de\/#website\",\"url\":\"https:\/\/demonray.de\/\",\"name\":\"Demon Ray\",\"description\":\"Szko\u0142a nurkowania\",\"publisher\":{\"@id\":\"https:\/\/demonray.de\/#\/schema\/person\/40b8978b9b5617f17e8741a56fc1efbb\"},\"potentialAction\":[{\"@type\":\"SearchAction\",\"target\":{\"@type\":\"EntryPoint\",\"urlTemplate\":\"https:\/\/demonray.de\/?s={search_term_string}\"},\"query-input\":{\"@type\":\"PropertyValueSpecification\",\"valueRequired\":true,\"valueName\":\"search_term_string\"}}],\"inLanguage\":\"en-GB\"},{\"@type\":[\"Person\",\"Organization\"],\"@id\":\"https:\/\/demonray.de\/#\/schema\/person\/40b8978b9b5617f17e8741a56fc1efbb\",\"name\":\"Beniamin\",\"image\":{\"@type\":\"ImageObject\",\"inLanguage\":\"en-GB\",\"@id\":\"https:\/\/demonray.de\/#\/schema\/person\/image\/\",\"url\":\"https:\/\/demonray.de\/wp-content\/uploads\/2024\/04\/benjamin.webp\",\"contentUrl\":\"https:\/\/demonray.de\/wp-content\/uploads\/2024\/04\/benjamin.webp\",\"width\":1920,\"height\":1080,\"caption\":\"Beniamin\"},\"logo\":{\"@id\":\"https:\/\/demonray.de\/#\/schema\/person\/image\/\"},\"sameAs\":[\"https:\/\/demonray.de\/\",\"https:\/\/www.facebook.com\/p\/Demon-Ray-Scuba-Diving-61550789842853\/\",\"https:\/\/www.instagram.com\/demonray_diving\/\"]}]}<\/script>\n<!-- \/ Yoast SEO Premium plugin. -->","yoast_head_json":{"title":"Advanced Open Water Diver \u2013 Silver - Demon Ray","robots":{"index":"index","follow":"follow","max-snippet":"max-snippet:-1","max-image-preview":"max-image-preview:large","max-video-preview":"max-video-preview:-1"},"canonical":"https:\/\/demonray.de\/en\/advance-open-water-diver-silver\/","og_locale":"en_GB","og_type":"article","og_title":"Advanced Open Water Diver \u2013 Silver","og_description":"Advanced Open Water Diver Silver ADVANCED OPEN WATER DIVER PSAI SILVER (POZIOM 1) Jest to kurs daj\u0105cy wszechstronne mo\u017cliwo\u015bci dalszej edukacji dla jeszcze ciekawszego i bezpieczniejszego nurkowania. UPRAWNIENIA PO UKO\u0143CZENIU KURSU: Po pozytywnym uko\u0144czeniu kursu uczestnicy uzyskuj\u0105 mi\u0119dzynarodow\u0105 licencj\u0119 uprawniaj\u0105c\u0105 do nurkowa\u0144 do 30m w r\u00f3\u017cnych warunkach \u015brodowiskowych. WYMAGANIA DLA KANDYDAT\u00d3W: \u2022 posiadanie STOPNIA PODSTAWOWEGO [&hellip;]","og_url":"https:\/\/demonray.de\/en\/advance-open-water-diver-silver\/","og_site_name":"Demon Ray","article_publisher":"https:\/\/www.facebook.com\/p\/Demon-Ray-Scuba-Diving-61550789842853\/","article_modified_time":"2024-12-16T22:31:32+00:00","og_image":[{"width":101,"height":100,"url":"https:\/\/demonray.de\/wp-content\/uploads\/2024\/04\/fb_btn.png","type":"image\/png"}],"twitter_card":"summary_large_image","twitter_misc":{"Estimated reading time":"2 minutes"},"schema":{"@context":"https:\/\/schema.org","@graph":[{"@type":"WebPage","@id":"https:\/\/demonray.de\/advance-open-water-diver-silver\/","url":"https:\/\/demonray.de\/advance-open-water-diver-silver\/","name":"Advanced Open Water Diver \u2013 Silver - Demon Ray","isPartOf":{"@id":"https:\/\/demonray.de\/#website"},"primaryImageOfPage":{"@id":"https:\/\/demonray.de\/advance-open-water-diver-silver\/#primaryimage"},"image":{"@id":"https:\/\/demonray.de\/advance-open-water-diver-silver\/#primaryimage"},"thumbnailUrl":"https:\/\/demonray.de\/wp-content\/uploads\/2024\/04\/fb_btn.png","datePublished":"2024-04-06T22:50:33+00:00","dateModified":"2024-12-16T22:31:32+00:00","breadcrumb":{"@id":"https:\/\/demonray.de\/advance-open-water-diver-silver\/#breadcrumb"},"inLanguage":"en-GB","potentialAction":[{"@type":"ReadAction","target":["https:\/\/demonray.de\/advance-open-water-diver-silver\/"]}]},{"@type":"ImageObject","inLanguage":"en-GB","@id":"https:\/\/demonray.de\/advance-open-water-diver-silver\/#primaryimage","url":"https:\/\/demonray.de\/wp-content\/uploads\/2024\/04\/fb_btn.png","contentUrl":"https:\/\/demonray.de\/wp-content\/uploads\/2024\/04\/fb_btn.png"},{"@type":"BreadcrumbList","@id":"https:\/\/demonray.de\/advance-open-water-diver-silver\/#breadcrumb","itemListElement":[{"@type":"ListItem","position":1,"name":"Strona g\u0142\u00f3wna","item":"https:\/\/demonray.de\/"},{"@type":"ListItem","position":2,"name":"Advanced Open Water Diver \u2013 Silver"}]},{"@type":"WebSite","@id":"https:\/\/demonray.de\/#website","url":"https:\/\/demonray.de\/","name":"Demon Ray","description":"Szko\u0142a nurkowania","publisher":{"@id":"https:\/\/demonray.de\/#\/schema\/person\/40b8978b9b5617f17e8741a56fc1efbb"},"potentialAction":[{"@type":"SearchAction","target":{"@type":"EntryPoint","urlTemplate":"https:\/\/demonray.de\/?s={search_term_string}"},"query-input":{"@type":"PropertyValueSpecification","valueRequired":true,"valueName":"search_term_string"}}],"inLanguage":"en-GB"},{"@type":["Person","Organization"],"@id":"https:\/\/demonray.de\/#\/schema\/person\/40b8978b9b5617f17e8741a56fc1efbb","name":"Beniamin","image":{"@type":"ImageObject","inLanguage":"en-GB","@id":"https:\/\/demonray.de\/#\/schema\/person\/image\/","url":"https:\/\/demonray.de\/wp-content\/uploads\/2024\/04\/benjamin.webp","contentUrl":"https:\/\/demonray.de\/wp-content\/uploads\/2024\/04\/benjamin.webp","width":1920,"height":1080,"caption":"Beniamin"},"logo":{"@id":"https:\/\/demonray.de\/#\/schema\/person\/image\/"},"sameAs":["https:\/\/demonray.de\/","https:\/\/www.facebook.com\/p\/Demon-Ray-Scuba-Diving-61550789842853\/","https:\/\/www.instagram.com\/demonray_diving\/"]}]}},"_links":{"self":[{"href":"https:\/\/demonray.de\/en\/wp-json\/wp\/v2\/pages\/438","targetHints":{"allow":["GET"]}}],"collection":[{"href":"https:\/\/demonray.de\/en\/wp-json\/wp\/v2\/pages"}],"about":[{"href":"https:\/\/demonray.de\/en\/wp-json\/wp\/v2\/types\/page"}],"author":[{"embeddable":true,"href":"https:\/\/demonray.de\/en\/wp-json\/wp\/v2\/users\/1"}],"replies":[{"embeddable":true,"href":"https:\/\/demonray.de\/en\/wp-json\/wp\/v2\/comments?post=438"}],"version-history":[{"count":29,"href":"https:\/\/demonray.de\/en\/wp-json\/wp\/v2\/pages\/438\/revisions"}],"predecessor-version":[{"id":2429,"href":"https:\/\/demonray.de\/en\/wp-json\/wp\/v2\/pages\/438\/revisions\/2429"}],"wp:attachment":[{"href":"https:\/\/demonray.de\/en\/wp-json\/wp\/v2\/media?parent=438"}],"curies":[{"name":"wp","href":"https:\/\/api.w.org\/{rel}","templated":true}]}}