{"id":3053,"date":"2026-01-05T22:48:22","date_gmt":"2026-01-05T20:48:22","guid":{"rendered":"https:\/\/demonray.de\/?page_id=3053"},"modified":"2026-01-05T22:59:54","modified_gmt":"2026-01-05T20:59:54","slug":"rick-renke","status":"publish","type":"page","link":"https:\/\/demonray.de\/en\/team\/rick-renke\/","title":{"rendered":"Rick Renke"},"content":{"rendered":"<div data-elementor-type=\"wp-page\" data-elementor-id=\"3053\" class=\"elementor elementor-3053\">\n\t\t\t\t<div class=\"elementor-element elementor-element-69ab59bc e-flex e-con-boxed e-con e-parent\" data-id=\"69ab59bc\" data-element_type=\"container\">\n\t\t\t\t\t<div class=\"e-con-inner\">\n\t\t\t\t<div class=\"elementor-element elementor-element-5192af78 elementor-widget elementor-widget-heading\" data-id=\"5192af78\" data-element_type=\"widget\" data-widget_type=\"heading.default\">\n\t\t\t\t<div class=\"elementor-widget-container\">\n\t\t\t<h1 class=\"elementor-heading-title elementor-size-default\">Rick Renke<\/h1>\t\t<\/div>\n\t\t\t\t<\/div>\n\t\t\t\t<div class=\"elementor-element elementor-element-6eac30c8 elementor-view-default elementor-widget elementor-widget-icon\" data-id=\"6eac30c8\" data-element_type=\"widget\" data-widget_type=\"icon.default\">\n\t\t\t\t<div class=\"elementor-widget-container\">\n\t\t\t\t\t<div class=\"elementor-icon-wrapper\">\n\t\t\t<a class=\"elementor-icon\" href=\"#scrollToContent\">\n\t\t\t<svg xmlns=\"http:\/\/www.w3.org\/2000\/svg\" xmlns:xlink=\"http:\/\/www.w3.org\/1999\/xlink\" fill=\"#ffffff\" height=\"800px\" width=\"800px\" id=\"Layer_1\" viewbox=\"0 0 512 512\" xml:space=\"preserve\" stroke=\"#ffffff\"><g id=\"SVGRepo_bgCarrier\" stroke-width=\"0\"><\/g><g id=\"SVGRepo_tracerCarrier\" stroke-linecap=\"round\" stroke-linejoin=\"round\"><\/g><g id=\"SVGRepo_iconCarrier\"> <polygon points=\"442.2,93.1 256,279.3 69.8,93.1 0,162.9 256,418.9 512,162.9 \"><\/polygon> <\/g><\/svg>\t\t\t<\/a>\n\t\t<\/div>\n\t\t\t\t<\/div>\n\t\t\t\t<\/div>\n\t\t\t\t<div class=\"elementor-element elementor-element-26310b42 .trapez elementor-widget elementor-widget-html\" data-id=\"26310b42\" data-element_type=\"widget\" id=\"scrollToContent\" data-widget_type=\"html.default\">\n\t\t\t\t<div class=\"elementor-widget-container\">\n\t\t\t<div><\/div>\t\t<\/div>\n\t\t\t\t<\/div>\n\t\t\t\t\t<\/div>\n\t\t\t\t<\/div>\n\t\t<div class=\"elementor-element elementor-element-7a459a07 e-flex e-con-boxed e-con e-parent\" data-id=\"7a459a07\" data-element_type=\"container\">\n\t\t\t\t\t<div class=\"e-con-inner\">\n\t\t<div class=\"elementor-element elementor-element-1b8b4b73 e-con-full e-flex e-con e-child\" data-id=\"1b8b4b73\" data-element_type=\"container\">\n\t\t\t\t<div class=\"elementor-element elementor-element-13780ff7 elementor-widget elementor-widget-image\" data-id=\"13780ff7\" data-element_type=\"widget\" data-widget_type=\"image.default\">\n\t\t\t\t<div class=\"elementor-widget-container\">\n\t\t\t\t\t\t\t\t\t\t\t\t\t<img fetchpriority=\"high\" decoding=\"async\" width=\"640\" height=\"480\" src=\"https:\/\/demonray.de\/wp-content\/uploads\/2026\/01\/rick_1.webp\" class=\"attachment-large size-large wp-image-3056\" alt=\"\" srcset=\"https:\/\/demonray.de\/wp-content\/uploads\/2026\/01\/rick_1.webp 640w, https:\/\/demonray.de\/wp-content\/uploads\/2026\/01\/rick_1-300x225.webp 300w, https:\/\/demonray.de\/wp-content\/uploads\/2026\/01\/rick_1-16x12.webp 16w\" sizes=\"(max-width: 640px) 100vw, 640px\" \/>\t\t\t\t\t\t\t\t\t\t\t\t\t<\/div>\n\t\t\t\t<\/div>\n\t\t\t\t<\/div>\n\t\t<div class=\"elementor-element elementor-element-541d8acf e-con-full e-flex e-con e-child\" data-id=\"541d8acf\" data-element_type=\"container\">\n\t\t\t\t<div class=\"elementor-element elementor-element-28ce7303 elementor-widget elementor-widget-heading\" data-id=\"28ce7303\" data-element_type=\"widget\" data-widget_type=\"heading.default\">\n\t\t\t\t<div class=\"elementor-widget-container\">\n\t\t\t<h2 class=\"elementor-heading-title elementor-size-default\">Rick Renke<\/h2>\t\t<\/div>\n\t\t\t\t<\/div>\n\t\t\t\t<div class=\"elementor-element elementor-element-2c3bc549 elementor-widget elementor-widget-heading\" data-id=\"2c3bc549\" data-element_type=\"widget\" data-widget_type=\"heading.default\">\n\t\t\t\t<div class=\"elementor-widget-container\">\n\t\t\t<h2 class=\"elementor-heading-title elementor-size-default\">Rick Renke is a PADI diving instructor. His first dive in 2015 marked the beginning of a great passion \u2013 from the very first descent, diving completely captivated him and quickly became an integral part of his life.\n<\/h2>\t\t<\/div>\n\t\t\t\t<\/div>\n\t\t\t\t<div class=\"elementor-element elementor-element-9d26400 elementor-widget elementor-widget-heading\" data-id=\"9d26400\" data-element_type=\"widget\" data-widget_type=\"heading.default\">\n\t\t\t\t<div class=\"elementor-widget-container\">\n\t\t\t<h2 class=\"elementor-heading-title elementor-size-default\">This was followed by numerous dives and advanced courses in various locations around the world. Rick gained diving experience in places such as Indonesia, Thailand, the Canary Islands, and Egypt.\n<\/h2>\t\t<\/div>\n\t\t\t\t<\/div>\n\t\t\t\t<div class=\"elementor-element elementor-element-f55a07f elementor-widget elementor-widget-heading\" data-id=\"f55a07f\" data-element_type=\"widget\" data-widget_type=\"heading.default\">\n\t\t\t\t<div class=\"elementor-widget-container\">\n\t\t\t<h2 class=\"elementor-heading-title elementor-size-default\">With every new experience, his desire to share this passion with others continued to grow. Driven by this motivation, he decided to become an instructor himself and eventually spent around two years working as a diving instructor in Thailand.\n<\/h2>\t\t<\/div>\n\t\t\t\t<\/div>\n\t\t\t\t<\/div>\n\t\t\t\t\t<\/div>\n\t\t\t\t<\/div>\n\t\t<div class=\"elementor-element elementor-element-26088794 e-flex e-con-boxed e-con e-parent\" data-id=\"26088794\" data-element_type=\"container\">\n\t\t\t\t\t<div class=\"e-con-inner\">\n\t\t<div class=\"elementor-element elementor-element-f0667b0 e-con-full e-flex e-con e-child\" data-id=\"f0667b0\" data-element_type=\"container\">\n\t\t\t\t<div class=\"elementor-element elementor-element-501f5f2c elementor-widget elementor-widget-image\" data-id=\"501f5f2c\" data-element_type=\"widget\" data-widget_type=\"image.default\">\n\t\t\t\t<div class=\"elementor-widget-container\">\n\t\t\t\t\t\t\t\t\t\t\t\t\t<img decoding=\"async\" width=\"640\" height=\"427\" src=\"https:\/\/demonray.de\/wp-content\/uploads\/2026\/01\/Rick_2.webp\" class=\"attachment-large size-large wp-image-3057\" alt=\"\" srcset=\"https:\/\/demonray.de\/wp-content\/uploads\/2026\/01\/Rick_2.webp 640w, https:\/\/demonray.de\/wp-content\/uploads\/2026\/01\/Rick_2-300x200.webp 300w, https:\/\/demonray.de\/wp-content\/uploads\/2026\/01\/Rick_2-18x12.webp 18w\" sizes=\"(max-width: 640px) 100vw, 640px\" \/>\t\t\t\t\t\t\t\t\t\t\t\t\t<\/div>\n\t\t\t\t<\/div>\n\t\t\t\t<\/div>\n\t\t<div class=\"elementor-element elementor-element-72e983a9 e-con-full e-flex e-con e-child\" data-id=\"72e983a9\" data-element_type=\"container\">\n\t\t\t\t<div class=\"elementor-element elementor-element-4402b5c4 elementor-widget elementor-widget-heading\" data-id=\"4402b5c4\" data-element_type=\"widget\" data-widget_type=\"heading.default\">\n\t\t\t\t<div class=\"elementor-widget-container\">\n\t\t\t<h2 class=\"elementor-heading-title elementor-size-default\">Over time, Rick increasingly discovered the appeal of local waters. What fascinates him most about diving are the calm, the feeling of weightlessness, and immersing oneself in a different world. He aims to make this fascination accessible to others in Germany as well and therefore happily teaches courses at all levels \u2013 from beginner to professional.\n<\/h2>\t\t<\/div>\n\t\t\t\t<\/div>\n\t\t\t\t<div class=\"elementor-element elementor-element-34ffb5c elementor-hidden-desktop elementor-hidden-tablet elementor-widget elementor-widget-image\" data-id=\"34ffb5c\" data-element_type=\"widget\" data-widget_type=\"image.default\">\n\t\t\t\t<div class=\"elementor-widget-container\">\n\t\t\t\t\t\t\t\t\t\t\t\t\t<img decoding=\"async\" width=\"800\" height=\"534\" src=\"https:\/\/demonray.de\/wp-content\/uploads\/2026\/01\/Rick_3.webp\" class=\"attachment-large size-large wp-image-3058\" alt=\"\" srcset=\"https:\/\/demonray.de\/wp-content\/uploads\/2026\/01\/Rick_3.webp 1024w, https:\/\/demonray.de\/wp-content\/uploads\/2026\/01\/Rick_3-300x200.webp 300w, https:\/\/demonray.de\/wp-content\/uploads\/2026\/01\/Rick_3-768x512.webp 768w, https:\/\/demonray.de\/wp-content\/uploads\/2026\/01\/Rick_3-18x12.webp 18w\" sizes=\"(max-width: 800px) 100vw, 800px\" \/>\t\t\t\t\t\t\t\t\t\t\t\t\t<\/div>\n\t\t\t\t<\/div>\n\t\t\t\t<div class=\"elementor-element elementor-element-36c6b233 elementor-widget elementor-widget-heading\" data-id=\"36c6b233\" data-element_type=\"widget\" data-widget_type=\"heading.default\">\n\t\t\t\t<div class=\"elementor-widget-container\">\n\t\t\t<h2 class=\"elementor-heading-title elementor-size-default\">His teaching style is calm, safety-oriented, and above all characterized by a genuine joy for diving.\n<\/h2>\t\t<\/div>\n\t\t\t\t<\/div>\n\t\t\t\t<\/div>\n\t\t\t\t\t<\/div>\n\t\t\t\t<\/div>\n\t\t<div class=\"elementor-element elementor-element-0a9608f elementor-hidden-mobile e-flex e-con-boxed e-con e-parent\" data-id=\"0a9608f\" data-element_type=\"container\">\n\t\t\t\t\t<div class=\"e-con-inner\">\n\t\t\t\t<div class=\"elementor-element elementor-element-0b37f74 elementor-widget elementor-widget-image\" data-id=\"0b37f74\" data-element_type=\"widget\" data-widget_type=\"image.default\">\n\t\t\t\t<div class=\"elementor-widget-container\">\n\t\t\t\t\t\t\t\t\t\t\t\t\t<img decoding=\"async\" width=\"800\" height=\"534\" src=\"https:\/\/demonray.de\/wp-content\/uploads\/2026\/01\/Rick_3.webp\" class=\"attachment-large size-large wp-image-3058\" alt=\"\" srcset=\"https:\/\/demonray.de\/wp-content\/uploads\/2026\/01\/Rick_3.webp 1024w, https:\/\/demonray.de\/wp-content\/uploads\/2026\/01\/Rick_3-300x200.webp 300w, https:\/\/demonray.de\/wp-content\/uploads\/2026\/01\/Rick_3-768x512.webp 768w, https:\/\/demonray.de\/wp-content\/uploads\/2026\/01\/Rick_3-18x12.webp 18w\" sizes=\"(max-width: 800px) 100vw, 800px\" \/>\t\t\t\t\t\t\t\t\t\t\t\t\t<\/div>\n\t\t\t\t<\/div>\n\t\t\t\t\t<\/div>\n\t\t\t\t<\/div>\n\t\t<div class=\"elementor-element elementor-element-6b4e739d e-flex e-con-boxed e-con e-parent\" data-id=\"6b4e739d\" data-element_type=\"container\" data-settings=\"{&quot;background_background&quot;:&quot;classic&quot;}\">\n\t\t\t\t\t<div class=\"e-con-inner\">\n\t\t\t\t<div class=\"elementor-element elementor-element-5bdf4476 elementor-widget elementor-widget-html\" data-id=\"5bdf4476\" data-element_type=\"widget\" data-widget_type=\"html.default\">\n\t\t\t\t<div class=\"elementor-widget-container\">\n\t\t\t<div><\/div>\t\t<\/div>\n\t\t\t\t<\/div>\n\t\t\t\t<div class=\"elementor-element elementor-element-5ed34c21 elementor-widget elementor-widget-heading\" data-id=\"5ed34c21\" data-element_type=\"widget\" data-widget_type=\"heading.default\">\n\t\t\t\t<div class=\"elementor-widget-container\">\n\t\t\t<h2 class=\"elementor-heading-title elementor-size-default\"><a href=\"https:\/\/www.facebook.com\/profile.php?id=61550789842853\" target=\"_blank\">JOIN US ON FACEBOOK AND INSTAGRAM!<\/a><\/h2>\t\t<\/div>\n\t\t\t\t<\/div>\n\t\t\t\t<div class=\"elementor-element elementor-element-54d3d3ec elementor-widget elementor-widget-html\" data-id=\"54d3d3ec\" data-element_type=\"widget\" data-widget_type=\"html.default\">\n\t\t\t\t<div class=\"elementor-widget-container\">\n\t\t\t<div><\/div>\t\t<\/div>\n\t\t\t\t<\/div>\n\t\t<div class=\"elementor-element elementor-element-18f7e7f7 e-flex e-con-boxed e-con e-child\" data-id=\"18f7e7f7\" data-element_type=\"container\">\n\t\t\t\t\t<div class=\"e-con-inner\">\n\t\t\t\t<div class=\"elementor-element elementor-element-549c6472 elementor-widget elementor-widget-image\" data-id=\"549c6472\" data-element_type=\"widget\" data-widget_type=\"image.default\">\n\t\t\t\t<div class=\"elementor-widget-container\">\n\t\t\t\t\t\t\t\t\t\t\t\t\t\t<a href=\"https:\/\/www.facebook.com\/profile.php?id=61550789842853\" target=\"_blank\">\n\t\t\t\t\t\t\t<img loading=\"lazy\" decoding=\"async\" width=\"101\" height=\"100\" src=\"https:\/\/demonray.de\/wp-content\/uploads\/2024\/04\/fb_btn.png\" class=\"attachment-large size-large wp-image-1173\" alt=\"\" srcset=\"https:\/\/demonray.de\/wp-content\/uploads\/2024\/04\/fb_btn.png 101w, https:\/\/demonray.de\/wp-content\/uploads\/2024\/04\/fb_btn-12x12.png 12w\" sizes=\"(max-width: 101px) 100vw, 101px\" \/>\t\t\t\t\t\t\t\t<\/a>\n\t\t\t\t\t\t\t\t\t\t\t\t\t<\/div>\n\t\t\t\t<\/div>\n\t\t\t\t<div class=\"elementor-element elementor-element-5f40b731 elementor-widget elementor-widget-image\" data-id=\"5f40b731\" data-element_type=\"widget\" data-widget_type=\"image.default\">\n\t\t\t\t<div class=\"elementor-widget-container\">\n\t\t\t\t\t\t\t\t\t\t\t\t\t\t<a href=\"https:\/\/www.instagram.com\/demonray_diving\/\" target=\"_blank\">\n\t\t\t\t\t\t\t<img loading=\"lazy\" decoding=\"async\" width=\"101\" height=\"101\" src=\"https:\/\/demonray.de\/wp-content\/uploads\/2024\/04\/iggg.png\" class=\"attachment-large size-large wp-image-1174\" alt=\"\" srcset=\"https:\/\/demonray.de\/wp-content\/uploads\/2024\/04\/iggg.png 101w, https:\/\/demonray.de\/wp-content\/uploads\/2024\/04\/iggg-12x12.png 12w\" sizes=\"(max-width: 101px) 100vw, 101px\" \/>\t\t\t\t\t\t\t\t<\/a>\n\t\t\t\t\t\t\t\t\t\t\t\t\t<\/div>\n\t\t\t\t<\/div>\n\t\t\t\t\t<\/div>\n\t\t\t\t<\/div>\n\t\t\t\t\t<\/div>\n\t\t\t\t<\/div>\n\t\t\t\t<\/div>","protected":false},"excerpt":{"rendered":"<p>Rick Renke Rick Renke Rick Renke jest instruktorem nurkowania PADI. Jego pierwszy nurek w 2015 roku by\u0142 pocz\u0105tkiem wielkiej pasji \u2013 od pierwszego zanurzenia nurkowanie ca\u0142kowicie go poch\u0142on\u0119\u0142o i szybko sta\u0142o si\u0119 sta\u0142ym elementem jego \u017cycia. Potem przysz\u0142y liczne nurkowania oraz kolejne kursy w r\u00f3\u017cnych miejscach na \u015bwiecie. Rick zdobywa\u0142 do\u015bwiadczenie nurkowe m.in. w Indonezji, [&hellip;]<\/p>","protected":false},"author":1,"featured_media":0,"parent":194,"menu_order":0,"comment_status":"closed","ping_status":"closed","template":"","meta":{"footnotes":""},"class_list":["post-3053","page","type-page","status-publish","hentry"],"yoast_head":"<!-- This site is optimized with the Yoast SEO Premium plugin v19.4 (Yoast SEO v24.3) - https:\/\/yoast.com\/wordpress\/plugins\/seo\/ -->\n<title>Rick Renke - Demon Ray<\/title>\n<meta name=\"robots\" content=\"index, follow, max-snippet:-1, max-image-preview:large, max-video-preview:-1\" \/>\n<link rel=\"canonical\" href=\"https:\/\/demonray.de\/en\/team\/rick-renke\/\" \/>\n<meta property=\"og:locale\" content=\"en_GB\" \/>\n<meta property=\"og:type\" content=\"article\" \/>\n<meta property=\"og:title\" content=\"Rick Renke\" \/>\n<meta property=\"og:description\" content=\"Rick Renke Rick Renke Rick Renke jest instruktorem nurkowania PADI. Jego pierwszy nurek w 2015 roku by\u0142 pocz\u0105tkiem wielkiej pasji \u2013 od pierwszego zanurzenia nurkowanie ca\u0142kowicie go poch\u0142on\u0119\u0142o i szybko sta\u0142o si\u0119 sta\u0142ym elementem jego \u017cycia. Potem przysz\u0142y liczne nurkowania oraz kolejne kursy w r\u00f3\u017cnych miejscach na \u015bwiecie. Rick zdobywa\u0142 do\u015bwiadczenie nurkowe m.in. w Indonezji, [&hellip;]\" \/>\n<meta property=\"og:url\" content=\"https:\/\/demonray.de\/en\/team\/rick-renke\/\" \/>\n<meta property=\"og:site_name\" content=\"Demon Ray\" \/>\n<meta property=\"article:publisher\" content=\"https:\/\/www.facebook.com\/p\/Demon-Ray-Scuba-Diving-61550789842853\/\" \/>\n<meta property=\"article:modified_time\" content=\"2026-01-05T20:59:54+00:00\" \/>\n<meta property=\"og:image\" content=\"https:\/\/demonray.de\/wp-content\/uploads\/2026\/01\/rick_1.webp\" \/>\n\t<meta property=\"og:image:width\" content=\"640\" \/>\n\t<meta property=\"og:image:height\" content=\"480\" \/>\n\t<meta property=\"og:image:type\" content=\"image\/webp\" \/>\n<meta name=\"twitter:card\" content=\"summary_large_image\" \/>\n<meta name=\"twitter:label1\" content=\"Estimated reading time\" \/>\n\t<meta name=\"twitter:data1\" content=\"3 minutes\" \/>\n<script type=\"application\/ld+json\" class=\"yoast-schema-graph\">{\"@context\":\"https:\/\/schema.org\",\"@graph\":[{\"@type\":\"WebPage\",\"@id\":\"https:\/\/demonray.de\/team\/rick-renke\/\",\"url\":\"https:\/\/demonray.de\/team\/rick-renke\/\",\"name\":\"Rick Renke - Demon Ray\",\"isPartOf\":{\"@id\":\"https:\/\/demonray.de\/#website\"},\"primaryImageOfPage\":{\"@id\":\"https:\/\/demonray.de\/team\/rick-renke\/#primaryimage\"},\"image\":{\"@id\":\"https:\/\/demonray.de\/team\/rick-renke\/#primaryimage\"},\"thumbnailUrl\":\"https:\/\/demonray.de\/wp-content\/uploads\/2026\/01\/rick_1.webp\",\"datePublished\":\"2026-01-05T20:48:22+00:00\",\"dateModified\":\"2026-01-05T20:59:54+00:00\",\"breadcrumb\":{\"@id\":\"https:\/\/demonray.de\/team\/rick-renke\/#breadcrumb\"},\"inLanguage\":\"en-GB\",\"potentialAction\":[{\"@type\":\"ReadAction\",\"target\":[\"https:\/\/demonray.de\/team\/rick-renke\/\"]}]},{\"@type\":\"ImageObject\",\"inLanguage\":\"en-GB\",\"@id\":\"https:\/\/demonray.de\/team\/rick-renke\/#primaryimage\",\"url\":\"https:\/\/demonray.de\/wp-content\/uploads\/2026\/01\/rick_1.webp\",\"contentUrl\":\"https:\/\/demonray.de\/wp-content\/uploads\/2026\/01\/rick_1.webp\"},{\"@type\":\"BreadcrumbList\",\"@id\":\"https:\/\/demonray.de\/team\/rick-renke\/#breadcrumb\",\"itemListElement\":[{\"@type\":\"ListItem\",\"position\":1,\"name\":\"Strona g\u0142\u00f3wna\",\"item\":\"https:\/\/demonray.de\/\"},{\"@type\":\"ListItem\",\"position\":2,\"name\":\"Team\",\"item\":\"https:\/\/demonray.de\/team\/\"},{\"@type\":\"ListItem\",\"position\":3,\"name\":\"Rick Renke\"}]},{\"@type\":\"WebSite\",\"@id\":\"https:\/\/demonray.de\/#website\",\"url\":\"https:\/\/demonray.de\/\",\"name\":\"Demon Ray\",\"description\":\"Szko\u0142a nurkowania\",\"publisher\":{\"@id\":\"https:\/\/demonray.de\/#\/schema\/person\/40b8978b9b5617f17e8741a56fc1efbb\"},\"potentialAction\":[{\"@type\":\"SearchAction\",\"target\":{\"@type\":\"EntryPoint\",\"urlTemplate\":\"https:\/\/demonray.de\/?s={search_term_string}\"},\"query-input\":{\"@type\":\"PropertyValueSpecification\",\"valueRequired\":true,\"valueName\":\"search_term_string\"}}],\"inLanguage\":\"en-GB\"},{\"@type\":[\"Person\",\"Organization\"],\"@id\":\"https:\/\/demonray.de\/#\/schema\/person\/40b8978b9b5617f17e8741a56fc1efbb\",\"name\":\"Beniamin\",\"image\":{\"@type\":\"ImageObject\",\"inLanguage\":\"en-GB\",\"@id\":\"https:\/\/demonray.de\/#\/schema\/person\/image\/\",\"url\":\"https:\/\/demonray.de\/wp-content\/uploads\/2024\/04\/benjamin.webp\",\"contentUrl\":\"https:\/\/demonray.de\/wp-content\/uploads\/2024\/04\/benjamin.webp\",\"width\":1920,\"height\":1080,\"caption\":\"Beniamin\"},\"logo\":{\"@id\":\"https:\/\/demonray.de\/#\/schema\/person\/image\/\"},\"sameAs\":[\"https:\/\/demonray.de\/\",\"https:\/\/www.facebook.com\/p\/Demon-Ray-Scuba-Diving-61550789842853\/\",\"https:\/\/www.instagram.com\/demonray_diving\/\"]}]}<\/script>\n<!-- \/ Yoast SEO Premium plugin. -->","yoast_head_json":{"title":"Rick Renke - Demon Ray","robots":{"index":"index","follow":"follow","max-snippet":"max-snippet:-1","max-image-preview":"max-image-preview:large","max-video-preview":"max-video-preview:-1"},"canonical":"https:\/\/demonray.de\/en\/team\/rick-renke\/","og_locale":"en_GB","og_type":"article","og_title":"Rick Renke","og_description":"Rick Renke Rick Renke Rick Renke jest instruktorem nurkowania PADI. Jego pierwszy nurek w 2015 roku by\u0142 pocz\u0105tkiem wielkiej pasji \u2013 od pierwszego zanurzenia nurkowanie ca\u0142kowicie go poch\u0142on\u0119\u0142o i szybko sta\u0142o si\u0119 sta\u0142ym elementem jego \u017cycia. Potem przysz\u0142y liczne nurkowania oraz kolejne kursy w r\u00f3\u017cnych miejscach na \u015bwiecie. Rick zdobywa\u0142 do\u015bwiadczenie nurkowe m.in. w Indonezji, [&hellip;]","og_url":"https:\/\/demonray.de\/en\/team\/rick-renke\/","og_site_name":"Demon Ray","article_publisher":"https:\/\/www.facebook.com\/p\/Demon-Ray-Scuba-Diving-61550789842853\/","article_modified_time":"2026-01-05T20:59:54+00:00","og_image":[{"width":640,"height":480,"url":"https:\/\/demonray.de\/wp-content\/uploads\/2026\/01\/rick_1.webp","type":"image\/webp"}],"twitter_card":"summary_large_image","twitter_misc":{"Estimated reading time":"3 minutes"},"schema":{"@context":"https:\/\/schema.org","@graph":[{"@type":"WebPage","@id":"https:\/\/demonray.de\/team\/rick-renke\/","url":"https:\/\/demonray.de\/team\/rick-renke\/","name":"Rick Renke - Demon Ray","isPartOf":{"@id":"https:\/\/demonray.de\/#website"},"primaryImageOfPage":{"@id":"https:\/\/demonray.de\/team\/rick-renke\/#primaryimage"},"image":{"@id":"https:\/\/demonray.de\/team\/rick-renke\/#primaryimage"},"thumbnailUrl":"https:\/\/demonray.de\/wp-content\/uploads\/2026\/01\/rick_1.webp","datePublished":"2026-01-05T20:48:22+00:00","dateModified":"2026-01-05T20:59:54+00:00","breadcrumb":{"@id":"https:\/\/demonray.de\/team\/rick-renke\/#breadcrumb"},"inLanguage":"en-GB","potentialAction":[{"@type":"ReadAction","target":["https:\/\/demonray.de\/team\/rick-renke\/"]}]},{"@type":"ImageObject","inLanguage":"en-GB","@id":"https:\/\/demonray.de\/team\/rick-renke\/#primaryimage","url":"https:\/\/demonray.de\/wp-content\/uploads\/2026\/01\/rick_1.webp","contentUrl":"https:\/\/demonray.de\/wp-content\/uploads\/2026\/01\/rick_1.webp"},{"@type":"BreadcrumbList","@id":"https:\/\/demonray.de\/team\/rick-renke\/#breadcrumb","itemListElement":[{"@type":"ListItem","position":1,"name":"Strona g\u0142\u00f3wna","item":"https:\/\/demonray.de\/"},{"@type":"ListItem","position":2,"name":"Team","item":"https:\/\/demonray.de\/team\/"},{"@type":"ListItem","position":3,"name":"Rick Renke"}]},{"@type":"WebSite","@id":"https:\/\/demonray.de\/#website","url":"https:\/\/demonray.de\/","name":"Demon Ray","description":"Szko\u0142a nurkowania","publisher":{"@id":"https:\/\/demonray.de\/#\/schema\/person\/40b8978b9b5617f17e8741a56fc1efbb"},"potentialAction":[{"@type":"SearchAction","target":{"@type":"EntryPoint","urlTemplate":"https:\/\/demonray.de\/?s={search_term_string}"},"query-input":{"@type":"PropertyValueSpecification","valueRequired":true,"valueName":"search_term_string"}}],"inLanguage":"en-GB"},{"@type":["Person","Organization"],"@id":"https:\/\/demonray.de\/#\/schema\/person\/40b8978b9b5617f17e8741a56fc1efbb","name":"Beniamin","image":{"@type":"ImageObject","inLanguage":"en-GB","@id":"https:\/\/demonray.de\/#\/schema\/person\/image\/","url":"https:\/\/demonray.de\/wp-content\/uploads\/2024\/04\/benjamin.webp","contentUrl":"https:\/\/demonray.de\/wp-content\/uploads\/2024\/04\/benjamin.webp","width":1920,"height":1080,"caption":"Beniamin"},"logo":{"@id":"https:\/\/demonray.de\/#\/schema\/person\/image\/"},"sameAs":["https:\/\/demonray.de\/","https:\/\/www.facebook.com\/p\/Demon-Ray-Scuba-Diving-61550789842853\/","https:\/\/www.instagram.com\/demonray_diving\/"]}]}},"_links":{"self":[{"href":"https:\/\/demonray.de\/en\/wp-json\/wp\/v2\/pages\/3053","targetHints":{"allow":["GET"]}}],"collection":[{"href":"https:\/\/demonray.de\/en\/wp-json\/wp\/v2\/pages"}],"about":[{"href":"https:\/\/demonray.de\/en\/wp-json\/wp\/v2\/types\/page"}],"author":[{"embeddable":true,"href":"https:\/\/demonray.de\/en\/wp-json\/wp\/v2\/users\/1"}],"replies":[{"embeddable":true,"href":"https:\/\/demonray.de\/en\/wp-json\/wp\/v2\/comments?post=3053"}],"version-history":[{"count":7,"href":"https:\/\/demonray.de\/en\/wp-json\/wp\/v2\/pages\/3053\/revisions"}],"predecessor-version":[{"id":3064,"href":"https:\/\/demonray.de\/en\/wp-json\/wp\/v2\/pages\/3053\/revisions\/3064"}],"up":[{"embeddable":true,"href":"https:\/\/demonray.de\/en\/wp-json\/wp\/v2\/pages\/194"}],"wp:attachment":[{"href":"https:\/\/demonray.de\/en\/wp-json\/wp\/v2\/media?parent=3053"}],"curies":[{"name":"wp","href":"https:\/\/api.w.org\/{rel}","templated":true}]}}