{"id":2225,"date":"2024-11-27T23:57:37","date_gmt":"2024-11-27T21:57:37","guid":{"rendered":"https:\/\/test.demonray.eu\/?page_id=2225"},"modified":"2024-12-11T23:31:57","modified_gmt":"2024-12-11T21:31:57","slug":"sidemount","status":"publish","type":"page","link":"https:\/\/demonray.de\/en\/sidemount\/","title":{"rendered":"Sidemount"},"content":{"rendered":"<div data-elementor-type=\"wp-page\" data-elementor-id=\"2225\" class=\"elementor elementor-2225\">\n\t\t\t\t<div class=\"elementor-element elementor-element-45d96a92 e-flex e-con-boxed e-con e-parent\" data-id=\"45d96a92\" data-element_type=\"container\">\n\t\t\t\t\t<div class=\"e-con-inner\">\n\t\t\t\t<div class=\"elementor-element elementor-element-2c7c64b3 elementor-widget elementor-widget-heading\" data-id=\"2c7c64b3\" data-element_type=\"widget\" data-widget_type=\"heading.default\">\n\t\t\t\t<div class=\"elementor-widget-container\">\n\t\t\t<h1 class=\"elementor-heading-title elementor-size-default\">Sidemount<\/h1>\t\t<\/div>\n\t\t\t\t<\/div>\n\t\t\t\t<div class=\"elementor-element elementor-element-35970c96 elementor-view-default elementor-widget elementor-widget-icon\" data-id=\"35970c96\" data-element_type=\"widget\" data-widget_type=\"icon.default\">\n\t\t\t\t<div class=\"elementor-widget-container\">\n\t\t\t\t\t<div class=\"elementor-icon-wrapper\">\n\t\t\t<a class=\"elementor-icon\" href=\"#scrollToContent\">\n\t\t\t<svg xmlns=\"http:\/\/www.w3.org\/2000\/svg\" xmlns:xlink=\"http:\/\/www.w3.org\/1999\/xlink\" fill=\"#ffffff\" height=\"800px\" width=\"800px\" id=\"Layer_1\" viewbox=\"0 0 512 512\" xml:space=\"preserve\" stroke=\"#ffffff\"><g id=\"SVGRepo_bgCarrier\" stroke-width=\"0\"><\/g><g id=\"SVGRepo_tracerCarrier\" stroke-linecap=\"round\" stroke-linejoin=\"round\"><\/g><g id=\"SVGRepo_iconCarrier\"> <polygon points=\"442.2,93.1 256,279.3 69.8,93.1 0,162.9 256,418.9 512,162.9 \"><\/polygon> <\/g><\/svg>\t\t\t<\/a>\n\t\t<\/div>\n\t\t\t\t<\/div>\n\t\t\t\t<\/div>\n\t\t\t\t<div class=\"elementor-element elementor-element-7e7c3511 .trapez elementor-widget elementor-widget-html\" data-id=\"7e7c3511\" data-element_type=\"widget\" id=\"scrollToContent\" data-widget_type=\"html.default\">\n\t\t\t\t<div class=\"elementor-widget-container\">\n\t\t\t<div><\/div>\t\t<\/div>\n\t\t\t\t<\/div>\n\t\t\t\t\t<\/div>\n\t\t\t\t<\/div>\n\t\t<div class=\"elementor-element elementor-element-2383fe7 e-flex e-con-boxed e-con e-parent\" data-id=\"2383fe7\" data-element_type=\"container\">\n\t\t\t\t\t<div class=\"e-con-inner\">\n\t\t\t\t<div class=\"elementor-element elementor-element-6d3fb10 elementor-widget elementor-widget-heading\" data-id=\"6d3fb10\" data-element_type=\"widget\" data-widget_type=\"heading.default\">\n\t\t\t\t<div class=\"elementor-widget-container\">\n\t\t\t<h2 class=\"elementor-heading-title elementor-size-default\">Sidemount<\/h2>\t\t<\/div>\n\t\t\t\t<\/div>\n\t\t\t\t<div class=\"elementor-element elementor-element-dc53509 elementor-widget elementor-widget-heading\" data-id=\"dc53509\" data-element_type=\"widget\" data-widget_type=\"heading.default\">\n\t\t\t\t<div class=\"elementor-widget-container\">\n\t\t\t<p class=\"elementor-heading-title elementor-size-default\">If you are looking for a sidemount course at the highest level, you\u2019ve come to the right place! Our training is led by an instructor who is a true enthusiast of this configuration \u2013 with extensive experience, knowledge, and full dedication. For him, sidemount is not just a technique but a way of diving life. Want to learn from the best? For this level of training, join the PSAI course and discover a new dimension of diving!<\/p>\t\t<\/div>\n\t\t\t\t<\/div>\n\t\t\t\t<div class=\"elementor-element elementor-element-8d7088d elementor-widget elementor-widget-image\" data-id=\"8d7088d\" data-element_type=\"widget\" data-widget_type=\"image.default\">\n\t\t\t\t<div class=\"elementor-widget-container\">\n\t\t\t\t\t\t\t\t\t\t\t\t\t<img fetchpriority=\"high\" decoding=\"async\" width=\"800\" height=\"450\" src=\"https:\/\/demonray.de\/wp-content\/uploads\/2024\/11\/IMG-20241106-WA0051-1024x576.jpg\" class=\"attachment-large size-large wp-image-2231\" alt=\"\" srcset=\"https:\/\/demonray.de\/wp-content\/uploads\/2024\/11\/IMG-20241106-WA0051-1024x576.jpg 1024w, https:\/\/demonray.de\/wp-content\/uploads\/2024\/11\/IMG-20241106-WA0051-300x169.jpg 300w, https:\/\/demonray.de\/wp-content\/uploads\/2024\/11\/IMG-20241106-WA0051-768x432.jpg 768w, https:\/\/demonray.de\/wp-content\/uploads\/2024\/11\/IMG-20241106-WA0051-18x10.jpg 18w, https:\/\/demonray.de\/wp-content\/uploads\/2024\/11\/IMG-20241106-WA0051-600x338.jpg 600w, https:\/\/demonray.de\/wp-content\/uploads\/2024\/11\/IMG-20241106-WA0051.jpg 1280w\" sizes=\"(max-width: 800px) 100vw, 800px\" \/>\t\t\t\t\t\t\t\t\t\t\t\t\t<\/div>\n\t\t\t\t<\/div>\n\t\t\t\t<div class=\"elementor-element elementor-element-c0dc518 elementor-widget elementor-widget-image\" data-id=\"c0dc518\" data-element_type=\"widget\" data-widget_type=\"image.default\">\n\t\t\t\t<div class=\"elementor-widget-container\">\n\t\t\t\t\t\t\t\t\t\t\t\t\t<img decoding=\"async\" width=\"800\" height=\"450\" src=\"https:\/\/demonray.de\/wp-content\/uploads\/2024\/11\/IMG-20241105-WA0039-1024x576.jpg\" class=\"attachment-large size-large wp-image-2229\" alt=\"\" srcset=\"https:\/\/demonray.de\/wp-content\/uploads\/2024\/11\/IMG-20241105-WA0039-1024x576.jpg 1024w, https:\/\/demonray.de\/wp-content\/uploads\/2024\/11\/IMG-20241105-WA0039-300x169.jpg 300w, https:\/\/demonray.de\/wp-content\/uploads\/2024\/11\/IMG-20241105-WA0039-768x432.jpg 768w, https:\/\/demonray.de\/wp-content\/uploads\/2024\/11\/IMG-20241105-WA0039-18x10.jpg 18w, https:\/\/demonray.de\/wp-content\/uploads\/2024\/11\/IMG-20241105-WA0039-600x338.jpg 600w, https:\/\/demonray.de\/wp-content\/uploads\/2024\/11\/IMG-20241105-WA0039.jpg 1280w\" sizes=\"(max-width: 800px) 100vw, 800px\" \/>\t\t\t\t\t\t\t\t\t\t\t\t\t<\/div>\n\t\t\t\t<\/div>\n\t\t\t\t<div class=\"elementor-element elementor-element-7ef2cbf elementor-widget elementor-widget-image\" data-id=\"7ef2cbf\" data-element_type=\"widget\" data-widget_type=\"image.default\">\n\t\t\t\t<div class=\"elementor-widget-container\">\n\t\t\t\t\t\t\t\t\t\t\t\t\t<img decoding=\"async\" width=\"800\" height=\"450\" src=\"https:\/\/demonray.de\/wp-content\/uploads\/2024\/11\/IMG-20241105-WA0021-1024x576.jpg\" class=\"attachment-large size-large wp-image-2228\" alt=\"\" srcset=\"https:\/\/demonray.de\/wp-content\/uploads\/2024\/11\/IMG-20241105-WA0021-1024x576.jpg 1024w, https:\/\/demonray.de\/wp-content\/uploads\/2024\/11\/IMG-20241105-WA0021-300x169.jpg 300w, https:\/\/demonray.de\/wp-content\/uploads\/2024\/11\/IMG-20241105-WA0021-768x432.jpg 768w, https:\/\/demonray.de\/wp-content\/uploads\/2024\/11\/IMG-20241105-WA0021-18x10.jpg 18w, https:\/\/demonray.de\/wp-content\/uploads\/2024\/11\/IMG-20241105-WA0021-600x338.jpg 600w, https:\/\/demonray.de\/wp-content\/uploads\/2024\/11\/IMG-20241105-WA0021.jpg 1280w\" sizes=\"(max-width: 800px) 100vw, 800px\" \/>\t\t\t\t\t\t\t\t\t\t\t\t\t<\/div>\n\t\t\t\t<\/div>\n\t\t\t\t\t<\/div>\n\t\t\t\t<\/div>\n\t\t<div class=\"elementor-element elementor-element-523e324f e-flex e-con-boxed e-con e-parent\" data-id=\"523e324f\" data-element_type=\"container\" data-settings=\"{&quot;background_background&quot;:&quot;classic&quot;}\">\n\t\t\t\t\t<div class=\"e-con-inner\">\n\t\t\t\t<div class=\"elementor-element elementor-element-1c434385 elementor-widget elementor-widget-html\" data-id=\"1c434385\" data-element_type=\"widget\" data-widget_type=\"html.default\">\n\t\t\t\t<div class=\"elementor-widget-container\">\n\t\t\t<div><\/div>\t\t<\/div>\n\t\t\t\t<\/div>\n\t\t\t\t<div class=\"elementor-element elementor-element-11d4c5a8 elementor-widget elementor-widget-heading\" data-id=\"11d4c5a8\" data-element_type=\"widget\" data-widget_type=\"heading.default\">\n\t\t\t\t<div class=\"elementor-widget-container\">\n\t\t\t<h2 class=\"elementor-heading-title elementor-size-default\"><a href=\"https:\/\/www.facebook.com\/profile.php?id=61550789842853\" target=\"_blank\">JOIN US ON FACEBOOK AND INSTAGRAM!<\/a><\/h2>\t\t<\/div>\n\t\t\t\t<\/div>\n\t\t\t\t<div class=\"elementor-element elementor-element-41c720e9 elementor-widget elementor-widget-html\" data-id=\"41c720e9\" data-element_type=\"widget\" data-widget_type=\"html.default\">\n\t\t\t\t<div class=\"elementor-widget-container\">\n\t\t\t<div><\/div>\t\t<\/div>\n\t\t\t\t<\/div>\n\t\t<div class=\"elementor-element elementor-element-246f1360 e-flex e-con-boxed e-con e-child\" data-id=\"246f1360\" data-element_type=\"container\">\n\t\t\t\t\t<div class=\"e-con-inner\">\n\t\t\t\t<div class=\"elementor-element elementor-element-21a37d5b elementor-widget elementor-widget-image\" data-id=\"21a37d5b\" data-element_type=\"widget\" data-widget_type=\"image.default\">\n\t\t\t\t<div class=\"elementor-widget-container\">\n\t\t\t\t\t\t\t\t\t\t\t\t\t\t<a href=\"https:\/\/www.facebook.com\/profile.php?id=61550789842853\" target=\"_blank\">\n\t\t\t\t\t\t\t<img loading=\"lazy\" decoding=\"async\" width=\"101\" height=\"100\" src=\"https:\/\/demonray.de\/wp-content\/uploads\/2024\/04\/fb_btn.png\" class=\"attachment-large size-large wp-image-1173\" alt=\"\" srcset=\"https:\/\/demonray.de\/wp-content\/uploads\/2024\/04\/fb_btn.png 101w, https:\/\/demonray.de\/wp-content\/uploads\/2024\/04\/fb_btn-12x12.png 12w\" sizes=\"(max-width: 101px) 100vw, 101px\" \/>\t\t\t\t\t\t\t\t<\/a>\n\t\t\t\t\t\t\t\t\t\t\t\t\t<\/div>\n\t\t\t\t<\/div>\n\t\t\t\t<div class=\"elementor-element elementor-element-f2b545 elementor-widget elementor-widget-image\" data-id=\"f2b545\" data-element_type=\"widget\" data-widget_type=\"image.default\">\n\t\t\t\t<div class=\"elementor-widget-container\">\n\t\t\t\t\t\t\t\t\t\t\t\t\t\t<a href=\"https:\/\/www.instagram.com\/demonray_diving\/\" target=\"_blank\">\n\t\t\t\t\t\t\t<img loading=\"lazy\" decoding=\"async\" width=\"101\" height=\"101\" src=\"https:\/\/demonray.de\/wp-content\/uploads\/2024\/04\/iggg.png\" class=\"attachment-large size-large wp-image-1174\" alt=\"\" srcset=\"https:\/\/demonray.de\/wp-content\/uploads\/2024\/04\/iggg.png 101w, https:\/\/demonray.de\/wp-content\/uploads\/2024\/04\/iggg-12x12.png 12w\" sizes=\"(max-width: 101px) 100vw, 101px\" \/>\t\t\t\t\t\t\t\t<\/a>\n\t\t\t\t\t\t\t\t\t\t\t\t\t<\/div>\n\t\t\t\t<\/div>\n\t\t\t\t\t<\/div>\n\t\t\t\t<\/div>\n\t\t\t\t\t<\/div>\n\t\t\t\t<\/div>\n\t\t\t\t<\/div>","protected":false},"excerpt":{"rendered":"<p>Sidemount Sidemount Je\u015bli szukasz kursu sidemount na najwy\u017cszym poziomie, trafi\u0142e\u015b idealnie! Nasze szkolenie prowadzi instruktor, kt\u00f3ry jest prawdziwym pasjonatem tej konfiguracji \u2013 z ogromnym do\u015bwiadczeniem, wiedz\u0105 i pe\u0142nym zaanga\u017cowaniem. Dla niego sidemount to nie tylko technika, ale styl nurkowego \u017cycia. Chcesz nauczy\u0107 si\u0119 od najlepszego? Dla tego typu szkolenia, do\u0142\u0105cz do kursu PSAI i odkryj [&hellip;]<\/p>","protected":false},"author":1,"featured_media":0,"parent":0,"menu_order":0,"comment_status":"closed","ping_status":"closed","template":"","meta":{"footnotes":""},"class_list":["post-2225","page","type-page","status-publish","hentry"],"yoast_head":"<!-- This site is optimized with the Yoast SEO Premium plugin v19.4 (Yoast SEO v24.3) - https:\/\/yoast.com\/wordpress\/plugins\/seo\/ -->\n<title>Sidemount - Demon Ray<\/title>\n<meta name=\"robots\" content=\"index, follow, max-snippet:-1, max-image-preview:large, max-video-preview:-1\" \/>\n<link rel=\"canonical\" href=\"https:\/\/demonray.de\/en\/sidemount\/\" \/>\n<meta property=\"og:locale\" content=\"en_GB\" \/>\n<meta property=\"og:type\" content=\"article\" \/>\n<meta property=\"og:title\" content=\"Sidemount\" \/>\n<meta property=\"og:description\" content=\"Sidemount Sidemount Je\u015bli szukasz kursu sidemount na najwy\u017cszym poziomie, trafi\u0142e\u015b idealnie! Nasze szkolenie prowadzi instruktor, kt\u00f3ry jest prawdziwym pasjonatem tej konfiguracji \u2013 z ogromnym do\u015bwiadczeniem, wiedz\u0105 i pe\u0142nym zaanga\u017cowaniem. Dla niego sidemount to nie tylko technika, ale styl nurkowego \u017cycia. Chcesz nauczy\u0107 si\u0119 od najlepszego? Dla tego typu szkolenia, do\u0142\u0105cz do kursu PSAI i odkryj [&hellip;]\" \/>\n<meta property=\"og:url\" content=\"https:\/\/demonray.de\/en\/sidemount\/\" \/>\n<meta property=\"og:site_name\" content=\"Demon Ray\" \/>\n<meta property=\"article:publisher\" content=\"https:\/\/www.facebook.com\/p\/Demon-Ray-Scuba-Diving-61550789842853\/\" \/>\n<meta property=\"article:modified_time\" content=\"2024-12-11T21:31:57+00:00\" \/>\n<meta property=\"og:image\" content=\"https:\/\/demonray.de\/wp-content\/uploads\/2024\/11\/IMG-20241106-WA0051.jpg\" \/>\n\t<meta property=\"og:image:width\" content=\"1280\" \/>\n\t<meta property=\"og:image:height\" content=\"720\" \/>\n\t<meta property=\"og:image:type\" content=\"image\/jpeg\" \/>\n<meta name=\"twitter:card\" content=\"summary_large_image\" \/>\n<meta name=\"twitter:label1\" content=\"Estimated reading time\" \/>\n\t<meta name=\"twitter:data1\" content=\"2 minutes\" \/>\n<script type=\"application\/ld+json\" class=\"yoast-schema-graph\">{\"@context\":\"https:\/\/schema.org\",\"@graph\":[{\"@type\":\"WebPage\",\"@id\":\"https:\/\/demonray.de\/sidemount\/\",\"url\":\"https:\/\/demonray.de\/sidemount\/\",\"name\":\"Sidemount - Demon Ray\",\"isPartOf\":{\"@id\":\"https:\/\/demonray.de\/#website\"},\"primaryImageOfPage\":{\"@id\":\"https:\/\/demonray.de\/sidemount\/#primaryimage\"},\"image\":{\"@id\":\"https:\/\/demonray.de\/sidemount\/#primaryimage\"},\"thumbnailUrl\":\"https:\/\/demonray.de\/wp-content\/uploads\/2024\/11\/IMG-20241106-WA0051-1024x576.jpg\",\"datePublished\":\"2024-11-27T21:57:37+00:00\",\"dateModified\":\"2024-12-11T21:31:57+00:00\",\"breadcrumb\":{\"@id\":\"https:\/\/demonray.de\/sidemount\/#breadcrumb\"},\"inLanguage\":\"en-GB\",\"potentialAction\":[{\"@type\":\"ReadAction\",\"target\":[\"https:\/\/demonray.de\/sidemount\/\"]}]},{\"@type\":\"ImageObject\",\"inLanguage\":\"en-GB\",\"@id\":\"https:\/\/demonray.de\/sidemount\/#primaryimage\",\"url\":\"https:\/\/demonray.de\/wp-content\/uploads\/2024\/11\/IMG-20241106-WA0051-1024x576.jpg\",\"contentUrl\":\"https:\/\/demonray.de\/wp-content\/uploads\/2024\/11\/IMG-20241106-WA0051-1024x576.jpg\"},{\"@type\":\"BreadcrumbList\",\"@id\":\"https:\/\/demonray.de\/sidemount\/#breadcrumb\",\"itemListElement\":[{\"@type\":\"ListItem\",\"position\":1,\"name\":\"Strona g\u0142\u00f3wna\",\"item\":\"https:\/\/demonray.de\/\"},{\"@type\":\"ListItem\",\"position\":2,\"name\":\"Sidemount\"}]},{\"@type\":\"WebSite\",\"@id\":\"https:\/\/demonray.de\/#website\",\"url\":\"https:\/\/demonray.de\/\",\"name\":\"Demon Ray\",\"description\":\"Szko\u0142a nurkowania\",\"publisher\":{\"@id\":\"https:\/\/demonray.de\/#\/schema\/person\/40b8978b9b5617f17e8741a56fc1efbb\"},\"potentialAction\":[{\"@type\":\"SearchAction\",\"target\":{\"@type\":\"EntryPoint\",\"urlTemplate\":\"https:\/\/demonray.de\/?s={search_term_string}\"},\"query-input\":{\"@type\":\"PropertyValueSpecification\",\"valueRequired\":true,\"valueName\":\"search_term_string\"}}],\"inLanguage\":\"en-GB\"},{\"@type\":[\"Person\",\"Organization\"],\"@id\":\"https:\/\/demonray.de\/#\/schema\/person\/40b8978b9b5617f17e8741a56fc1efbb\",\"name\":\"Beniamin\",\"image\":{\"@type\":\"ImageObject\",\"inLanguage\":\"en-GB\",\"@id\":\"https:\/\/demonray.de\/#\/schema\/person\/image\/\",\"url\":\"https:\/\/demonray.de\/wp-content\/uploads\/2024\/04\/benjamin.webp\",\"contentUrl\":\"https:\/\/demonray.de\/wp-content\/uploads\/2024\/04\/benjamin.webp\",\"width\":1920,\"height\":1080,\"caption\":\"Beniamin\"},\"logo\":{\"@id\":\"https:\/\/demonray.de\/#\/schema\/person\/image\/\"},\"sameAs\":[\"https:\/\/demonray.de\/\",\"https:\/\/www.facebook.com\/p\/Demon-Ray-Scuba-Diving-61550789842853\/\",\"https:\/\/www.instagram.com\/demonray_diving\/\"]}]}<\/script>\n<!-- \/ Yoast SEO Premium plugin. -->","yoast_head_json":{"title":"Sidemount - Demon Ray","robots":{"index":"index","follow":"follow","max-snippet":"max-snippet:-1","max-image-preview":"max-image-preview:large","max-video-preview":"max-video-preview:-1"},"canonical":"https:\/\/demonray.de\/en\/sidemount\/","og_locale":"en_GB","og_type":"article","og_title":"Sidemount","og_description":"Sidemount Sidemount Je\u015bli szukasz kursu sidemount na najwy\u017cszym poziomie, trafi\u0142e\u015b idealnie! Nasze szkolenie prowadzi instruktor, kt\u00f3ry jest prawdziwym pasjonatem tej konfiguracji \u2013 z ogromnym do\u015bwiadczeniem, wiedz\u0105 i pe\u0142nym zaanga\u017cowaniem. Dla niego sidemount to nie tylko technika, ale styl nurkowego \u017cycia. Chcesz nauczy\u0107 si\u0119 od najlepszego? Dla tego typu szkolenia, do\u0142\u0105cz do kursu PSAI i odkryj [&hellip;]","og_url":"https:\/\/demonray.de\/en\/sidemount\/","og_site_name":"Demon Ray","article_publisher":"https:\/\/www.facebook.com\/p\/Demon-Ray-Scuba-Diving-61550789842853\/","article_modified_time":"2024-12-11T21:31:57+00:00","og_image":[{"width":1280,"height":720,"url":"https:\/\/demonray.de\/wp-content\/uploads\/2024\/11\/IMG-20241106-WA0051.jpg","type":"image\/jpeg"}],"twitter_card":"summary_large_image","twitter_misc":{"Estimated reading time":"2 minutes"},"schema":{"@context":"https:\/\/schema.org","@graph":[{"@type":"WebPage","@id":"https:\/\/demonray.de\/sidemount\/","url":"https:\/\/demonray.de\/sidemount\/","name":"Sidemount - Demon Ray","isPartOf":{"@id":"https:\/\/demonray.de\/#website"},"primaryImageOfPage":{"@id":"https:\/\/demonray.de\/sidemount\/#primaryimage"},"image":{"@id":"https:\/\/demonray.de\/sidemount\/#primaryimage"},"thumbnailUrl":"https:\/\/demonray.de\/wp-content\/uploads\/2024\/11\/IMG-20241106-WA0051-1024x576.jpg","datePublished":"2024-11-27T21:57:37+00:00","dateModified":"2024-12-11T21:31:57+00:00","breadcrumb":{"@id":"https:\/\/demonray.de\/sidemount\/#breadcrumb"},"inLanguage":"en-GB","potentialAction":[{"@type":"ReadAction","target":["https:\/\/demonray.de\/sidemount\/"]}]},{"@type":"ImageObject","inLanguage":"en-GB","@id":"https:\/\/demonray.de\/sidemount\/#primaryimage","url":"https:\/\/demonray.de\/wp-content\/uploads\/2024\/11\/IMG-20241106-WA0051-1024x576.jpg","contentUrl":"https:\/\/demonray.de\/wp-content\/uploads\/2024\/11\/IMG-20241106-WA0051-1024x576.jpg"},{"@type":"BreadcrumbList","@id":"https:\/\/demonray.de\/sidemount\/#breadcrumb","itemListElement":[{"@type":"ListItem","position":1,"name":"Strona g\u0142\u00f3wna","item":"https:\/\/demonray.de\/"},{"@type":"ListItem","position":2,"name":"Sidemount"}]},{"@type":"WebSite","@id":"https:\/\/demonray.de\/#website","url":"https:\/\/demonray.de\/","name":"Demon Ray","description":"Szko\u0142a nurkowania","publisher":{"@id":"https:\/\/demonray.de\/#\/schema\/person\/40b8978b9b5617f17e8741a56fc1efbb"},"potentialAction":[{"@type":"SearchAction","target":{"@type":"EntryPoint","urlTemplate":"https:\/\/demonray.de\/?s={search_term_string}"},"query-input":{"@type":"PropertyValueSpecification","valueRequired":true,"valueName":"search_term_string"}}],"inLanguage":"en-GB"},{"@type":["Person","Organization"],"@id":"https:\/\/demonray.de\/#\/schema\/person\/40b8978b9b5617f17e8741a56fc1efbb","name":"Beniamin","image":{"@type":"ImageObject","inLanguage":"en-GB","@id":"https:\/\/demonray.de\/#\/schema\/person\/image\/","url":"https:\/\/demonray.de\/wp-content\/uploads\/2024\/04\/benjamin.webp","contentUrl":"https:\/\/demonray.de\/wp-content\/uploads\/2024\/04\/benjamin.webp","width":1920,"height":1080,"caption":"Beniamin"},"logo":{"@id":"https:\/\/demonray.de\/#\/schema\/person\/image\/"},"sameAs":["https:\/\/demonray.de\/","https:\/\/www.facebook.com\/p\/Demon-Ray-Scuba-Diving-61550789842853\/","https:\/\/www.instagram.com\/demonray_diving\/"]}]}},"_links":{"self":[{"href":"https:\/\/demonray.de\/en\/wp-json\/wp\/v2\/pages\/2225","targetHints":{"allow":["GET"]}}],"collection":[{"href":"https:\/\/demonray.de\/en\/wp-json\/wp\/v2\/pages"}],"about":[{"href":"https:\/\/demonray.de\/en\/wp-json\/wp\/v2\/types\/page"}],"author":[{"embeddable":true,"href":"https:\/\/demonray.de\/en\/wp-json\/wp\/v2\/users\/1"}],"replies":[{"embeddable":true,"href":"https:\/\/demonray.de\/en\/wp-json\/wp\/v2\/comments?post=2225"}],"version-history":[{"count":20,"href":"https:\/\/demonray.de\/en\/wp-json\/wp\/v2\/pages\/2225\/revisions"}],"predecessor-version":[{"id":2355,"href":"https:\/\/demonray.de\/en\/wp-json\/wp\/v2\/pages\/2225\/revisions\/2355"}],"wp:attachment":[{"href":"https:\/\/demonray.de\/en\/wp-json\/wp\/v2\/media?parent=2225"}],"curies":[{"name":"wp","href":"https:\/\/api.w.org\/{rel}","templated":true}]}}