{"id":2195,"date":"2024-11-27T23:15:21","date_gmt":"2024-11-27T21:15:21","guid":{"rendered":"https:\/\/test.demonray.eu\/?page_id=2195"},"modified":"2024-12-17T00:23:31","modified_gmt":"2024-12-16T22:23:31","slug":"nawigacja-podwodna-2","status":"publish","type":"page","link":"https:\/\/demonray.de\/en\/underwater-navigation\/","title":{"rendered":"Underwater navigation"},"content":{"rendered":"<div data-elementor-type=\"wp-page\" data-elementor-id=\"2195\" class=\"elementor elementor-2195\">\n\t\t\t\t<div class=\"elementor-element elementor-element-45d96a92 e-flex e-con-boxed e-con e-parent\" data-id=\"45d96a92\" data-element_type=\"container\">\n\t\t\t\t\t<div class=\"e-con-inner\">\n\t\t\t\t<div class=\"elementor-element elementor-element-2c7c64b3 elementor-widget elementor-widget-heading\" data-id=\"2c7c64b3\" data-element_type=\"widget\" data-widget_type=\"heading.default\">\n\t\t\t\t<div class=\"elementor-widget-container\">\n\t\t\t<h1 class=\"elementor-heading-title elementor-size-default\">Underwater navigation<\/h1>\t\t<\/div>\n\t\t\t\t<\/div>\n\t\t\t\t<div class=\"elementor-element elementor-element-35970c96 elementor-view-default elementor-widget elementor-widget-icon\" data-id=\"35970c96\" data-element_type=\"widget\" data-widget_type=\"icon.default\">\n\t\t\t\t<div class=\"elementor-widget-container\">\n\t\t\t\t\t<div class=\"elementor-icon-wrapper\">\n\t\t\t<a class=\"elementor-icon\" href=\"#scrollToContent\">\n\t\t\t<svg xmlns=\"http:\/\/www.w3.org\/2000\/svg\" xmlns:xlink=\"http:\/\/www.w3.org\/1999\/xlink\" fill=\"#ffffff\" height=\"800px\" width=\"800px\" id=\"Layer_1\" viewbox=\"0 0 512 512\" xml:space=\"preserve\" stroke=\"#ffffff\"><g id=\"SVGRepo_bgCarrier\" stroke-width=\"0\"><\/g><g id=\"SVGRepo_tracerCarrier\" stroke-linecap=\"round\" stroke-linejoin=\"round\"><\/g><g id=\"SVGRepo_iconCarrier\"> <polygon points=\"442.2,93.1 256,279.3 69.8,93.1 0,162.9 256,418.9 512,162.9 \"><\/polygon> <\/g><\/svg>\t\t\t<\/a>\n\t\t<\/div>\n\t\t\t\t<\/div>\n\t\t\t\t<\/div>\n\t\t\t\t<div class=\"elementor-element elementor-element-7e7c3511 .trapez elementor-widget elementor-widget-html\" data-id=\"7e7c3511\" data-element_type=\"widget\" id=\"scrollToContent\" data-widget_type=\"html.default\">\n\t\t\t\t<div class=\"elementor-widget-container\">\n\t\t\t<div><\/div>\t\t<\/div>\n\t\t\t\t<\/div>\n\t\t\t\t\t<\/div>\n\t\t\t\t<\/div>\n\t\t<div class=\"elementor-element elementor-element-2383fe7 e-flex e-con-boxed e-con e-parent\" data-id=\"2383fe7\" data-element_type=\"container\">\n\t\t\t\t\t<div class=\"e-con-inner\">\n\t\t\t\t<div class=\"elementor-element elementor-element-6d3fb10 elementor-widget elementor-widget-heading\" data-id=\"6d3fb10\" data-element_type=\"widget\" data-widget_type=\"heading.default\">\n\t\t\t\t<div class=\"elementor-widget-container\">\n\t\t\t<h2 class=\"elementor-heading-title elementor-size-default\">Underwater Navigator \u2013 Precise underwater navigation<\/h2>\t\t<\/div>\n\t\t\t\t<\/div>\n\t\t\t\t<div class=\"elementor-element elementor-element-dc53509 elementor-widget elementor-widget-heading\" data-id=\"dc53509\" data-element_type=\"widget\" data-widget_type=\"heading.default\">\n\t\t\t\t<div class=\"elementor-widget-container\">\n\t\t\t<p class=\"elementor-heading-title elementor-size-default\">In this course, you will learn how to effectively use a compass. You\u2019ll start by practicing basic skills on land and then apply them during three dives. You\u2019ll develop the ability to estimate distances, follow natural landmarks, and safely navigate back to the boat, shore, or beach. The theory section can be conveniently completed online from home.<\/p>\t\t<\/div>\n\t\t\t\t<\/div>\n\t\t\t\t<div class=\"elementor-element elementor-element-600db4e elementor-widget elementor-widget-heading\" data-id=\"600db4e\" data-element_type=\"widget\" data-widget_type=\"heading.default\">\n\t\t\t\t<div class=\"elementor-widget-container\">\n\t\t\t<h2 class=\"elementor-heading-title elementor-size-default\">Participation Requirements:<\/h2>\t\t<\/div>\n\t\t\t\t<\/div>\n\t\t\t\t<div class=\"elementor-element elementor-element-9cd2579 elementor-widget elementor-widget-heading\" data-id=\"9cd2579\" data-element_type=\"widget\" data-widget_type=\"heading.default\">\n\t\t\t\t<div class=\"elementor-widget-container\">\n\t\t\t<p class=\"elementor-heading-title elementor-size-default\">\u2022\tOpen Water Diver certification<\/p>\t\t<\/div>\n\t\t\t\t<\/div>\n\t\t\t\t<div class=\"elementor-element elementor-element-ef76dea elementor-widget elementor-widget-heading\" data-id=\"ef76dea\" data-element_type=\"widget\" data-widget_type=\"heading.default\">\n\t\t\t\t<div class=\"elementor-widget-container\">\n\t\t\t<p class=\"elementor-heading-title elementor-size-default\">\u2022\tminimum age: 10 years<\/p>\t\t<\/div>\n\t\t\t\t<\/div>\n\t\t\t\t<div class=\"elementor-element elementor-element-47a4bec elementor-widget elementor-widget-heading\" data-id=\"47a4bec\" data-element_type=\"widget\" data-widget_type=\"heading.default\">\n\t\t\t\t<div class=\"elementor-widget-container\">\n\t\t\t<h2 class=\"elementor-heading-title elementor-size-default\">Course price:<\/h2>\t\t<\/div>\n\t\t\t\t<\/div>\n\t\t\t\t<div class=\"elementor-element elementor-element-6dd4358 elementor-widget elementor-widget-heading\" data-id=\"6dd4358\" data-element_type=\"widget\" data-widget_type=\"heading.default\">\n\t\t\t\t<div class=\"elementor-widget-container\">\n\t\t\t<p class=\"elementor-heading-title elementor-size-default\">265\u20ac includes certification and educational materials<\/p>\t\t<\/div>\n\t\t\t\t<\/div>\n\t\t\t\t\t<\/div>\n\t\t\t\t<\/div>\n\t\t<div class=\"elementor-element elementor-element-523e324f e-flex e-con-boxed e-con e-parent\" data-id=\"523e324f\" data-element_type=\"container\" data-settings=\"{&quot;background_background&quot;:&quot;classic&quot;}\">\n\t\t\t\t\t<div class=\"e-con-inner\">\n\t\t\t\t<div class=\"elementor-element elementor-element-1c434385 elementor-widget elementor-widget-html\" data-id=\"1c434385\" data-element_type=\"widget\" data-widget_type=\"html.default\">\n\t\t\t\t<div class=\"elementor-widget-container\">\n\t\t\t<div><\/div>\t\t<\/div>\n\t\t\t\t<\/div>\n\t\t\t\t<div class=\"elementor-element elementor-element-11d4c5a8 elementor-widget elementor-widget-heading\" data-id=\"11d4c5a8\" data-element_type=\"widget\" data-widget_type=\"heading.default\">\n\t\t\t\t<div class=\"elementor-widget-container\">\n\t\t\t<h2 class=\"elementor-heading-title elementor-size-default\"><a href=\"https:\/\/www.facebook.com\/profile.php?id=61550789842853\" target=\"_blank\">JOIN US ON FACEBOOK AND INSTAGRAM!<\/a><\/h2>\t\t<\/div>\n\t\t\t\t<\/div>\n\t\t\t\t<div class=\"elementor-element elementor-element-41c720e9 elementor-widget elementor-widget-html\" data-id=\"41c720e9\" data-element_type=\"widget\" data-widget_type=\"html.default\">\n\t\t\t\t<div class=\"elementor-widget-container\">\n\t\t\t<div><\/div>\t\t<\/div>\n\t\t\t\t<\/div>\n\t\t<div class=\"elementor-element elementor-element-246f1360 e-flex e-con-boxed e-con e-child\" data-id=\"246f1360\" data-element_type=\"container\">\n\t\t\t\t\t<div class=\"e-con-inner\">\n\t\t\t\t<div class=\"elementor-element elementor-element-21a37d5b elementor-widget elementor-widget-image\" data-id=\"21a37d5b\" data-element_type=\"widget\" data-widget_type=\"image.default\">\n\t\t\t\t<div class=\"elementor-widget-container\">\n\t\t\t\t\t\t\t\t\t\t\t\t\t\t<a href=\"https:\/\/www.facebook.com\/profile.php?id=61550789842853\" target=\"_blank\">\n\t\t\t\t\t\t\t<img decoding=\"async\" width=\"101\" height=\"100\" src=\"https:\/\/demonray.de\/wp-content\/uploads\/2024\/04\/fb_btn.png\" class=\"attachment-large size-large wp-image-1173\" alt=\"\" srcset=\"https:\/\/demonray.de\/wp-content\/uploads\/2024\/04\/fb_btn.png 101w, https:\/\/demonray.de\/wp-content\/uploads\/2024\/04\/fb_btn-12x12.png 12w\" sizes=\"(max-width: 101px) 100vw, 101px\" \/>\t\t\t\t\t\t\t\t<\/a>\n\t\t\t\t\t\t\t\t\t\t\t\t\t<\/div>\n\t\t\t\t<\/div>\n\t\t\t\t<div class=\"elementor-element elementor-element-f2b545 elementor-widget elementor-widget-image\" data-id=\"f2b545\" data-element_type=\"widget\" data-widget_type=\"image.default\">\n\t\t\t\t<div class=\"elementor-widget-container\">\n\t\t\t\t\t\t\t\t\t\t\t\t\t\t<a href=\"https:\/\/www.instagram.com\/demonray_diving\/\" target=\"_blank\">\n\t\t\t\t\t\t\t<img decoding=\"async\" width=\"101\" height=\"101\" src=\"https:\/\/demonray.de\/wp-content\/uploads\/2024\/04\/iggg.png\" class=\"attachment-large size-large wp-image-1174\" alt=\"\" srcset=\"https:\/\/demonray.de\/wp-content\/uploads\/2024\/04\/iggg.png 101w, https:\/\/demonray.de\/wp-content\/uploads\/2024\/04\/iggg-12x12.png 12w\" sizes=\"(max-width: 101px) 100vw, 101px\" \/>\t\t\t\t\t\t\t\t<\/a>\n\t\t\t\t\t\t\t\t\t\t\t\t\t<\/div>\n\t\t\t\t<\/div>\n\t\t\t\t\t<\/div>\n\t\t\t\t<\/div>\n\t\t\t\t\t<\/div>\n\t\t\t\t<\/div>\n\t\t\t\t<\/div>","protected":false},"excerpt":{"rendered":"<p>Nawigacja podwodna Nawigacja podwodna \u2013 Precyzyjna nawigacja pod wod\u0105 Podczas kursu nauczysz si\u0119 efektywnego korzystania z kompasu, zaczynaj\u0105c od \u0107wicze\u0144 na l\u0105dzie, a nast\u0119pnie stosuj\u0105c zdobyte umiej\u0119tno\u015bci w trzech nurkowaniach. Dowiesz si\u0119, jak ocenia\u0107 odleg\u0142o\u015bci, korzysta\u0107 z naturalnych punkt\u00f3w orientacyjnych oraz bezpiecznie wraca\u0107 do \u0142odzi, brzegu lub pla\u017cy. Teoretyczn\u0105 cz\u0119\u015b\u0107 szkolenia mo\u017cesz wygodnie uko\u0144czy\u0107 online [&hellip;]<\/p>","protected":false},"author":1,"featured_media":0,"parent":0,"menu_order":0,"comment_status":"closed","ping_status":"closed","template":"","meta":{"footnotes":""},"class_list":["post-2195","page","type-page","status-publish","hentry"],"yoast_head":"<!-- This site is optimized with the Yoast SEO Premium plugin v19.4 (Yoast SEO v24.3) - https:\/\/yoast.com\/wordpress\/plugins\/seo\/ -->\n<title>Nawigacja podwodna - Demon Ray<\/title>\n<meta name=\"robots\" content=\"index, follow, max-snippet:-1, max-image-preview:large, max-video-preview:-1\" \/>\n<link rel=\"canonical\" href=\"https:\/\/demonray.de\/en\/underwater-navigation\/\" \/>\n<meta property=\"og:locale\" content=\"en_GB\" \/>\n<meta property=\"og:type\" content=\"article\" \/>\n<meta property=\"og:title\" content=\"Nawigacja podwodna\" \/>\n<meta property=\"og:description\" content=\"Nawigacja podwodna Nawigacja podwodna \u2013 Precyzyjna nawigacja pod wod\u0105 Podczas kursu nauczysz si\u0119 efektywnego korzystania z kompasu, zaczynaj\u0105c od \u0107wicze\u0144 na l\u0105dzie, a nast\u0119pnie stosuj\u0105c zdobyte umiej\u0119tno\u015bci w trzech nurkowaniach. Dowiesz si\u0119, jak ocenia\u0107 odleg\u0142o\u015bci, korzysta\u0107 z naturalnych punkt\u00f3w orientacyjnych oraz bezpiecznie wraca\u0107 do \u0142odzi, brzegu lub pla\u017cy. Teoretyczn\u0105 cz\u0119\u015b\u0107 szkolenia mo\u017cesz wygodnie uko\u0144czy\u0107 online [&hellip;]\" \/>\n<meta property=\"og:url\" content=\"https:\/\/demonray.de\/en\/underwater-navigation\/\" \/>\n<meta property=\"og:site_name\" content=\"Demon Ray\" \/>\n<meta property=\"article:publisher\" content=\"https:\/\/www.facebook.com\/p\/Demon-Ray-Scuba-Diving-61550789842853\/\" \/>\n<meta property=\"article:modified_time\" content=\"2024-12-16T22:23:31+00:00\" \/>\n<meta property=\"og:image\" content=\"https:\/\/demonray.de\/wp-content\/uploads\/2024\/04\/fb_btn.png\" \/>\n<meta name=\"twitter:card\" content=\"summary_large_image\" \/>\n<meta name=\"twitter:label1\" content=\"Estimated reading time\" \/>\n\t<meta name=\"twitter:data1\" content=\"1 minute\" \/>\n<script type=\"application\/ld+json\" class=\"yoast-schema-graph\">{\"@context\":\"https:\/\/schema.org\",\"@graph\":[{\"@type\":\"WebPage\",\"@id\":\"https:\/\/demonray.de\/nawigacja-podwodna-2\/\",\"url\":\"https:\/\/demonray.de\/nawigacja-podwodna-2\/\",\"name\":\"Nawigacja podwodna - Demon Ray\",\"isPartOf\":{\"@id\":\"https:\/\/demonray.de\/#website\"},\"primaryImageOfPage\":{\"@id\":\"https:\/\/demonray.de\/nawigacja-podwodna-2\/#primaryimage\"},\"image\":{\"@id\":\"https:\/\/demonray.de\/nawigacja-podwodna-2\/#primaryimage\"},\"thumbnailUrl\":\"https:\/\/demonray.de\/wp-content\/uploads\/2024\/04\/fb_btn.png\",\"datePublished\":\"2024-11-27T21:15:21+00:00\",\"dateModified\":\"2024-12-16T22:23:31+00:00\",\"breadcrumb\":{\"@id\":\"https:\/\/demonray.de\/nawigacja-podwodna-2\/#breadcrumb\"},\"inLanguage\":\"en-GB\",\"potentialAction\":[{\"@type\":\"ReadAction\",\"target\":[\"https:\/\/demonray.de\/nawigacja-podwodna-2\/\"]}]},{\"@type\":\"ImageObject\",\"inLanguage\":\"en-GB\",\"@id\":\"https:\/\/demonray.de\/nawigacja-podwodna-2\/#primaryimage\",\"url\":\"https:\/\/demonray.de\/wp-content\/uploads\/2024\/04\/fb_btn.png\",\"contentUrl\":\"https:\/\/demonray.de\/wp-content\/uploads\/2024\/04\/fb_btn.png\"},{\"@type\":\"BreadcrumbList\",\"@id\":\"https:\/\/demonray.de\/nawigacja-podwodna-2\/#breadcrumb\",\"itemListElement\":[{\"@type\":\"ListItem\",\"position\":1,\"name\":\"Strona g\u0142\u00f3wna\",\"item\":\"https:\/\/demonray.de\/\"},{\"@type\":\"ListItem\",\"position\":2,\"name\":\"Nawigacja podwodna\"}]},{\"@type\":\"WebSite\",\"@id\":\"https:\/\/demonray.de\/#website\",\"url\":\"https:\/\/demonray.de\/\",\"name\":\"Demon Ray\",\"description\":\"Szko\u0142a nurkowania\",\"publisher\":{\"@id\":\"https:\/\/demonray.de\/#\/schema\/person\/40b8978b9b5617f17e8741a56fc1efbb\"},\"potentialAction\":[{\"@type\":\"SearchAction\",\"target\":{\"@type\":\"EntryPoint\",\"urlTemplate\":\"https:\/\/demonray.de\/?s={search_term_string}\"},\"query-input\":{\"@type\":\"PropertyValueSpecification\",\"valueRequired\":true,\"valueName\":\"search_term_string\"}}],\"inLanguage\":\"en-GB\"},{\"@type\":[\"Person\",\"Organization\"],\"@id\":\"https:\/\/demonray.de\/#\/schema\/person\/40b8978b9b5617f17e8741a56fc1efbb\",\"name\":\"Beniamin\",\"image\":{\"@type\":\"ImageObject\",\"inLanguage\":\"en-GB\",\"@id\":\"https:\/\/demonray.de\/#\/schema\/person\/image\/\",\"url\":\"https:\/\/demonray.de\/wp-content\/uploads\/2024\/04\/benjamin.webp\",\"contentUrl\":\"https:\/\/demonray.de\/wp-content\/uploads\/2024\/04\/benjamin.webp\",\"width\":1920,\"height\":1080,\"caption\":\"Beniamin\"},\"logo\":{\"@id\":\"https:\/\/demonray.de\/#\/schema\/person\/image\/\"},\"sameAs\":[\"https:\/\/demonray.de\/\",\"https:\/\/www.facebook.com\/p\/Demon-Ray-Scuba-Diving-61550789842853\/\",\"https:\/\/www.instagram.com\/demonray_diving\/\"]}]}<\/script>\n<!-- \/ Yoast SEO Premium plugin. -->","yoast_head_json":{"title":"Nawigacja podwodna - Demon Ray","robots":{"index":"index","follow":"follow","max-snippet":"max-snippet:-1","max-image-preview":"max-image-preview:large","max-video-preview":"max-video-preview:-1"},"canonical":"https:\/\/demonray.de\/en\/underwater-navigation\/","og_locale":"en_GB","og_type":"article","og_title":"Nawigacja podwodna","og_description":"Nawigacja podwodna Nawigacja podwodna \u2013 Precyzyjna nawigacja pod wod\u0105 Podczas kursu nauczysz si\u0119 efektywnego korzystania z kompasu, zaczynaj\u0105c od \u0107wicze\u0144 na l\u0105dzie, a nast\u0119pnie stosuj\u0105c zdobyte umiej\u0119tno\u015bci w trzech nurkowaniach. Dowiesz si\u0119, jak ocenia\u0107 odleg\u0142o\u015bci, korzysta\u0107 z naturalnych punkt\u00f3w orientacyjnych oraz bezpiecznie wraca\u0107 do \u0142odzi, brzegu lub pla\u017cy. Teoretyczn\u0105 cz\u0119\u015b\u0107 szkolenia mo\u017cesz wygodnie uko\u0144czy\u0107 online [&hellip;]","og_url":"https:\/\/demonray.de\/en\/underwater-navigation\/","og_site_name":"Demon Ray","article_publisher":"https:\/\/www.facebook.com\/p\/Demon-Ray-Scuba-Diving-61550789842853\/","article_modified_time":"2024-12-16T22:23:31+00:00","og_image":[{"url":"https:\/\/demonray.de\/wp-content\/uploads\/2024\/04\/fb_btn.png","type":"","width":"","height":""}],"twitter_card":"summary_large_image","twitter_misc":{"Estimated reading time":"1 minute"},"schema":{"@context":"https:\/\/schema.org","@graph":[{"@type":"WebPage","@id":"https:\/\/demonray.de\/nawigacja-podwodna-2\/","url":"https:\/\/demonray.de\/nawigacja-podwodna-2\/","name":"Nawigacja podwodna - Demon Ray","isPartOf":{"@id":"https:\/\/demonray.de\/#website"},"primaryImageOfPage":{"@id":"https:\/\/demonray.de\/nawigacja-podwodna-2\/#primaryimage"},"image":{"@id":"https:\/\/demonray.de\/nawigacja-podwodna-2\/#primaryimage"},"thumbnailUrl":"https:\/\/demonray.de\/wp-content\/uploads\/2024\/04\/fb_btn.png","datePublished":"2024-11-27T21:15:21+00:00","dateModified":"2024-12-16T22:23:31+00:00","breadcrumb":{"@id":"https:\/\/demonray.de\/nawigacja-podwodna-2\/#breadcrumb"},"inLanguage":"en-GB","potentialAction":[{"@type":"ReadAction","target":["https:\/\/demonray.de\/nawigacja-podwodna-2\/"]}]},{"@type":"ImageObject","inLanguage":"en-GB","@id":"https:\/\/demonray.de\/nawigacja-podwodna-2\/#primaryimage","url":"https:\/\/demonray.de\/wp-content\/uploads\/2024\/04\/fb_btn.png","contentUrl":"https:\/\/demonray.de\/wp-content\/uploads\/2024\/04\/fb_btn.png"},{"@type":"BreadcrumbList","@id":"https:\/\/demonray.de\/nawigacja-podwodna-2\/#breadcrumb","itemListElement":[{"@type":"ListItem","position":1,"name":"Strona g\u0142\u00f3wna","item":"https:\/\/demonray.de\/"},{"@type":"ListItem","position":2,"name":"Nawigacja podwodna"}]},{"@type":"WebSite","@id":"https:\/\/demonray.de\/#website","url":"https:\/\/demonray.de\/","name":"Demon Ray","description":"Szko\u0142a nurkowania","publisher":{"@id":"https:\/\/demonray.de\/#\/schema\/person\/40b8978b9b5617f17e8741a56fc1efbb"},"potentialAction":[{"@type":"SearchAction","target":{"@type":"EntryPoint","urlTemplate":"https:\/\/demonray.de\/?s={search_term_string}"},"query-input":{"@type":"PropertyValueSpecification","valueRequired":true,"valueName":"search_term_string"}}],"inLanguage":"en-GB"},{"@type":["Person","Organization"],"@id":"https:\/\/demonray.de\/#\/schema\/person\/40b8978b9b5617f17e8741a56fc1efbb","name":"Beniamin","image":{"@type":"ImageObject","inLanguage":"en-GB","@id":"https:\/\/demonray.de\/#\/schema\/person\/image\/","url":"https:\/\/demonray.de\/wp-content\/uploads\/2024\/04\/benjamin.webp","contentUrl":"https:\/\/demonray.de\/wp-content\/uploads\/2024\/04\/benjamin.webp","width":1920,"height":1080,"caption":"Beniamin"},"logo":{"@id":"https:\/\/demonray.de\/#\/schema\/person\/image\/"},"sameAs":["https:\/\/demonray.de\/","https:\/\/www.facebook.com\/p\/Demon-Ray-Scuba-Diving-61550789842853\/","https:\/\/www.instagram.com\/demonray_diving\/"]}]}},"_links":{"self":[{"href":"https:\/\/demonray.de\/en\/wp-json\/wp\/v2\/pages\/2195","targetHints":{"allow":["GET"]}}],"collection":[{"href":"https:\/\/demonray.de\/en\/wp-json\/wp\/v2\/pages"}],"about":[{"href":"https:\/\/demonray.de\/en\/wp-json\/wp\/v2\/types\/page"}],"author":[{"embeddable":true,"href":"https:\/\/demonray.de\/en\/wp-json\/wp\/v2\/users\/1"}],"replies":[{"embeddable":true,"href":"https:\/\/demonray.de\/en\/wp-json\/wp\/v2\/comments?post=2195"}],"version-history":[{"count":16,"href":"https:\/\/demonray.de\/en\/wp-json\/wp\/v2\/pages\/2195\/revisions"}],"predecessor-version":[{"id":2412,"href":"https:\/\/demonray.de\/en\/wp-json\/wp\/v2\/pages\/2195\/revisions\/2412"}],"wp:attachment":[{"href":"https:\/\/demonray.de\/en\/wp-json\/wp\/v2\/media?parent=2195"}],"curies":[{"name":"wp","href":"https:\/\/api.w.org\/{rel}","templated":true}]}}