{"id":2072,"date":"2024-11-18T20:54:35","date_gmt":"2024-11-18T18:54:35","guid":{"rendered":"https:\/\/test.demonray.eu\/?page_id=2072"},"modified":"2025-07-13T21:23:58","modified_gmt":"2025-07-13T19:23:58","slug":"andreas-hamann","status":"publish","type":"page","link":"https:\/\/demonray.de\/en\/team\/andreas-hamann\/","title":{"rendered":"Andreas Hamann"},"content":{"rendered":"<div data-elementor-type=\"wp-page\" data-elementor-id=\"2072\" class=\"elementor elementor-2072\">\n\t\t\t\t<div class=\"elementor-element elementor-element-681d412c e-flex e-con-boxed e-con e-parent\" data-id=\"681d412c\" data-element_type=\"container\">\n\t\t\t\t\t<div class=\"e-con-inner\">\n\t\t\t\t<div class=\"elementor-element elementor-element-11a8d220 elementor-widget elementor-widget-heading\" data-id=\"11a8d220\" data-element_type=\"widget\" data-widget_type=\"heading.default\">\n\t\t\t\t<div class=\"elementor-widget-container\">\n\t\t\t<h1 class=\"elementor-heading-title elementor-size-default\">Andreas Hamann<\/h1>\t\t<\/div>\n\t\t\t\t<\/div>\n\t\t\t\t<div class=\"elementor-element elementor-element-3730842b elementor-view-default elementor-widget elementor-widget-icon\" data-id=\"3730842b\" data-element_type=\"widget\" data-widget_type=\"icon.default\">\n\t\t\t\t<div class=\"elementor-widget-container\">\n\t\t\t\t\t<div class=\"elementor-icon-wrapper\">\n\t\t\t<a class=\"elementor-icon\" href=\"#scrollToContent\">\n\t\t\t<svg xmlns=\"http:\/\/www.w3.org\/2000\/svg\" xmlns:xlink=\"http:\/\/www.w3.org\/1999\/xlink\" fill=\"#ffffff\" height=\"800px\" width=\"800px\" id=\"Layer_1\" viewbox=\"0 0 512 512\" xml:space=\"preserve\" stroke=\"#ffffff\"><g id=\"SVGRepo_bgCarrier\" stroke-width=\"0\"><\/g><g id=\"SVGRepo_tracerCarrier\" stroke-linecap=\"round\" stroke-linejoin=\"round\"><\/g><g id=\"SVGRepo_iconCarrier\"> <polygon points=\"442.2,93.1 256,279.3 69.8,93.1 0,162.9 256,418.9 512,162.9 \"><\/polygon> <\/g><\/svg>\t\t\t<\/a>\n\t\t<\/div>\n\t\t\t\t<\/div>\n\t\t\t\t<\/div>\n\t\t\t\t<div class=\"elementor-element elementor-element-1faab428 .trapez elementor-widget elementor-widget-html\" data-id=\"1faab428\" data-element_type=\"widget\" id=\"scrollToContent\" data-widget_type=\"html.default\">\n\t\t\t\t<div class=\"elementor-widget-container\">\n\t\t\t<div><\/div>\t\t<\/div>\n\t\t\t\t<\/div>\n\t\t\t\t\t<\/div>\n\t\t\t\t<\/div>\n\t\t<div class=\"elementor-element elementor-element-5b26069 e-flex e-con-boxed e-con e-parent\" data-id=\"5b26069\" data-element_type=\"container\">\n\t\t\t\t\t<div class=\"e-con-inner\">\n\t\t<div class=\"elementor-element elementor-element-86fc005 e-con-full e-flex e-con e-child\" data-id=\"86fc005\" data-element_type=\"container\">\n\t\t\t\t<div class=\"elementor-element elementor-element-6a689d26 elementor-widget elementor-widget-image\" data-id=\"6a689d26\" data-element_type=\"widget\" data-widget_type=\"image.default\">\n\t\t\t\t<div class=\"elementor-widget-container\">\n\t\t\t\t\t\t\t\t\t\t\t\t\t<img fetchpriority=\"high\" decoding=\"async\" width=\"768\" height=\"1024\" src=\"https:\/\/demonray.de\/wp-content\/uploads\/2025\/07\/IMG-20250712-WA0011-768x1024.jpg\" class=\"attachment-large size-large wp-image-3017\" alt=\"\" srcset=\"https:\/\/demonray.de\/wp-content\/uploads\/2025\/07\/IMG-20250712-WA0011-768x1024.jpg 768w, https:\/\/demonray.de\/wp-content\/uploads\/2025\/07\/IMG-20250712-WA0011-225x300.jpg 225w, https:\/\/demonray.de\/wp-content\/uploads\/2025\/07\/IMG-20250712-WA0011-1152x1536.jpg 1152w, https:\/\/demonray.de\/wp-content\/uploads\/2025\/07\/IMG-20250712-WA0011-9x12.jpg 9w, https:\/\/demonray.de\/wp-content\/uploads\/2025\/07\/IMG-20250712-WA0011.jpg 1200w\" sizes=\"(max-width: 768px) 100vw, 768px\" \/>\t\t\t\t\t\t\t\t\t\t\t\t\t<\/div>\n\t\t\t\t<\/div>\n\t\t\t\t<\/div>\n\t\t<div class=\"elementor-element elementor-element-1094e8cd e-con-full e-flex e-con e-child\" data-id=\"1094e8cd\" data-element_type=\"container\">\n\t\t\t\t<div class=\"elementor-element elementor-element-70aea616 elementor-widget elementor-widget-heading\" data-id=\"70aea616\" data-element_type=\"widget\" data-widget_type=\"heading.default\">\n\t\t\t\t<div class=\"elementor-widget-container\">\n\t\t\t<h2 class=\"elementor-heading-title elementor-size-default\">Andreas Hamann<\/h2>\t\t<\/div>\n\t\t\t\t<\/div>\n\t\t\t\t<div class=\"elementor-element elementor-element-358ac2fc elementor-widget elementor-widget-heading\" data-id=\"358ac2fc\" data-element_type=\"widget\" data-widget_type=\"heading.default\">\n\t\t\t\t<div class=\"elementor-widget-container\">\n\t\t\t<h2 class=\"elementor-heading-title elementor-size-default\">Andreas Hamann is an experienced diving instructor who has gained his skills and knowledge through extensive travel and exploration of various parts of the world. For him, diving is more than just a job \u2013 it\u2019s a passion he loves to share with others.<\/h2>\t\t<\/div>\n\t\t\t\t<\/div>\n\t\t\t\t<div class=\"elementor-element elementor-element-9c5c19c elementor-widget elementor-widget-heading\" data-id=\"9c5c19c\" data-element_type=\"widget\" data-widget_type=\"heading.default\">\n\t\t\t\t<div class=\"elementor-widget-container\">\n\t\t\t<h2 class=\"elementor-heading-title elementor-size-default\">His teaching approach is marked by professionalism, patience, and a personalized focus on each student. This ensures that everyone feels confident and safe while developing their skills step by step.\n<\/h2>\t\t<\/div>\n\t\t\t\t<\/div>\n\t\t\t\t<div class=\"elementor-element elementor-element-4025343 elementor-widget elementor-widget-heading\" data-id=\"4025343\" data-element_type=\"widget\" data-widget_type=\"heading.default\">\n\t\t\t\t<div class=\"elementor-widget-container\">\n\t\t\t<h2 class=\"elementor-heading-title elementor-size-default\">Andreas is dedicated to helping you discover the beauty of the underwater world and take your first steps into this extraordinary adventure.\n<\/h2>\t\t<\/div>\n\t\t\t\t<\/div>\n\t\t\t\t<\/div>\n\t\t\t\t\t<\/div>\n\t\t\t\t<\/div>\n\t\t<div class=\"elementor-element elementor-element-603f63da e-flex e-con-boxed e-con e-parent\" data-id=\"603f63da\" data-element_type=\"container\" data-settings=\"{&quot;background_background&quot;:&quot;classic&quot;}\">\n\t\t\t\t\t<div class=\"e-con-inner\">\n\t\t\t\t<div class=\"elementor-element elementor-element-11bc0c27 elementor-widget elementor-widget-html\" data-id=\"11bc0c27\" data-element_type=\"widget\" data-widget_type=\"html.default\">\n\t\t\t\t<div class=\"elementor-widget-container\">\n\t\t\t<div><\/div>\t\t<\/div>\n\t\t\t\t<\/div>\n\t\t\t\t<div class=\"elementor-element elementor-element-2f90f155 elementor-widget elementor-widget-heading\" data-id=\"2f90f155\" data-element_type=\"widget\" data-widget_type=\"heading.default\">\n\t\t\t\t<div class=\"elementor-widget-container\">\n\t\t\t<h2 class=\"elementor-heading-title elementor-size-default\"><a href=\"https:\/\/www.facebook.com\/profile.php?id=61550789842853\" target=\"_blank\">JOIN US ON FACEBOOK AND INSTAGRAM!<\/a><\/h2>\t\t<\/div>\n\t\t\t\t<\/div>\n\t\t\t\t<div class=\"elementor-element elementor-element-19094045 elementor-widget elementor-widget-html\" data-id=\"19094045\" data-element_type=\"widget\" data-widget_type=\"html.default\">\n\t\t\t\t<div class=\"elementor-widget-container\">\n\t\t\t<div><\/div>\t\t<\/div>\n\t\t\t\t<\/div>\n\t\t<div class=\"elementor-element elementor-element-14702c9d e-flex e-con-boxed e-con e-child\" data-id=\"14702c9d\" data-element_type=\"container\">\n\t\t\t\t\t<div class=\"e-con-inner\">\n\t\t\t\t<div class=\"elementor-element elementor-element-37e7ab51 elementor-widget elementor-widget-image\" data-id=\"37e7ab51\" data-element_type=\"widget\" data-widget_type=\"image.default\">\n\t\t\t\t<div class=\"elementor-widget-container\">\n\t\t\t\t\t\t\t\t\t\t\t\t\t\t<a href=\"https:\/\/www.facebook.com\/profile.php?id=61550789842853\" target=\"_blank\">\n\t\t\t\t\t\t\t<img decoding=\"async\" width=\"101\" height=\"100\" src=\"https:\/\/demonray.de\/wp-content\/uploads\/2024\/04\/fb_btn.png\" class=\"attachment-large size-large wp-image-1173\" alt=\"\" srcset=\"https:\/\/demonray.de\/wp-content\/uploads\/2024\/04\/fb_btn.png 101w, https:\/\/demonray.de\/wp-content\/uploads\/2024\/04\/fb_btn-12x12.png 12w\" sizes=\"(max-width: 101px) 100vw, 101px\" \/>\t\t\t\t\t\t\t\t<\/a>\n\t\t\t\t\t\t\t\t\t\t\t\t\t<\/div>\n\t\t\t\t<\/div>\n\t\t\t\t<div class=\"elementor-element elementor-element-b1f3f53 elementor-widget elementor-widget-image\" data-id=\"b1f3f53\" data-element_type=\"widget\" data-widget_type=\"image.default\">\n\t\t\t\t<div class=\"elementor-widget-container\">\n\t\t\t\t\t\t\t\t\t\t\t\t\t\t<a href=\"https:\/\/www.instagram.com\/demonray_diving\/\" target=\"_blank\">\n\t\t\t\t\t\t\t<img decoding=\"async\" width=\"101\" height=\"101\" src=\"https:\/\/demonray.de\/wp-content\/uploads\/2024\/04\/iggg.png\" class=\"attachment-large size-large wp-image-1174\" alt=\"\" srcset=\"https:\/\/demonray.de\/wp-content\/uploads\/2024\/04\/iggg.png 101w, https:\/\/demonray.de\/wp-content\/uploads\/2024\/04\/iggg-12x12.png 12w\" sizes=\"(max-width: 101px) 100vw, 101px\" \/>\t\t\t\t\t\t\t\t<\/a>\n\t\t\t\t\t\t\t\t\t\t\t\t\t<\/div>\n\t\t\t\t<\/div>\n\t\t\t\t\t<\/div>\n\t\t\t\t<\/div>\n\t\t\t\t\t<\/div>\n\t\t\t\t<\/div>\n\t\t\t\t<\/div>","protected":false},"excerpt":{"rendered":"<p>Andreas Hamann Andreas Hamann Andreas Hamann to do\u015bwiadczony instruktor nurkowania, kt\u00f3ry swoje umiej\u0119tno\u015bci i wiedz\u0119 zdobywa\u0142 podczas licznych podr\u00f3\u017cy i eksploracji r\u00f3\u017cnych zak\u0105tk\u00f3w \u015bwiata. Nurkowanie to dla niego pasja, kt\u00f3r\u0105 z ch\u0119ci\u0105 dzieli si\u0119 z innymi. Jego podej\u015bcie do szkolenia wyr\u00f3\u017cnia profesjonalizm, cierpliwo\u015b\u0107 i indywidualne podej\u015bcie do ka\u017cdego kursanta. Dzi\u0119ki temu ka\u017cdy mo\u017ce poczu\u0107 si\u0119 [&hellip;]<\/p>","protected":false},"author":1,"featured_media":0,"parent":194,"menu_order":0,"comment_status":"closed","ping_status":"closed","template":"","meta":{"footnotes":""},"class_list":["post-2072","page","type-page","status-publish","hentry"],"yoast_head":"<!-- This site is optimized with the Yoast SEO Premium plugin v19.4 (Yoast SEO v24.3) - https:\/\/yoast.com\/wordpress\/plugins\/seo\/ -->\n<title>Andreas Hamann - Demon Ray<\/title>\n<meta name=\"robots\" content=\"index, follow, max-snippet:-1, max-image-preview:large, max-video-preview:-1\" \/>\n<link rel=\"canonical\" href=\"https:\/\/demonray.de\/en\/team\/andreas-hamann\/\" \/>\n<meta property=\"og:locale\" content=\"en_GB\" \/>\n<meta property=\"og:type\" content=\"article\" \/>\n<meta property=\"og:title\" content=\"Andreas Hamann\" \/>\n<meta property=\"og:description\" content=\"Andreas Hamann Andreas Hamann Andreas Hamann to do\u015bwiadczony instruktor nurkowania, kt\u00f3ry swoje umiej\u0119tno\u015bci i wiedz\u0119 zdobywa\u0142 podczas licznych podr\u00f3\u017cy i eksploracji r\u00f3\u017cnych zak\u0105tk\u00f3w \u015bwiata. Nurkowanie to dla niego pasja, kt\u00f3r\u0105 z ch\u0119ci\u0105 dzieli si\u0119 z innymi. Jego podej\u015bcie do szkolenia wyr\u00f3\u017cnia profesjonalizm, cierpliwo\u015b\u0107 i indywidualne podej\u015bcie do ka\u017cdego kursanta. Dzi\u0119ki temu ka\u017cdy mo\u017ce poczu\u0107 si\u0119 [&hellip;]\" \/>\n<meta property=\"og:url\" content=\"https:\/\/demonray.de\/en\/team\/andreas-hamann\/\" \/>\n<meta property=\"og:site_name\" content=\"Demon Ray\" \/>\n<meta property=\"article:publisher\" content=\"https:\/\/www.facebook.com\/p\/Demon-Ray-Scuba-Diving-61550789842853\/\" \/>\n<meta property=\"article:modified_time\" content=\"2025-07-13T19:23:58+00:00\" \/>\n<meta property=\"og:image\" content=\"https:\/\/demonray.de\/wp-content\/uploads\/2025\/07\/IMG-20250712-WA0011.jpg\" \/>\n\t<meta property=\"og:image:width\" content=\"1200\" \/>\n\t<meta property=\"og:image:height\" content=\"1600\" \/>\n\t<meta property=\"og:image:type\" content=\"image\/jpeg\" \/>\n<meta name=\"twitter:card\" content=\"summary_large_image\" \/>\n<meta name=\"twitter:label1\" content=\"Estimated reading time\" \/>\n\t<meta name=\"twitter:data1\" content=\"2 minutes\" \/>\n<script type=\"application\/ld+json\" class=\"yoast-schema-graph\">{\"@context\":\"https:\/\/schema.org\",\"@graph\":[{\"@type\":\"WebPage\",\"@id\":\"https:\/\/demonray.de\/team\/andreas-hamann\/\",\"url\":\"https:\/\/demonray.de\/team\/andreas-hamann\/\",\"name\":\"Andreas Hamann - Demon Ray\",\"isPartOf\":{\"@id\":\"https:\/\/demonray.de\/#website\"},\"primaryImageOfPage\":{\"@id\":\"https:\/\/demonray.de\/team\/andreas-hamann\/#primaryimage\"},\"image\":{\"@id\":\"https:\/\/demonray.de\/team\/andreas-hamann\/#primaryimage\"},\"thumbnailUrl\":\"https:\/\/demonray.de\/wp-content\/uploads\/2025\/07\/IMG-20250712-WA0011-768x1024.jpg\",\"datePublished\":\"2024-11-18T18:54:35+00:00\",\"dateModified\":\"2025-07-13T19:23:58+00:00\",\"breadcrumb\":{\"@id\":\"https:\/\/demonray.de\/team\/andreas-hamann\/#breadcrumb\"},\"inLanguage\":\"en-GB\",\"potentialAction\":[{\"@type\":\"ReadAction\",\"target\":[\"https:\/\/demonray.de\/team\/andreas-hamann\/\"]}]},{\"@type\":\"ImageObject\",\"inLanguage\":\"en-GB\",\"@id\":\"https:\/\/demonray.de\/team\/andreas-hamann\/#primaryimage\",\"url\":\"https:\/\/demonray.de\/wp-content\/uploads\/2025\/07\/IMG-20250712-WA0011-768x1024.jpg\",\"contentUrl\":\"https:\/\/demonray.de\/wp-content\/uploads\/2025\/07\/IMG-20250712-WA0011-768x1024.jpg\"},{\"@type\":\"BreadcrumbList\",\"@id\":\"https:\/\/demonray.de\/team\/andreas-hamann\/#breadcrumb\",\"itemListElement\":[{\"@type\":\"ListItem\",\"position\":1,\"name\":\"Strona g\u0142\u00f3wna\",\"item\":\"https:\/\/demonray.de\/\"},{\"@type\":\"ListItem\",\"position\":2,\"name\":\"Team\",\"item\":\"https:\/\/demonray.de\/team\/\"},{\"@type\":\"ListItem\",\"position\":3,\"name\":\"Andreas Hamann\"}]},{\"@type\":\"WebSite\",\"@id\":\"https:\/\/demonray.de\/#website\",\"url\":\"https:\/\/demonray.de\/\",\"name\":\"Demon Ray\",\"description\":\"Szko\u0142a nurkowania\",\"publisher\":{\"@id\":\"https:\/\/demonray.de\/#\/schema\/person\/40b8978b9b5617f17e8741a56fc1efbb\"},\"potentialAction\":[{\"@type\":\"SearchAction\",\"target\":{\"@type\":\"EntryPoint\",\"urlTemplate\":\"https:\/\/demonray.de\/?s={search_term_string}\"},\"query-input\":{\"@type\":\"PropertyValueSpecification\",\"valueRequired\":true,\"valueName\":\"search_term_string\"}}],\"inLanguage\":\"en-GB\"},{\"@type\":[\"Person\",\"Organization\"],\"@id\":\"https:\/\/demonray.de\/#\/schema\/person\/40b8978b9b5617f17e8741a56fc1efbb\",\"name\":\"Beniamin\",\"image\":{\"@type\":\"ImageObject\",\"inLanguage\":\"en-GB\",\"@id\":\"https:\/\/demonray.de\/#\/schema\/person\/image\/\",\"url\":\"https:\/\/demonray.de\/wp-content\/uploads\/2024\/04\/benjamin.webp\",\"contentUrl\":\"https:\/\/demonray.de\/wp-content\/uploads\/2024\/04\/benjamin.webp\",\"width\":1920,\"height\":1080,\"caption\":\"Beniamin\"},\"logo\":{\"@id\":\"https:\/\/demonray.de\/#\/schema\/person\/image\/\"},\"sameAs\":[\"https:\/\/demonray.de\/\",\"https:\/\/www.facebook.com\/p\/Demon-Ray-Scuba-Diving-61550789842853\/\",\"https:\/\/www.instagram.com\/demonray_diving\/\"]}]}<\/script>\n<!-- \/ Yoast SEO Premium plugin. -->","yoast_head_json":{"title":"Andreas Hamann - Demon Ray","robots":{"index":"index","follow":"follow","max-snippet":"max-snippet:-1","max-image-preview":"max-image-preview:large","max-video-preview":"max-video-preview:-1"},"canonical":"https:\/\/demonray.de\/en\/team\/andreas-hamann\/","og_locale":"en_GB","og_type":"article","og_title":"Andreas Hamann","og_description":"Andreas Hamann Andreas Hamann Andreas Hamann to do\u015bwiadczony instruktor nurkowania, kt\u00f3ry swoje umiej\u0119tno\u015bci i wiedz\u0119 zdobywa\u0142 podczas licznych podr\u00f3\u017cy i eksploracji r\u00f3\u017cnych zak\u0105tk\u00f3w \u015bwiata. Nurkowanie to dla niego pasja, kt\u00f3r\u0105 z ch\u0119ci\u0105 dzieli si\u0119 z innymi. Jego podej\u015bcie do szkolenia wyr\u00f3\u017cnia profesjonalizm, cierpliwo\u015b\u0107 i indywidualne podej\u015bcie do ka\u017cdego kursanta. Dzi\u0119ki temu ka\u017cdy mo\u017ce poczu\u0107 si\u0119 [&hellip;]","og_url":"https:\/\/demonray.de\/en\/team\/andreas-hamann\/","og_site_name":"Demon Ray","article_publisher":"https:\/\/www.facebook.com\/p\/Demon-Ray-Scuba-Diving-61550789842853\/","article_modified_time":"2025-07-13T19:23:58+00:00","og_image":[{"width":1200,"height":1600,"url":"https:\/\/demonray.de\/wp-content\/uploads\/2025\/07\/IMG-20250712-WA0011.jpg","type":"image\/jpeg"}],"twitter_card":"summary_large_image","twitter_misc":{"Estimated reading time":"2 minutes"},"schema":{"@context":"https:\/\/schema.org","@graph":[{"@type":"WebPage","@id":"https:\/\/demonray.de\/team\/andreas-hamann\/","url":"https:\/\/demonray.de\/team\/andreas-hamann\/","name":"Andreas Hamann - Demon Ray","isPartOf":{"@id":"https:\/\/demonray.de\/#website"},"primaryImageOfPage":{"@id":"https:\/\/demonray.de\/team\/andreas-hamann\/#primaryimage"},"image":{"@id":"https:\/\/demonray.de\/team\/andreas-hamann\/#primaryimage"},"thumbnailUrl":"https:\/\/demonray.de\/wp-content\/uploads\/2025\/07\/IMG-20250712-WA0011-768x1024.jpg","datePublished":"2024-11-18T18:54:35+00:00","dateModified":"2025-07-13T19:23:58+00:00","breadcrumb":{"@id":"https:\/\/demonray.de\/team\/andreas-hamann\/#breadcrumb"},"inLanguage":"en-GB","potentialAction":[{"@type":"ReadAction","target":["https:\/\/demonray.de\/team\/andreas-hamann\/"]}]},{"@type":"ImageObject","inLanguage":"en-GB","@id":"https:\/\/demonray.de\/team\/andreas-hamann\/#primaryimage","url":"https:\/\/demonray.de\/wp-content\/uploads\/2025\/07\/IMG-20250712-WA0011-768x1024.jpg","contentUrl":"https:\/\/demonray.de\/wp-content\/uploads\/2025\/07\/IMG-20250712-WA0011-768x1024.jpg"},{"@type":"BreadcrumbList","@id":"https:\/\/demonray.de\/team\/andreas-hamann\/#breadcrumb","itemListElement":[{"@type":"ListItem","position":1,"name":"Strona g\u0142\u00f3wna","item":"https:\/\/demonray.de\/"},{"@type":"ListItem","position":2,"name":"Team","item":"https:\/\/demonray.de\/team\/"},{"@type":"ListItem","position":3,"name":"Andreas Hamann"}]},{"@type":"WebSite","@id":"https:\/\/demonray.de\/#website","url":"https:\/\/demonray.de\/","name":"Demon Ray","description":"Szko\u0142a nurkowania","publisher":{"@id":"https:\/\/demonray.de\/#\/schema\/person\/40b8978b9b5617f17e8741a56fc1efbb"},"potentialAction":[{"@type":"SearchAction","target":{"@type":"EntryPoint","urlTemplate":"https:\/\/demonray.de\/?s={search_term_string}"},"query-input":{"@type":"PropertyValueSpecification","valueRequired":true,"valueName":"search_term_string"}}],"inLanguage":"en-GB"},{"@type":["Person","Organization"],"@id":"https:\/\/demonray.de\/#\/schema\/person\/40b8978b9b5617f17e8741a56fc1efbb","name":"Beniamin","image":{"@type":"ImageObject","inLanguage":"en-GB","@id":"https:\/\/demonray.de\/#\/schema\/person\/image\/","url":"https:\/\/demonray.de\/wp-content\/uploads\/2024\/04\/benjamin.webp","contentUrl":"https:\/\/demonray.de\/wp-content\/uploads\/2024\/04\/benjamin.webp","width":1920,"height":1080,"caption":"Beniamin"},"logo":{"@id":"https:\/\/demonray.de\/#\/schema\/person\/image\/"},"sameAs":["https:\/\/demonray.de\/","https:\/\/www.facebook.com\/p\/Demon-Ray-Scuba-Diving-61550789842853\/","https:\/\/www.instagram.com\/demonray_diving\/"]}]}},"_links":{"self":[{"href":"https:\/\/demonray.de\/en\/wp-json\/wp\/v2\/pages\/2072","targetHints":{"allow":["GET"]}}],"collection":[{"href":"https:\/\/demonray.de\/en\/wp-json\/wp\/v2\/pages"}],"about":[{"href":"https:\/\/demonray.de\/en\/wp-json\/wp\/v2\/types\/page"}],"author":[{"embeddable":true,"href":"https:\/\/demonray.de\/en\/wp-json\/wp\/v2\/users\/1"}],"replies":[{"embeddable":true,"href":"https:\/\/demonray.de\/en\/wp-json\/wp\/v2\/comments?post=2072"}],"version-history":[{"count":16,"href":"https:\/\/demonray.de\/en\/wp-json\/wp\/v2\/pages\/2072\/revisions"}],"predecessor-version":[{"id":3030,"href":"https:\/\/demonray.de\/en\/wp-json\/wp\/v2\/pages\/2072\/revisions\/3030"}],"up":[{"embeddable":true,"href":"https:\/\/demonray.de\/en\/wp-json\/wp\/v2\/pages\/194"}],"wp:attachment":[{"href":"https:\/\/demonray.de\/en\/wp-json\/wp\/v2\/media?parent=2072"}],"curies":[{"name":"wp","href":"https:\/\/api.w.org\/{rel}","templated":true}]}}