{"id":1886,"date":"2024-11-14T19:49:45","date_gmt":"2024-11-14T17:49:45","guid":{"rendered":"https:\/\/test.demonray.eu\/?page_id=1886"},"modified":"2025-01-12T16:37:48","modified_gmt":"2025-01-12T14:37:48","slug":"rewizja-automatow","status":"publish","type":"page","link":"https:\/\/demonray.de\/en\/service\/regulator-service\/","title":{"rendered":"Regulator service"},"content":{"rendered":"<div data-elementor-type=\"wp-page\" data-elementor-id=\"1886\" class=\"elementor elementor-1886\">\n\t\t\t\t<div class=\"elementor-element elementor-element-b9899d9 e-flex e-con-boxed e-con e-parent\" data-id=\"b9899d9\" data-element_type=\"container\">\n\t\t\t\t\t<div class=\"e-con-inner\">\n\t\t\t\t<div class=\"elementor-element elementor-element-59e210f1 elementor-widget elementor-widget-heading\" data-id=\"59e210f1\" data-element_type=\"widget\" data-widget_type=\"heading.default\">\n\t\t\t\t<div class=\"elementor-widget-container\">\n\t\t\t<h1 class=\"elementor-heading-title elementor-size-default\">Regulator service<\/h1>\t\t<\/div>\n\t\t\t\t<\/div>\n\t\t\t\t<div class=\"elementor-element elementor-element-3c4da842 elementor-view-default elementor-widget elementor-widget-icon\" data-id=\"3c4da842\" data-element_type=\"widget\" data-widget_type=\"icon.default\">\n\t\t\t\t<div class=\"elementor-widget-container\">\n\t\t\t\t\t<div class=\"elementor-icon-wrapper\">\n\t\t\t<a class=\"elementor-icon\" href=\"#scrollToContent\">\n\t\t\t<svg xmlns=\"http:\/\/www.w3.org\/2000\/svg\" xmlns:xlink=\"http:\/\/www.w3.org\/1999\/xlink\" fill=\"#ffffff\" height=\"800px\" width=\"800px\" id=\"Layer_1\" viewbox=\"0 0 512 512\" xml:space=\"preserve\" stroke=\"#ffffff\"><g id=\"SVGRepo_bgCarrier\" stroke-width=\"0\"><\/g><g id=\"SVGRepo_tracerCarrier\" stroke-linecap=\"round\" stroke-linejoin=\"round\"><\/g><g id=\"SVGRepo_iconCarrier\"> <polygon points=\"442.2,93.1 256,279.3 69.8,93.1 0,162.9 256,418.9 512,162.9 \"><\/polygon> <\/g><\/svg>\t\t\t<\/a>\n\t\t<\/div>\n\t\t\t\t<\/div>\n\t\t\t\t<\/div>\n\t\t\t\t<div class=\"elementor-element elementor-element-499f72ac .trapez elementor-widget elementor-widget-html\" data-id=\"499f72ac\" data-element_type=\"widget\" id=\"scrollToContent\" data-widget_type=\"html.default\">\n\t\t\t\t<div class=\"elementor-widget-container\">\n\t\t\t<div><\/div>\t\t<\/div>\n\t\t\t\t<\/div>\n\t\t\t\t\t<\/div>\n\t\t\t\t<\/div>\n\t\t<div class=\"elementor-element elementor-element-137cd6e1 e-flex e-con-boxed e-con e-parent\" data-id=\"137cd6e1\" data-element_type=\"container\">\n\t\t\t\t\t<div class=\"e-con-inner\">\n\t\t\t\t<div class=\"elementor-element elementor-element-328255f9 elementor-widget elementor-widget-heading\" data-id=\"328255f9\" data-element_type=\"widget\" data-widget_type=\"heading.default\">\n\t\t\t\t<div class=\"elementor-widget-container\">\n\t\t\t<p class=\"elementor-heading-title elementor-size-default\">Don&#039;t leave your safety to chance!<\/p>\t\t<\/div>\n\t\t\t\t<\/div>\n\t\t\t\t<div class=\"elementor-element elementor-element-1076455 elementor-widget elementor-widget-heading\" data-id=\"1076455\" data-element_type=\"widget\" data-widget_type=\"heading.default\">\n\t\t\t\t<div class=\"elementor-widget-container\">\n\t\t\t<p class=\"elementor-heading-title elementor-size-default\">We have many years of experience in the maintenance and repair of regulators. It doesn\u2019t matter\nwhether your regulator is piston- or diaphragm-controlled, balanced or unbalanced\u2014we\u2019ll take care\nof it and ensure it works like it did on the very first day.<\/p>\t\t<\/div>\n\t\t\t\t<\/div>\n\t\t\t\t<div class=\"elementor-element elementor-element-becf072 elementor-widget elementor-widget-heading\" data-id=\"becf072\" data-element_type=\"widget\" data-widget_type=\"heading.default\">\n\t\t\t\t<div class=\"elementor-widget-container\">\n\t\t\t<p class=\"elementor-heading-title elementor-size-default\">Regular inspections of your regulator in our professional workshop ensure that warranty claims\nremain valid. According to most manufacturers, servicing is required after a maximum of 100 dives or\nonce a year (or as per manufacturer guidelines). If your regulator starts malfunctioning or free-\nflowing before that, bring it to us, and we&#039;ll restore it to full working order.<\/p>\t\t<\/div>\n\t\t\t\t<\/div>\n\t\t\t\t<div class=\"elementor-element elementor-element-e636aa3 elementor-widget elementor-widget-heading\" data-id=\"e636aa3\" data-element_type=\"widget\" data-widget_type=\"heading.default\">\n\t\t\t\t<div class=\"elementor-widget-container\">\n\t\t\t<p class=\"elementor-heading-title elementor-size-default\">All maintenance is carried out according to manufacturer specifications. We guarantee top-quality\nwork on your diving equipment, with settings and quality tested on a calibration bench. At our\nfacility, revisions for all brands are conducted exclusively by specially trained professionals.<\/p>\t\t<\/div>\n\t\t\t\t<\/div>\n\t\t\t\t<div class=\"elementor-element elementor-element-e065597 elementor-widget elementor-widget-html\" data-id=\"e065597\" data-element_type=\"widget\" data-widget_type=\"html.default\">\n\t\t\t\t<div class=\"elementor-widget-container\">\n\t\t\t<style>\n    table {\n        width: 100%;\n        border-collapse: collapse;\n        margin: 0;\n        padding: 0;\n        font-family: \"Reload\";\n        font-size: 16px;\n        @media(max-width: 768px) {\n        font-size: 14px;\n    }\n    }\n    th, td {\n        border: 1px solid #000;\n        text-align: left;\n        padding: 8px;\n    }\n    th {\n        background-color: #134DA8; \n        color: #ffffff;\n    }\n    tr:nth-child(odd) {\n        background-color: #e6e6e6;\n    }\n    tr:nth-child(even) {\n        background-color: #f2f2f2;\n    }\n    tr:hover {\n        background-color: #d9d9d9; \n    }\n    th:first-child, td:first-child {\n        width: 70%;\n    }\n    th:last-child, td:last-child {\n        width: 30%;\n        text-align: center;\n        vertical-align: middle;\n    }\n<\/style>\n\n<table>\n    <thead>\n        <tr>\n            <th>Service Pricing<\/th>\n            <th>Price<\/th>\n        <\/tr>\n    <\/thead>\n    <tbody>\n        <tr>\n            <td>First stage revision (excl. spare parts)<\/td>\n            <td>22,00 \u20ac<\/td>\n        <\/tr>\n        <tr>\n            <td>Second stage\/octopus revision (excl. spare parts)<\/td>\n            <td>19,00 \u20ac<\/td>\n        <\/tr>\n        <tr>\n            <td>Crist Lub lubricant surcharge<\/td>\n            <td>3,00 \u20ac<\/td>\n        <\/tr>\n        <tr>\n            <td>Swivel gauge O-ring replacement<\/td>\n            <td>2,00 \u20ac<\/td>\n        <\/tr>\n        <tr>\n            <td>O2 cleaning surcharge<\/td>\n            <td>15,00 \u20ac<\/td>\n        <\/tr>\n        <tr>\n            <td>Inflator coupling (incl. spare parts)<\/td>\n            <td>6,00 \u20ac<\/td>\n        <\/tr>\n        <tr>\n            <td>High-pressure coupling revision (for dive computer)<\/td>\n            <td>13,00 \u20ac<\/td>\n        <\/tr>\n    <\/tbody>\n<\/table>\t\t<\/div>\n\t\t\t\t<\/div>\n\t\t\t\t\t<\/div>\n\t\t\t\t<\/div>\n\t\t<div class=\"elementor-element elementor-element-26f5a9b e-flex e-con-boxed e-con e-parent\" data-id=\"26f5a9b\" data-element_type=\"container\" data-settings=\"{&quot;background_background&quot;:&quot;classic&quot;}\">\n\t\t\t\t\t<div class=\"e-con-inner\">\n\t\t\t\t<div class=\"elementor-element elementor-element-5b76d0fa elementor-widget elementor-widget-html\" data-id=\"5b76d0fa\" data-element_type=\"widget\" data-widget_type=\"html.default\">\n\t\t\t\t<div class=\"elementor-widget-container\">\n\t\t\t<div><\/div>\t\t<\/div>\n\t\t\t\t<\/div>\n\t\t\t\t<div class=\"elementor-element elementor-element-1c005036 elementor-widget elementor-widget-heading\" data-id=\"1c005036\" data-element_type=\"widget\" data-widget_type=\"heading.default\">\n\t\t\t\t<div class=\"elementor-widget-container\">\n\t\t\t<h2 class=\"elementor-heading-title elementor-size-default\"><a href=\"https:\/\/www.facebook.com\/profile.php?id=61550789842853\" target=\"_blank\">JOIN US ON FACEBOOK AND INSTAGRAM!<\/a><\/h2>\t\t<\/div>\n\t\t\t\t<\/div>\n\t\t\t\t<div class=\"elementor-element elementor-element-c9f2f54 elementor-widget elementor-widget-html\" data-id=\"c9f2f54\" data-element_type=\"widget\" data-widget_type=\"html.default\">\n\t\t\t\t<div class=\"elementor-widget-container\">\n\t\t\t<div><\/div>\t\t<\/div>\n\t\t\t\t<\/div>\n\t\t<div class=\"elementor-element elementor-element-1f0cd9bd e-flex e-con-boxed e-con e-child\" data-id=\"1f0cd9bd\" data-element_type=\"container\">\n\t\t\t\t\t<div class=\"e-con-inner\">\n\t\t\t\t<div class=\"elementor-element elementor-element-6a8651bc elementor-widget elementor-widget-image\" data-id=\"6a8651bc\" data-element_type=\"widget\" data-widget_type=\"image.default\">\n\t\t\t\t<div class=\"elementor-widget-container\">\n\t\t\t\t\t\t\t\t\t\t\t\t\t\t<a href=\"https:\/\/www.facebook.com\/profile.php?id=61550789842853\" target=\"_blank\">\n\t\t\t\t\t\t\t<img decoding=\"async\" width=\"101\" height=\"100\" src=\"https:\/\/demonray.de\/wp-content\/uploads\/2024\/04\/fb_btn.png\" class=\"attachment-large size-large wp-image-1173\" alt=\"\" srcset=\"https:\/\/demonray.de\/wp-content\/uploads\/2024\/04\/fb_btn.png 101w, https:\/\/demonray.de\/wp-content\/uploads\/2024\/04\/fb_btn-12x12.png 12w\" sizes=\"(max-width: 101px) 100vw, 101px\" \/>\t\t\t\t\t\t\t\t<\/a>\n\t\t\t\t\t\t\t\t\t\t\t\t\t<\/div>\n\t\t\t\t<\/div>\n\t\t\t\t<div class=\"elementor-element elementor-element-1734ce3 elementor-widget elementor-widget-image\" data-id=\"1734ce3\" data-element_type=\"widget\" data-widget_type=\"image.default\">\n\t\t\t\t<div class=\"elementor-widget-container\">\n\t\t\t\t\t\t\t\t\t\t\t\t\t\t<a href=\"https:\/\/www.instagram.com\/demonray_diving\/\" target=\"_blank\">\n\t\t\t\t\t\t\t<img decoding=\"async\" width=\"101\" height=\"101\" src=\"https:\/\/demonray.de\/wp-content\/uploads\/2024\/04\/iggg.png\" class=\"attachment-large size-large wp-image-1174\" alt=\"\" srcset=\"https:\/\/demonray.de\/wp-content\/uploads\/2024\/04\/iggg.png 101w, https:\/\/demonray.de\/wp-content\/uploads\/2024\/04\/iggg-12x12.png 12w\" sizes=\"(max-width: 101px) 100vw, 101px\" \/>\t\t\t\t\t\t\t\t<\/a>\n\t\t\t\t\t\t\t\t\t\t\t\t\t<\/div>\n\t\t\t\t<\/div>\n\t\t\t\t\t<\/div>\n\t\t\t\t<\/div>\n\t\t\t\t\t<\/div>\n\t\t\t\t<\/div>\n\t\t\t\t<\/div>","protected":false},"excerpt":{"rendered":"<p>Rewizja automat\u00f3w Nie zostawiaj swojego bezpiecze\u0144stwa przypadkowi! Mamy wieloletnie do\u015bwiadczenie w serwisowaniu i naprawie automat\u00f3w oddechowych. Niezale\u017cnie od tego, czy Tw\u00f3j automat jest t\u0142okowy, membranowy, odci\u0105\u017cony czy nieodci\u0105\u017cony \u2013 zadbamy o niego i sprawimy, \u017ce b\u0119dzie dzia\u0142a\u0142 jak w dniu zakupu. Regularny przegl\u0105d automatu oddechowego w naszym profesjonalnym serwisie gwarantuje zachowanie wa\u017cno\u015bci gwarancji. Zgodnie z [&hellip;]<\/p>","protected":false},"author":1,"featured_media":0,"parent":2657,"menu_order":0,"comment_status":"closed","ping_status":"closed","template":"","meta":{"footnotes":""},"class_list":["post-1886","page","type-page","status-publish","hentry"],"yoast_head":"<!-- This site is optimized with the Yoast SEO Premium plugin v19.4 (Yoast SEO v24.3) - https:\/\/yoast.com\/wordpress\/plugins\/seo\/ -->\n<title>Rewizja automat\u00f3w - Demon Ray<\/title>\n<meta name=\"robots\" content=\"index, follow, max-snippet:-1, max-image-preview:large, max-video-preview:-1\" \/>\n<link rel=\"canonical\" href=\"https:\/\/demonray.de\/en\/service\/atemregler-revision\/\" \/>\n<meta property=\"og:locale\" content=\"en_GB\" \/>\n<meta property=\"og:type\" content=\"article\" \/>\n<meta property=\"og:title\" content=\"Rewizja automat\u00f3w\" \/>\n<meta property=\"og:description\" content=\"Rewizja automat\u00f3w Nie zostawiaj swojego bezpiecze\u0144stwa przypadkowi! Mamy wieloletnie do\u015bwiadczenie w serwisowaniu i naprawie automat\u00f3w oddechowych. Niezale\u017cnie od tego, czy Tw\u00f3j automat jest t\u0142okowy, membranowy, odci\u0105\u017cony czy nieodci\u0105\u017cony \u2013 zadbamy o niego i sprawimy, \u017ce b\u0119dzie dzia\u0142a\u0142 jak w dniu zakupu. Regularny przegl\u0105d automatu oddechowego w naszym profesjonalnym serwisie gwarantuje zachowanie wa\u017cno\u015bci gwarancji. Zgodnie z [&hellip;]\" \/>\n<meta property=\"og:url\" content=\"https:\/\/demonray.de\/en\/service\/atemregler-revision\/\" \/>\n<meta property=\"og:site_name\" content=\"Demon Ray\" \/>\n<meta property=\"article:publisher\" content=\"https:\/\/www.facebook.com\/p\/Demon-Ray-Scuba-Diving-61550789842853\/\" \/>\n<meta property=\"article:modified_time\" content=\"2025-01-12T14:37:48+00:00\" \/>\n<meta property=\"og:image\" content=\"https:\/\/demonray.de\/wp-content\/uploads\/2024\/04\/fb_btn.png\" \/>\n<meta name=\"twitter:card\" content=\"summary_large_image\" \/>\n<meta name=\"twitter:label1\" content=\"Estimated reading time\" \/>\n\t<meta name=\"twitter:data1\" content=\"2 minutes\" \/>\n<script type=\"application\/ld+json\" class=\"yoast-schema-graph\">{\"@context\":\"https:\/\/schema.org\",\"@graph\":[{\"@type\":\"WebPage\",\"@id\":\"https:\/\/demonray.de\/service\/atemregler-revision\/\",\"url\":\"https:\/\/demonray.de\/service\/atemregler-revision\/\",\"name\":\"Rewizja automat\u00f3w - Demon Ray\",\"isPartOf\":{\"@id\":\"https:\/\/demonray.de\/#website\"},\"primaryImageOfPage\":{\"@id\":\"https:\/\/demonray.de\/service\/atemregler-revision\/#primaryimage\"},\"image\":{\"@id\":\"https:\/\/demonray.de\/service\/atemregler-revision\/#primaryimage\"},\"thumbnailUrl\":\"https:\/\/demonray.de\/wp-content\/uploads\/2024\/04\/fb_btn.png\",\"datePublished\":\"2024-11-14T17:49:45+00:00\",\"dateModified\":\"2025-01-12T14:37:48+00:00\",\"breadcrumb\":{\"@id\":\"https:\/\/demonray.de\/service\/atemregler-revision\/#breadcrumb\"},\"inLanguage\":\"en-GB\",\"potentialAction\":[{\"@type\":\"ReadAction\",\"target\":[\"https:\/\/demonray.de\/service\/atemregler-revision\/\"]}]},{\"@type\":\"ImageObject\",\"inLanguage\":\"en-GB\",\"@id\":\"https:\/\/demonray.de\/service\/atemregler-revision\/#primaryimage\",\"url\":\"https:\/\/demonray.de\/wp-content\/uploads\/2024\/04\/fb_btn.png\",\"contentUrl\":\"https:\/\/demonray.de\/wp-content\/uploads\/2024\/04\/fb_btn.png\"},{\"@type\":\"BreadcrumbList\",\"@id\":\"https:\/\/demonray.de\/service\/atemregler-revision\/#breadcrumb\",\"itemListElement\":[{\"@type\":\"ListItem\",\"position\":1,\"name\":\"Strona g\u0142\u00f3wna\",\"item\":\"https:\/\/demonray.de\/\"},{\"@type\":\"ListItem\",\"position\":2,\"name\":\"Serwis\",\"item\":\"https:\/\/demonray.de\/service\/\"},{\"@type\":\"ListItem\",\"position\":3,\"name\":\"Rewizja automat\u00f3w\"}]},{\"@type\":\"WebSite\",\"@id\":\"https:\/\/demonray.de\/#website\",\"url\":\"https:\/\/demonray.de\/\",\"name\":\"Demon Ray\",\"description\":\"Szko\u0142a nurkowania\",\"publisher\":{\"@id\":\"https:\/\/demonray.de\/#\/schema\/person\/40b8978b9b5617f17e8741a56fc1efbb\"},\"potentialAction\":[{\"@type\":\"SearchAction\",\"target\":{\"@type\":\"EntryPoint\",\"urlTemplate\":\"https:\/\/demonray.de\/?s={search_term_string}\"},\"query-input\":{\"@type\":\"PropertyValueSpecification\",\"valueRequired\":true,\"valueName\":\"search_term_string\"}}],\"inLanguage\":\"en-GB\"},{\"@type\":[\"Person\",\"Organization\"],\"@id\":\"https:\/\/demonray.de\/#\/schema\/person\/40b8978b9b5617f17e8741a56fc1efbb\",\"name\":\"Beniamin\",\"image\":{\"@type\":\"ImageObject\",\"inLanguage\":\"en-GB\",\"@id\":\"https:\/\/demonray.de\/#\/schema\/person\/image\/\",\"url\":\"https:\/\/demonray.de\/wp-content\/uploads\/2024\/04\/benjamin.webp\",\"contentUrl\":\"https:\/\/demonray.de\/wp-content\/uploads\/2024\/04\/benjamin.webp\",\"width\":1920,\"height\":1080,\"caption\":\"Beniamin\"},\"logo\":{\"@id\":\"https:\/\/demonray.de\/#\/schema\/person\/image\/\"},\"sameAs\":[\"https:\/\/demonray.de\/\",\"https:\/\/www.facebook.com\/p\/Demon-Ray-Scuba-Diving-61550789842853\/\",\"https:\/\/www.instagram.com\/demonray_diving\/\"]}]}<\/script>\n<!-- \/ Yoast SEO Premium plugin. -->","yoast_head_json":{"title":"Rewizja automat\u00f3w - Demon Ray","robots":{"index":"index","follow":"follow","max-snippet":"max-snippet:-1","max-image-preview":"max-image-preview:large","max-video-preview":"max-video-preview:-1"},"canonical":"https:\/\/demonray.de\/en\/service\/atemregler-revision\/","og_locale":"en_GB","og_type":"article","og_title":"Rewizja automat\u00f3w","og_description":"Rewizja automat\u00f3w Nie zostawiaj swojego bezpiecze\u0144stwa przypadkowi! Mamy wieloletnie do\u015bwiadczenie w serwisowaniu i naprawie automat\u00f3w oddechowych. Niezale\u017cnie od tego, czy Tw\u00f3j automat jest t\u0142okowy, membranowy, odci\u0105\u017cony czy nieodci\u0105\u017cony \u2013 zadbamy o niego i sprawimy, \u017ce b\u0119dzie dzia\u0142a\u0142 jak w dniu zakupu. Regularny przegl\u0105d automatu oddechowego w naszym profesjonalnym serwisie gwarantuje zachowanie wa\u017cno\u015bci gwarancji. Zgodnie z [&hellip;]","og_url":"https:\/\/demonray.de\/en\/service\/atemregler-revision\/","og_site_name":"Demon Ray","article_publisher":"https:\/\/www.facebook.com\/p\/Demon-Ray-Scuba-Diving-61550789842853\/","article_modified_time":"2025-01-12T14:37:48+00:00","og_image":[{"url":"https:\/\/demonray.de\/wp-content\/uploads\/2024\/04\/fb_btn.png","type":"","width":"","height":""}],"twitter_card":"summary_large_image","twitter_misc":{"Estimated reading time":"2 minutes"},"schema":{"@context":"https:\/\/schema.org","@graph":[{"@type":"WebPage","@id":"https:\/\/demonray.de\/service\/atemregler-revision\/","url":"https:\/\/demonray.de\/service\/atemregler-revision\/","name":"Rewizja automat\u00f3w - Demon Ray","isPartOf":{"@id":"https:\/\/demonray.de\/#website"},"primaryImageOfPage":{"@id":"https:\/\/demonray.de\/service\/atemregler-revision\/#primaryimage"},"image":{"@id":"https:\/\/demonray.de\/service\/atemregler-revision\/#primaryimage"},"thumbnailUrl":"https:\/\/demonray.de\/wp-content\/uploads\/2024\/04\/fb_btn.png","datePublished":"2024-11-14T17:49:45+00:00","dateModified":"2025-01-12T14:37:48+00:00","breadcrumb":{"@id":"https:\/\/demonray.de\/service\/atemregler-revision\/#breadcrumb"},"inLanguage":"en-GB","potentialAction":[{"@type":"ReadAction","target":["https:\/\/demonray.de\/service\/atemregler-revision\/"]}]},{"@type":"ImageObject","inLanguage":"en-GB","@id":"https:\/\/demonray.de\/service\/atemregler-revision\/#primaryimage","url":"https:\/\/demonray.de\/wp-content\/uploads\/2024\/04\/fb_btn.png","contentUrl":"https:\/\/demonray.de\/wp-content\/uploads\/2024\/04\/fb_btn.png"},{"@type":"BreadcrumbList","@id":"https:\/\/demonray.de\/service\/atemregler-revision\/#breadcrumb","itemListElement":[{"@type":"ListItem","position":1,"name":"Strona g\u0142\u00f3wna","item":"https:\/\/demonray.de\/"},{"@type":"ListItem","position":2,"name":"Serwis","item":"https:\/\/demonray.de\/service\/"},{"@type":"ListItem","position":3,"name":"Rewizja automat\u00f3w"}]},{"@type":"WebSite","@id":"https:\/\/demonray.de\/#website","url":"https:\/\/demonray.de\/","name":"Demon Ray","description":"Szko\u0142a nurkowania","publisher":{"@id":"https:\/\/demonray.de\/#\/schema\/person\/40b8978b9b5617f17e8741a56fc1efbb"},"potentialAction":[{"@type":"SearchAction","target":{"@type":"EntryPoint","urlTemplate":"https:\/\/demonray.de\/?s={search_term_string}"},"query-input":{"@type":"PropertyValueSpecification","valueRequired":true,"valueName":"search_term_string"}}],"inLanguage":"en-GB"},{"@type":["Person","Organization"],"@id":"https:\/\/demonray.de\/#\/schema\/person\/40b8978b9b5617f17e8741a56fc1efbb","name":"Beniamin","image":{"@type":"ImageObject","inLanguage":"en-GB","@id":"https:\/\/demonray.de\/#\/schema\/person\/image\/","url":"https:\/\/demonray.de\/wp-content\/uploads\/2024\/04\/benjamin.webp","contentUrl":"https:\/\/demonray.de\/wp-content\/uploads\/2024\/04\/benjamin.webp","width":1920,"height":1080,"caption":"Beniamin"},"logo":{"@id":"https:\/\/demonray.de\/#\/schema\/person\/image\/"},"sameAs":["https:\/\/demonray.de\/","https:\/\/www.facebook.com\/p\/Demon-Ray-Scuba-Diving-61550789842853\/","https:\/\/www.instagram.com\/demonray_diving\/"]}]}},"_links":{"self":[{"href":"https:\/\/demonray.de\/en\/wp-json\/wp\/v2\/pages\/1886","targetHints":{"allow":["GET"]}}],"collection":[{"href":"https:\/\/demonray.de\/en\/wp-json\/wp\/v2\/pages"}],"about":[{"href":"https:\/\/demonray.de\/en\/wp-json\/wp\/v2\/types\/page"}],"author":[{"embeddable":true,"href":"https:\/\/demonray.de\/en\/wp-json\/wp\/v2\/users\/1"}],"replies":[{"embeddable":true,"href":"https:\/\/demonray.de\/en\/wp-json\/wp\/v2\/comments?post=1886"}],"version-history":[{"count":10,"href":"https:\/\/demonray.de\/en\/wp-json\/wp\/v2\/pages\/1886\/revisions"}],"predecessor-version":[{"id":2042,"href":"https:\/\/demonray.de\/en\/wp-json\/wp\/v2\/pages\/1886\/revisions\/2042"}],"up":[{"embeddable":true,"href":"https:\/\/demonray.de\/en\/wp-json\/wp\/v2\/pages\/2657"}],"wp:attachment":[{"href":"https:\/\/demonray.de\/en\/wp-json\/wp\/v2\/media?parent=1886"}],"curies":[{"name":"wp","href":"https:\/\/api.w.org\/{rel}","templated":true}]}}