{"id":1876,"date":"2024-11-14T19:42:32","date_gmt":"2024-11-14T17:42:32","guid":{"rendered":"https:\/\/test.demonray.eu\/?page_id=1876"},"modified":"2025-07-13T14:26:42","modified_gmt":"2025-07-13T12:26:42","slug":"napelnianie-butli","status":"publish","type":"page","link":"https:\/\/demonray.de\/en\/service\/filling-tanks\/","title":{"rendered":"FILLING TANKS"},"content":{"rendered":"<div data-elementor-type=\"wp-page\" data-elementor-id=\"1876\" class=\"elementor elementor-1876\">\n\t\t\t\t<div class=\"elementor-element elementor-element-696398 e-flex e-con-boxed e-con e-parent\" data-id=\"696398\" data-element_type=\"container\">\n\t\t\t\t\t<div class=\"e-con-inner\">\n\t\t\t\t<div class=\"elementor-element elementor-element-7eb1749b elementor-widget elementor-widget-heading\" data-id=\"7eb1749b\" data-element_type=\"widget\" data-widget_type=\"heading.default\">\n\t\t\t\t<div class=\"elementor-widget-container\">\n\t\t\t<h1 class=\"elementor-heading-title elementor-size-default\">FILLING TANKS<\/h1>\t\t<\/div>\n\t\t\t\t<\/div>\n\t\t\t\t<div class=\"elementor-element elementor-element-7720aec0 elementor-view-default elementor-widget elementor-widget-icon\" data-id=\"7720aec0\" data-element_type=\"widget\" data-widget_type=\"icon.default\">\n\t\t\t\t<div class=\"elementor-widget-container\">\n\t\t\t\t\t<div class=\"elementor-icon-wrapper\">\n\t\t\t<a class=\"elementor-icon\" href=\"#scrollToContent\">\n\t\t\t<svg xmlns=\"http:\/\/www.w3.org\/2000\/svg\" xmlns:xlink=\"http:\/\/www.w3.org\/1999\/xlink\" fill=\"#ffffff\" height=\"800px\" width=\"800px\" id=\"Layer_1\" viewbox=\"0 0 512 512\" xml:space=\"preserve\" stroke=\"#ffffff\"><g id=\"SVGRepo_bgCarrier\" stroke-width=\"0\"><\/g><g id=\"SVGRepo_tracerCarrier\" stroke-linecap=\"round\" stroke-linejoin=\"round\"><\/g><g id=\"SVGRepo_iconCarrier\"> <polygon points=\"442.2,93.1 256,279.3 69.8,93.1 0,162.9 256,418.9 512,162.9 \"><\/polygon> <\/g><\/svg>\t\t\t<\/a>\n\t\t<\/div>\n\t\t\t\t<\/div>\n\t\t\t\t<\/div>\n\t\t\t\t<div class=\"elementor-element elementor-element-5d995452 .trapez elementor-widget elementor-widget-html\" data-id=\"5d995452\" data-element_type=\"widget\" id=\"scrollToContent\" data-widget_type=\"html.default\">\n\t\t\t\t<div class=\"elementor-widget-container\">\n\t\t\t<div><\/div>\t\t<\/div>\n\t\t\t\t<\/div>\n\t\t\t\t\t<\/div>\n\t\t\t\t<\/div>\n\t\t<div class=\"elementor-element elementor-element-6e6c883f e-flex e-con-boxed e-con e-parent\" data-id=\"6e6c883f\" data-element_type=\"container\">\n\t\t\t\t\t<div class=\"e-con-inner\">\n\t\t\t\t<div class=\"elementor-element elementor-element-e9fcc3e elementor-widget elementor-widget-heading\" data-id=\"e9fcc3e\" data-element_type=\"widget\" data-widget_type=\"heading.default\">\n\t\t\t\t<div class=\"elementor-widget-container\">\n\t\t\t<p class=\"elementor-heading-title elementor-size-default\">We invite you to our diving base for cylinder filling.<\/p>\t\t<\/div>\n\t\t\t\t<\/div>\n\t\t\t\t<div class=\"elementor-element elementor-element-73b90a4 elementor-widget elementor-widget-heading\" data-id=\"73b90a4\" data-element_type=\"widget\" data-widget_type=\"heading.default\">\n\t\t\t\t<div class=\"elementor-widget-container\">\n\t\t\t<p class=\"elementor-heading-title elementor-size-default\">We offer:<\/p>\t\t<\/div>\n\t\t\t\t<\/div>\n\t\t\t\t<div class=\"elementor-element elementor-element-b531ed7 elementor-widget elementor-widget-heading\" data-id=\"b531ed7\" data-element_type=\"widget\" data-widget_type=\"heading.default\">\n\t\t\t\t<div class=\"elementor-widget-container\">\n\t\t\t<p class=\"elementor-heading-title elementor-size-default\">Filling diving cylinders at 200 and 300 bar<\/p>\t\t<\/div>\n\t\t\t\t<\/div>\n\t\t\t\t<div class=\"elementor-element elementor-element-a704314 elementor-widget elementor-widget-heading\" data-id=\"a704314\" data-element_type=\"widget\" data-widget_type=\"heading.default\">\n\t\t\t\t<div class=\"elementor-widget-container\">\n\t\t\t<p class=\"elementor-heading-title elementor-size-default\">Filling softair, airsoft, and paintball cylinders <b>\u2013 please provide appropriate adapters<\/b><\/p>\t\t<\/div>\n\t\t\t\t<\/div>\n\t\t\t\t<div class=\"elementor-element elementor-element-b7bd4b5 elementor-widget elementor-widget-html\" data-id=\"b7bd4b5\" data-element_type=\"widget\" data-widget_type=\"html.default\">\n\t\t\t\t<div class=\"elementor-widget-container\">\n\t\t\t<style>\r\n    table {\r\n        width: 100%;\r\n        border-collapse: collapse;\r\n        margin: 0;\r\n        padding: 0;\r\n        font-family: \"Reload\";\r\n        font-size: 16px;\r\n        @media(max-width: 768px) {\r\n        font-size: 14px;\r\n    }\r\n    }\r\n    th, td {\r\n        border: 1px solid #000;\r\n        text-align: left;\r\n        padding: 8px;\r\n    }\r\n    th {\r\n        background-color: #134DA8; \r\n        color: #ffffff;\r\n    }\r\n    tr:nth-child(odd) {\r\n        background-color: #e6e6e6;\r\n    }\r\n    tr:nth-child(even) {\r\n        background-color: #f2f2f2;\r\n    }\r\n    tr:hover {\r\n        background-color: #d9d9d9; \r\n    }\r\n    th:first-child, td:first-child {\r\n        width: 70%;\r\n    }\r\n    th:last-child, td:last-child {\r\n        width: 30%;\r\n        text-align: center;\r\n        vertical-align: middle;\r\n    }\r\n<\/style>\r\n\r\n<table>\r\n    <thead>\r\n        <tr>\r\n            <th>Air 200bar<\/th>\r\n            <th>Price<\/th>\r\n        <\/tr>\r\n    <\/thead>\r\n    <tbody>\r\n        <tr>\r\n            <td>upto 4l<\/td>\r\n            <td>2,50 \u20ac<\/td>\r\n        <\/tr>\r\n        <tr>\r\n            <td>5l<\/td>\r\n            <td>3,50 \u20ac<\/td>\r\n        <\/tr>\r\n        <tr>\r\n            <td>8l<\/td>\r\n            <td>5,50 \u20ac<\/td>\r\n        <\/tr>\r\n        <tr>\r\n            <td>10l<\/td>\r\n            <td>6,50 \u20ac<\/td>\r\n        <\/tr>\r\n         <tr>\r\n            <td>11.1l (80Cft)<\/td>\r\n            <td>7,00 \u20ac<\/td>\r\n        <\/tr>\r\n        <tr>\r\n            <td>12l<\/td>\r\n            <td>8,00 \u20ac<\/td>\r\n        <\/tr>\r\n        <tr>\r\n            <td>15l<\/td>\r\n            <td>9,50 \u20ac<\/td>\r\n        <\/tr>\r\n         <tr>\r\n            <td>Refill card 200 liters 200bar<\/td>\r\n            <td>110,00 \u20ac<\/td>\r\n        <\/tr>\r\n    <\/tbody>\r\n<\/table>\r\n\t\t<\/div>\n\t\t\t\t<\/div>\n\t\t\t\t<div class=\"elementor-element elementor-element-acaa5e7 elementor-hidden-desktop elementor-hidden-tablet elementor-widget elementor-widget-spacer\" data-id=\"acaa5e7\" data-element_type=\"widget\" data-widget_type=\"spacer.default\">\n\t\t\t\t<div class=\"elementor-widget-container\">\n\t\t\t\t\t<div class=\"elementor-spacer\">\n\t\t\t<div class=\"elementor-spacer-inner\"><\/div>\n\t\t<\/div>\n\t\t\t\t<\/div>\n\t\t\t\t<\/div>\n\t\t\t\t<div class=\"elementor-element elementor-element-302ed3d elementor-widget elementor-widget-html\" data-id=\"302ed3d\" data-element_type=\"widget\" data-widget_type=\"html.default\">\n\t\t\t\t<div class=\"elementor-widget-container\">\n\t\t\t<table>\r\n    <thead>\r\n        <tr>\r\n            <th>Air 300bar<\/th>\r\n            <th>Price<\/th>\r\n        <\/tr>\r\n    <\/thead>\r\n    <tbody>\r\n        <tr>\r\n            <td>upto 4l<\/td>\r\n            <td>4,00 \u20ac<\/td>\r\n        <\/tr>\r\n        <tr>\r\n            <td>5l<\/td>\r\n            <td>5,50 \u20ac<\/td>\r\n        <\/tr>\r\n        <tr>\r\n            <td>8l<\/td>\r\n            <td>8,50 \u20ac<\/td>\r\n        <\/tr>\r\n        <tr>\r\n            <td>10l<\/td>\r\n            <td>10,00 \u20ac<\/td>\r\n        <\/tr>\r\n        <tr>\r\n            <td>12l<\/td>\r\n            <td>12,00 \u20ac<\/td>\r\n        <\/tr>\r\n        <tr>\r\n            <td>15l<\/td>\r\n            <td>14,50 \u20ac<\/td>\r\n        <\/tr>\r\n        <tr>\r\n            <td>Refill card 200 liters 300bar<\/td>\r\n            <td>165,00 \u20ac<\/td>\r\n        <\/tr>\r\n    <\/tbody>\r\n<\/table>\r\n\t\t<\/div>\n\t\t\t\t<\/div>\n\t\t\t\t<div class=\"elementor-element elementor-element-ba72b69 elementor-widget elementor-widget-heading\" data-id=\"ba72b69\" data-element_type=\"widget\" data-widget_type=\"heading.default\">\n\t\t\t\t<div class=\"elementor-widget-container\">\n\t\t\t<p class=\"elementor-heading-title elementor-size-default\"><b>Important! All cylinders must have a valid T\u00dcV inspection.<\/b><\/p>\t\t<\/div>\n\t\t\t\t<\/div>\n\t\t\t\t<div class=\"elementor-element elementor-element-280f3c2 elementor-widget elementor-widget-heading\" data-id=\"280f3c2\" data-element_type=\"widget\" data-widget_type=\"heading.default\">\n\t\t\t\t<div class=\"elementor-widget-container\">\n\t\t\t<p class=\"elementor-heading-title elementor-size-default\">We welcome you during the opening hours of our diving base.<\/p>\t\t<\/div>\n\t\t\t\t<\/div>\n\t\t\t\t\t<\/div>\n\t\t\t\t<\/div>\n\t\t<div class=\"elementor-element elementor-element-745df70d e-flex e-con-boxed e-con e-parent\" data-id=\"745df70d\" data-element_type=\"container\" data-settings=\"{&quot;background_background&quot;:&quot;classic&quot;}\">\n\t\t\t\t\t<div class=\"e-con-inner\">\n\t\t\t\t<div class=\"elementor-element elementor-element-14682b61 elementor-widget elementor-widget-html\" data-id=\"14682b61\" data-element_type=\"widget\" data-widget_type=\"html.default\">\n\t\t\t\t<div class=\"elementor-widget-container\">\n\t\t\t<div><\/div>\t\t<\/div>\n\t\t\t\t<\/div>\n\t\t\t\t<div class=\"elementor-element elementor-element-26d56729 elementor-widget elementor-widget-heading\" data-id=\"26d56729\" data-element_type=\"widget\" data-widget_type=\"heading.default\">\n\t\t\t\t<div class=\"elementor-widget-container\">\n\t\t\t<h2 class=\"elementor-heading-title elementor-size-default\"><a href=\"https:\/\/www.facebook.com\/profile.php?id=61550789842853\" target=\"_blank\">JOIN US ON FACEBOOK AND INSTAGRAM!<\/a><\/h2>\t\t<\/div>\n\t\t\t\t<\/div>\n\t\t\t\t<div class=\"elementor-element elementor-element-7ceef9be elementor-widget elementor-widget-html\" data-id=\"7ceef9be\" data-element_type=\"widget\" data-widget_type=\"html.default\">\n\t\t\t\t<div class=\"elementor-widget-container\">\n\t\t\t<div><\/div>\t\t<\/div>\n\t\t\t\t<\/div>\n\t\t<div class=\"elementor-element elementor-element-6b7ba805 e-flex e-con-boxed e-con e-child\" data-id=\"6b7ba805\" data-element_type=\"container\">\n\t\t\t\t\t<div class=\"e-con-inner\">\n\t\t\t\t<div class=\"elementor-element elementor-element-33c26fc1 elementor-widget elementor-widget-image\" data-id=\"33c26fc1\" data-element_type=\"widget\" data-widget_type=\"image.default\">\n\t\t\t\t<div class=\"elementor-widget-container\">\n\t\t\t\t\t\t\t\t\t\t\t\t\t\t<a href=\"https:\/\/www.facebook.com\/profile.php?id=61550789842853\" target=\"_blank\">\n\t\t\t\t\t\t\t<img decoding=\"async\" width=\"101\" height=\"100\" src=\"https:\/\/demonray.de\/wp-content\/uploads\/2024\/04\/fb_btn.png\" class=\"attachment-large size-large wp-image-1173\" alt=\"\" srcset=\"https:\/\/demonray.de\/wp-content\/uploads\/2024\/04\/fb_btn.png 101w, https:\/\/demonray.de\/wp-content\/uploads\/2024\/04\/fb_btn-12x12.png 12w\" sizes=\"(max-width: 101px) 100vw, 101px\" \/>\t\t\t\t\t\t\t\t<\/a>\n\t\t\t\t\t\t\t\t\t\t\t\t\t<\/div>\n\t\t\t\t<\/div>\n\t\t\t\t<div class=\"elementor-element elementor-element-4b482fe6 elementor-widget elementor-widget-image\" data-id=\"4b482fe6\" data-element_type=\"widget\" data-widget_type=\"image.default\">\n\t\t\t\t<div class=\"elementor-widget-container\">\n\t\t\t\t\t\t\t\t\t\t\t\t\t\t<a href=\"https:\/\/www.instagram.com\/demonray_diving\/\" target=\"_blank\">\n\t\t\t\t\t\t\t<img decoding=\"async\" width=\"101\" height=\"101\" src=\"https:\/\/demonray.de\/wp-content\/uploads\/2024\/04\/iggg.png\" class=\"attachment-large size-large wp-image-1174\" alt=\"\" srcset=\"https:\/\/demonray.de\/wp-content\/uploads\/2024\/04\/iggg.png 101w, https:\/\/demonray.de\/wp-content\/uploads\/2024\/04\/iggg-12x12.png 12w\" sizes=\"(max-width: 101px) 100vw, 101px\" \/>\t\t\t\t\t\t\t\t<\/a>\n\t\t\t\t\t\t\t\t\t\t\t\t\t<\/div>\n\t\t\t\t<\/div>\n\t\t\t\t\t<\/div>\n\t\t\t\t<\/div>\n\t\t\t\t\t<\/div>\n\t\t\t\t<\/div>\n\t\t\t\t<\/div>","protected":false},"excerpt":{"rendered":"<p>Nape\u0142nianie butli Zapraszamy do naszej bazy nurkowej na nape\u0142nianie butli. Oferujemy: \u2022 Nape\u0142nianie butli nurkowych na 200 i 300 bar \u2022 Nape\u0142nianie butli softair, airsoft i paintball \u2013 prosimy o dostarczenie odpowiednich adapter\u00f3w Powietrze 200Bar Cena do 4l 2,50 \u20ac 5l 3,50 \u20ac 8l 5,50 \u20ac 10l 6,50 \u20ac 11.1l (80Cft) 7,00 \u20ac 12l 8,00 [&hellip;]<\/p>","protected":false},"author":1,"featured_media":0,"parent":2657,"menu_order":0,"comment_status":"closed","ping_status":"closed","template":"","meta":{"footnotes":""},"class_list":["post-1876","page","type-page","status-publish","hentry"],"yoast_head":"<!-- This site is optimized with the Yoast SEO Premium plugin v19.4 (Yoast SEO v24.3) - https:\/\/yoast.com\/wordpress\/plugins\/seo\/ -->\n<title>Nape\u0142nianie butli - Demon Ray<\/title>\n<meta name=\"robots\" content=\"index, follow, max-snippet:-1, max-image-preview:large, max-video-preview:-1\" \/>\n<link rel=\"canonical\" href=\"https:\/\/demonray.de\/en\/service\/flaschenfullungen\/\" \/>\n<meta property=\"og:locale\" content=\"en_GB\" \/>\n<meta property=\"og:type\" content=\"article\" \/>\n<meta property=\"og:title\" content=\"Nape\u0142nianie butli\" \/>\n<meta property=\"og:description\" content=\"Nape\u0142nianie butli Zapraszamy do naszej bazy nurkowej na nape\u0142nianie butli. Oferujemy: \u2022 Nape\u0142nianie butli nurkowych na 200 i 300 bar \u2022 Nape\u0142nianie butli softair, airsoft i paintball \u2013 prosimy o dostarczenie odpowiednich adapter\u00f3w Powietrze 200Bar Cena do 4l 2,50 \u20ac 5l 3,50 \u20ac 8l 5,50 \u20ac 10l 6,50 \u20ac 11.1l (80Cft) 7,00 \u20ac 12l 8,00 [&hellip;]\" \/>\n<meta property=\"og:url\" content=\"https:\/\/demonray.de\/en\/service\/flaschenfullungen\/\" \/>\n<meta property=\"og:site_name\" content=\"Demon Ray\" \/>\n<meta property=\"article:publisher\" content=\"https:\/\/www.facebook.com\/p\/Demon-Ray-Scuba-Diving-61550789842853\/\" \/>\n<meta property=\"article:modified_time\" content=\"2025-07-13T12:26:42+00:00\" \/>\n<meta property=\"og:image\" content=\"https:\/\/demonray.de\/wp-content\/uploads\/2024\/04\/fb_btn.png\" \/>\n\t<meta property=\"og:image:width\" content=\"101\" \/>\n\t<meta property=\"og:image:height\" content=\"100\" \/>\n\t<meta property=\"og:image:type\" content=\"image\/png\" \/>\n<meta name=\"twitter:card\" content=\"summary_large_image\" \/>\n<meta name=\"twitter:label1\" content=\"Estimated reading time\" \/>\n\t<meta name=\"twitter:data1\" content=\"2 minutes\" \/>\n<script type=\"application\/ld+json\" class=\"yoast-schema-graph\">{\"@context\":\"https:\/\/schema.org\",\"@graph\":[{\"@type\":\"WebPage\",\"@id\":\"https:\/\/demonray.de\/service\/flaschenfullungen\/\",\"url\":\"https:\/\/demonray.de\/service\/flaschenfullungen\/\",\"name\":\"Nape\u0142nianie butli - Demon Ray\",\"isPartOf\":{\"@id\":\"https:\/\/demonray.de\/#website\"},\"primaryImageOfPage\":{\"@id\":\"https:\/\/demonray.de\/service\/flaschenfullungen\/#primaryimage\"},\"image\":{\"@id\":\"https:\/\/demonray.de\/service\/flaschenfullungen\/#primaryimage\"},\"thumbnailUrl\":\"https:\/\/demonray.de\/wp-content\/uploads\/2024\/04\/fb_btn.png\",\"datePublished\":\"2024-11-14T17:42:32+00:00\",\"dateModified\":\"2025-07-13T12:26:42+00:00\",\"breadcrumb\":{\"@id\":\"https:\/\/demonray.de\/service\/flaschenfullungen\/#breadcrumb\"},\"inLanguage\":\"en-GB\",\"potentialAction\":[{\"@type\":\"ReadAction\",\"target\":[\"https:\/\/demonray.de\/service\/flaschenfullungen\/\"]}]},{\"@type\":\"ImageObject\",\"inLanguage\":\"en-GB\",\"@id\":\"https:\/\/demonray.de\/service\/flaschenfullungen\/#primaryimage\",\"url\":\"https:\/\/demonray.de\/wp-content\/uploads\/2024\/04\/fb_btn.png\",\"contentUrl\":\"https:\/\/demonray.de\/wp-content\/uploads\/2024\/04\/fb_btn.png\"},{\"@type\":\"BreadcrumbList\",\"@id\":\"https:\/\/demonray.de\/service\/flaschenfullungen\/#breadcrumb\",\"itemListElement\":[{\"@type\":\"ListItem\",\"position\":1,\"name\":\"Strona g\u0142\u00f3wna\",\"item\":\"https:\/\/demonray.de\/\"},{\"@type\":\"ListItem\",\"position\":2,\"name\":\"Serwis\",\"item\":\"https:\/\/demonray.de\/service\/\"},{\"@type\":\"ListItem\",\"position\":3,\"name\":\"Nape\u0142nianie butli\"}]},{\"@type\":\"WebSite\",\"@id\":\"https:\/\/demonray.de\/#website\",\"url\":\"https:\/\/demonray.de\/\",\"name\":\"Demon Ray\",\"description\":\"Szko\u0142a nurkowania\",\"publisher\":{\"@id\":\"https:\/\/demonray.de\/#\/schema\/person\/40b8978b9b5617f17e8741a56fc1efbb\"},\"potentialAction\":[{\"@type\":\"SearchAction\",\"target\":{\"@type\":\"EntryPoint\",\"urlTemplate\":\"https:\/\/demonray.de\/?s={search_term_string}\"},\"query-input\":{\"@type\":\"PropertyValueSpecification\",\"valueRequired\":true,\"valueName\":\"search_term_string\"}}],\"inLanguage\":\"en-GB\"},{\"@type\":[\"Person\",\"Organization\"],\"@id\":\"https:\/\/demonray.de\/#\/schema\/person\/40b8978b9b5617f17e8741a56fc1efbb\",\"name\":\"Beniamin\",\"image\":{\"@type\":\"ImageObject\",\"inLanguage\":\"en-GB\",\"@id\":\"https:\/\/demonray.de\/#\/schema\/person\/image\/\",\"url\":\"https:\/\/demonray.de\/wp-content\/uploads\/2024\/04\/benjamin.webp\",\"contentUrl\":\"https:\/\/demonray.de\/wp-content\/uploads\/2024\/04\/benjamin.webp\",\"width\":1920,\"height\":1080,\"caption\":\"Beniamin\"},\"logo\":{\"@id\":\"https:\/\/demonray.de\/#\/schema\/person\/image\/\"},\"sameAs\":[\"https:\/\/demonray.de\/\",\"https:\/\/www.facebook.com\/p\/Demon-Ray-Scuba-Diving-61550789842853\/\",\"https:\/\/www.instagram.com\/demonray_diving\/\"]}]}<\/script>\n<!-- \/ Yoast SEO Premium plugin. -->","yoast_head_json":{"title":"Nape\u0142nianie butli - Demon Ray","robots":{"index":"index","follow":"follow","max-snippet":"max-snippet:-1","max-image-preview":"max-image-preview:large","max-video-preview":"max-video-preview:-1"},"canonical":"https:\/\/demonray.de\/en\/service\/flaschenfullungen\/","og_locale":"en_GB","og_type":"article","og_title":"Nape\u0142nianie butli","og_description":"Nape\u0142nianie butli Zapraszamy do naszej bazy nurkowej na nape\u0142nianie butli. Oferujemy: \u2022 Nape\u0142nianie butli nurkowych na 200 i 300 bar \u2022 Nape\u0142nianie butli softair, airsoft i paintball \u2013 prosimy o dostarczenie odpowiednich adapter\u00f3w Powietrze 200Bar Cena do 4l 2,50 \u20ac 5l 3,50 \u20ac 8l 5,50 \u20ac 10l 6,50 \u20ac 11.1l (80Cft) 7,00 \u20ac 12l 8,00 [&hellip;]","og_url":"https:\/\/demonray.de\/en\/service\/flaschenfullungen\/","og_site_name":"Demon Ray","article_publisher":"https:\/\/www.facebook.com\/p\/Demon-Ray-Scuba-Diving-61550789842853\/","article_modified_time":"2025-07-13T12:26:42+00:00","og_image":[{"width":101,"height":100,"url":"https:\/\/demonray.de\/wp-content\/uploads\/2024\/04\/fb_btn.png","type":"image\/png"}],"twitter_card":"summary_large_image","twitter_misc":{"Estimated reading time":"2 minutes"},"schema":{"@context":"https:\/\/schema.org","@graph":[{"@type":"WebPage","@id":"https:\/\/demonray.de\/service\/flaschenfullungen\/","url":"https:\/\/demonray.de\/service\/flaschenfullungen\/","name":"Nape\u0142nianie butli - Demon Ray","isPartOf":{"@id":"https:\/\/demonray.de\/#website"},"primaryImageOfPage":{"@id":"https:\/\/demonray.de\/service\/flaschenfullungen\/#primaryimage"},"image":{"@id":"https:\/\/demonray.de\/service\/flaschenfullungen\/#primaryimage"},"thumbnailUrl":"https:\/\/demonray.de\/wp-content\/uploads\/2024\/04\/fb_btn.png","datePublished":"2024-11-14T17:42:32+00:00","dateModified":"2025-07-13T12:26:42+00:00","breadcrumb":{"@id":"https:\/\/demonray.de\/service\/flaschenfullungen\/#breadcrumb"},"inLanguage":"en-GB","potentialAction":[{"@type":"ReadAction","target":["https:\/\/demonray.de\/service\/flaschenfullungen\/"]}]},{"@type":"ImageObject","inLanguage":"en-GB","@id":"https:\/\/demonray.de\/service\/flaschenfullungen\/#primaryimage","url":"https:\/\/demonray.de\/wp-content\/uploads\/2024\/04\/fb_btn.png","contentUrl":"https:\/\/demonray.de\/wp-content\/uploads\/2024\/04\/fb_btn.png"},{"@type":"BreadcrumbList","@id":"https:\/\/demonray.de\/service\/flaschenfullungen\/#breadcrumb","itemListElement":[{"@type":"ListItem","position":1,"name":"Strona g\u0142\u00f3wna","item":"https:\/\/demonray.de\/"},{"@type":"ListItem","position":2,"name":"Serwis","item":"https:\/\/demonray.de\/service\/"},{"@type":"ListItem","position":3,"name":"Nape\u0142nianie butli"}]},{"@type":"WebSite","@id":"https:\/\/demonray.de\/#website","url":"https:\/\/demonray.de\/","name":"Demon Ray","description":"Szko\u0142a nurkowania","publisher":{"@id":"https:\/\/demonray.de\/#\/schema\/person\/40b8978b9b5617f17e8741a56fc1efbb"},"potentialAction":[{"@type":"SearchAction","target":{"@type":"EntryPoint","urlTemplate":"https:\/\/demonray.de\/?s={search_term_string}"},"query-input":{"@type":"PropertyValueSpecification","valueRequired":true,"valueName":"search_term_string"}}],"inLanguage":"en-GB"},{"@type":["Person","Organization"],"@id":"https:\/\/demonray.de\/#\/schema\/person\/40b8978b9b5617f17e8741a56fc1efbb","name":"Beniamin","image":{"@type":"ImageObject","inLanguage":"en-GB","@id":"https:\/\/demonray.de\/#\/schema\/person\/image\/","url":"https:\/\/demonray.de\/wp-content\/uploads\/2024\/04\/benjamin.webp","contentUrl":"https:\/\/demonray.de\/wp-content\/uploads\/2024\/04\/benjamin.webp","width":1920,"height":1080,"caption":"Beniamin"},"logo":{"@id":"https:\/\/demonray.de\/#\/schema\/person\/image\/"},"sameAs":["https:\/\/demonray.de\/","https:\/\/www.facebook.com\/p\/Demon-Ray-Scuba-Diving-61550789842853\/","https:\/\/www.instagram.com\/demonray_diving\/"]}]}},"_links":{"self":[{"href":"https:\/\/demonray.de\/en\/wp-json\/wp\/v2\/pages\/1876","targetHints":{"allow":["GET"]}}],"collection":[{"href":"https:\/\/demonray.de\/en\/wp-json\/wp\/v2\/pages"}],"about":[{"href":"https:\/\/demonray.de\/en\/wp-json\/wp\/v2\/types\/page"}],"author":[{"embeddable":true,"href":"https:\/\/demonray.de\/en\/wp-json\/wp\/v2\/users\/1"}],"replies":[{"embeddable":true,"href":"https:\/\/demonray.de\/en\/wp-json\/wp\/v2\/comments?post=1876"}],"version-history":[{"count":67,"href":"https:\/\/demonray.de\/en\/wp-json\/wp\/v2\/pages\/1876\/revisions"}],"predecessor-version":[{"id":3026,"href":"https:\/\/demonray.de\/en\/wp-json\/wp\/v2\/pages\/1876\/revisions\/3026"}],"up":[{"embeddable":true,"href":"https:\/\/demonray.de\/en\/wp-json\/wp\/v2\/pages\/2657"}],"wp:attachment":[{"href":"https:\/\/demonray.de\/en\/wp-json\/wp\/v2\/media?parent=1876"}],"curies":[{"name":"wp","href":"https:\/\/api.w.org\/{rel}","templated":true}]}}