{"id":444,"date":"2024-04-07T00:22:54","date_gmt":"2024-04-06T23:22:54","guid":{"rendered":"http:\/\/szkolanurkowaniatest.dawidfemin.atthost24.pl\/?page_id=444"},"modified":"2024-12-17T00:31:59","modified_gmt":"2024-12-16T22:31:59","slug":"advance-open-water-diver-gold","status":"publish","type":"page","link":"https:\/\/demonray.de\/de\/advance-open-water-diver-gold\/","title":{"rendered":"Advanced Open Water Diver \u2013 Gold"},"content":{"rendered":"<div data-elementor-type=\"wp-page\" data-elementor-id=\"444\" class=\"elementor elementor-444\">\n\t\t\t\t<div class=\"elementor-element elementor-element-401e87fc e-flex e-con-boxed e-con e-parent\" data-id=\"401e87fc\" data-element_type=\"container\">\n\t\t\t\t\t<div class=\"e-con-inner\">\n\t\t\t\t<div class=\"elementor-element elementor-element-3567ed7a elementor-widget elementor-widget-heading\" data-id=\"3567ed7a\" data-element_type=\"widget\" data-widget_type=\"heading.default\">\n\t\t\t\t<div class=\"elementor-widget-container\">\n\t\t\t<h1 class=\"elementor-heading-title elementor-size-default\">Advanced Open Water Diver <br> Gold<\/h1>\t\t<\/div>\n\t\t\t\t<\/div>\n\t\t\t\t<div class=\"elementor-element elementor-element-5043556c elementor-view-default elementor-widget elementor-widget-icon\" data-id=\"5043556c\" data-element_type=\"widget\" data-widget_type=\"icon.default\">\n\t\t\t\t<div class=\"elementor-widget-container\">\n\t\t\t\t\t<div class=\"elementor-icon-wrapper\">\n\t\t\t<a class=\"elementor-icon\" href=\"#scrollToContent\">\n\t\t\t<svg xmlns=\"http:\/\/www.w3.org\/2000\/svg\" xmlns:xlink=\"http:\/\/www.w3.org\/1999\/xlink\" fill=\"#ffffff\" height=\"800px\" width=\"800px\" id=\"Layer_1\" viewbox=\"0 0 512 512\" xml:space=\"preserve\" stroke=\"#ffffff\"><g id=\"SVGRepo_bgCarrier\" stroke-width=\"0\"><\/g><g id=\"SVGRepo_tracerCarrier\" stroke-linecap=\"round\" stroke-linejoin=\"round\"><\/g><g id=\"SVGRepo_iconCarrier\"> <polygon points=\"442.2,93.1 256,279.3 69.8,93.1 0,162.9 256,418.9 512,162.9 \"><\/polygon> <\/g><\/svg>\t\t\t<\/a>\n\t\t<\/div>\n\t\t\t\t<\/div>\n\t\t\t\t<\/div>\n\t\t\t\t<div class=\"elementor-element elementor-element-2e381169 .trapez elementor-widget elementor-widget-html\" data-id=\"2e381169\" data-element_type=\"widget\" id=\"scrollToContent\" data-widget_type=\"html.default\">\n\t\t\t\t<div class=\"elementor-widget-container\">\n\t\t\t<div><\/div>\t\t<\/div>\n\t\t\t\t<\/div>\n\t\t\t\t\t<\/div>\n\t\t\t\t<\/div>\n\t\t<div class=\"elementor-element elementor-element-7c8918f e-flex e-con-boxed e-con e-parent\" data-id=\"7c8918f\" data-element_type=\"container\">\n\t\t\t\t\t<div class=\"e-con-inner\">\n\t\t\t\t<div class=\"elementor-element elementor-element-739cabd elementor-widget elementor-widget-heading\" data-id=\"739cabd\" data-element_type=\"widget\" data-widget_type=\"heading.default\">\n\t\t\t\t<div class=\"elementor-widget-container\">\n\t\t\t<h2 class=\"elementor-heading-title elementor-size-default\">ADVANCED OPEN WATER DIVER PSAI <br> GOLD (STUFE 2)<\/h2>\t\t<\/div>\n\t\t\t\t<\/div>\n\t\t\t\t<div class=\"elementor-element elementor-element-b6e1916 elementor-widget elementor-widget-heading\" data-id=\"b6e1916\" data-element_type=\"widget\" data-widget_type=\"heading.default\">\n\t\t\t\t<div class=\"elementor-widget-container\">\n\t\t\t<h2 class=\"elementor-heading-title elementor-size-default\">Dies ist ein Kurs, der vielseitige M\u00f6glichkeiten f\u00fcr eine weitere Ausbildung bietet, um das Tauchen noch interessanter und sicherer zu gestalten.<\/h2>\t\t<\/div>\n\t\t\t\t<\/div>\n\t\t\t\t<div class=\"elementor-element elementor-element-e4c1bd9 elementor-widget elementor-widget-heading\" data-id=\"e4c1bd9\" data-element_type=\"widget\" data-widget_type=\"heading.default\">\n\t\t\t\t<div class=\"elementor-widget-container\">\n\t\t\t<h2 class=\"elementor-heading-title elementor-size-default\">BERECHTIGUNGEN NACH ABSCHLUSS DES KURSES:<\/h2>\t\t<\/div>\n\t\t\t\t<\/div>\n\t\t\t\t<div class=\"elementor-element elementor-element-a23b34f elementor-widget elementor-widget-heading\" data-id=\"a23b34f\" data-element_type=\"widget\" data-widget_type=\"heading.default\">\n\t\t\t\t<div class=\"elementor-widget-container\">\n\t\t\t<h2 class=\"elementor-heading-title elementor-size-default\">Nach erfolgreichem Abschluss des Kurses erhalten die Teilnehmer eine international g\u00fcltige Lizenz zum Tauchen bis zu 40m Tiefe. Das Tauchen tiefer als 31 Meter erfordert eine zus\u00e4tzliche Spezialisierung als Twin Set Diver oder Basic Open Water Sidemount Diver (bis 31 Metern ist diese Spezialisierung nicht erforderlich).<\/h2>\t\t<\/div>\n\t\t\t\t<\/div>\n\t\t\t\t<div class=\"elementor-element elementor-element-6ba748e elementor-widget elementor-widget-heading\" data-id=\"6ba748e\" data-element_type=\"widget\" data-widget_type=\"heading.default\">\n\t\t\t\t<div class=\"elementor-widget-container\">\n\t\t\t<h2 class=\"elementor-heading-title elementor-size-default\">ANFORDERUNGEN AN DIE TEILNEHMER:<\/h2>\t\t<\/div>\n\t\t\t\t<\/div>\n\t\t\t\t<div class=\"elementor-element elementor-element-99e601b elementor-widget elementor-widget-heading\" data-id=\"99e601b\" data-element_type=\"widget\" data-widget_type=\"heading.default\">\n\t\t\t\t<div class=\"elementor-widget-container\">\n\t\t\t<h2 class=\"elementor-heading-title elementor-size-default\">\u2022 Besitz des GRUNDAUSBILDUNGSSTUFE \u2013 ADVANCED OPEN WATER DIVER SILBER PSAI<\/h2>\t\t<\/div>\n\t\t\t\t<\/div>\n\t\t\t\t<div class=\"elementor-element elementor-element-312e577 elementor-widget elementor-widget-heading\" data-id=\"312e577\" data-element_type=\"widget\" data-widget_type=\"heading.default\">\n\t\t\t\t<div class=\"elementor-widget-container\">\n\t\t\t<h2 class=\"elementor-heading-title elementor-size-default\">\u2022 Mindestens 25 geloggte Tauchg\u00e4nge<\/h2>\t\t<\/div>\n\t\t\t\t<\/div>\n\t\t\t\t<div class=\"elementor-element elementor-element-5a1d79f elementor-widget elementor-widget-heading\" data-id=\"5a1d79f\" data-element_type=\"widget\" data-widget_type=\"heading.default\">\n\t\t\t\t<div class=\"elementor-widget-container\">\n\t\t\t<h2 class=\"elementor-heading-title elementor-size-default\">\u2022 Aktuelle \u00e4rztliche Untersuchungen<\/h2>\t\t<\/div>\n\t\t\t\t<\/div>\n\t\t\t\t<div class=\"elementor-element elementor-element-4eb19fc elementor-widget elementor-widget-heading\" data-id=\"4eb19fc\" data-element_type=\"widget\" data-widget_type=\"heading.default\">\n\t\t\t\t<div class=\"elementor-widget-container\">\n\t\t\t<h2 class=\"elementor-heading-title elementor-size-default\">ANFORDERUNGEN ZUM ABSCHLUSS DES KURSES:<\/h2>\t\t<\/div>\n\t\t\t\t<\/div>\n\t\t\t\t<div class=\"elementor-element elementor-element-cc44903 elementor-widget elementor-widget-heading\" data-id=\"cc44903\" data-element_type=\"widget\" data-widget_type=\"heading.default\">\n\t\t\t\t<div class=\"elementor-widget-container\">\n\t\t\t<h2 class=\"elementor-heading-title elementor-size-default\">\u2022 Durchf\u00fchrung insgesamt mindestens 40 Tauchg\u00e4nge<\/h2>\t\t<\/div>\n\t\t\t\t<\/div>\n\t\t\t\t<div class=\"elementor-element elementor-element-3f09fc8 elementor-widget elementor-widget-heading\" data-id=\"3f09fc8\" data-element_type=\"widget\" data-widget_type=\"heading.default\">\n\t\t\t\t<div class=\"elementor-widget-container\">\n\t\t\t<h2 class=\"elementor-heading-title elementor-size-default\">\u2022 Erlangung von F\u00e4higkeiten und Kenntnissen in 7 Spezialisierungen, davon verpflichtend:<\/h2>\t\t<\/div>\n\t\t\t\t<\/div>\n\t\t\t\t<div class=\"elementor-element elementor-element-f55342f elementor-widget elementor-widget-heading\" data-id=\"f55342f\" data-element_type=\"widget\" data-widget_type=\"heading.default\">\n\t\t\t\t<div class=\"elementor-widget-container\">\n\t\t\t<h2 class=\"elementor-heading-title elementor-size-default\">\u2022 Rescue-RAPID<\/h2>\t\t<\/div>\n\t\t\t\t<\/div>\n\t\t\t\t<div class=\"elementor-element elementor-element-51a2e25 elementor-widget elementor-widget-heading\" data-id=\"51a2e25\" data-element_type=\"widget\" data-widget_type=\"heading.default\">\n\t\t\t\t<div class=\"elementor-widget-container\">\n\t\t\t<h2 class=\"elementor-heading-title elementor-size-default\">\u2022 Twin Set Diver oder Basic Open Water Sidemount Diver<\/h2>\t\t<\/div>\n\t\t\t\t<\/div>\n\t\t\t\t<div class=\"elementor-element elementor-element-24b38cb elementor-widget elementor-widget-heading\" data-id=\"24b38cb\" data-element_type=\"widget\" data-widget_type=\"heading.default\">\n\t\t\t\t<div class=\"elementor-widget-container\">\n\t\t\t<h2 class=\"elementor-heading-title elementor-size-default\">\u2022 Deep Diving oder Narcosis Management Level II<\/h2>\t\t<\/div>\n\t\t\t\t<\/div>\n\t\t\t\t<div class=\"elementor-element elementor-element-d1ca7f8 elementor-widget elementor-widget-heading\" data-id=\"d1ca7f8\" data-element_type=\"widget\" data-widget_type=\"heading.default\">\n\t\t\t\t<div class=\"elementor-widget-container\">\n\t\t\t<h2 class=\"elementor-heading-title elementor-size-default\">sowie 2 von 6 verbleibenden:<\/h2>\t\t<\/div>\n\t\t\t\t<\/div>\n\t\t\t\t<div class=\"elementor-element elementor-element-b3d6a2a elementor-widget elementor-widget-heading\" data-id=\"b3d6a2a\" data-element_type=\"widget\" data-widget_type=\"heading.default\">\n\t\t\t\t<div class=\"elementor-widget-container\">\n\t\t\t<h2 class=\"elementor-heading-title elementor-size-default\">\u2022 Vollgesichtsmaskentauchen - Full Face Mask<\/h2>\t\t<\/div>\n\t\t\t\t<\/div>\n\t\t\t\t<div class=\"elementor-element elementor-element-2bda0f8 elementor-widget elementor-widget-heading\" data-id=\"2bda0f8\" data-element_type=\"widget\" data-widget_type=\"heading.default\">\n\t\t\t\t<div class=\"elementor-widget-container\">\n\t\t\t<h2 class=\"elementor-heading-title elementor-size-default\">\u2022 Trockentauchen (TROCKENTAUCHANZUG)<\/h2>\t\t<\/div>\n\t\t\t\t<\/div>\n\t\t\t\t<div class=\"elementor-element elementor-element-1ecec2e elementor-widget elementor-widget-heading\" data-id=\"1ecec2e\" data-element_type=\"widget\" data-widget_type=\"heading.default\">\n\t\t\t\t<div class=\"elementor-widget-container\">\n\t\t\t<h2 class=\"elementor-heading-title elementor-size-default\">\u2022 Eis-Tauchen (ICE DIVER)<\/h2>\t\t<\/div>\n\t\t\t\t<\/div>\n\t\t\t\t<div class=\"elementor-element elementor-element-257e9b6 elementor-widget elementor-widget-heading\" data-id=\"257e9b6\" data-element_type=\"widget\" data-widget_type=\"heading.default\">\n\t\t\t\t<div class=\"elementor-widget-container\">\n\t\t\t<h2 class=\"elementor-heading-title elementor-size-default\">\u2022 Wracktauchen - Wreck Diver Cold Water Environment<\/h2>\t\t<\/div>\n\t\t\t\t<\/div>\n\t\t\t\t<div class=\"elementor-element elementor-element-a3abbe7 elementor-widget elementor-widget-heading\" data-id=\"a3abbe7\" data-element_type=\"widget\" data-widget_type=\"heading.default\">\n\t\t\t\t<div class=\"elementor-widget-container\">\n\t\t\t<h2 class=\"elementor-heading-title elementor-size-default\">\u2022 Basic Nitrox<\/h2>\t\t<\/div>\n\t\t\t\t<\/div>\n\t\t\t\t<div class=\"elementor-element elementor-element-a23935f elementor-widget elementor-widget-heading\" data-id=\"a23935f\" data-element_type=\"widget\" data-widget_type=\"heading.default\">\n\t\t\t\t<div class=\"elementor-widget-container\">\n\t\t\t<h2 class=\"elementor-heading-title elementor-size-default\">\u2022 DPV Open Water (Tauchscooter)<\/h2>\t\t<\/div>\n\t\t\t\t<\/div>\n\t\t\t\t<div class=\"elementor-element elementor-element-3ec2ae6 elementor-widget elementor-widget-heading\" data-id=\"3ec2ae6\" data-element_type=\"widget\" data-widget_type=\"heading.default\">\n\t\t\t\t<div class=\"elementor-widget-container\">\n\t\t\t<h2 class=\"elementor-heading-title elementor-size-default\">Kurspreis:<\/h2>\t\t<\/div>\n\t\t\t\t<\/div>\n\t\t\t\t<div class=\"elementor-element elementor-element-b18908a elementor-widget elementor-widget-heading\" data-id=\"b18908a\" data-element_type=\"widget\" data-widget_type=\"heading.default\">\n\t\t\t\t<div class=\"elementor-widget-container\">\n\t\t\t<h2 class=\"elementor-heading-title elementor-size-default\">70\u20ac inklusive Lizenzgeb\u00fchr<\/h2>\t\t<\/div>\n\t\t\t\t<\/div>\n\t\t\t\t\t<\/div>\n\t\t\t\t<\/div>\n\t\t<div class=\"elementor-element elementor-element-63ee4102 e-flex e-con-boxed e-con e-parent\" data-id=\"63ee4102\" data-element_type=\"container\" data-settings=\"{&quot;background_background&quot;:&quot;classic&quot;}\">\n\t\t\t\t\t<div class=\"e-con-inner\">\n\t\t\t\t<div class=\"elementor-element elementor-element-7bdcf4d0 elementor-widget elementor-widget-html\" data-id=\"7bdcf4d0\" data-element_type=\"widget\" data-widget_type=\"html.default\">\n\t\t\t\t<div class=\"elementor-widget-container\">\n\t\t\t<div><\/div>\t\t<\/div>\n\t\t\t\t<\/div>\n\t\t\t\t<div class=\"elementor-element elementor-element-a3bf23c elementor-widget elementor-widget-heading\" data-id=\"a3bf23c\" data-element_type=\"widget\" data-widget_type=\"heading.default\">\n\t\t\t\t<div class=\"elementor-widget-container\">\n\t\t\t<h2 class=\"elementor-heading-title elementor-size-default\"><a href=\"https:\/\/www.facebook.com\/profile.php?id=61550789842853\" target=\"_blank\">FOLGEN SIE UNS AUF FACEBOOK UND INSTAGRAM<\/a><\/h2>\t\t<\/div>\n\t\t\t\t<\/div>\n\t\t\t\t<div class=\"elementor-element elementor-element-2bb60b38 elementor-widget elementor-widget-html\" data-id=\"2bb60b38\" data-element_type=\"widget\" data-widget_type=\"html.default\">\n\t\t\t\t<div class=\"elementor-widget-container\">\n\t\t\t<div><\/div>\t\t<\/div>\n\t\t\t\t<\/div>\n\t\t<div class=\"elementor-element elementor-element-207551fc e-flex e-con-boxed e-con e-child\" data-id=\"207551fc\" data-element_type=\"container\">\n\t\t\t\t\t<div class=\"e-con-inner\">\n\t\t\t\t<div class=\"elementor-element elementor-element-267c12af elementor-widget elementor-widget-image\" data-id=\"267c12af\" data-element_type=\"widget\" data-widget_type=\"image.default\">\n\t\t\t\t<div class=\"elementor-widget-container\">\n\t\t\t\t\t\t\t\t\t\t\t\t\t\t<a href=\"https:\/\/www.facebook.com\/profile.php?id=61550789842853\" target=\"_blank\">\n\t\t\t\t\t\t\t<img decoding=\"async\" width=\"101\" height=\"100\" src=\"https:\/\/demonray.de\/wp-content\/uploads\/2024\/04\/fb_btn.png\" class=\"attachment-large size-large wp-image-1173\" alt=\"\" srcset=\"https:\/\/demonray.de\/wp-content\/uploads\/2024\/04\/fb_btn.png 101w, https:\/\/demonray.de\/wp-content\/uploads\/2024\/04\/fb_btn-12x12.png 12w\" sizes=\"(max-width: 101px) 100vw, 101px\" \/>\t\t\t\t\t\t\t\t<\/a>\n\t\t\t\t\t\t\t\t\t\t\t\t\t<\/div>\n\t\t\t\t<\/div>\n\t\t\t\t<div class=\"elementor-element elementor-element-33246163 elementor-widget elementor-widget-image\" data-id=\"33246163\" data-element_type=\"widget\" data-widget_type=\"image.default\">\n\t\t\t\t<div class=\"elementor-widget-container\">\n\t\t\t\t\t\t\t\t\t\t\t\t\t\t<a href=\"https:\/\/www.instagram.com\/demonray_diving\/\" target=\"_blank\">\n\t\t\t\t\t\t\t<img decoding=\"async\" width=\"101\" height=\"101\" src=\"https:\/\/demonray.de\/wp-content\/uploads\/2024\/04\/iggg.png\" class=\"attachment-large size-large wp-image-1174\" alt=\"\" srcset=\"https:\/\/demonray.de\/wp-content\/uploads\/2024\/04\/iggg.png 101w, https:\/\/demonray.de\/wp-content\/uploads\/2024\/04\/iggg-12x12.png 12w\" sizes=\"(max-width: 101px) 100vw, 101px\" \/>\t\t\t\t\t\t\t\t<\/a>\n\t\t\t\t\t\t\t\t\t\t\t\t\t<\/div>\n\t\t\t\t<\/div>\n\t\t\t\t\t<\/div>\n\t\t\t\t<\/div>\n\t\t\t\t\t<\/div>\n\t\t\t\t<\/div>\n\t\t\t\t<\/div>","protected":false},"excerpt":{"rendered":"<p>Advanced Open Water Diver Gold ADVANCED OPEN WATER DIVER PSAI GOLD (POZIOM 2) Jest to kurs daj\u0105cy wszechstronne mo\u017cliwo\u015bci dalszej edukacji dla jeszcze ciekawszego i bezpieczniejszego nurkowania. UPRAWNIENIA PO UKO\u0143CZENIU KURSU: Po pozytywnym uko\u0144czeniu kursu uczestnicy uzyskuj\u0105 mi\u0119dzynarodow\u0105 licencj\u0119 uprawniaj\u0105c\u0105 do nurkowa\u0144 do 40m w r\u00f3\u017cnych warunkach \u015brodowiskowych. Nurkowanie powy\u017cej 31 metr\u00f3w wymaga obowi\u0105zkowej specjalizacji [&hellip;]<\/p>","protected":false},"author":1,"featured_media":0,"parent":0,"menu_order":0,"comment_status":"closed","ping_status":"closed","template":"","meta":{"footnotes":""},"class_list":["post-444","page","type-page","status-publish","hentry"],"yoast_head":"<!-- This site is optimized with the Yoast SEO Premium plugin v19.4 (Yoast SEO v24.3) - https:\/\/yoast.com\/wordpress\/plugins\/seo\/ -->\n<title>Advanced Open Water Diver \u2013 Gold - Demon Ray<\/title>\n<meta name=\"robots\" content=\"index, follow, max-snippet:-1, max-image-preview:large, max-video-preview:-1\" \/>\n<link rel=\"canonical\" href=\"https:\/\/demonray.de\/de\/advance-open-water-diver-gold\/\" \/>\n<meta property=\"og:locale\" content=\"de_DE\" \/>\n<meta property=\"og:type\" content=\"article\" \/>\n<meta property=\"og:title\" content=\"Advanced Open Water Diver \u2013 Gold\" \/>\n<meta property=\"og:description\" content=\"Advanced Open Water Diver Gold ADVANCED OPEN WATER DIVER PSAI GOLD (POZIOM 2) Jest to kurs daj\u0105cy wszechstronne mo\u017cliwo\u015bci dalszej edukacji dla jeszcze ciekawszego i bezpieczniejszego nurkowania. UPRAWNIENIA PO UKO\u0143CZENIU KURSU: Po pozytywnym uko\u0144czeniu kursu uczestnicy uzyskuj\u0105 mi\u0119dzynarodow\u0105 licencj\u0119 uprawniaj\u0105c\u0105 do nurkowa\u0144 do 40m w r\u00f3\u017cnych warunkach \u015brodowiskowych. Nurkowanie powy\u017cej 31 metr\u00f3w wymaga obowi\u0105zkowej specjalizacji [&hellip;]\" \/>\n<meta property=\"og:url\" content=\"https:\/\/demonray.de\/de\/advance-open-water-diver-gold\/\" \/>\n<meta property=\"og:site_name\" content=\"Demon Ray\" \/>\n<meta property=\"article:publisher\" content=\"https:\/\/www.facebook.com\/p\/Demon-Ray-Scuba-Diving-61550789842853\/\" \/>\n<meta property=\"article:modified_time\" content=\"2024-12-16T22:31:59+00:00\" \/>\n<meta property=\"og:image\" content=\"https:\/\/demonray.de\/wp-content\/uploads\/2024\/04\/fb_btn.png\" \/>\n\t<meta property=\"og:image:width\" content=\"101\" \/>\n\t<meta property=\"og:image:height\" content=\"100\" \/>\n\t<meta property=\"og:image:type\" content=\"image\/png\" \/>\n<meta name=\"twitter:card\" content=\"summary_large_image\" \/>\n<meta name=\"twitter:label1\" content=\"Gesch\u00e4tzte Lesezeit\" \/>\n\t<meta name=\"twitter:data1\" content=\"2\u00a0Minuten\" \/>\n<script type=\"application\/ld+json\" class=\"yoast-schema-graph\">{\"@context\":\"https:\/\/schema.org\",\"@graph\":[{\"@type\":\"WebPage\",\"@id\":\"https:\/\/demonray.de\/advance-open-water-diver-gold\/\",\"url\":\"https:\/\/demonray.de\/advance-open-water-diver-gold\/\",\"name\":\"Advanced Open Water Diver \u2013 Gold - Demon Ray\",\"isPartOf\":{\"@id\":\"https:\/\/demonray.de\/#website\"},\"primaryImageOfPage\":{\"@id\":\"https:\/\/demonray.de\/advance-open-water-diver-gold\/#primaryimage\"},\"image\":{\"@id\":\"https:\/\/demonray.de\/advance-open-water-diver-gold\/#primaryimage\"},\"thumbnailUrl\":\"https:\/\/demonray.de\/wp-content\/uploads\/2024\/04\/fb_btn.png\",\"datePublished\":\"2024-04-06T23:22:54+00:00\",\"dateModified\":\"2024-12-16T22:31:59+00:00\",\"breadcrumb\":{\"@id\":\"https:\/\/demonray.de\/advance-open-water-diver-gold\/#breadcrumb\"},\"inLanguage\":\"de\",\"potentialAction\":[{\"@type\":\"ReadAction\",\"target\":[\"https:\/\/demonray.de\/advance-open-water-diver-gold\/\"]}]},{\"@type\":\"ImageObject\",\"inLanguage\":\"de\",\"@id\":\"https:\/\/demonray.de\/advance-open-water-diver-gold\/#primaryimage\",\"url\":\"https:\/\/demonray.de\/wp-content\/uploads\/2024\/04\/fb_btn.png\",\"contentUrl\":\"https:\/\/demonray.de\/wp-content\/uploads\/2024\/04\/fb_btn.png\"},{\"@type\":\"BreadcrumbList\",\"@id\":\"https:\/\/demonray.de\/advance-open-water-diver-gold\/#breadcrumb\",\"itemListElement\":[{\"@type\":\"ListItem\",\"position\":1,\"name\":\"Strona g\u0142\u00f3wna\",\"item\":\"https:\/\/demonray.de\/\"},{\"@type\":\"ListItem\",\"position\":2,\"name\":\"Advanced Open Water Diver \u2013 Gold\"}]},{\"@type\":\"WebSite\",\"@id\":\"https:\/\/demonray.de\/#website\",\"url\":\"https:\/\/demonray.de\/\",\"name\":\"Demon Ray\",\"description\":\"Szko\u0142a nurkowania\",\"publisher\":{\"@id\":\"https:\/\/demonray.de\/#\/schema\/person\/40b8978b9b5617f17e8741a56fc1efbb\"},\"potentialAction\":[{\"@type\":\"SearchAction\",\"target\":{\"@type\":\"EntryPoint\",\"urlTemplate\":\"https:\/\/demonray.de\/?s={search_term_string}\"},\"query-input\":{\"@type\":\"PropertyValueSpecification\",\"valueRequired\":true,\"valueName\":\"search_term_string\"}}],\"inLanguage\":\"de\"},{\"@type\":[\"Person\",\"Organization\"],\"@id\":\"https:\/\/demonray.de\/#\/schema\/person\/40b8978b9b5617f17e8741a56fc1efbb\",\"name\":\"Beniamin\",\"image\":{\"@type\":\"ImageObject\",\"inLanguage\":\"de\",\"@id\":\"https:\/\/demonray.de\/#\/schema\/person\/image\/\",\"url\":\"https:\/\/demonray.de\/wp-content\/uploads\/2024\/04\/benjamin.webp\",\"contentUrl\":\"https:\/\/demonray.de\/wp-content\/uploads\/2024\/04\/benjamin.webp\",\"width\":1920,\"height\":1080,\"caption\":\"Beniamin\"},\"logo\":{\"@id\":\"https:\/\/demonray.de\/#\/schema\/person\/image\/\"},\"sameAs\":[\"https:\/\/demonray.de\/\",\"https:\/\/www.facebook.com\/p\/Demon-Ray-Scuba-Diving-61550789842853\/\",\"https:\/\/www.instagram.com\/demonray_diving\/\"]}]}<\/script>\n<!-- \/ Yoast SEO Premium plugin. -->","yoast_head_json":{"title":"Advanced Open Water Diver \u2013 Gold - Demon Ray","robots":{"index":"index","follow":"follow","max-snippet":"max-snippet:-1","max-image-preview":"max-image-preview:large","max-video-preview":"max-video-preview:-1"},"canonical":"https:\/\/demonray.de\/de\/advance-open-water-diver-gold\/","og_locale":"de_DE","og_type":"article","og_title":"Advanced Open Water Diver \u2013 Gold","og_description":"Advanced Open Water Diver Gold ADVANCED OPEN WATER DIVER PSAI GOLD (POZIOM 2) Jest to kurs daj\u0105cy wszechstronne mo\u017cliwo\u015bci dalszej edukacji dla jeszcze ciekawszego i bezpieczniejszego nurkowania. UPRAWNIENIA PO UKO\u0143CZENIU KURSU: Po pozytywnym uko\u0144czeniu kursu uczestnicy uzyskuj\u0105 mi\u0119dzynarodow\u0105 licencj\u0119 uprawniaj\u0105c\u0105 do nurkowa\u0144 do 40m w r\u00f3\u017cnych warunkach \u015brodowiskowych. Nurkowanie powy\u017cej 31 metr\u00f3w wymaga obowi\u0105zkowej specjalizacji [&hellip;]","og_url":"https:\/\/demonray.de\/de\/advance-open-water-diver-gold\/","og_site_name":"Demon Ray","article_publisher":"https:\/\/www.facebook.com\/p\/Demon-Ray-Scuba-Diving-61550789842853\/","article_modified_time":"2024-12-16T22:31:59+00:00","og_image":[{"width":101,"height":100,"url":"https:\/\/demonray.de\/wp-content\/uploads\/2024\/04\/fb_btn.png","type":"image\/png"}],"twitter_card":"summary_large_image","twitter_misc":{"Gesch\u00e4tzte Lesezeit":"2\u00a0Minuten"},"schema":{"@context":"https:\/\/schema.org","@graph":[{"@type":"WebPage","@id":"https:\/\/demonray.de\/advance-open-water-diver-gold\/","url":"https:\/\/demonray.de\/advance-open-water-diver-gold\/","name":"Advanced Open Water Diver \u2013 Gold - Demon Ray","isPartOf":{"@id":"https:\/\/demonray.de\/#website"},"primaryImageOfPage":{"@id":"https:\/\/demonray.de\/advance-open-water-diver-gold\/#primaryimage"},"image":{"@id":"https:\/\/demonray.de\/advance-open-water-diver-gold\/#primaryimage"},"thumbnailUrl":"https:\/\/demonray.de\/wp-content\/uploads\/2024\/04\/fb_btn.png","datePublished":"2024-04-06T23:22:54+00:00","dateModified":"2024-12-16T22:31:59+00:00","breadcrumb":{"@id":"https:\/\/demonray.de\/advance-open-water-diver-gold\/#breadcrumb"},"inLanguage":"de","potentialAction":[{"@type":"ReadAction","target":["https:\/\/demonray.de\/advance-open-water-diver-gold\/"]}]},{"@type":"ImageObject","inLanguage":"de","@id":"https:\/\/demonray.de\/advance-open-water-diver-gold\/#primaryimage","url":"https:\/\/demonray.de\/wp-content\/uploads\/2024\/04\/fb_btn.png","contentUrl":"https:\/\/demonray.de\/wp-content\/uploads\/2024\/04\/fb_btn.png"},{"@type":"BreadcrumbList","@id":"https:\/\/demonray.de\/advance-open-water-diver-gold\/#breadcrumb","itemListElement":[{"@type":"ListItem","position":1,"name":"Strona g\u0142\u00f3wna","item":"https:\/\/demonray.de\/"},{"@type":"ListItem","position":2,"name":"Advanced Open Water Diver \u2013 Gold"}]},{"@type":"WebSite","@id":"https:\/\/demonray.de\/#website","url":"https:\/\/demonray.de\/","name":"Demon Ray","description":"Szko\u0142a nurkowania","publisher":{"@id":"https:\/\/demonray.de\/#\/schema\/person\/40b8978b9b5617f17e8741a56fc1efbb"},"potentialAction":[{"@type":"SearchAction","target":{"@type":"EntryPoint","urlTemplate":"https:\/\/demonray.de\/?s={search_term_string}"},"query-input":{"@type":"PropertyValueSpecification","valueRequired":true,"valueName":"search_term_string"}}],"inLanguage":"de"},{"@type":["Person","Organization"],"@id":"https:\/\/demonray.de\/#\/schema\/person\/40b8978b9b5617f17e8741a56fc1efbb","name":"Beniamin","image":{"@type":"ImageObject","inLanguage":"de","@id":"https:\/\/demonray.de\/#\/schema\/person\/image\/","url":"https:\/\/demonray.de\/wp-content\/uploads\/2024\/04\/benjamin.webp","contentUrl":"https:\/\/demonray.de\/wp-content\/uploads\/2024\/04\/benjamin.webp","width":1920,"height":1080,"caption":"Beniamin"},"logo":{"@id":"https:\/\/demonray.de\/#\/schema\/person\/image\/"},"sameAs":["https:\/\/demonray.de\/","https:\/\/www.facebook.com\/p\/Demon-Ray-Scuba-Diving-61550789842853\/","https:\/\/www.instagram.com\/demonray_diving\/"]}]}},"_links":{"self":[{"href":"https:\/\/demonray.de\/de\/wp-json\/wp\/v2\/pages\/444","targetHints":{"allow":["GET"]}}],"collection":[{"href":"https:\/\/demonray.de\/de\/wp-json\/wp\/v2\/pages"}],"about":[{"href":"https:\/\/demonray.de\/de\/wp-json\/wp\/v2\/types\/page"}],"author":[{"embeddable":true,"href":"https:\/\/demonray.de\/de\/wp-json\/wp\/v2\/users\/1"}],"replies":[{"embeddable":true,"href":"https:\/\/demonray.de\/de\/wp-json\/wp\/v2\/comments?post=444"}],"version-history":[{"count":26,"href":"https:\/\/demonray.de\/de\/wp-json\/wp\/v2\/pages\/444\/revisions"}],"predecessor-version":[{"id":2433,"href":"https:\/\/demonray.de\/de\/wp-json\/wp\/v2\/pages\/444\/revisions\/2433"}],"wp:attachment":[{"href":"https:\/\/demonray.de\/de\/wp-json\/wp\/v2\/media?parent=444"}],"curies":[{"name":"wp","href":"https:\/\/api.w.org\/{rel}","templated":true}]}}