{"id":2928,"date":"2025-02-04T19:35:14","date_gmt":"2025-02-04T17:35:14","guid":{"rendered":"https:\/\/demonray.de\/?page_id=2928"},"modified":"2025-02-04T19:52:13","modified_gmt":"2025-02-04T17:52:13","slug":"philipp-peregovits","status":"publish","type":"page","link":"https:\/\/demonray.de\/de\/team\/philipp-peregovits\/","title":{"rendered":"Philipp Peregovits"},"content":{"rendered":"<div data-elementor-type=\"wp-page\" data-elementor-id=\"2928\" class=\"elementor elementor-2928\">\n\t\t\t\t<div class=\"elementor-element elementor-element-681d412c e-flex e-con-boxed e-con e-parent\" data-id=\"681d412c\" data-element_type=\"container\">\n\t\t\t\t\t<div class=\"e-con-inner\">\n\t\t\t\t<div class=\"elementor-element elementor-element-11a8d220 elementor-widget elementor-widget-heading\" data-id=\"11a8d220\" data-element_type=\"widget\" data-widget_type=\"heading.default\">\n\t\t\t\t<div class=\"elementor-widget-container\">\n\t\t\t<h1 class=\"elementor-heading-title elementor-size-default\">Philipp Peregovits<\/h1>\t\t<\/div>\n\t\t\t\t<\/div>\n\t\t\t\t<div class=\"elementor-element elementor-element-3730842b elementor-view-default elementor-widget elementor-widget-icon\" data-id=\"3730842b\" data-element_type=\"widget\" data-widget_type=\"icon.default\">\n\t\t\t\t<div class=\"elementor-widget-container\">\n\t\t\t\t\t<div class=\"elementor-icon-wrapper\">\n\t\t\t<a class=\"elementor-icon\" href=\"#scrollToContent\">\n\t\t\t<svg xmlns=\"http:\/\/www.w3.org\/2000\/svg\" xmlns:xlink=\"http:\/\/www.w3.org\/1999\/xlink\" fill=\"#ffffff\" height=\"800px\" width=\"800px\" id=\"Layer_1\" viewbox=\"0 0 512 512\" xml:space=\"preserve\" stroke=\"#ffffff\"><g id=\"SVGRepo_bgCarrier\" stroke-width=\"0\"><\/g><g id=\"SVGRepo_tracerCarrier\" stroke-linecap=\"round\" stroke-linejoin=\"round\"><\/g><g id=\"SVGRepo_iconCarrier\"> <polygon points=\"442.2,93.1 256,279.3 69.8,93.1 0,162.9 256,418.9 512,162.9 \"><\/polygon> <\/g><\/svg>\t\t\t<\/a>\n\t\t<\/div>\n\t\t\t\t<\/div>\n\t\t\t\t<\/div>\n\t\t\t\t<div class=\"elementor-element elementor-element-1faab428 .trapez elementor-widget elementor-widget-html\" data-id=\"1faab428\" data-element_type=\"widget\" id=\"scrollToContent\" data-widget_type=\"html.default\">\n\t\t\t\t<div class=\"elementor-widget-container\">\n\t\t\t<div><\/div>\t\t<\/div>\n\t\t\t\t<\/div>\n\t\t\t\t\t<\/div>\n\t\t\t\t<\/div>\n\t\t<div class=\"elementor-element elementor-element-5b26069 e-flex e-con-boxed e-con e-parent\" data-id=\"5b26069\" data-element_type=\"container\">\n\t\t\t\t\t<div class=\"e-con-inner\">\n\t\t<div class=\"elementor-element elementor-element-86fc005 e-con-full e-flex e-con e-child\" data-id=\"86fc005\" data-element_type=\"container\">\n\t\t\t\t<div class=\"elementor-element elementor-element-6a689d26 elementor-widget elementor-widget-image\" data-id=\"6a689d26\" data-element_type=\"widget\" data-widget_type=\"image.default\">\n\t\t\t\t<div class=\"elementor-widget-container\">\n\t\t\t\t\t\t\t\t\t\t\t\t\t<img fetchpriority=\"high\" decoding=\"async\" width=\"759\" height=\"1024\" src=\"https:\/\/demonray.de\/wp-content\/uploads\/2025\/02\/instruktor2-759x1024.png\" class=\"attachment-large size-large wp-image-2934\" alt=\"\" srcset=\"https:\/\/demonray.de\/wp-content\/uploads\/2025\/02\/instruktor2-759x1024.png 759w, https:\/\/demonray.de\/wp-content\/uploads\/2025\/02\/instruktor2-222x300.png 222w, https:\/\/demonray.de\/wp-content\/uploads\/2025\/02\/instruktor2-768x1036.png 768w, https:\/\/demonray.de\/wp-content\/uploads\/2025\/02\/instruktor2-9x12.png 9w, https:\/\/demonray.de\/wp-content\/uploads\/2025\/02\/instruktor2.png 1024w\" sizes=\"(max-width: 759px) 100vw, 759px\" \/>\t\t\t\t\t\t\t\t\t\t\t\t\t<\/div>\n\t\t\t\t<\/div>\n\t\t\t\t<\/div>\n\t\t<div class=\"elementor-element elementor-element-1094e8cd e-con-full e-flex e-con e-child\" data-id=\"1094e8cd\" data-element_type=\"container\">\n\t\t\t\t<div class=\"elementor-element elementor-element-70aea616 elementor-widget elementor-widget-heading\" data-id=\"70aea616\" data-element_type=\"widget\" data-widget_type=\"heading.default\">\n\t\t\t\t<div class=\"elementor-widget-container\">\n\t\t\t<h2 class=\"elementor-heading-title elementor-size-default\">Philipp Peregovits<\/h2>\t\t<\/div>\n\t\t\t\t<\/div>\n\t\t\t\t<div class=\"elementor-element elementor-element-358ac2fc elementor-widget elementor-widget-heading\" data-id=\"358ac2fc\" data-element_type=\"widget\" data-widget_type=\"heading.default\">\n\t\t\t\t<div class=\"elementor-widget-container\">\n\t\t\t<h2 class=\"elementor-heading-title elementor-size-default\">Schon mit zehn Jahren sammelte er seine ersten Erfahrungen unter Wasser \u2013 unter der Anleitung seines Vaters, der selbst Tauchlehrer ist. Sein erster offizieller Schritt war der Junior Open Water Diver (OWD). Danach absolvierte er alle weiteren Kurse bis zum Master Diver.\n\n<\/h2>\t\t<\/div>\n\t\t\t\t<\/div>\n\t\t\t\t<div class=\"elementor-element elementor-element-9c5c19c elementor-widget elementor-widget-heading\" data-id=\"9c5c19c\" data-element_type=\"widget\" data-widget_type=\"heading.default\">\n\t\t\t\t<div class=\"elementor-widget-container\">\n\t\t\t<h2 class=\"elementor-heading-title elementor-size-default\">Ein besonderer Meilenstein war f\u00fcr ihn der Dive Master, den er in \u00d6sterreich erlangte. Mit diesem Schritt wollte er sich weiter in Richtung professionelles Tauchen entwickeln. Anschlie\u00dfend arbeitete er f\u00fcr zweieinhalb Monate als Dive Master in Kroatien und sammelte wertvolle Praxiserfahrungen.\n\n<\/h2>\t\t<\/div>\n\t\t\t\t<\/div>\n\t\t\t\t<div class=\"elementor-element elementor-element-4025343 elementor-widget elementor-widget-heading\" data-id=\"4025343\" data-element_type=\"widget\" data-widget_type=\"heading.default\">\n\t\t\t\t<div class=\"elementor-widget-container\">\n\t\t\t<h2 class=\"elementor-heading-title elementor-size-default\">Tauchen ist f\u00fcr ihn mehr als nur ein Hobby \u2013 es ist eine Leidenschaft, die ihn seit Jahren begleitet.\n\n<\/h2>\t\t<\/div>\n\t\t\t\t<\/div>\n\t\t\t\t<\/div>\n\t\t\t\t\t<\/div>\n\t\t\t\t<\/div>\n\t\t<div class=\"elementor-element elementor-element-69fe435 e-flex e-con-boxed e-con e-parent\" data-id=\"69fe435\" data-element_type=\"container\">\n\t\t\t\t\t<div class=\"e-con-inner\">\n\t\t\t\t<div class=\"elementor-element elementor-element-0be74df elementor-widget elementor-widget-image\" data-id=\"0be74df\" data-element_type=\"widget\" data-widget_type=\"image.default\">\n\t\t\t\t<div class=\"elementor-widget-container\">\n\t\t\t\t\t\t\t\t\t\t\t\t\t<img decoding=\"async\" width=\"800\" height=\"533\" src=\"https:\/\/demonray.de\/wp-content\/uploads\/2025\/02\/Bild-Philipp-3-1024x682.jpg\" class=\"attachment-large size-large wp-image-2935\" alt=\"\" srcset=\"https:\/\/demonray.de\/wp-content\/uploads\/2025\/02\/Bild-Philipp-3-1024x682.jpg 1024w, https:\/\/demonray.de\/wp-content\/uploads\/2025\/02\/Bild-Philipp-3-300x200.jpg 300w, https:\/\/demonray.de\/wp-content\/uploads\/2025\/02\/Bild-Philipp-3-768x512.jpg 768w, https:\/\/demonray.de\/wp-content\/uploads\/2025\/02\/Bild-Philipp-3-1536x1023.jpg 1536w, https:\/\/demonray.de\/wp-content\/uploads\/2025\/02\/Bild-Philipp-3-18x12.jpg 18w, https:\/\/demonray.de\/wp-content\/uploads\/2025\/02\/Bild-Philipp-3.jpg 1600w\" sizes=\"(max-width: 800px) 100vw, 800px\" \/>\t\t\t\t\t\t\t\t\t\t\t\t\t<\/div>\n\t\t\t\t<\/div>\n\t\t\t\t\t<\/div>\n\t\t\t\t<\/div>\n\t\t<div class=\"elementor-element elementor-element-603f63da e-flex e-con-boxed e-con e-parent\" data-id=\"603f63da\" data-element_type=\"container\" data-settings=\"{&quot;background_background&quot;:&quot;classic&quot;}\">\n\t\t\t\t\t<div class=\"e-con-inner\">\n\t\t\t\t<div class=\"elementor-element elementor-element-11bc0c27 elementor-widget elementor-widget-html\" data-id=\"11bc0c27\" data-element_type=\"widget\" data-widget_type=\"html.default\">\n\t\t\t\t<div class=\"elementor-widget-container\">\n\t\t\t<div><\/div>\t\t<\/div>\n\t\t\t\t<\/div>\n\t\t\t\t<div class=\"elementor-element elementor-element-2f90f155 elementor-widget elementor-widget-heading\" data-id=\"2f90f155\" data-element_type=\"widget\" data-widget_type=\"heading.default\">\n\t\t\t\t<div class=\"elementor-widget-container\">\n\t\t\t<h2 class=\"elementor-heading-title elementor-size-default\"><a href=\"https:\/\/www.facebook.com\/profile.php?id=61550789842853\" target=\"_blank\">FOLGEN SIE UNS AUF FACEBOOK UND INSTAGRAM<\/a><\/h2>\t\t<\/div>\n\t\t\t\t<\/div>\n\t\t\t\t<div class=\"elementor-element elementor-element-19094045 elementor-widget elementor-widget-html\" data-id=\"19094045\" data-element_type=\"widget\" data-widget_type=\"html.default\">\n\t\t\t\t<div class=\"elementor-widget-container\">\n\t\t\t<div><\/div>\t\t<\/div>\n\t\t\t\t<\/div>\n\t\t<div class=\"elementor-element elementor-element-14702c9d e-flex e-con-boxed e-con e-child\" data-id=\"14702c9d\" data-element_type=\"container\">\n\t\t\t\t\t<div class=\"e-con-inner\">\n\t\t\t\t<div class=\"elementor-element elementor-element-37e7ab51 elementor-widget elementor-widget-image\" data-id=\"37e7ab51\" data-element_type=\"widget\" data-widget_type=\"image.default\">\n\t\t\t\t<div class=\"elementor-widget-container\">\n\t\t\t\t\t\t\t\t\t\t\t\t\t\t<a href=\"https:\/\/www.facebook.com\/profile.php?id=61550789842853\" target=\"_blank\">\n\t\t\t\t\t\t\t<img decoding=\"async\" width=\"101\" height=\"100\" src=\"https:\/\/demonray.de\/wp-content\/uploads\/2024\/04\/fb_btn.png\" class=\"attachment-large size-large wp-image-1173\" alt=\"\" srcset=\"https:\/\/demonray.de\/wp-content\/uploads\/2024\/04\/fb_btn.png 101w, https:\/\/demonray.de\/wp-content\/uploads\/2024\/04\/fb_btn-12x12.png 12w\" sizes=\"(max-width: 101px) 100vw, 101px\" \/>\t\t\t\t\t\t\t\t<\/a>\n\t\t\t\t\t\t\t\t\t\t\t\t\t<\/div>\n\t\t\t\t<\/div>\n\t\t\t\t<div class=\"elementor-element elementor-element-b1f3f53 elementor-widget elementor-widget-image\" data-id=\"b1f3f53\" data-element_type=\"widget\" data-widget_type=\"image.default\">\n\t\t\t\t<div class=\"elementor-widget-container\">\n\t\t\t\t\t\t\t\t\t\t\t\t\t\t<a href=\"https:\/\/www.instagram.com\/demonray_diving\/\" target=\"_blank\">\n\t\t\t\t\t\t\t<img loading=\"lazy\" decoding=\"async\" width=\"101\" height=\"101\" src=\"https:\/\/demonray.de\/wp-content\/uploads\/2024\/04\/iggg.png\" class=\"attachment-large size-large wp-image-1174\" alt=\"\" srcset=\"https:\/\/demonray.de\/wp-content\/uploads\/2024\/04\/iggg.png 101w, https:\/\/demonray.de\/wp-content\/uploads\/2024\/04\/iggg-12x12.png 12w\" sizes=\"(max-width: 101px) 100vw, 101px\" \/>\t\t\t\t\t\t\t\t<\/a>\n\t\t\t\t\t\t\t\t\t\t\t\t\t<\/div>\n\t\t\t\t<\/div>\n\t\t\t\t\t<\/div>\n\t\t\t\t<\/div>\n\t\t\t\t\t<\/div>\n\t\t\t\t<\/div>\n\t\t\t\t<\/div>","protected":false},"excerpt":{"rendered":"<p>Philipp Peregovits Philipp Peregovits Ju\u017c w wieku dziesi\u0119ciu lat zdobywa\u0142 swoje pierwsze do\u015bwiadczenia pod wod\u0105 \u2013 pod okiem swojego ojca, kt\u00f3ry sam jest instruktorem nurkowania. Jego pierwszym oficjalnym krokiem by\u0142o zdobycie stopnia Junior Open Water Diver (OWD). Nast\u0119pnie uko\u0144czy\u0142 wszystkie kolejne kursy a\u017c do poziomu Master Diver. Szczeg\u00f3lnym kamieniem milowym by\u0142o dla niego zdobycie uprawnie\u0144 [&hellip;]<\/p>","protected":false},"author":1,"featured_media":0,"parent":194,"menu_order":0,"comment_status":"closed","ping_status":"closed","template":"","meta":{"footnotes":""},"class_list":["post-2928","page","type-page","status-publish","hentry"],"yoast_head":"<!-- This site is optimized with the Yoast SEO Premium plugin v19.4 (Yoast SEO v24.3) - https:\/\/yoast.com\/wordpress\/plugins\/seo\/ -->\n<title>Philipp Peregovits - Demon Ray<\/title>\n<meta name=\"robots\" content=\"index, follow, max-snippet:-1, max-image-preview:large, max-video-preview:-1\" \/>\n<link rel=\"canonical\" href=\"https:\/\/demonray.de\/de\/team\/philipp-peregovits\/\" \/>\n<meta property=\"og:locale\" content=\"de_DE\" \/>\n<meta property=\"og:type\" content=\"article\" \/>\n<meta property=\"og:title\" content=\"Philipp Peregovits\" \/>\n<meta property=\"og:description\" content=\"Philipp Peregovits Philipp Peregovits Ju\u017c w wieku dziesi\u0119ciu lat zdobywa\u0142 swoje pierwsze do\u015bwiadczenia pod wod\u0105 \u2013 pod okiem swojego ojca, kt\u00f3ry sam jest instruktorem nurkowania. Jego pierwszym oficjalnym krokiem by\u0142o zdobycie stopnia Junior Open Water Diver (OWD). Nast\u0119pnie uko\u0144czy\u0142 wszystkie kolejne kursy a\u017c do poziomu Master Diver. Szczeg\u00f3lnym kamieniem milowym by\u0142o dla niego zdobycie uprawnie\u0144 [&hellip;]\" \/>\n<meta property=\"og:url\" content=\"https:\/\/demonray.de\/de\/team\/philipp-peregovits\/\" \/>\n<meta property=\"og:site_name\" content=\"Demon Ray\" \/>\n<meta property=\"article:publisher\" content=\"https:\/\/www.facebook.com\/p\/Demon-Ray-Scuba-Diving-61550789842853\/\" \/>\n<meta property=\"article:modified_time\" content=\"2025-02-04T17:52:13+00:00\" \/>\n<meta property=\"og:image\" content=\"https:\/\/demonray.de\/wp-content\/uploads\/2025\/02\/instruktor2-759x1024.png\" \/>\n\t<meta property=\"og:image:width\" content=\"759\" \/>\n\t<meta property=\"og:image:height\" content=\"1024\" \/>\n\t<meta property=\"og:image:type\" content=\"image\/png\" \/>\n<meta name=\"twitter:card\" content=\"summary_large_image\" \/>\n<meta name=\"twitter:label1\" content=\"Gesch\u00e4tzte Lesezeit\" \/>\n\t<meta name=\"twitter:data1\" content=\"2\u00a0Minuten\" \/>\n<script type=\"application\/ld+json\" class=\"yoast-schema-graph\">{\"@context\":\"https:\/\/schema.org\",\"@graph\":[{\"@type\":\"WebPage\",\"@id\":\"https:\/\/demonray.de\/team\/philipp-peregovits\/\",\"url\":\"https:\/\/demonray.de\/team\/philipp-peregovits\/\",\"name\":\"Philipp Peregovits - Demon Ray\",\"isPartOf\":{\"@id\":\"https:\/\/demonray.de\/#website\"},\"primaryImageOfPage\":{\"@id\":\"https:\/\/demonray.de\/team\/philipp-peregovits\/#primaryimage\"},\"image\":{\"@id\":\"https:\/\/demonray.de\/team\/philipp-peregovits\/#primaryimage\"},\"thumbnailUrl\":\"https:\/\/demonray.de\/wp-content\/uploads\/2025\/02\/instruktor2-759x1024.png\",\"datePublished\":\"2025-02-04T17:35:14+00:00\",\"dateModified\":\"2025-02-04T17:52:13+00:00\",\"breadcrumb\":{\"@id\":\"https:\/\/demonray.de\/team\/philipp-peregovits\/#breadcrumb\"},\"inLanguage\":\"de\",\"potentialAction\":[{\"@type\":\"ReadAction\",\"target\":[\"https:\/\/demonray.de\/team\/philipp-peregovits\/\"]}]},{\"@type\":\"ImageObject\",\"inLanguage\":\"de\",\"@id\":\"https:\/\/demonray.de\/team\/philipp-peregovits\/#primaryimage\",\"url\":\"https:\/\/demonray.de\/wp-content\/uploads\/2025\/02\/instruktor2-759x1024.png\",\"contentUrl\":\"https:\/\/demonray.de\/wp-content\/uploads\/2025\/02\/instruktor2-759x1024.png\"},{\"@type\":\"BreadcrumbList\",\"@id\":\"https:\/\/demonray.de\/team\/philipp-peregovits\/#breadcrumb\",\"itemListElement\":[{\"@type\":\"ListItem\",\"position\":1,\"name\":\"Strona g\u0142\u00f3wna\",\"item\":\"https:\/\/demonray.de\/\"},{\"@type\":\"ListItem\",\"position\":2,\"name\":\"Team\",\"item\":\"https:\/\/demonray.de\/team\/\"},{\"@type\":\"ListItem\",\"position\":3,\"name\":\"Philipp Peregovits\"}]},{\"@type\":\"WebSite\",\"@id\":\"https:\/\/demonray.de\/#website\",\"url\":\"https:\/\/demonray.de\/\",\"name\":\"Demon Ray\",\"description\":\"Szko\u0142a nurkowania\",\"publisher\":{\"@id\":\"https:\/\/demonray.de\/#\/schema\/person\/40b8978b9b5617f17e8741a56fc1efbb\"},\"potentialAction\":[{\"@type\":\"SearchAction\",\"target\":{\"@type\":\"EntryPoint\",\"urlTemplate\":\"https:\/\/demonray.de\/?s={search_term_string}\"},\"query-input\":{\"@type\":\"PropertyValueSpecification\",\"valueRequired\":true,\"valueName\":\"search_term_string\"}}],\"inLanguage\":\"de\"},{\"@type\":[\"Person\",\"Organization\"],\"@id\":\"https:\/\/demonray.de\/#\/schema\/person\/40b8978b9b5617f17e8741a56fc1efbb\",\"name\":\"Beniamin\",\"image\":{\"@type\":\"ImageObject\",\"inLanguage\":\"de\",\"@id\":\"https:\/\/demonray.de\/#\/schema\/person\/image\/\",\"url\":\"https:\/\/demonray.de\/wp-content\/uploads\/2024\/04\/benjamin.webp\",\"contentUrl\":\"https:\/\/demonray.de\/wp-content\/uploads\/2024\/04\/benjamin.webp\",\"width\":1920,\"height\":1080,\"caption\":\"Beniamin\"},\"logo\":{\"@id\":\"https:\/\/demonray.de\/#\/schema\/person\/image\/\"},\"sameAs\":[\"https:\/\/demonray.de\/\",\"https:\/\/www.facebook.com\/p\/Demon-Ray-Scuba-Diving-61550789842853\/\",\"https:\/\/www.instagram.com\/demonray_diving\/\"]}]}<\/script>\n<!-- \/ Yoast SEO Premium plugin. -->","yoast_head_json":{"title":"Philipp Peregovits - Demon Ray","robots":{"index":"index","follow":"follow","max-snippet":"max-snippet:-1","max-image-preview":"max-image-preview:large","max-video-preview":"max-video-preview:-1"},"canonical":"https:\/\/demonray.de\/de\/team\/philipp-peregovits\/","og_locale":"de_DE","og_type":"article","og_title":"Philipp Peregovits","og_description":"Philipp Peregovits Philipp Peregovits Ju\u017c w wieku dziesi\u0119ciu lat zdobywa\u0142 swoje pierwsze do\u015bwiadczenia pod wod\u0105 \u2013 pod okiem swojego ojca, kt\u00f3ry sam jest instruktorem nurkowania. Jego pierwszym oficjalnym krokiem by\u0142o zdobycie stopnia Junior Open Water Diver (OWD). Nast\u0119pnie uko\u0144czy\u0142 wszystkie kolejne kursy a\u017c do poziomu Master Diver. Szczeg\u00f3lnym kamieniem milowym by\u0142o dla niego zdobycie uprawnie\u0144 [&hellip;]","og_url":"https:\/\/demonray.de\/de\/team\/philipp-peregovits\/","og_site_name":"Demon Ray","article_publisher":"https:\/\/www.facebook.com\/p\/Demon-Ray-Scuba-Diving-61550789842853\/","article_modified_time":"2025-02-04T17:52:13+00:00","og_image":[{"width":759,"height":1024,"url":"https:\/\/demonray.de\/wp-content\/uploads\/2025\/02\/instruktor2-759x1024.png","type":"image\/png"}],"twitter_card":"summary_large_image","twitter_misc":{"Gesch\u00e4tzte Lesezeit":"2\u00a0Minuten"},"schema":{"@context":"https:\/\/schema.org","@graph":[{"@type":"WebPage","@id":"https:\/\/demonray.de\/team\/philipp-peregovits\/","url":"https:\/\/demonray.de\/team\/philipp-peregovits\/","name":"Philipp Peregovits - Demon Ray","isPartOf":{"@id":"https:\/\/demonray.de\/#website"},"primaryImageOfPage":{"@id":"https:\/\/demonray.de\/team\/philipp-peregovits\/#primaryimage"},"image":{"@id":"https:\/\/demonray.de\/team\/philipp-peregovits\/#primaryimage"},"thumbnailUrl":"https:\/\/demonray.de\/wp-content\/uploads\/2025\/02\/instruktor2-759x1024.png","datePublished":"2025-02-04T17:35:14+00:00","dateModified":"2025-02-04T17:52:13+00:00","breadcrumb":{"@id":"https:\/\/demonray.de\/team\/philipp-peregovits\/#breadcrumb"},"inLanguage":"de","potentialAction":[{"@type":"ReadAction","target":["https:\/\/demonray.de\/team\/philipp-peregovits\/"]}]},{"@type":"ImageObject","inLanguage":"de","@id":"https:\/\/demonray.de\/team\/philipp-peregovits\/#primaryimage","url":"https:\/\/demonray.de\/wp-content\/uploads\/2025\/02\/instruktor2-759x1024.png","contentUrl":"https:\/\/demonray.de\/wp-content\/uploads\/2025\/02\/instruktor2-759x1024.png"},{"@type":"BreadcrumbList","@id":"https:\/\/demonray.de\/team\/philipp-peregovits\/#breadcrumb","itemListElement":[{"@type":"ListItem","position":1,"name":"Strona g\u0142\u00f3wna","item":"https:\/\/demonray.de\/"},{"@type":"ListItem","position":2,"name":"Team","item":"https:\/\/demonray.de\/team\/"},{"@type":"ListItem","position":3,"name":"Philipp Peregovits"}]},{"@type":"WebSite","@id":"https:\/\/demonray.de\/#website","url":"https:\/\/demonray.de\/","name":"Demon Ray","description":"Szko\u0142a nurkowania","publisher":{"@id":"https:\/\/demonray.de\/#\/schema\/person\/40b8978b9b5617f17e8741a56fc1efbb"},"potentialAction":[{"@type":"SearchAction","target":{"@type":"EntryPoint","urlTemplate":"https:\/\/demonray.de\/?s={search_term_string}"},"query-input":{"@type":"PropertyValueSpecification","valueRequired":true,"valueName":"search_term_string"}}],"inLanguage":"de"},{"@type":["Person","Organization"],"@id":"https:\/\/demonray.de\/#\/schema\/person\/40b8978b9b5617f17e8741a56fc1efbb","name":"Beniamin","image":{"@type":"ImageObject","inLanguage":"de","@id":"https:\/\/demonray.de\/#\/schema\/person\/image\/","url":"https:\/\/demonray.de\/wp-content\/uploads\/2024\/04\/benjamin.webp","contentUrl":"https:\/\/demonray.de\/wp-content\/uploads\/2024\/04\/benjamin.webp","width":1920,"height":1080,"caption":"Beniamin"},"logo":{"@id":"https:\/\/demonray.de\/#\/schema\/person\/image\/"},"sameAs":["https:\/\/demonray.de\/","https:\/\/www.facebook.com\/p\/Demon-Ray-Scuba-Diving-61550789842853\/","https:\/\/www.instagram.com\/demonray_diving\/"]}]}},"_links":{"self":[{"href":"https:\/\/demonray.de\/de\/wp-json\/wp\/v2\/pages\/2928","targetHints":{"allow":["GET"]}}],"collection":[{"href":"https:\/\/demonray.de\/de\/wp-json\/wp\/v2\/pages"}],"about":[{"href":"https:\/\/demonray.de\/de\/wp-json\/wp\/v2\/types\/page"}],"author":[{"embeddable":true,"href":"https:\/\/demonray.de\/de\/wp-json\/wp\/v2\/users\/1"}],"replies":[{"embeddable":true,"href":"https:\/\/demonray.de\/de\/wp-json\/wp\/v2\/comments?post=2928"}],"version-history":[{"count":10,"href":"https:\/\/demonray.de\/de\/wp-json\/wp\/v2\/pages\/2928\/revisions"}],"predecessor-version":[{"id":2948,"href":"https:\/\/demonray.de\/de\/wp-json\/wp\/v2\/pages\/2928\/revisions\/2948"}],"up":[{"embeddable":true,"href":"https:\/\/demonray.de\/de\/wp-json\/wp\/v2\/pages\/194"}],"wp:attachment":[{"href":"https:\/\/demonray.de\/de\/wp-json\/wp\/v2\/media?parent=2928"}],"curies":[{"name":"wp","href":"https:\/\/api.w.org\/{rel}","templated":true}]}}