{"id":2179,"date":"2024-11-27T23:04:09","date_gmt":"2024-11-27T21:04:09","guid":{"rendered":"https:\/\/test.demonray.eu\/?page_id=2179"},"modified":"2024-12-17T00:43:28","modified_gmt":"2024-12-16T22:43:28","slug":"open-water-diver-owd-kurs-podstawowy","status":"publish","type":"page","link":"https:\/\/demonray.de\/de\/open-water-diver-owd-basic\/","title":{"rendered":"Open Water Diver"},"content":{"rendered":"<div data-elementor-type=\"wp-page\" data-elementor-id=\"2179\" class=\"elementor elementor-2179\">\n\t\t\t\t<div class=\"elementor-element elementor-element-45d96a92 e-flex e-con-boxed e-con e-parent\" data-id=\"45d96a92\" data-element_type=\"container\">\n\t\t\t\t\t<div class=\"e-con-inner\">\n\t\t\t\t<div class=\"elementor-element elementor-element-2c7c64b3 elementor-widget elementor-widget-heading\" data-id=\"2c7c64b3\" data-element_type=\"widget\" data-widget_type=\"heading.default\">\n\t\t\t\t<div class=\"elementor-widget-container\">\n\t\t\t<h1 class=\"elementor-heading-title elementor-size-default\">Open Water Diver<\/h1>\t\t<\/div>\n\t\t\t\t<\/div>\n\t\t\t\t<div class=\"elementor-element elementor-element-35970c96 elementor-view-default elementor-widget elementor-widget-icon\" data-id=\"35970c96\" data-element_type=\"widget\" data-widget_type=\"icon.default\">\n\t\t\t\t<div class=\"elementor-widget-container\">\n\t\t\t\t\t<div class=\"elementor-icon-wrapper\">\n\t\t\t<a class=\"elementor-icon\" href=\"#scrollToContent\">\n\t\t\t<svg xmlns=\"http:\/\/www.w3.org\/2000\/svg\" xmlns:xlink=\"http:\/\/www.w3.org\/1999\/xlink\" fill=\"#ffffff\" height=\"800px\" width=\"800px\" id=\"Layer_1\" viewbox=\"0 0 512 512\" xml:space=\"preserve\" stroke=\"#ffffff\"><g id=\"SVGRepo_bgCarrier\" stroke-width=\"0\"><\/g><g id=\"SVGRepo_tracerCarrier\" stroke-linecap=\"round\" stroke-linejoin=\"round\"><\/g><g id=\"SVGRepo_iconCarrier\"> <polygon points=\"442.2,93.1 256,279.3 69.8,93.1 0,162.9 256,418.9 512,162.9 \"><\/polygon> <\/g><\/svg>\t\t\t<\/a>\n\t\t<\/div>\n\t\t\t\t<\/div>\n\t\t\t\t<\/div>\n\t\t\t\t<div class=\"elementor-element elementor-element-7e7c3511 .trapez elementor-widget elementor-widget-html\" data-id=\"7e7c3511\" data-element_type=\"widget\" id=\"scrollToContent\" data-widget_type=\"html.default\">\n\t\t\t\t<div class=\"elementor-widget-container\">\n\t\t\t<div><\/div>\t\t<\/div>\n\t\t\t\t<\/div>\n\t\t\t\t\t<\/div>\n\t\t\t\t<\/div>\n\t\t<div class=\"elementor-element elementor-element-2383fe7 e-flex e-con-boxed e-con e-parent\" data-id=\"2383fe7\" data-element_type=\"container\">\n\t\t\t\t\t<div class=\"e-con-inner\">\n\t\t\t\t<div class=\"elementor-element elementor-element-6d3fb10 elementor-widget elementor-widget-heading\" data-id=\"6d3fb10\" data-element_type=\"widget\" data-widget_type=\"heading.default\">\n\t\t\t\t<div class=\"elementor-widget-container\">\n\t\t\t<h2 class=\"elementor-heading-title elementor-size-default\">Open Water Diver (OWD) \u2013 Grundkurs<\/h2>\t\t<\/div>\n\t\t\t\t<\/div>\n\t\t\t\t<div class=\"elementor-element elementor-element-dc53509 elementor-widget elementor-widget-heading\" data-id=\"dc53509\" data-element_type=\"widget\" data-widget_type=\"heading.default\">\n\t\t\t\t<div class=\"elementor-widget-container\">\n\t\t\t<p class=\"elementor-heading-title elementor-size-default\">Dies ist der ideale Kurs f\u00fcr alle, die ihre Tauchreise beginnen m\u00f6chten. W\u00e4hrend des Kurses lernst du grundlegende Techniken und Kenntnisse, die es dir erm\u00f6glichen, die Unterwasserwelt in vollen Z\u00fcgen zu genie\u00dfen. Alles findet in einer sicheren Umgebung und unter der Anleitung erfahrener Tauchlehrer statt.<\/p>\t\t<\/div>\n\t\t\t\t<\/div>\n\t\t\t\t<div class=\"elementor-element elementor-element-4ad42ae elementor-widget elementor-widget-heading\" data-id=\"4ad42ae\" data-element_type=\"widget\" data-widget_type=\"heading.default\">\n\t\t\t\t<div class=\"elementor-widget-container\">\n\t\t\t<p class=\"elementor-heading-title elementor-size-default\">Kursaufbau:<\/p>\t\t<\/div>\n\t\t\t\t<\/div>\n\t\t\t\t<div class=\"elementor-element elementor-element-a979107 elementor-widget elementor-widget-heading\" data-id=\"a979107\" data-element_type=\"widget\" data-widget_type=\"heading.default\">\n\t\t\t\t<div class=\"elementor-widget-container\">\n\t\t\t<p class=\"elementor-heading-title elementor-size-default\">\u2022\tBegrenztes Wasser (Confined Water):<br> Der Kurs umfasst 5 praktische Module, in denen du grundlegende Tauchfertigkeiten erlernst, wie den Umgang mit der Ausr\u00fcstung, das Atmen unter Wasser und die Bewegung im Wasser<\/p>\t\t<\/div>\n\t\t\t\t<\/div>\n\t\t\t\t<div class=\"elementor-element elementor-element-efefd2a elementor-widget elementor-widget-heading\" data-id=\"efefd2a\" data-element_type=\"widget\" data-widget_type=\"heading.default\">\n\t\t\t\t<div class=\"elementor-widget-container\">\n\t\t\t<p class=\"elementor-heading-title elementor-size-default\">\u2022\tOffenes Wasser (Open Water): <br>W\u00e4hrend 4 Tauchg\u00e4ngen in einer nat\u00fcrlichen Umgebung, z. B. einem See, wendest du das zuvor Gelernte an und f\u00fchlst dich sicher und wohl unter Wasser<\/p>\t\t<\/div>\n\t\t\t\t<\/div>\n\t\t\t\t<div class=\"elementor-element elementor-element-d4459a3 elementor-widget elementor-widget-heading\" data-id=\"d4459a3\" data-element_type=\"widget\" data-widget_type=\"heading.default\">\n\t\t\t\t<div class=\"elementor-widget-container\">\n\t\t\t<p class=\"elementor-heading-title elementor-size-default\">Theorie:<\/p>\t\t<\/div>\n\t\t\t\t<\/div>\n\t\t\t\t<div class=\"elementor-element elementor-element-843032b elementor-widget elementor-widget-heading\" data-id=\"843032b\" data-element_type=\"widget\" data-widget_type=\"heading.default\">\n\t\t\t\t<div class=\"elementor-widget-container\">\n\t\t\t<p class=\"elementor-heading-title elementor-size-default\">Die theoretischen Grundlagen des Tauchens erlernst du in deinem eigenen Tempo. Nach der Anmeldung zum Kurs erh\u00e4ltst du alle notwendigen Schulungsmaterialien \u2013 wahlweise als traditionelles Handbuch oder als moderne Online-Version, angepasst an deine Vorlieben.\n<\/p>\t\t<\/div>\n\t\t\t\t<\/div>\n\t\t\t\t<div class=\"elementor-element elementor-element-6fa8233 elementor-widget elementor-widget-heading\" data-id=\"6fa8233\" data-element_type=\"widget\" data-widget_type=\"heading.default\">\n\t\t\t\t<div class=\"elementor-widget-container\">\n\t\t\t<p class=\"elementor-heading-title elementor-size-default\">Kursverlauf:<\/p>\t\t<\/div>\n\t\t\t\t<\/div>\n\t\t\t\t<div class=\"elementor-element elementor-element-5c5704e elementor-widget elementor-widget-heading\" data-id=\"5c5704e\" data-element_type=\"widget\" data-widget_type=\"heading.default\">\n\t\t\t\t<div class=\"elementor-widget-container\">\n\t\t\t<p class=\"elementor-heading-title elementor-size-default\">Zu Beginn des Kurses helfen wir dir, die richtige Tauchausr\u00fcstung auszuw\u00e4hlen, und erledigen alle Formalit\u00e4ten, damit du direkt starten kannst. Unsere Tauchlehrer unterst\u00fctzen dich bei jedem Schritt des Lernprozesses, sorgen f\u00fcr deine Sicherheit und ein individuelles Lernerlebnis. Schon in den ersten Momenten wirst du die Magie der Unterwasserwelt erleben!<\/p>\t\t<\/div>\n\t\t\t\t<\/div>\n\t\t\t\t<div class=\"elementor-element elementor-element-8760bfd elementor-widget elementor-widget-heading\" data-id=\"8760bfd\" data-element_type=\"widget\" data-widget_type=\"heading.default\">\n\t\t\t\t<div class=\"elementor-widget-container\">\n\t\t\t<p class=\"elementor-heading-title elementor-size-default\">Zertifizierung:<\/p>\t\t<\/div>\n\t\t\t\t<\/div>\n\t\t\t\t<div class=\"elementor-element elementor-element-4515def elementor-widget elementor-widget-heading\" data-id=\"4515def\" data-element_type=\"widget\" data-widget_type=\"heading.default\">\n\t\t\t\t<div class=\"elementor-widget-container\">\n\t\t\t<p class=\"elementor-heading-title elementor-size-default\">Nach Abschluss des Kurses erh\u00e4ltst du ein weltweit anerkanntes Zertifikat, das dir den Weg zu eigenst\u00e4ndigen Tauchg\u00e4ngen er\u00f6ffnet. Du kannst atemberaubende Unterwasserorte entdecken und Abenteuer erleben, die mit ihrer Einzigartigkeit und Sch\u00f6nheit begeistern.<\/p>\t\t<\/div>\n\t\t\t\t<\/div>\n\t\t\t\t<div class=\"elementor-element elementor-element-e9dac69 elementor-widget elementor-widget-heading\" data-id=\"e9dac69\" data-element_type=\"widget\" data-widget_type=\"heading.default\">\n\t\t\t\t<div class=\"elementor-widget-container\">\n\t\t\t<h2 class=\"elementor-heading-title elementor-size-default\">Kurspreis:<\/h2>\t\t<\/div>\n\t\t\t\t<\/div>\n\t\t\t\t<div class=\"elementor-element elementor-element-45c60ce elementor-widget elementor-widget-heading\" data-id=\"45c60ce\" data-element_type=\"widget\" data-widget_type=\"heading.default\">\n\t\t\t\t<div class=\"elementor-widget-container\">\n\t\t\t<p class=\"elementor-heading-title elementor-size-default\">575\u20ac die Ausstellung der internationalen Lizenz ist im Preis enthalten<\/p>\t\t<\/div>\n\t\t\t\t<\/div>\n\t\t\t\t\t<\/div>\n\t\t\t\t<\/div>\n\t\t<div class=\"elementor-element elementor-element-523e324f e-flex e-con-boxed e-con e-parent\" data-id=\"523e324f\" data-element_type=\"container\" data-settings=\"{&quot;background_background&quot;:&quot;classic&quot;}\">\n\t\t\t\t\t<div class=\"e-con-inner\">\n\t\t\t\t<div class=\"elementor-element elementor-element-1c434385 elementor-widget elementor-widget-html\" data-id=\"1c434385\" data-element_type=\"widget\" data-widget_type=\"html.default\">\n\t\t\t\t<div class=\"elementor-widget-container\">\n\t\t\t<div><\/div>\t\t<\/div>\n\t\t\t\t<\/div>\n\t\t\t\t<div class=\"elementor-element elementor-element-11d4c5a8 elementor-widget elementor-widget-heading\" data-id=\"11d4c5a8\" data-element_type=\"widget\" data-widget_type=\"heading.default\">\n\t\t\t\t<div class=\"elementor-widget-container\">\n\t\t\t<h2 class=\"elementor-heading-title elementor-size-default\"><a href=\"https:\/\/www.facebook.com\/profile.php?id=61550789842853\" target=\"_blank\">FOLGEN SIE UNS AUF FACEBOOK UND INSTAGRAM<\/a><\/h2>\t\t<\/div>\n\t\t\t\t<\/div>\n\t\t\t\t<div class=\"elementor-element elementor-element-41c720e9 elementor-widget elementor-widget-html\" data-id=\"41c720e9\" data-element_type=\"widget\" data-widget_type=\"html.default\">\n\t\t\t\t<div class=\"elementor-widget-container\">\n\t\t\t<div><\/div>\t\t<\/div>\n\t\t\t\t<\/div>\n\t\t<div class=\"elementor-element elementor-element-246f1360 e-flex e-con-boxed e-con e-child\" data-id=\"246f1360\" data-element_type=\"container\">\n\t\t\t\t\t<div class=\"e-con-inner\">\n\t\t\t\t<div class=\"elementor-element elementor-element-21a37d5b elementor-widget elementor-widget-image\" data-id=\"21a37d5b\" data-element_type=\"widget\" data-widget_type=\"image.default\">\n\t\t\t\t<div class=\"elementor-widget-container\">\n\t\t\t\t\t\t\t\t\t\t\t\t\t\t<a href=\"https:\/\/www.facebook.com\/profile.php?id=61550789842853\" target=\"_blank\">\n\t\t\t\t\t\t\t<img decoding=\"async\" width=\"101\" height=\"100\" src=\"https:\/\/demonray.de\/wp-content\/uploads\/2024\/04\/fb_btn.png\" class=\"attachment-large size-large wp-image-1173\" alt=\"\" srcset=\"https:\/\/demonray.de\/wp-content\/uploads\/2024\/04\/fb_btn.png 101w, https:\/\/demonray.de\/wp-content\/uploads\/2024\/04\/fb_btn-12x12.png 12w\" sizes=\"(max-width: 101px) 100vw, 101px\" \/>\t\t\t\t\t\t\t\t<\/a>\n\t\t\t\t\t\t\t\t\t\t\t\t\t<\/div>\n\t\t\t\t<\/div>\n\t\t\t\t<div class=\"elementor-element elementor-element-f2b545 elementor-widget elementor-widget-image\" data-id=\"f2b545\" data-element_type=\"widget\" data-widget_type=\"image.default\">\n\t\t\t\t<div class=\"elementor-widget-container\">\n\t\t\t\t\t\t\t\t\t\t\t\t\t\t<a href=\"https:\/\/www.instagram.com\/demonray_diving\/\" target=\"_blank\">\n\t\t\t\t\t\t\t<img decoding=\"async\" width=\"101\" height=\"101\" src=\"https:\/\/demonray.de\/wp-content\/uploads\/2024\/04\/iggg.png\" class=\"attachment-large size-large wp-image-1174\" alt=\"\" srcset=\"https:\/\/demonray.de\/wp-content\/uploads\/2024\/04\/iggg.png 101w, https:\/\/demonray.de\/wp-content\/uploads\/2024\/04\/iggg-12x12.png 12w\" sizes=\"(max-width: 101px) 100vw, 101px\" \/>\t\t\t\t\t\t\t\t<\/a>\n\t\t\t\t\t\t\t\t\t\t\t\t\t<\/div>\n\t\t\t\t<\/div>\n\t\t\t\t\t<\/div>\n\t\t\t\t<\/div>\n\t\t\t\t\t<\/div>\n\t\t\t\t<\/div>\n\t\t\t\t<\/div>","protected":false},"excerpt":{"rendered":"<p>Open Water Diver Open Water Diver (OWD) \u2013 Kurs podstawowy To doskona\u0142y kurs dla ka\u017cdego, kto chce rozpocz\u0105\u0107 swoj\u0105 przygod\u0119 z nurkowaniem. W trakcie zaj\u0119\u0107 nauczysz si\u0119 podstawowych technik i zdob\u0119dziesz wiedz\u0119, kt\u00f3ra pozwoli Ci w pe\u0142ni cieszy\u0107 si\u0119 eksploracj\u0105 podwodnego \u015bwiata. Wszystko odbywa si\u0119 w bezpiecznych warunkach i pod opiek\u0105 do\u015bwiadczonych instruktor\u00f3w. Struktura kursu: [&hellip;]<\/p>","protected":false},"author":1,"featured_media":0,"parent":0,"menu_order":0,"comment_status":"closed","ping_status":"closed","template":"","meta":{"footnotes":""},"class_list":["post-2179","page","type-page","status-publish","hentry"],"yoast_head":"<!-- This site is optimized with the Yoast SEO Premium plugin v19.4 (Yoast SEO v24.3) - https:\/\/yoast.com\/wordpress\/plugins\/seo\/ -->\n<title>Open Water Diver - Demon Ray<\/title>\n<meta name=\"robots\" content=\"index, follow, max-snippet:-1, max-image-preview:large, max-video-preview:-1\" \/>\n<link rel=\"canonical\" href=\"https:\/\/demonray.de\/de\/open-water-diver-owd-basic\/\" \/>\n<meta property=\"og:locale\" content=\"de_DE\" \/>\n<meta property=\"og:type\" content=\"article\" \/>\n<meta property=\"og:title\" content=\"Open Water Diver\" \/>\n<meta property=\"og:description\" content=\"Open Water Diver Open Water Diver (OWD) \u2013 Kurs podstawowy To doskona\u0142y kurs dla ka\u017cdego, kto chce rozpocz\u0105\u0107 swoj\u0105 przygod\u0119 z nurkowaniem. W trakcie zaj\u0119\u0107 nauczysz si\u0119 podstawowych technik i zdob\u0119dziesz wiedz\u0119, kt\u00f3ra pozwoli Ci w pe\u0142ni cieszy\u0107 si\u0119 eksploracj\u0105 podwodnego \u015bwiata. Wszystko odbywa si\u0119 w bezpiecznych warunkach i pod opiek\u0105 do\u015bwiadczonych instruktor\u00f3w. Struktura kursu: [&hellip;]\" \/>\n<meta property=\"og:url\" content=\"https:\/\/demonray.de\/de\/open-water-diver-owd-basic\/\" \/>\n<meta property=\"og:site_name\" content=\"Demon Ray\" \/>\n<meta property=\"article:publisher\" content=\"https:\/\/www.facebook.com\/p\/Demon-Ray-Scuba-Diving-61550789842853\/\" \/>\n<meta property=\"article:modified_time\" content=\"2024-12-16T22:43:28+00:00\" \/>\n<meta property=\"og:image\" content=\"https:\/\/demonray.de\/wp-content\/uploads\/2024\/04\/fb_btn.png\" \/>\n\t<meta property=\"og:image:width\" content=\"101\" \/>\n\t<meta property=\"og:image:height\" content=\"100\" \/>\n\t<meta property=\"og:image:type\" content=\"image\/png\" \/>\n<meta name=\"twitter:card\" content=\"summary_large_image\" \/>\n<meta name=\"twitter:label1\" content=\"Gesch\u00e4tzte Lesezeit\" \/>\n\t<meta name=\"twitter:data1\" content=\"2\u00a0Minuten\" \/>\n<script type=\"application\/ld+json\" class=\"yoast-schema-graph\">{\"@context\":\"https:\/\/schema.org\",\"@graph\":[{\"@type\":\"WebPage\",\"@id\":\"https:\/\/demonray.de\/open-water-diver-owd-kurs-podstawowy\/\",\"url\":\"https:\/\/demonray.de\/open-water-diver-owd-kurs-podstawowy\/\",\"name\":\"Open Water Diver - Demon Ray\",\"isPartOf\":{\"@id\":\"https:\/\/demonray.de\/#website\"},\"primaryImageOfPage\":{\"@id\":\"https:\/\/demonray.de\/open-water-diver-owd-kurs-podstawowy\/#primaryimage\"},\"image\":{\"@id\":\"https:\/\/demonray.de\/open-water-diver-owd-kurs-podstawowy\/#primaryimage\"},\"thumbnailUrl\":\"https:\/\/demonray.de\/wp-content\/uploads\/2024\/04\/fb_btn.png\",\"datePublished\":\"2024-11-27T21:04:09+00:00\",\"dateModified\":\"2024-12-16T22:43:28+00:00\",\"breadcrumb\":{\"@id\":\"https:\/\/demonray.de\/open-water-diver-owd-kurs-podstawowy\/#breadcrumb\"},\"inLanguage\":\"de\",\"potentialAction\":[{\"@type\":\"ReadAction\",\"target\":[\"https:\/\/demonray.de\/open-water-diver-owd-kurs-podstawowy\/\"]}]},{\"@type\":\"ImageObject\",\"inLanguage\":\"de\",\"@id\":\"https:\/\/demonray.de\/open-water-diver-owd-kurs-podstawowy\/#primaryimage\",\"url\":\"https:\/\/demonray.de\/wp-content\/uploads\/2024\/04\/fb_btn.png\",\"contentUrl\":\"https:\/\/demonray.de\/wp-content\/uploads\/2024\/04\/fb_btn.png\"},{\"@type\":\"BreadcrumbList\",\"@id\":\"https:\/\/demonray.de\/open-water-diver-owd-kurs-podstawowy\/#breadcrumb\",\"itemListElement\":[{\"@type\":\"ListItem\",\"position\":1,\"name\":\"Strona g\u0142\u00f3wna\",\"item\":\"https:\/\/demonray.de\/\"},{\"@type\":\"ListItem\",\"position\":2,\"name\":\"Open Water Diver\"}]},{\"@type\":\"WebSite\",\"@id\":\"https:\/\/demonray.de\/#website\",\"url\":\"https:\/\/demonray.de\/\",\"name\":\"Demon Ray\",\"description\":\"Szko\u0142a nurkowania\",\"publisher\":{\"@id\":\"https:\/\/demonray.de\/#\/schema\/person\/40b8978b9b5617f17e8741a56fc1efbb\"},\"potentialAction\":[{\"@type\":\"SearchAction\",\"target\":{\"@type\":\"EntryPoint\",\"urlTemplate\":\"https:\/\/demonray.de\/?s={search_term_string}\"},\"query-input\":{\"@type\":\"PropertyValueSpecification\",\"valueRequired\":true,\"valueName\":\"search_term_string\"}}],\"inLanguage\":\"de\"},{\"@type\":[\"Person\",\"Organization\"],\"@id\":\"https:\/\/demonray.de\/#\/schema\/person\/40b8978b9b5617f17e8741a56fc1efbb\",\"name\":\"Beniamin\",\"image\":{\"@type\":\"ImageObject\",\"inLanguage\":\"de\",\"@id\":\"https:\/\/demonray.de\/#\/schema\/person\/image\/\",\"url\":\"https:\/\/demonray.de\/wp-content\/uploads\/2024\/04\/benjamin.webp\",\"contentUrl\":\"https:\/\/demonray.de\/wp-content\/uploads\/2024\/04\/benjamin.webp\",\"width\":1920,\"height\":1080,\"caption\":\"Beniamin\"},\"logo\":{\"@id\":\"https:\/\/demonray.de\/#\/schema\/person\/image\/\"},\"sameAs\":[\"https:\/\/demonray.de\/\",\"https:\/\/www.facebook.com\/p\/Demon-Ray-Scuba-Diving-61550789842853\/\",\"https:\/\/www.instagram.com\/demonray_diving\/\"]}]}<\/script>\n<!-- \/ Yoast SEO Premium plugin. -->","yoast_head_json":{"title":"Open Water Diver - Demon Ray","robots":{"index":"index","follow":"follow","max-snippet":"max-snippet:-1","max-image-preview":"max-image-preview:large","max-video-preview":"max-video-preview:-1"},"canonical":"https:\/\/demonray.de\/de\/open-water-diver-owd-basic\/","og_locale":"de_DE","og_type":"article","og_title":"Open Water Diver","og_description":"Open Water Diver Open Water Diver (OWD) \u2013 Kurs podstawowy To doskona\u0142y kurs dla ka\u017cdego, kto chce rozpocz\u0105\u0107 swoj\u0105 przygod\u0119 z nurkowaniem. W trakcie zaj\u0119\u0107 nauczysz si\u0119 podstawowych technik i zdob\u0119dziesz wiedz\u0119, kt\u00f3ra pozwoli Ci w pe\u0142ni cieszy\u0107 si\u0119 eksploracj\u0105 podwodnego \u015bwiata. Wszystko odbywa si\u0119 w bezpiecznych warunkach i pod opiek\u0105 do\u015bwiadczonych instruktor\u00f3w. Struktura kursu: [&hellip;]","og_url":"https:\/\/demonray.de\/de\/open-water-diver-owd-basic\/","og_site_name":"Demon Ray","article_publisher":"https:\/\/www.facebook.com\/p\/Demon-Ray-Scuba-Diving-61550789842853\/","article_modified_time":"2024-12-16T22:43:28+00:00","og_image":[{"width":101,"height":100,"url":"https:\/\/demonray.de\/wp-content\/uploads\/2024\/04\/fb_btn.png","type":"image\/png"}],"twitter_card":"summary_large_image","twitter_misc":{"Gesch\u00e4tzte Lesezeit":"2\u00a0Minuten"},"schema":{"@context":"https:\/\/schema.org","@graph":[{"@type":"WebPage","@id":"https:\/\/demonray.de\/open-water-diver-owd-kurs-podstawowy\/","url":"https:\/\/demonray.de\/open-water-diver-owd-kurs-podstawowy\/","name":"Open Water Diver - Demon Ray","isPartOf":{"@id":"https:\/\/demonray.de\/#website"},"primaryImageOfPage":{"@id":"https:\/\/demonray.de\/open-water-diver-owd-kurs-podstawowy\/#primaryimage"},"image":{"@id":"https:\/\/demonray.de\/open-water-diver-owd-kurs-podstawowy\/#primaryimage"},"thumbnailUrl":"https:\/\/demonray.de\/wp-content\/uploads\/2024\/04\/fb_btn.png","datePublished":"2024-11-27T21:04:09+00:00","dateModified":"2024-12-16T22:43:28+00:00","breadcrumb":{"@id":"https:\/\/demonray.de\/open-water-diver-owd-kurs-podstawowy\/#breadcrumb"},"inLanguage":"de","potentialAction":[{"@type":"ReadAction","target":["https:\/\/demonray.de\/open-water-diver-owd-kurs-podstawowy\/"]}]},{"@type":"ImageObject","inLanguage":"de","@id":"https:\/\/demonray.de\/open-water-diver-owd-kurs-podstawowy\/#primaryimage","url":"https:\/\/demonray.de\/wp-content\/uploads\/2024\/04\/fb_btn.png","contentUrl":"https:\/\/demonray.de\/wp-content\/uploads\/2024\/04\/fb_btn.png"},{"@type":"BreadcrumbList","@id":"https:\/\/demonray.de\/open-water-diver-owd-kurs-podstawowy\/#breadcrumb","itemListElement":[{"@type":"ListItem","position":1,"name":"Strona g\u0142\u00f3wna","item":"https:\/\/demonray.de\/"},{"@type":"ListItem","position":2,"name":"Open Water Diver"}]},{"@type":"WebSite","@id":"https:\/\/demonray.de\/#website","url":"https:\/\/demonray.de\/","name":"Demon Ray","description":"Szko\u0142a nurkowania","publisher":{"@id":"https:\/\/demonray.de\/#\/schema\/person\/40b8978b9b5617f17e8741a56fc1efbb"},"potentialAction":[{"@type":"SearchAction","target":{"@type":"EntryPoint","urlTemplate":"https:\/\/demonray.de\/?s={search_term_string}"},"query-input":{"@type":"PropertyValueSpecification","valueRequired":true,"valueName":"search_term_string"}}],"inLanguage":"de"},{"@type":["Person","Organization"],"@id":"https:\/\/demonray.de\/#\/schema\/person\/40b8978b9b5617f17e8741a56fc1efbb","name":"Beniamin","image":{"@type":"ImageObject","inLanguage":"de","@id":"https:\/\/demonray.de\/#\/schema\/person\/image\/","url":"https:\/\/demonray.de\/wp-content\/uploads\/2024\/04\/benjamin.webp","contentUrl":"https:\/\/demonray.de\/wp-content\/uploads\/2024\/04\/benjamin.webp","width":1920,"height":1080,"caption":"Beniamin"},"logo":{"@id":"https:\/\/demonray.de\/#\/schema\/person\/image\/"},"sameAs":["https:\/\/demonray.de\/","https:\/\/www.facebook.com\/p\/Demon-Ray-Scuba-Diving-61550789842853\/","https:\/\/www.instagram.com\/demonray_diving\/"]}]}},"_links":{"self":[{"href":"https:\/\/demonray.de\/de\/wp-json\/wp\/v2\/pages\/2179","targetHints":{"allow":["GET"]}}],"collection":[{"href":"https:\/\/demonray.de\/de\/wp-json\/wp\/v2\/pages"}],"about":[{"href":"https:\/\/demonray.de\/de\/wp-json\/wp\/v2\/types\/page"}],"author":[{"embeddable":true,"href":"https:\/\/demonray.de\/de\/wp-json\/wp\/v2\/users\/1"}],"replies":[{"embeddable":true,"href":"https:\/\/demonray.de\/de\/wp-json\/wp\/v2\/comments?post=2179"}],"version-history":[{"count":20,"href":"https:\/\/demonray.de\/de\/wp-json\/wp\/v2\/pages\/2179\/revisions"}],"predecessor-version":[{"id":2436,"href":"https:\/\/demonray.de\/de\/wp-json\/wp\/v2\/pages\/2179\/revisions\/2436"}],"wp:attachment":[{"href":"https:\/\/demonray.de\/de\/wp-json\/wp\/v2\/media?parent=2179"}],"curies":[{"name":"wp","href":"https:\/\/api.w.org\/{rel}","templated":true}]}}