{"id":2052,"date":"2024-11-18T20:36:35","date_gmt":"2024-11-18T18:36:35","guid":{"rendered":"https:\/\/test.demonray.eu\/?page_id=2052"},"modified":"2026-03-29T20:03:08","modified_gmt":"2026-03-29T18:03:08","slug":"przeglad-butli-tuv","status":"publish","type":"page","link":"https:\/\/demonray.de\/de\/service\/flaschen-tuv\/","title":{"rendered":"Flascheninspektion"},"content":{"rendered":"<div data-elementor-type=\"wp-page\" data-elementor-id=\"2052\" class=\"elementor elementor-2052\">\n\t\t\t\t<div class=\"elementor-element elementor-element-30448932 e-flex e-con-boxed e-con e-parent\" data-id=\"30448932\" data-element_type=\"container\">\n\t\t\t\t\t<div class=\"e-con-inner\">\n\t\t\t\t<div class=\"elementor-element elementor-element-51c0a10e elementor-widget elementor-widget-heading\" data-id=\"51c0a10e\" data-element_type=\"widget\" data-widget_type=\"heading.default\">\n\t\t\t\t<div class=\"elementor-widget-container\">\n\t\t\t<h1 class=\"elementor-heading-title elementor-size-default\">Flascheninspektion<\/h1>\t\t<\/div>\n\t\t\t\t<\/div>\n\t\t\t\t<div class=\"elementor-element elementor-element-13462b37 elementor-view-default elementor-widget elementor-widget-icon\" data-id=\"13462b37\" data-element_type=\"widget\" data-widget_type=\"icon.default\">\n\t\t\t\t<div class=\"elementor-widget-container\">\n\t\t\t\t\t<div class=\"elementor-icon-wrapper\">\n\t\t\t<a class=\"elementor-icon\" href=\"#scrollToContent\">\n\t\t\t<svg xmlns=\"http:\/\/www.w3.org\/2000\/svg\" xmlns:xlink=\"http:\/\/www.w3.org\/1999\/xlink\" fill=\"#ffffff\" height=\"800px\" width=\"800px\" id=\"Layer_1\" viewbox=\"0 0 512 512\" xml:space=\"preserve\" stroke=\"#ffffff\"><g id=\"SVGRepo_bgCarrier\" stroke-width=\"0\"><\/g><g id=\"SVGRepo_tracerCarrier\" stroke-linecap=\"round\" stroke-linejoin=\"round\"><\/g><g id=\"SVGRepo_iconCarrier\"> <polygon points=\"442.2,93.1 256,279.3 69.8,93.1 0,162.9 256,418.9 512,162.9 \"><\/polygon> <\/g><\/svg>\t\t\t<\/a>\n\t\t<\/div>\n\t\t\t\t<\/div>\n\t\t\t\t<\/div>\n\t\t\t\t<div class=\"elementor-element elementor-element-2c958319 .trapez elementor-widget elementor-widget-html\" data-id=\"2c958319\" data-element_type=\"widget\" id=\"scrollToContent\" data-widget_type=\"html.default\">\n\t\t\t\t<div class=\"elementor-widget-container\">\n\t\t\t<div><\/div>\t\t<\/div>\n\t\t\t\t<\/div>\n\t\t\t\t\t<\/div>\n\t\t\t\t<\/div>\n\t\t<div class=\"elementor-element elementor-element-7f07d3d7 e-flex e-con-boxed e-con e-parent\" data-id=\"7f07d3d7\" data-element_type=\"container\">\n\t\t\t\t\t<div class=\"e-con-inner\">\n\t\t\t\t<div class=\"elementor-element elementor-element-2c265d03 elementor-widget elementor-widget-heading\" data-id=\"2c265d03\" data-element_type=\"widget\" data-widget_type=\"heading.default\">\n\t\t\t\t<div class=\"elementor-widget-container\">\n\t\t\t<p class=\"elementor-heading-title elementor-size-default\"><b>Nur Flaschen, welche eine g\u00fcltige Druckpr\u00fcfung oder visuelle Inspektion haben, werden an jeder\nF\u00fcllstation mit Luft bef\u00fcllt.<\/b><\/p>\t\t<\/div>\n\t\t\t\t<\/div>\n\t\t\t\t<div class=\"elementor-element elementor-element-2507fc7 elementor-widget elementor-widget-heading\" data-id=\"2507fc7\" data-element_type=\"widget\" data-widget_type=\"heading.default\">\n\t\t\t\t<div class=\"elementor-widget-container\">\n\t\t\t<p class=\"elementor-heading-title elementor-size-default\">Wir bieten Euch die M\u00f6glichkeit, das ganze Jahr hindurch Eure Flaschen bei uns einer Druckpr\u00fcfung\noder visuellen Inspektion unterziehen zu lassen.<\/p>\t\t<\/div>\n\t\t\t\t<\/div>\n\t\t\t\t<div class=\"elementor-element elementor-element-e155670 elementor-widget elementor-widget-html\" data-id=\"e155670\" data-element_type=\"widget\" data-widget_type=\"html.default\">\n\t\t\t\t<div class=\"elementor-widget-container\">\n\t\t\t<style>\r\n    table {\r\n        width: 100%;\r\n        border-collapse: collapse;\r\n        margin: 0;\r\n        padding: 0;\r\n        font-family: \"Reload\";\r\n        font-size: 16px;\r\n        @media(max-width: 768px) {\r\n        font-size: 14px;\r\n    }\r\n    }\r\n    th, td {\r\n        border: 1px solid #000;\r\n        text-align: left;\r\n        padding: 8px;\r\n    }\r\n    th {\r\n        background-color: #134DA8; \r\n        color: #ffffff;\r\n    }\r\n    tr:nth-child(odd) {\r\n        background-color: #e6e6e6;\r\n    }\r\n    tr:nth-child(even) {\r\n        background-color: #f2f2f2;\r\n    }\r\n    tr:hover {\r\n        background-color: #d9d9d9; \r\n    }\r\n    th:first-child, td:first-child {\r\n        width: 70%;\r\n    }\r\n    th:last-child, td:last-child {\r\n        width: 30%;\r\n        text-align: center;\r\n        vertical-align: middle;\r\n    }\r\n<\/style>\r\n\r\n<table>\r\n    <thead>\r\n        <tr>\r\n            <th>Service<\/th>\r\n            <th>Preise<\/th>\r\n        <\/tr>\r\n    <\/thead>\r\n    <tbody>\r\n        <tr>\r\n            <td>Flascheninspektion (Alu und Stahl) f\u00fcr alle Gr\u00f6\u00dfen<\/td>\r\n            <td>42,50 \u20ac<\/td>\r\n        <\/tr>\r\n        <tr>\r\n            <td>Aufpreis f\u00fcr De- und Montage von kleinkonischen Ventilen<\/td>\r\n            <td>3,00 \u20ac<\/td>\r\n        <\/tr>\r\n        <tr>\r\n            <td>Doppelger\u00e4t f\u00fcr Inspektion zerlegen und zusammenbauen <\/td>\r\n            <td>20,00 \u20ac<\/td>\r\n        <\/tr>\r\n        <tr>\r\n            <td>Revision des Flaschenventils (zzgl. Ersatzteilen)<\/td>\r\n            <td>8,00 \u20ac<\/td>\r\n        <\/tr>\r\n        <tr>\r\n            <td>Flaschen O 2 reinigen<\/td>\r\n            <td>25,00 \u20ac<\/td>\r\n        <\/tr>\r\n        <tr>\r\n            <td>Flaschen auf Sauerstoff umstempeln<\/td>\r\n            <td>20,00 \u20ac<\/td>\r\n        <\/tr>\r\n        <tr>\r\n            <td>Gefahrgutaufkleber<\/td>\r\n            <td>2,50 \u20ac<\/td>\r\n        <\/tr>\r\n    <\/tbody>\r\n<\/table>\r\n\t\t<\/div>\n\t\t\t\t<\/div>\n\t\t\t\t\t<\/div>\n\t\t\t\t<\/div>\n\t\t<div class=\"elementor-element elementor-element-20e8718e e-flex e-con-boxed e-con e-parent\" data-id=\"20e8718e\" data-element_type=\"container\" data-settings=\"{&quot;background_background&quot;:&quot;classic&quot;}\">\n\t\t\t\t\t<div class=\"e-con-inner\">\n\t\t\t\t<div class=\"elementor-element elementor-element-2c08689c elementor-widget elementor-widget-html\" data-id=\"2c08689c\" data-element_type=\"widget\" data-widget_type=\"html.default\">\n\t\t\t\t<div class=\"elementor-widget-container\">\n\t\t\t<div><\/div>\t\t<\/div>\n\t\t\t\t<\/div>\n\t\t\t\t<div class=\"elementor-element elementor-element-61e8a604 elementor-widget elementor-widget-heading\" data-id=\"61e8a604\" data-element_type=\"widget\" data-widget_type=\"heading.default\">\n\t\t\t\t<div class=\"elementor-widget-container\">\n\t\t\t<h2 class=\"elementor-heading-title elementor-size-default\"><a href=\"https:\/\/www.facebook.com\/profile.php?id=61550789842853\" target=\"_blank\">FOLGEN SIE UNS AUF FACEBOOK UND INSTAGRAM<\/a><\/h2>\t\t<\/div>\n\t\t\t\t<\/div>\n\t\t\t\t<div class=\"elementor-element elementor-element-7dfa090f elementor-widget elementor-widget-html\" data-id=\"7dfa090f\" data-element_type=\"widget\" data-widget_type=\"html.default\">\n\t\t\t\t<div class=\"elementor-widget-container\">\n\t\t\t<div><\/div>\t\t<\/div>\n\t\t\t\t<\/div>\n\t\t<div class=\"elementor-element elementor-element-6c84a9c e-flex e-con-boxed e-con e-child\" data-id=\"6c84a9c\" data-element_type=\"container\">\n\t\t\t\t\t<div class=\"e-con-inner\">\n\t\t\t\t<div class=\"elementor-element elementor-element-60da7725 elementor-widget elementor-widget-image\" data-id=\"60da7725\" data-element_type=\"widget\" data-widget_type=\"image.default\">\n\t\t\t\t<div class=\"elementor-widget-container\">\n\t\t\t\t\t\t\t\t\t\t\t\t\t\t<a href=\"https:\/\/www.facebook.com\/profile.php?id=61550789842853\" target=\"_blank\">\n\t\t\t\t\t\t\t<img decoding=\"async\" width=\"101\" height=\"100\" src=\"https:\/\/demonray.de\/wp-content\/uploads\/2024\/04\/fb_btn.png\" class=\"attachment-large size-large wp-image-1173\" alt=\"\" srcset=\"https:\/\/demonray.de\/wp-content\/uploads\/2024\/04\/fb_btn.png 101w, https:\/\/demonray.de\/wp-content\/uploads\/2024\/04\/fb_btn-12x12.png 12w\" sizes=\"(max-width: 101px) 100vw, 101px\" \/>\t\t\t\t\t\t\t\t<\/a>\n\t\t\t\t\t\t\t\t\t\t\t\t\t<\/div>\n\t\t\t\t<\/div>\n\t\t\t\t<div class=\"elementor-element elementor-element-734da423 elementor-widget elementor-widget-image\" data-id=\"734da423\" data-element_type=\"widget\" data-widget_type=\"image.default\">\n\t\t\t\t<div class=\"elementor-widget-container\">\n\t\t\t\t\t\t\t\t\t\t\t\t\t\t<a href=\"https:\/\/www.instagram.com\/demonray_diving\/\" target=\"_blank\">\n\t\t\t\t\t\t\t<img decoding=\"async\" width=\"101\" height=\"101\" src=\"https:\/\/demonray.de\/wp-content\/uploads\/2024\/04\/iggg.png\" class=\"attachment-large size-large wp-image-1174\" alt=\"\" srcset=\"https:\/\/demonray.de\/wp-content\/uploads\/2024\/04\/iggg.png 101w, https:\/\/demonray.de\/wp-content\/uploads\/2024\/04\/iggg-12x12.png 12w\" sizes=\"(max-width: 101px) 100vw, 101px\" \/>\t\t\t\t\t\t\t\t<\/a>\n\t\t\t\t\t\t\t\t\t\t\t\t\t<\/div>\n\t\t\t\t<\/div>\n\t\t\t\t\t<\/div>\n\t\t\t\t<\/div>\n\t\t\t\t\t<\/div>\n\t\t\t\t<\/div>\n\t\t\t\t<\/div>","protected":false},"excerpt":{"rendered":"<p>Przegl\u0105d butli Tylko butle z wa\u017cnym przegl\u0105dem ci\u015bnieniowym lub wizualnym mog\u0105 by\u0107 nape\u0142niane powietrzem na ka\u017cdej stacji nape\u0142niania. Oferujemy mo\u017cliwo\u015b\u0107 wykonania przegl\u0105du ci\u015bnieniowego lub wizualnego butli przez ca\u0142y rok. Us\u0142uga Cena Przegl\u0105d butli (aluminiowych i stalowych) \u2013 wszystkie rozmiary 42,50 \u20ac Dop\u0142ata za demonta\u017c i monta\u017c zaworu 3,00 \u20ac Roz\u0142o\u017cenie i z\u0142o\u017cenie zestawu dwubutlowego do [&hellip;]<\/p>","protected":false},"author":1,"featured_media":0,"parent":2657,"menu_order":0,"comment_status":"closed","ping_status":"closed","template":"","meta":{"footnotes":""},"class_list":["post-2052","page","type-page","status-publish","hentry"],"yoast_head":"<!-- This site is optimized with the Yoast SEO Premium plugin v19.4 (Yoast SEO v24.3) - https:\/\/yoast.com\/wordpress\/plugins\/seo\/ -->\n<title>Przegl\u0105d butli - Demon Ray<\/title>\n<meta name=\"robots\" content=\"index, follow, max-snippet:-1, max-image-preview:large, max-video-preview:-1\" \/>\n<link rel=\"canonical\" href=\"https:\/\/demonray.de\/de\/service\/flaschen-tuv\/\" \/>\n<meta property=\"og:locale\" content=\"de_DE\" \/>\n<meta property=\"og:type\" content=\"article\" \/>\n<meta property=\"og:title\" content=\"Przegl\u0105d butli\" \/>\n<meta property=\"og:description\" content=\"Przegl\u0105d butli Tylko butle z wa\u017cnym przegl\u0105dem ci\u015bnieniowym lub wizualnym mog\u0105 by\u0107 nape\u0142niane powietrzem na ka\u017cdej stacji nape\u0142niania. Oferujemy mo\u017cliwo\u015b\u0107 wykonania przegl\u0105du ci\u015bnieniowego lub wizualnego butli przez ca\u0142y rok. Us\u0142uga Cena Przegl\u0105d butli (aluminiowych i stalowych) \u2013 wszystkie rozmiary 42,50 \u20ac Dop\u0142ata za demonta\u017c i monta\u017c zaworu 3,00 \u20ac Roz\u0142o\u017cenie i z\u0142o\u017cenie zestawu dwubutlowego do [&hellip;]\" \/>\n<meta property=\"og:url\" content=\"https:\/\/demonray.de\/de\/service\/flaschen-tuv\/\" \/>\n<meta property=\"og:site_name\" content=\"Demon Ray\" \/>\n<meta property=\"article:publisher\" content=\"https:\/\/www.facebook.com\/p\/Demon-Ray-Scuba-Diving-61550789842853\/\" \/>\n<meta property=\"article:modified_time\" content=\"2026-03-29T18:03:08+00:00\" \/>\n<meta property=\"og:image\" content=\"https:\/\/demonray.de\/wp-content\/uploads\/2024\/04\/fb_btn.png\" \/>\n\t<meta property=\"og:image:width\" content=\"101\" \/>\n\t<meta property=\"og:image:height\" content=\"100\" \/>\n\t<meta property=\"og:image:type\" content=\"image\/png\" \/>\n<meta name=\"twitter:card\" content=\"summary_large_image\" \/>\n<meta name=\"twitter:label1\" content=\"Gesch\u00e4tzte Lesezeit\" \/>\n\t<meta name=\"twitter:data1\" content=\"1\u00a0Minute\" \/>\n<script type=\"application\/ld+json\" class=\"yoast-schema-graph\">{\"@context\":\"https:\/\/schema.org\",\"@graph\":[{\"@type\":\"WebPage\",\"@id\":\"https:\/\/demonray.de\/service\/flaschen-tuv\/\",\"url\":\"https:\/\/demonray.de\/service\/flaschen-tuv\/\",\"name\":\"Przegl\u0105d butli - Demon Ray\",\"isPartOf\":{\"@id\":\"https:\/\/demonray.de\/#website\"},\"primaryImageOfPage\":{\"@id\":\"https:\/\/demonray.de\/service\/flaschen-tuv\/#primaryimage\"},\"image\":{\"@id\":\"https:\/\/demonray.de\/service\/flaschen-tuv\/#primaryimage\"},\"thumbnailUrl\":\"https:\/\/demonray.de\/wp-content\/uploads\/2024\/04\/fb_btn.png\",\"datePublished\":\"2024-11-18T18:36:35+00:00\",\"dateModified\":\"2026-03-29T18:03:08+00:00\",\"breadcrumb\":{\"@id\":\"https:\/\/demonray.de\/service\/flaschen-tuv\/#breadcrumb\"},\"inLanguage\":\"de\",\"potentialAction\":[{\"@type\":\"ReadAction\",\"target\":[\"https:\/\/demonray.de\/service\/flaschen-tuv\/\"]}]},{\"@type\":\"ImageObject\",\"inLanguage\":\"de\",\"@id\":\"https:\/\/demonray.de\/service\/flaschen-tuv\/#primaryimage\",\"url\":\"https:\/\/demonray.de\/wp-content\/uploads\/2024\/04\/fb_btn.png\",\"contentUrl\":\"https:\/\/demonray.de\/wp-content\/uploads\/2024\/04\/fb_btn.png\"},{\"@type\":\"BreadcrumbList\",\"@id\":\"https:\/\/demonray.de\/service\/flaschen-tuv\/#breadcrumb\",\"itemListElement\":[{\"@type\":\"ListItem\",\"position\":1,\"name\":\"Strona g\u0142\u00f3wna\",\"item\":\"https:\/\/demonray.de\/\"},{\"@type\":\"ListItem\",\"position\":2,\"name\":\"Serwis\",\"item\":\"https:\/\/demonray.de\/service\/\"},{\"@type\":\"ListItem\",\"position\":3,\"name\":\"Przegl\u0105d butli\"}]},{\"@type\":\"WebSite\",\"@id\":\"https:\/\/demonray.de\/#website\",\"url\":\"https:\/\/demonray.de\/\",\"name\":\"Demon Ray\",\"description\":\"Szko\u0142a nurkowania\",\"publisher\":{\"@id\":\"https:\/\/demonray.de\/#\/schema\/person\/40b8978b9b5617f17e8741a56fc1efbb\"},\"potentialAction\":[{\"@type\":\"SearchAction\",\"target\":{\"@type\":\"EntryPoint\",\"urlTemplate\":\"https:\/\/demonray.de\/?s={search_term_string}\"},\"query-input\":{\"@type\":\"PropertyValueSpecification\",\"valueRequired\":true,\"valueName\":\"search_term_string\"}}],\"inLanguage\":\"de\"},{\"@type\":[\"Person\",\"Organization\"],\"@id\":\"https:\/\/demonray.de\/#\/schema\/person\/40b8978b9b5617f17e8741a56fc1efbb\",\"name\":\"Beniamin\",\"image\":{\"@type\":\"ImageObject\",\"inLanguage\":\"de\",\"@id\":\"https:\/\/demonray.de\/#\/schema\/person\/image\/\",\"url\":\"https:\/\/demonray.de\/wp-content\/uploads\/2024\/04\/benjamin.webp\",\"contentUrl\":\"https:\/\/demonray.de\/wp-content\/uploads\/2024\/04\/benjamin.webp\",\"width\":1920,\"height\":1080,\"caption\":\"Beniamin\"},\"logo\":{\"@id\":\"https:\/\/demonray.de\/#\/schema\/person\/image\/\"},\"sameAs\":[\"https:\/\/demonray.de\/\",\"https:\/\/www.facebook.com\/p\/Demon-Ray-Scuba-Diving-61550789842853\/\",\"https:\/\/www.instagram.com\/demonray_diving\/\"]}]}<\/script>\n<!-- \/ Yoast SEO Premium plugin. -->","yoast_head_json":{"title":"Przegl\u0105d butli - Demon Ray","robots":{"index":"index","follow":"follow","max-snippet":"max-snippet:-1","max-image-preview":"max-image-preview:large","max-video-preview":"max-video-preview:-1"},"canonical":"https:\/\/demonray.de\/de\/service\/flaschen-tuv\/","og_locale":"de_DE","og_type":"article","og_title":"Przegl\u0105d butli","og_description":"Przegl\u0105d butli Tylko butle z wa\u017cnym przegl\u0105dem ci\u015bnieniowym lub wizualnym mog\u0105 by\u0107 nape\u0142niane powietrzem na ka\u017cdej stacji nape\u0142niania. Oferujemy mo\u017cliwo\u015b\u0107 wykonania przegl\u0105du ci\u015bnieniowego lub wizualnego butli przez ca\u0142y rok. Us\u0142uga Cena Przegl\u0105d butli (aluminiowych i stalowych) \u2013 wszystkie rozmiary 42,50 \u20ac Dop\u0142ata za demonta\u017c i monta\u017c zaworu 3,00 \u20ac Roz\u0142o\u017cenie i z\u0142o\u017cenie zestawu dwubutlowego do [&hellip;]","og_url":"https:\/\/demonray.de\/de\/service\/flaschen-tuv\/","og_site_name":"Demon Ray","article_publisher":"https:\/\/www.facebook.com\/p\/Demon-Ray-Scuba-Diving-61550789842853\/","article_modified_time":"2026-03-29T18:03:08+00:00","og_image":[{"width":101,"height":100,"url":"https:\/\/demonray.de\/wp-content\/uploads\/2024\/04\/fb_btn.png","type":"image\/png"}],"twitter_card":"summary_large_image","twitter_misc":{"Gesch\u00e4tzte Lesezeit":"1\u00a0Minute"},"schema":{"@context":"https:\/\/schema.org","@graph":[{"@type":"WebPage","@id":"https:\/\/demonray.de\/service\/flaschen-tuv\/","url":"https:\/\/demonray.de\/service\/flaschen-tuv\/","name":"Przegl\u0105d butli - Demon Ray","isPartOf":{"@id":"https:\/\/demonray.de\/#website"},"primaryImageOfPage":{"@id":"https:\/\/demonray.de\/service\/flaschen-tuv\/#primaryimage"},"image":{"@id":"https:\/\/demonray.de\/service\/flaschen-tuv\/#primaryimage"},"thumbnailUrl":"https:\/\/demonray.de\/wp-content\/uploads\/2024\/04\/fb_btn.png","datePublished":"2024-11-18T18:36:35+00:00","dateModified":"2026-03-29T18:03:08+00:00","breadcrumb":{"@id":"https:\/\/demonray.de\/service\/flaschen-tuv\/#breadcrumb"},"inLanguage":"de","potentialAction":[{"@type":"ReadAction","target":["https:\/\/demonray.de\/service\/flaschen-tuv\/"]}]},{"@type":"ImageObject","inLanguage":"de","@id":"https:\/\/demonray.de\/service\/flaschen-tuv\/#primaryimage","url":"https:\/\/demonray.de\/wp-content\/uploads\/2024\/04\/fb_btn.png","contentUrl":"https:\/\/demonray.de\/wp-content\/uploads\/2024\/04\/fb_btn.png"},{"@type":"BreadcrumbList","@id":"https:\/\/demonray.de\/service\/flaschen-tuv\/#breadcrumb","itemListElement":[{"@type":"ListItem","position":1,"name":"Strona g\u0142\u00f3wna","item":"https:\/\/demonray.de\/"},{"@type":"ListItem","position":2,"name":"Serwis","item":"https:\/\/demonray.de\/service\/"},{"@type":"ListItem","position":3,"name":"Przegl\u0105d butli"}]},{"@type":"WebSite","@id":"https:\/\/demonray.de\/#website","url":"https:\/\/demonray.de\/","name":"Demon Ray","description":"Szko\u0142a nurkowania","publisher":{"@id":"https:\/\/demonray.de\/#\/schema\/person\/40b8978b9b5617f17e8741a56fc1efbb"},"potentialAction":[{"@type":"SearchAction","target":{"@type":"EntryPoint","urlTemplate":"https:\/\/demonray.de\/?s={search_term_string}"},"query-input":{"@type":"PropertyValueSpecification","valueRequired":true,"valueName":"search_term_string"}}],"inLanguage":"de"},{"@type":["Person","Organization"],"@id":"https:\/\/demonray.de\/#\/schema\/person\/40b8978b9b5617f17e8741a56fc1efbb","name":"Beniamin","image":{"@type":"ImageObject","inLanguage":"de","@id":"https:\/\/demonray.de\/#\/schema\/person\/image\/","url":"https:\/\/demonray.de\/wp-content\/uploads\/2024\/04\/benjamin.webp","contentUrl":"https:\/\/demonray.de\/wp-content\/uploads\/2024\/04\/benjamin.webp","width":1920,"height":1080,"caption":"Beniamin"},"logo":{"@id":"https:\/\/demonray.de\/#\/schema\/person\/image\/"},"sameAs":["https:\/\/demonray.de\/","https:\/\/www.facebook.com\/p\/Demon-Ray-Scuba-Diving-61550789842853\/","https:\/\/www.instagram.com\/demonray_diving\/"]}]}},"_links":{"self":[{"href":"https:\/\/demonray.de\/de\/wp-json\/wp\/v2\/pages\/2052","targetHints":{"allow":["GET"]}}],"collection":[{"href":"https:\/\/demonray.de\/de\/wp-json\/wp\/v2\/pages"}],"about":[{"href":"https:\/\/demonray.de\/de\/wp-json\/wp\/v2\/types\/page"}],"author":[{"embeddable":true,"href":"https:\/\/demonray.de\/de\/wp-json\/wp\/v2\/users\/1"}],"replies":[{"embeddable":true,"href":"https:\/\/demonray.de\/de\/wp-json\/wp\/v2\/comments?post=2052"}],"version-history":[{"count":17,"href":"https:\/\/demonray.de\/de\/wp-json\/wp\/v2\/pages\/2052\/revisions"}],"predecessor-version":[{"id":3124,"href":"https:\/\/demonray.de\/de\/wp-json\/wp\/v2\/pages\/2052\/revisions\/3124"}],"up":[{"embeddable":true,"href":"https:\/\/demonray.de\/de\/wp-json\/wp\/v2\/pages\/2657"}],"wp:attachment":[{"href":"https:\/\/demonray.de\/de\/wp-json\/wp\/v2\/media?parent=2052"}],"curies":[{"name":"wp","href":"https:\/\/api.w.org\/{rel}","templated":true}]}}