{"id":1881,"date":"2024-11-14T19:47:23","date_gmt":"2024-11-14T17:47:23","guid":{"rendered":"https:\/\/test.demonray.eu\/?page_id=1881"},"modified":"2025-01-12T16:38:46","modified_gmt":"2025-01-12T14:38:46","slug":"wypozyczenie-sprzetu","status":"publish","type":"page","link":"https:\/\/demonray.de\/de\/service\/leihausrustung\/","title":{"rendered":"Leihausr\u00fcstung"},"content":{"rendered":"<div data-elementor-type=\"wp-page\" data-elementor-id=\"1881\" class=\"elementor elementor-1881\">\n\t\t\t\t<div class=\"elementor-element elementor-element-213008e3 e-flex e-con-boxed e-con e-parent\" data-id=\"213008e3\" data-element_type=\"container\">\n\t\t\t\t\t<div class=\"e-con-inner\">\n\t\t\t\t<div class=\"elementor-element elementor-element-3169d4f elementor-widget elementor-widget-heading\" data-id=\"3169d4f\" data-element_type=\"widget\" data-widget_type=\"heading.default\">\n\t\t\t\t<div class=\"elementor-widget-container\">\n\t\t\t<h1 class=\"elementor-heading-title elementor-size-default\">Leihausr\u00fcstung<\/h1>\t\t<\/div>\n\t\t\t\t<\/div>\n\t\t\t\t<div class=\"elementor-element elementor-element-66a7535c elementor-view-default elementor-widget elementor-widget-icon\" data-id=\"66a7535c\" data-element_type=\"widget\" data-widget_type=\"icon.default\">\n\t\t\t\t<div class=\"elementor-widget-container\">\n\t\t\t\t\t<div class=\"elementor-icon-wrapper\">\n\t\t\t<a class=\"elementor-icon\" href=\"#scrollToContent\">\n\t\t\t<svg xmlns=\"http:\/\/www.w3.org\/2000\/svg\" xmlns:xlink=\"http:\/\/www.w3.org\/1999\/xlink\" fill=\"#ffffff\" height=\"800px\" width=\"800px\" id=\"Layer_1\" viewbox=\"0 0 512 512\" xml:space=\"preserve\" stroke=\"#ffffff\"><g id=\"SVGRepo_bgCarrier\" stroke-width=\"0\"><\/g><g id=\"SVGRepo_tracerCarrier\" stroke-linecap=\"round\" stroke-linejoin=\"round\"><\/g><g id=\"SVGRepo_iconCarrier\"> <polygon points=\"442.2,93.1 256,279.3 69.8,93.1 0,162.9 256,418.9 512,162.9 \"><\/polygon> <\/g><\/svg>\t\t\t<\/a>\n\t\t<\/div>\n\t\t\t\t<\/div>\n\t\t\t\t<\/div>\n\t\t\t\t<div class=\"elementor-element elementor-element-5ae7f92 .trapez elementor-widget elementor-widget-html\" data-id=\"5ae7f92\" data-element_type=\"widget\" id=\"scrollToContent\" data-widget_type=\"html.default\">\n\t\t\t\t<div class=\"elementor-widget-container\">\n\t\t\t<div><\/div>\t\t<\/div>\n\t\t\t\t<\/div>\n\t\t\t\t\t<\/div>\n\t\t\t\t<\/div>\n\t\t<div class=\"elementor-element elementor-element-7697d38f e-flex e-con-boxed e-con e-parent\" data-id=\"7697d38f\" data-element_type=\"container\">\n\t\t\t\t\t<div class=\"e-con-inner\">\n\t\t\t\t<div class=\"elementor-element elementor-element-730b7b2 elementor-widget elementor-widget-heading\" data-id=\"730b7b2\" data-element_type=\"widget\" data-widget_type=\"heading.default\">\n\t\t\t\t<div class=\"elementor-widget-container\">\n\t\t\t<p class=\"elementor-heading-title elementor-size-default\">Wir verleihen hochwertige Ausr\u00fcstung von f\u00fchrenden und angesehenen Herstellern.<\/p>\t\t<\/div>\n\t\t\t\t<\/div>\n\t\t\t\t<div class=\"elementor-element elementor-element-24c1aa7 elementor-widget elementor-widget-html\" data-id=\"24c1aa7\" data-element_type=\"widget\" data-widget_type=\"html.default\">\n\t\t\t\t<div class=\"elementor-widget-container\">\n\t\t\t<style>\r\n    table {\r\n        width: 100%;\r\n        border-collapse: collapse;\r\n        margin: 0;\r\n        padding: 0;\r\n        font-family: \"Reload\";\r\n        font-size: 16px;\r\n        @media(max-width: 768px) {\r\n        font-size: 14px;\r\n    }\r\n    }\r\n    th, td {\r\n        border: 1px solid #000;\r\n        text-align: left;\r\n        padding: 8px;\r\n    }\r\n    th {\r\n        background-color: #134DA8; \r\n        color: #ffffff;\r\n    }\r\n    tr:nth-child(odd) {\r\n        background-color: #e6e6e6;\r\n    }\r\n    tr:nth-child(even) {\r\n        background-color: #f2f2f2;\r\n    }\r\n    tr:hover {\r\n        background-color: #d9d9d9; \r\n    }\r\n    th:first-child, td:first-child {\r\n        width: 70%;\r\n    }\r\n    th:last-child, td:last-child {\r\n        width: 30%;\r\n        text-align: center;\r\n        vertical-align: middle;\r\n    }\r\n<\/style>\r\n\r\n<table>\r\n    <thead>\r\n        <tr>\r\n            <th>Preis pro Tag<\/th>\r\n            <th>Preise<\/th>\r\n        <\/tr>\r\n    <\/thead>\r\n    <tbody>\r\n        <tr>\r\n            <td>Flasche (ohne F\u00fcllung)<\/td>\r\n            <td>8,00 \u20ac<\/td>\r\n        <\/tr>\r\n        <tr>\r\n            <td>Jacket<\/td>\r\n            <td>10,00 \u20ac<\/td>\r\n        <\/tr>\r\n        <tr>\r\n            <td>Wing<\/td>\r\n            <td>15,00 \u20ac<\/td>\r\n        <\/tr>\r\n        <tr>\r\n            <td>Halbtrockenanzug 7mm<\/td>\r\n            <td>10,00 \u20ac<\/td>\r\n        <\/tr>\r\n        <tr>\r\n            <td>Eisweste<\/td>\r\n            <td>5,00 \u20ac<\/td>\r\n        <\/tr>\r\n        <tr>\r\n            <td>Trockentauchanzug<\/td>\r\n            <td>25,00 \u20ac<\/td>\r\n        <\/tr>\r\n        <tr>\r\n            <td>Shorty<\/td>\r\n            <td>5,00 \u20ac<\/td>\r\n        <\/tr>\r\n        <tr>\r\n            <td>Kopfhaube<\/td>\r\n            <td>4,00 \u20ac<\/td>\r\n        <\/tr>\r\n        <tr>\r\n            <td>Handschuhe<\/td>\r\n            <td>4,00 \u20ac<\/td>\r\n        <\/tr>\r\n        <tr>\r\n            <td>F\u00fcsslinge<\/td>\r\n            <td>5,00 \u20ac<\/td>\r\n        <\/tr>\r\n        <tr>\r\n            <td>Ger\u00e4teflossen<\/td>\r\n            <td>4,00 \u20ac<\/td>\r\n        <\/tr>\r\n        <tr>\r\n            <td>Schwimmbadflosse<\/td>\r\n            <td>3,00 \u20ac<\/td>\r\n        <\/tr>\r\n        <tr>\r\n            <td>Taschenbleigurt<\/td>\r\n            <td>3,00 \u20ac<\/td>\r\n        <\/tr>\r\n        <tr>\r\n            <td>Maske\/Schnorchel<\/td>\r\n            <td>4,00 \u20ac<\/td>\r\n        <\/tr>\r\n        <tr>\r\n            <td>Lungenautomat<\/td>\r\n            <td>10,00 \u20ac<\/td>\r\n        <\/tr>\r\n        <tr>\r\n            <td>Lungenautomat 2x1.Stufe<\/td>\r\n            <td>12,00 \u20ac<\/td>\r\n        <\/tr>\r\n        <tr>\r\n            <td>Tauchcomputer<\/td>\r\n            <td>8,00 \u20ac<\/td>\r\n        <\/tr>\r\n        <tr>\r\n            <td>Akku Lampe<\/td>\r\n            <td>10,00 \u20ac<\/td>\r\n        <\/tr>\r\n        <tr>\r\n            <td>Kompass<\/td>\r\n            <td>5,00 \u20ac<\/td>\r\n        <\/tr>\r\n        <tr>\r\n            <td>Bleibox 10Kg<\/td>\r\n            <td>5,00 \u20ac<\/td>\r\n        <\/tr>\r\n        <tr>\r\n            <td>Transportwanne<\/td>\r\n            <td>2,00 \u20ac<\/td>\r\n        <\/tr>\r\n        <tr>\r\n            <td>Schnorchelset (ABC)<\/td>\r\n            <td>5,00 \u20ac<\/td>\r\n        <\/tr>\r\n    <\/tbody>\r\n<\/table>\r\n\t\t<\/div>\n\t\t\t\t<\/div>\n\t\t\t\t\t<\/div>\n\t\t\t\t<\/div>\n\t\t<div class=\"elementor-element elementor-element-19a9443c e-flex e-con-boxed e-con e-parent\" data-id=\"19a9443c\" data-element_type=\"container\" data-settings=\"{&quot;background_background&quot;:&quot;classic&quot;}\">\n\t\t\t\t\t<div class=\"e-con-inner\">\n\t\t\t\t<div class=\"elementor-element elementor-element-1ffa8d74 elementor-widget elementor-widget-html\" data-id=\"1ffa8d74\" data-element_type=\"widget\" data-widget_type=\"html.default\">\n\t\t\t\t<div class=\"elementor-widget-container\">\n\t\t\t<div><\/div>\t\t<\/div>\n\t\t\t\t<\/div>\n\t\t\t\t<div class=\"elementor-element elementor-element-340c9bdb elementor-widget elementor-widget-heading\" data-id=\"340c9bdb\" data-element_type=\"widget\" data-widget_type=\"heading.default\">\n\t\t\t\t<div class=\"elementor-widget-container\">\n\t\t\t<h2 class=\"elementor-heading-title elementor-size-default\"><a href=\"https:\/\/www.facebook.com\/profile.php?id=61550789842853\" target=\"_blank\">FOLGEN SIE UNS AUF FACEBOOK UND INSTAGRAM<\/a><\/h2>\t\t<\/div>\n\t\t\t\t<\/div>\n\t\t\t\t<div class=\"elementor-element elementor-element-528b614f elementor-widget elementor-widget-html\" data-id=\"528b614f\" data-element_type=\"widget\" data-widget_type=\"html.default\">\n\t\t\t\t<div class=\"elementor-widget-container\">\n\t\t\t<div><\/div>\t\t<\/div>\n\t\t\t\t<\/div>\n\t\t<div class=\"elementor-element elementor-element-4a583f1 e-flex e-con-boxed e-con e-child\" data-id=\"4a583f1\" data-element_type=\"container\">\n\t\t\t\t\t<div class=\"e-con-inner\">\n\t\t\t\t<div class=\"elementor-element elementor-element-517dd43b elementor-widget elementor-widget-image\" data-id=\"517dd43b\" data-element_type=\"widget\" data-widget_type=\"image.default\">\n\t\t\t\t<div class=\"elementor-widget-container\">\n\t\t\t\t\t\t\t\t\t\t\t\t\t\t<a href=\"https:\/\/www.facebook.com\/profile.php?id=61550789842853\" target=\"_blank\">\n\t\t\t\t\t\t\t<img decoding=\"async\" width=\"101\" height=\"100\" src=\"https:\/\/demonray.de\/wp-content\/uploads\/2024\/04\/fb_btn.png\" class=\"attachment-large size-large wp-image-1173\" alt=\"\" srcset=\"https:\/\/demonray.de\/wp-content\/uploads\/2024\/04\/fb_btn.png 101w, https:\/\/demonray.de\/wp-content\/uploads\/2024\/04\/fb_btn-12x12.png 12w\" sizes=\"(max-width: 101px) 100vw, 101px\" \/>\t\t\t\t\t\t\t\t<\/a>\n\t\t\t\t\t\t\t\t\t\t\t\t\t<\/div>\n\t\t\t\t<\/div>\n\t\t\t\t<div class=\"elementor-element elementor-element-419d7725 elementor-widget elementor-widget-image\" data-id=\"419d7725\" data-element_type=\"widget\" data-widget_type=\"image.default\">\n\t\t\t\t<div class=\"elementor-widget-container\">\n\t\t\t\t\t\t\t\t\t\t\t\t\t\t<a href=\"https:\/\/www.instagram.com\/demonray_diving\/\" target=\"_blank\">\n\t\t\t\t\t\t\t<img decoding=\"async\" width=\"101\" height=\"101\" src=\"https:\/\/demonray.de\/wp-content\/uploads\/2024\/04\/iggg.png\" class=\"attachment-large size-large wp-image-1174\" alt=\"\" srcset=\"https:\/\/demonray.de\/wp-content\/uploads\/2024\/04\/iggg.png 101w, https:\/\/demonray.de\/wp-content\/uploads\/2024\/04\/iggg-12x12.png 12w\" sizes=\"(max-width: 101px) 100vw, 101px\" \/>\t\t\t\t\t\t\t\t<\/a>\n\t\t\t\t\t\t\t\t\t\t\t\t\t<\/div>\n\t\t\t\t<\/div>\n\t\t\t\t\t<\/div>\n\t\t\t\t<\/div>\n\t\t\t\t\t<\/div>\n\t\t\t\t<\/div>\n\t\t\t\t<\/div>","protected":false},"excerpt":{"rendered":"<p>Wypo\u017cyczenie sprz\u0119tu Oferujemy wypo\u017cyczenie sprz\u0119tu najwy\u017cszej klasy od czo\u0142owych, renomowanych producent\u00f3w. Koszt za dzie\u0144 Cena Butla nurkowa (bez nape\u0142nienia) 8,00 \u20ac Jacket 10,00 \u20ac Skrzyd\u0142o (Wing) 15,00 \u20ac Pianka p\u00f3\u0142sucha 7mm 10,00 \u20ac Kamizelka docieplaj\u0105ca 5,00 \u20ac Suchy skafander 25,00 \u20ac Shorty 5,00 \u20ac Kaptur 4,00 \u20ac R\u0119kawice 4,00 \u20ac Buty 5,00 \u20ac P\u0142etwy paskowe [&hellip;]<\/p>","protected":false},"author":1,"featured_media":0,"parent":2657,"menu_order":0,"comment_status":"closed","ping_status":"closed","template":"","meta":{"footnotes":""},"class_list":["post-1881","page","type-page","status-publish","hentry"],"yoast_head":"<!-- This site is optimized with the Yoast SEO Premium plugin v19.4 (Yoast SEO v24.3) - https:\/\/yoast.com\/wordpress\/plugins\/seo\/ -->\n<title>Wypo\u017cyczenie sprz\u0119tu - Demon Ray<\/title>\n<meta name=\"robots\" content=\"index, follow, max-snippet:-1, max-image-preview:large, max-video-preview:-1\" \/>\n<link rel=\"canonical\" href=\"https:\/\/demonray.de\/de\/service\/leihausrustung\/\" \/>\n<meta property=\"og:locale\" content=\"de_DE\" \/>\n<meta property=\"og:type\" content=\"article\" \/>\n<meta property=\"og:title\" content=\"Wypo\u017cyczenie sprz\u0119tu\" \/>\n<meta property=\"og:description\" content=\"Wypo\u017cyczenie sprz\u0119tu Oferujemy wypo\u017cyczenie sprz\u0119tu najwy\u017cszej klasy od czo\u0142owych, renomowanych producent\u00f3w. Koszt za dzie\u0144 Cena Butla nurkowa (bez nape\u0142nienia) 8,00 \u20ac Jacket 10,00 \u20ac Skrzyd\u0142o (Wing) 15,00 \u20ac Pianka p\u00f3\u0142sucha 7mm 10,00 \u20ac Kamizelka docieplaj\u0105ca 5,00 \u20ac Suchy skafander 25,00 \u20ac Shorty 5,00 \u20ac Kaptur 4,00 \u20ac R\u0119kawice 4,00 \u20ac Buty 5,00 \u20ac P\u0142etwy paskowe [&hellip;]\" \/>\n<meta property=\"og:url\" content=\"https:\/\/demonray.de\/de\/service\/leihausrustung\/\" \/>\n<meta property=\"og:site_name\" content=\"Demon Ray\" \/>\n<meta property=\"article:publisher\" content=\"https:\/\/www.facebook.com\/p\/Demon-Ray-Scuba-Diving-61550789842853\/\" \/>\n<meta property=\"article:modified_time\" content=\"2025-01-12T14:38:46+00:00\" \/>\n<meta property=\"og:image\" content=\"https:\/\/demonray.de\/wp-content\/uploads\/2024\/04\/fb_btn.png\" \/>\n<meta name=\"twitter:card\" content=\"summary_large_image\" \/>\n<meta name=\"twitter:label1\" content=\"Gesch\u00e4tzte Lesezeit\" \/>\n\t<meta name=\"twitter:data1\" content=\"2\u00a0Minuten\" \/>\n<script type=\"application\/ld+json\" class=\"yoast-schema-graph\">{\"@context\":\"https:\/\/schema.org\",\"@graph\":[{\"@type\":\"WebPage\",\"@id\":\"https:\/\/demonray.de\/service\/leihausrustung\/\",\"url\":\"https:\/\/demonray.de\/service\/leihausrustung\/\",\"name\":\"Wypo\u017cyczenie sprz\u0119tu - Demon Ray\",\"isPartOf\":{\"@id\":\"https:\/\/demonray.de\/#website\"},\"primaryImageOfPage\":{\"@id\":\"https:\/\/demonray.de\/service\/leihausrustung\/#primaryimage\"},\"image\":{\"@id\":\"https:\/\/demonray.de\/service\/leihausrustung\/#primaryimage\"},\"thumbnailUrl\":\"https:\/\/demonray.de\/wp-content\/uploads\/2024\/04\/fb_btn.png\",\"datePublished\":\"2024-11-14T17:47:23+00:00\",\"dateModified\":\"2025-01-12T14:38:46+00:00\",\"breadcrumb\":{\"@id\":\"https:\/\/demonray.de\/service\/leihausrustung\/#breadcrumb\"},\"inLanguage\":\"de\",\"potentialAction\":[{\"@type\":\"ReadAction\",\"target\":[\"https:\/\/demonray.de\/service\/leihausrustung\/\"]}]},{\"@type\":\"ImageObject\",\"inLanguage\":\"de\",\"@id\":\"https:\/\/demonray.de\/service\/leihausrustung\/#primaryimage\",\"url\":\"https:\/\/demonray.de\/wp-content\/uploads\/2024\/04\/fb_btn.png\",\"contentUrl\":\"https:\/\/demonray.de\/wp-content\/uploads\/2024\/04\/fb_btn.png\"},{\"@type\":\"BreadcrumbList\",\"@id\":\"https:\/\/demonray.de\/service\/leihausrustung\/#breadcrumb\",\"itemListElement\":[{\"@type\":\"ListItem\",\"position\":1,\"name\":\"Strona g\u0142\u00f3wna\",\"item\":\"https:\/\/demonray.de\/\"},{\"@type\":\"ListItem\",\"position\":2,\"name\":\"Serwis\",\"item\":\"https:\/\/demonray.de\/service\/\"},{\"@type\":\"ListItem\",\"position\":3,\"name\":\"Wypo\u017cyczenie sprz\u0119tu\"}]},{\"@type\":\"WebSite\",\"@id\":\"https:\/\/demonray.de\/#website\",\"url\":\"https:\/\/demonray.de\/\",\"name\":\"Demon Ray\",\"description\":\"Szko\u0142a nurkowania\",\"publisher\":{\"@id\":\"https:\/\/demonray.de\/#\/schema\/person\/40b8978b9b5617f17e8741a56fc1efbb\"},\"potentialAction\":[{\"@type\":\"SearchAction\",\"target\":{\"@type\":\"EntryPoint\",\"urlTemplate\":\"https:\/\/demonray.de\/?s={search_term_string}\"},\"query-input\":{\"@type\":\"PropertyValueSpecification\",\"valueRequired\":true,\"valueName\":\"search_term_string\"}}],\"inLanguage\":\"de\"},{\"@type\":[\"Person\",\"Organization\"],\"@id\":\"https:\/\/demonray.de\/#\/schema\/person\/40b8978b9b5617f17e8741a56fc1efbb\",\"name\":\"Beniamin\",\"image\":{\"@type\":\"ImageObject\",\"inLanguage\":\"de\",\"@id\":\"https:\/\/demonray.de\/#\/schema\/person\/image\/\",\"url\":\"https:\/\/demonray.de\/wp-content\/uploads\/2024\/04\/benjamin.webp\",\"contentUrl\":\"https:\/\/demonray.de\/wp-content\/uploads\/2024\/04\/benjamin.webp\",\"width\":1920,\"height\":1080,\"caption\":\"Beniamin\"},\"logo\":{\"@id\":\"https:\/\/demonray.de\/#\/schema\/person\/image\/\"},\"sameAs\":[\"https:\/\/demonray.de\/\",\"https:\/\/www.facebook.com\/p\/Demon-Ray-Scuba-Diving-61550789842853\/\",\"https:\/\/www.instagram.com\/demonray_diving\/\"]}]}<\/script>\n<!-- \/ Yoast SEO Premium plugin. -->","yoast_head_json":{"title":"Wypo\u017cyczenie sprz\u0119tu - Demon Ray","robots":{"index":"index","follow":"follow","max-snippet":"max-snippet:-1","max-image-preview":"max-image-preview:large","max-video-preview":"max-video-preview:-1"},"canonical":"https:\/\/demonray.de\/de\/service\/leihausrustung\/","og_locale":"de_DE","og_type":"article","og_title":"Wypo\u017cyczenie sprz\u0119tu","og_description":"Wypo\u017cyczenie sprz\u0119tu Oferujemy wypo\u017cyczenie sprz\u0119tu najwy\u017cszej klasy od czo\u0142owych, renomowanych producent\u00f3w. Koszt za dzie\u0144 Cena Butla nurkowa (bez nape\u0142nienia) 8,00 \u20ac Jacket 10,00 \u20ac Skrzyd\u0142o (Wing) 15,00 \u20ac Pianka p\u00f3\u0142sucha 7mm 10,00 \u20ac Kamizelka docieplaj\u0105ca 5,00 \u20ac Suchy skafander 25,00 \u20ac Shorty 5,00 \u20ac Kaptur 4,00 \u20ac R\u0119kawice 4,00 \u20ac Buty 5,00 \u20ac P\u0142etwy paskowe [&hellip;]","og_url":"https:\/\/demonray.de\/de\/service\/leihausrustung\/","og_site_name":"Demon Ray","article_publisher":"https:\/\/www.facebook.com\/p\/Demon-Ray-Scuba-Diving-61550789842853\/","article_modified_time":"2025-01-12T14:38:46+00:00","og_image":[{"url":"https:\/\/demonray.de\/wp-content\/uploads\/2024\/04\/fb_btn.png","type":"","width":"","height":""}],"twitter_card":"summary_large_image","twitter_misc":{"Gesch\u00e4tzte Lesezeit":"2\u00a0Minuten"},"schema":{"@context":"https:\/\/schema.org","@graph":[{"@type":"WebPage","@id":"https:\/\/demonray.de\/service\/leihausrustung\/","url":"https:\/\/demonray.de\/service\/leihausrustung\/","name":"Wypo\u017cyczenie sprz\u0119tu - Demon Ray","isPartOf":{"@id":"https:\/\/demonray.de\/#website"},"primaryImageOfPage":{"@id":"https:\/\/demonray.de\/service\/leihausrustung\/#primaryimage"},"image":{"@id":"https:\/\/demonray.de\/service\/leihausrustung\/#primaryimage"},"thumbnailUrl":"https:\/\/demonray.de\/wp-content\/uploads\/2024\/04\/fb_btn.png","datePublished":"2024-11-14T17:47:23+00:00","dateModified":"2025-01-12T14:38:46+00:00","breadcrumb":{"@id":"https:\/\/demonray.de\/service\/leihausrustung\/#breadcrumb"},"inLanguage":"de","potentialAction":[{"@type":"ReadAction","target":["https:\/\/demonray.de\/service\/leihausrustung\/"]}]},{"@type":"ImageObject","inLanguage":"de","@id":"https:\/\/demonray.de\/service\/leihausrustung\/#primaryimage","url":"https:\/\/demonray.de\/wp-content\/uploads\/2024\/04\/fb_btn.png","contentUrl":"https:\/\/demonray.de\/wp-content\/uploads\/2024\/04\/fb_btn.png"},{"@type":"BreadcrumbList","@id":"https:\/\/demonray.de\/service\/leihausrustung\/#breadcrumb","itemListElement":[{"@type":"ListItem","position":1,"name":"Strona g\u0142\u00f3wna","item":"https:\/\/demonray.de\/"},{"@type":"ListItem","position":2,"name":"Serwis","item":"https:\/\/demonray.de\/service\/"},{"@type":"ListItem","position":3,"name":"Wypo\u017cyczenie sprz\u0119tu"}]},{"@type":"WebSite","@id":"https:\/\/demonray.de\/#website","url":"https:\/\/demonray.de\/","name":"Demon Ray","description":"Szko\u0142a nurkowania","publisher":{"@id":"https:\/\/demonray.de\/#\/schema\/person\/40b8978b9b5617f17e8741a56fc1efbb"},"potentialAction":[{"@type":"SearchAction","target":{"@type":"EntryPoint","urlTemplate":"https:\/\/demonray.de\/?s={search_term_string}"},"query-input":{"@type":"PropertyValueSpecification","valueRequired":true,"valueName":"search_term_string"}}],"inLanguage":"de"},{"@type":["Person","Organization"],"@id":"https:\/\/demonray.de\/#\/schema\/person\/40b8978b9b5617f17e8741a56fc1efbb","name":"Beniamin","image":{"@type":"ImageObject","inLanguage":"de","@id":"https:\/\/demonray.de\/#\/schema\/person\/image\/","url":"https:\/\/demonray.de\/wp-content\/uploads\/2024\/04\/benjamin.webp","contentUrl":"https:\/\/demonray.de\/wp-content\/uploads\/2024\/04\/benjamin.webp","width":1920,"height":1080,"caption":"Beniamin"},"logo":{"@id":"https:\/\/demonray.de\/#\/schema\/person\/image\/"},"sameAs":["https:\/\/demonray.de\/","https:\/\/www.facebook.com\/p\/Demon-Ray-Scuba-Diving-61550789842853\/","https:\/\/www.instagram.com\/demonray_diving\/"]}]}},"_links":{"self":[{"href":"https:\/\/demonray.de\/de\/wp-json\/wp\/v2\/pages\/1881","targetHints":{"allow":["GET"]}}],"collection":[{"href":"https:\/\/demonray.de\/de\/wp-json\/wp\/v2\/pages"}],"about":[{"href":"https:\/\/demonray.de\/de\/wp-json\/wp\/v2\/types\/page"}],"author":[{"embeddable":true,"href":"https:\/\/demonray.de\/de\/wp-json\/wp\/v2\/users\/1"}],"replies":[{"embeddable":true,"href":"https:\/\/demonray.de\/de\/wp-json\/wp\/v2\/comments?post=1881"}],"version-history":[{"count":13,"href":"https:\/\/demonray.de\/de\/wp-json\/wp\/v2\/pages\/1881\/revisions"}],"predecessor-version":[{"id":2116,"href":"https:\/\/demonray.de\/de\/wp-json\/wp\/v2\/pages\/1881\/revisions\/2116"}],"up":[{"embeddable":true,"href":"https:\/\/demonray.de\/de\/wp-json\/wp\/v2\/pages\/2657"}],"wp:attachment":[{"href":"https:\/\/demonray.de\/de\/wp-json\/wp\/v2\/media?parent=1881"}],"curies":[{"name":"wp","href":"https:\/\/api.w.org\/{rel}","templated":true}]}}