{"id":1835,"date":"2024-11-14T18:33:39","date_gmt":"2024-11-14T16:33:39","guid":{"rendered":"https:\/\/test.demonray.eu\/?page_id=1835"},"modified":"2024-11-20T01:51:43","modified_gmt":"2024-11-19T23:51:43","slug":"benjamin-kruger","status":"publish","type":"page","link":"https:\/\/demonray.de\/de\/team\/benjamin-kruger\/","title":{"rendered":"Benjamin Kr\u00fcger"},"content":{"rendered":"<div data-elementor-type=\"wp-page\" data-elementor-id=\"1835\" class=\"elementor elementor-1835\">\n\t\t\t\t<div class=\"elementor-element elementor-element-da11302 e-flex e-con-boxed e-con e-parent\" data-id=\"da11302\" data-element_type=\"container\">\n\t\t\t\t\t<div class=\"e-con-inner\">\n\t\t\t\t<div class=\"elementor-element elementor-element-35846e2b elementor-widget elementor-widget-heading\" data-id=\"35846e2b\" data-element_type=\"widget\" data-widget_type=\"heading.default\">\n\t\t\t\t<div class=\"elementor-widget-container\">\n\t\t\t<h1 class=\"elementor-heading-title elementor-size-default\">Benjamin Kr\u00fcger<\/h1>\t\t<\/div>\n\t\t\t\t<\/div>\n\t\t\t\t<div class=\"elementor-element elementor-element-722ee5c6 elementor-view-default elementor-widget elementor-widget-icon\" data-id=\"722ee5c6\" data-element_type=\"widget\" data-widget_type=\"icon.default\">\n\t\t\t\t<div class=\"elementor-widget-container\">\n\t\t\t\t\t<div class=\"elementor-icon-wrapper\">\n\t\t\t<a class=\"elementor-icon\" href=\"#scrollToContent\">\n\t\t\t<svg xmlns=\"http:\/\/www.w3.org\/2000\/svg\" xmlns:xlink=\"http:\/\/www.w3.org\/1999\/xlink\" fill=\"#ffffff\" height=\"800px\" width=\"800px\" id=\"Layer_1\" viewbox=\"0 0 512 512\" xml:space=\"preserve\" stroke=\"#ffffff\"><g id=\"SVGRepo_bgCarrier\" stroke-width=\"0\"><\/g><g id=\"SVGRepo_tracerCarrier\" stroke-linecap=\"round\" stroke-linejoin=\"round\"><\/g><g id=\"SVGRepo_iconCarrier\"> <polygon points=\"442.2,93.1 256,279.3 69.8,93.1 0,162.9 256,418.9 512,162.9 \"><\/polygon> <\/g><\/svg>\t\t\t<\/a>\n\t\t<\/div>\n\t\t\t\t<\/div>\n\t\t\t\t<\/div>\n\t\t\t\t<div class=\"elementor-element elementor-element-51c3ddab .trapez elementor-widget elementor-widget-html\" data-id=\"51c3ddab\" data-element_type=\"widget\" id=\"scrollToContent\" data-widget_type=\"html.default\">\n\t\t\t\t<div class=\"elementor-widget-container\">\n\t\t\t<div><\/div>\t\t<\/div>\n\t\t\t\t<\/div>\n\t\t\t\t\t<\/div>\n\t\t\t\t<\/div>\n\t\t<div class=\"elementor-element elementor-element-60c3488d e-flex e-con-boxed e-con e-parent\" data-id=\"60c3488d\" data-element_type=\"container\">\n\t\t\t\t\t<div class=\"e-con-inner\">\n\t\t<div class=\"elementor-element elementor-element-d2dcef7 e-con-full e-flex e-con e-child\" data-id=\"d2dcef7\" data-element_type=\"container\">\n\t\t\t\t<div class=\"elementor-element elementor-element-3831d7e0 elementor-widget elementor-widget-image\" data-id=\"3831d7e0\" data-element_type=\"widget\" data-widget_type=\"image.default\">\n\t\t\t\t<div class=\"elementor-widget-container\">\n\t\t\t\t\t\t\t\t\t\t\t\t\t<img fetchpriority=\"high\" decoding=\"async\" width=\"629\" height=\"420\" src=\"https:\/\/demonray.de\/wp-content\/uploads\/2024\/11\/Krueger_B_-1.webp\" class=\"attachment-large size-large wp-image-1846\" alt=\"\" srcset=\"https:\/\/demonray.de\/wp-content\/uploads\/2024\/11\/Krueger_B_-1.webp 629w, https:\/\/demonray.de\/wp-content\/uploads\/2024\/11\/Krueger_B_-1-300x200.webp 300w, https:\/\/demonray.de\/wp-content\/uploads\/2024\/11\/Krueger_B_-1-18x12.webp 18w\" sizes=\"(max-width: 629px) 100vw, 629px\" \/>\t\t\t\t\t\t\t\t\t\t\t\t\t<\/div>\n\t\t\t\t<\/div>\n\t\t\t\t<\/div>\n\t\t<div class=\"elementor-element elementor-element-34c6090e e-con-full e-flex e-con e-child\" data-id=\"34c6090e\" data-element_type=\"container\">\n\t\t\t\t<div class=\"elementor-element elementor-element-257f0fcd elementor-widget elementor-widget-heading\" data-id=\"257f0fcd\" data-element_type=\"widget\" data-widget_type=\"heading.default\">\n\t\t\t\t<div class=\"elementor-widget-container\">\n\t\t\t<h2 class=\"elementor-heading-title elementor-size-default\">Benjamin Kr\u00fcger<\/h2>\t\t<\/div>\n\t\t\t\t<\/div>\n\t\t\t\t<div class=\"elementor-element elementor-element-2db0ceb4 elementor-widget elementor-widget-heading\" data-id=\"2db0ceb4\" data-element_type=\"widget\" data-widget_type=\"heading.default\">\n\t\t\t\t<div class=\"elementor-widget-container\">\n\t\t\t<h2 class=\"elementor-heading-title elementor-size-default\">Benjamin Kr\u00fcger erlernte bereits in jungen Jahren das Tauchen und erlebte die Faszination der Schwerelosigkeit in heimischen Gew\u00e4ssern. Eine Reise auf die Malediven entfachte schlie\u00dflich seine Leidenschaft vollst\u00e4ndig. Fasziniert von der Vielfalt der Unterwasserwelt, der Kraft der Str\u00f6mungen und der Majest\u00e4t von Haien und Mantas schloss sich der Kreis seiner Begeisterung, und eine intensive Reise in die Welt des Tauchens begann.\n<\/h2>\t\t<\/div>\n\t\t\t\t<\/div>\n\t\t\t\t<\/div>\n\t\t\t\t\t<\/div>\n\t\t\t\t<\/div>\n\t\t<div class=\"elementor-element elementor-element-3b1f3f90 e-flex e-con-boxed e-con e-parent\" data-id=\"3b1f3f90\" data-element_type=\"container\">\n\t\t\t\t\t<div class=\"e-con-inner\">\n\t\t<div class=\"elementor-element elementor-element-3b9a24b0 e-con-full e-flex e-con e-child\" data-id=\"3b9a24b0\" data-element_type=\"container\">\n\t\t\t\t<div class=\"elementor-element elementor-element-cdd912c elementor-widget elementor-widget-image\" data-id=\"cdd912c\" data-element_type=\"widget\" data-widget_type=\"image.default\">\n\t\t\t\t<div class=\"elementor-widget-container\">\n\t\t\t\t\t\t\t\t\t\t\t\t\t<img decoding=\"async\" width=\"576\" height=\"1024\" src=\"https:\/\/demonray.de\/wp-content\/uploads\/2024\/11\/Krueger_B_-7-576x1024.jpeg\" class=\"attachment-large size-large wp-image-1801\" alt=\"\" srcset=\"https:\/\/demonray.de\/wp-content\/uploads\/2024\/11\/Krueger_B_-7-576x1024.jpeg 576w, https:\/\/demonray.de\/wp-content\/uploads\/2024\/11\/Krueger_B_-7-169x300.jpeg 169w, https:\/\/demonray.de\/wp-content\/uploads\/2024\/11\/Krueger_B_-7-768x1365.jpeg 768w, https:\/\/demonray.de\/wp-content\/uploads\/2024\/11\/Krueger_B_-7-7x12.jpeg 7w, https:\/\/demonray.de\/wp-content\/uploads\/2024\/11\/Krueger_B_-7.jpeg 773w\" sizes=\"(max-width: 576px) 100vw, 576px\" \/>\t\t\t\t\t\t\t\t\t\t\t\t\t<\/div>\n\t\t\t\t<\/div>\n\t\t\t\t<\/div>\n\t\t<div class=\"elementor-element elementor-element-7b75400d e-con-full e-flex e-con e-child\" data-id=\"7b75400d\" data-element_type=\"container\">\n\t\t\t\t<div class=\"elementor-element elementor-element-3237be51 elementor-widget elementor-widget-heading\" data-id=\"3237be51\" data-element_type=\"widget\" data-widget_type=\"heading.default\">\n\t\t\t\t<div class=\"elementor-widget-container\">\n\t\t\t<h2 class=\"elementor-heading-title elementor-size-default\">Sein Motto lautet seither, m\u00f6glichst viele verschiedene Tauchgebiete und Regionen der Welt zu bereisen. Jedes Gew\u00e4sser bietet seinen eigenen Reiz und die Chance, entdeckt zu werden \u2013 sei es ein heimischer, winterlicher Baggersee, das farbenfrohe Rote Meer oder die beeindruckende \u201eWall of Sharks\u201c im fernen Franz\u00f6sisch-Polynesien. Dabei begleitet ihn stets eine Kamera, um Erlebnisse festzuhalten, Inspirationen mit der Community zu teilen und auch Nicht-Tauchern einen Zugang zu dieser faszinierenden Welt zu erm\u00f6glichen.\n<\/h2>\t\t<\/div>\n\t\t\t\t<\/div>\n\t\t\t\t<div class=\"elementor-element elementor-element-ab2e874 elementor-hidden-desktop elementor-hidden-tablet elementor-widget elementor-widget-image\" data-id=\"ab2e874\" data-element_type=\"widget\" data-widget_type=\"image.default\">\n\t\t\t\t<div class=\"elementor-widget-container\">\n\t\t\t\t\t\t\t\t\t\t\t\t\t<img decoding=\"async\" width=\"800\" height=\"534\" src=\"https:\/\/demonray.de\/wp-content\/uploads\/2024\/11\/Krueger_B_-6-1024x683.jpeg\" class=\"attachment-large size-large wp-image-2101\" alt=\"\" srcset=\"https:\/\/demonray.de\/wp-content\/uploads\/2024\/11\/Krueger_B_-6-1024x683.jpeg 1024w, https:\/\/demonray.de\/wp-content\/uploads\/2024\/11\/Krueger_B_-6-300x200.jpeg 300w, https:\/\/demonray.de\/wp-content\/uploads\/2024\/11\/Krueger_B_-6-768x512.jpeg 768w, https:\/\/demonray.de\/wp-content\/uploads\/2024\/11\/Krueger_B_-6-18x12.jpeg 18w, https:\/\/demonray.de\/wp-content\/uploads\/2024\/11\/Krueger_B_-6-600x400.jpeg 600w, https:\/\/demonray.de\/wp-content\/uploads\/2024\/11\/Krueger_B_-6.jpeg 1280w\" sizes=\"(max-width: 800px) 100vw, 800px\" \/>\t\t\t\t\t\t\t\t\t\t\t\t\t<\/div>\n\t\t\t\t<\/div>\n\t\t\t\t<div class=\"elementor-element elementor-element-974035 elementor-widget elementor-widget-heading\" data-id=\"974035\" data-element_type=\"widget\" data-widget_type=\"heading.default\">\n\t\t\t\t<div class=\"elementor-widget-container\">\n\t\t\t<h2 class=\"elementor-heading-title elementor-size-default\">Seit einigen Jahren arbeitet Benjamin Kr\u00fcger au\u00dferdem als Trainer und erweiterte diese T\u00e4tigkeit mit seiner Ausbildung zum Tauchlehrer. Er orientiert sich dabei stets an den F\u00e4higkeiten und Interessen seiner Sch\u00fcler, um sie zu sicheren und verantwortungsbewussten Tauchern auszubilden oder weiterzuentwickeln. Besonders die Individualit\u00e4t jedes einzelnen Tauchsch\u00fclers macht diese Aufgabe f\u00fcr ihn spannend und\u00a0bereichernd.<\/h2>\t\t<\/div>\n\t\t\t\t<\/div>\n\t\t\t\t<\/div>\n\t\t\t\t\t<\/div>\n\t\t\t\t<\/div>\n\t\t<div class=\"elementor-element elementor-element-e8e1dd0 elementor-hidden-mobile e-flex e-con-boxed e-con e-parent\" data-id=\"e8e1dd0\" data-element_type=\"container\">\n\t\t\t\t\t<div class=\"e-con-inner\">\n\t\t\t\t<div class=\"elementor-element elementor-element-c7664f9 elementor-widget elementor-widget-image\" data-id=\"c7664f9\" data-element_type=\"widget\" data-widget_type=\"image.default\">\n\t\t\t\t<div class=\"elementor-widget-container\">\n\t\t\t\t\t\t\t\t\t\t\t\t\t<img decoding=\"async\" width=\"800\" height=\"534\" src=\"https:\/\/demonray.de\/wp-content\/uploads\/2024\/11\/Krueger_B_-6-1024x683.jpeg\" class=\"attachment-large size-large wp-image-2101\" alt=\"\" srcset=\"https:\/\/demonray.de\/wp-content\/uploads\/2024\/11\/Krueger_B_-6-1024x683.jpeg 1024w, https:\/\/demonray.de\/wp-content\/uploads\/2024\/11\/Krueger_B_-6-300x200.jpeg 300w, https:\/\/demonray.de\/wp-content\/uploads\/2024\/11\/Krueger_B_-6-768x512.jpeg 768w, https:\/\/demonray.de\/wp-content\/uploads\/2024\/11\/Krueger_B_-6-18x12.jpeg 18w, https:\/\/demonray.de\/wp-content\/uploads\/2024\/11\/Krueger_B_-6-600x400.jpeg 600w, https:\/\/demonray.de\/wp-content\/uploads\/2024\/11\/Krueger_B_-6.jpeg 1280w\" sizes=\"(max-width: 800px) 100vw, 800px\" \/>\t\t\t\t\t\t\t\t\t\t\t\t\t<\/div>\n\t\t\t\t<\/div>\n\t\t\t\t\t<\/div>\n\t\t\t\t<\/div>\n\t\t<div class=\"elementor-element elementor-element-71759e09 e-flex e-con-boxed e-con e-parent\" data-id=\"71759e09\" data-element_type=\"container\" data-settings=\"{&quot;background_background&quot;:&quot;classic&quot;}\">\n\t\t\t\t\t<div class=\"e-con-inner\">\n\t\t\t\t<div class=\"elementor-element elementor-element-2cc99775 elementor-widget elementor-widget-html\" data-id=\"2cc99775\" data-element_type=\"widget\" data-widget_type=\"html.default\">\n\t\t\t\t<div class=\"elementor-widget-container\">\n\t\t\t<div><\/div>\t\t<\/div>\n\t\t\t\t<\/div>\n\t\t\t\t<div class=\"elementor-element elementor-element-79193026 elementor-widget elementor-widget-heading\" data-id=\"79193026\" data-element_type=\"widget\" data-widget_type=\"heading.default\">\n\t\t\t\t<div class=\"elementor-widget-container\">\n\t\t\t<h2 class=\"elementor-heading-title elementor-size-default\"><a href=\"https:\/\/www.facebook.com\/profile.php?id=61550789842853\" target=\"_blank\">FOLGEN SIE UNS AUF FACEBOOK UND INSTAGRAM<\/a><\/h2>\t\t<\/div>\n\t\t\t\t<\/div>\n\t\t\t\t<div class=\"elementor-element elementor-element-75be1b3b elementor-widget elementor-widget-html\" data-id=\"75be1b3b\" data-element_type=\"widget\" data-widget_type=\"html.default\">\n\t\t\t\t<div class=\"elementor-widget-container\">\n\t\t\t<div><\/div>\t\t<\/div>\n\t\t\t\t<\/div>\n\t\t<div class=\"elementor-element elementor-element-10b28923 e-flex e-con-boxed e-con e-child\" data-id=\"10b28923\" data-element_type=\"container\">\n\t\t\t\t\t<div class=\"e-con-inner\">\n\t\t\t\t<div class=\"elementor-element elementor-element-45d42926 elementor-widget elementor-widget-image\" data-id=\"45d42926\" data-element_type=\"widget\" data-widget_type=\"image.default\">\n\t\t\t\t<div class=\"elementor-widget-container\">\n\t\t\t\t\t\t\t\t\t\t\t\t\t\t<a href=\"https:\/\/www.facebook.com\/profile.php?id=61550789842853\" target=\"_blank\">\n\t\t\t\t\t\t\t<img loading=\"lazy\" decoding=\"async\" width=\"101\" height=\"100\" src=\"https:\/\/demonray.de\/wp-content\/uploads\/2024\/04\/fb_btn.png\" class=\"attachment-large size-large wp-image-1173\" alt=\"\" srcset=\"https:\/\/demonray.de\/wp-content\/uploads\/2024\/04\/fb_btn.png 101w, https:\/\/demonray.de\/wp-content\/uploads\/2024\/04\/fb_btn-12x12.png 12w\" sizes=\"(max-width: 101px) 100vw, 101px\" \/>\t\t\t\t\t\t\t\t<\/a>\n\t\t\t\t\t\t\t\t\t\t\t\t\t<\/div>\n\t\t\t\t<\/div>\n\t\t\t\t<div class=\"elementor-element elementor-element-e1c674c elementor-widget elementor-widget-image\" data-id=\"e1c674c\" data-element_type=\"widget\" data-widget_type=\"image.default\">\n\t\t\t\t<div class=\"elementor-widget-container\">\n\t\t\t\t\t\t\t\t\t\t\t\t\t\t<a href=\"https:\/\/www.instagram.com\/demonray_diving\/\" target=\"_blank\">\n\t\t\t\t\t\t\t<img loading=\"lazy\" decoding=\"async\" width=\"101\" height=\"101\" src=\"https:\/\/demonray.de\/wp-content\/uploads\/2024\/04\/iggg.png\" class=\"attachment-large size-large wp-image-1174\" alt=\"\" srcset=\"https:\/\/demonray.de\/wp-content\/uploads\/2024\/04\/iggg.png 101w, https:\/\/demonray.de\/wp-content\/uploads\/2024\/04\/iggg-12x12.png 12w\" sizes=\"(max-width: 101px) 100vw, 101px\" \/>\t\t\t\t\t\t\t\t<\/a>\n\t\t\t\t\t\t\t\t\t\t\t\t\t<\/div>\n\t\t\t\t<\/div>\n\t\t\t\t\t<\/div>\n\t\t\t\t<\/div>\n\t\t\t\t\t<\/div>\n\t\t\t\t<\/div>\n\t\t\t\t<\/div>","protected":false},"excerpt":{"rendered":"<p>Benjamin Kr\u00fcger Benjamin Kr\u00fcger Benjamin Kr\u00fcger ju\u017c w m\u0142odym wieku nauczy\u0142 si\u0119 nurkowa\u0107 i do\u015bwiadczy\u0142 fascynacji stanem niewa\u017cko\u015bci w rodzimych wodach. Podr\u00f3\u017c na Malediwy ostatecznie rozbudzi\u0142a jego pasj\u0119. Zafascynowany r\u00f3\u017cnorodno\u015bci\u0105 podwodnego \u015bwiata, si\u0142\u0105 pr\u0105d\u00f3w morskich i majestatyczno\u015bci\u0105 rekin\u00f3w oraz mant, jego zachwyt osi\u0105gn\u0105\u0142 szczyt, a intensywna podr\u00f3\u017c w \u015bwiat nurkowania rozpocz\u0119\u0142a si\u0119 na dobre. Od [&hellip;]<\/p>","protected":false},"author":1,"featured_media":0,"parent":194,"menu_order":0,"comment_status":"closed","ping_status":"closed","template":"","meta":{"footnotes":""},"class_list":["post-1835","page","type-page","status-publish","hentry"],"yoast_head":"<!-- This site is optimized with the Yoast SEO Premium plugin v19.4 (Yoast SEO v24.3) - https:\/\/yoast.com\/wordpress\/plugins\/seo\/ -->\n<title>Benjamin Kr\u00fcger - Demon Ray<\/title>\n<meta name=\"robots\" content=\"index, follow, max-snippet:-1, max-image-preview:large, max-video-preview:-1\" \/>\n<link rel=\"canonical\" href=\"https:\/\/demonray.de\/de\/team\/benjamin-kruger\/\" \/>\n<meta property=\"og:locale\" content=\"de_DE\" \/>\n<meta property=\"og:type\" content=\"article\" \/>\n<meta property=\"og:title\" content=\"Benjamin Kr\u00fcger\" \/>\n<meta property=\"og:description\" content=\"Benjamin Kr\u00fcger Benjamin Kr\u00fcger Benjamin Kr\u00fcger ju\u017c w m\u0142odym wieku nauczy\u0142 si\u0119 nurkowa\u0107 i do\u015bwiadczy\u0142 fascynacji stanem niewa\u017cko\u015bci w rodzimych wodach. Podr\u00f3\u017c na Malediwy ostatecznie rozbudzi\u0142a jego pasj\u0119. Zafascynowany r\u00f3\u017cnorodno\u015bci\u0105 podwodnego \u015bwiata, si\u0142\u0105 pr\u0105d\u00f3w morskich i majestatyczno\u015bci\u0105 rekin\u00f3w oraz mant, jego zachwyt osi\u0105gn\u0105\u0142 szczyt, a intensywna podr\u00f3\u017c w \u015bwiat nurkowania rozpocz\u0119\u0142a si\u0119 na dobre. Od [&hellip;]\" \/>\n<meta property=\"og:url\" content=\"https:\/\/demonray.de\/de\/team\/benjamin-kruger\/\" \/>\n<meta property=\"og:site_name\" content=\"Demon Ray\" \/>\n<meta property=\"article:publisher\" content=\"https:\/\/www.facebook.com\/p\/Demon-Ray-Scuba-Diving-61550789842853\/\" \/>\n<meta property=\"article:modified_time\" content=\"2024-11-19T23:51:43+00:00\" \/>\n<meta property=\"og:image\" content=\"https:\/\/demonray.de\/wp-content\/uploads\/2024\/11\/Krueger_B_-1.webp\" \/>\n\t<meta property=\"og:image:width\" content=\"629\" \/>\n\t<meta property=\"og:image:height\" content=\"420\" \/>\n\t<meta property=\"og:image:type\" content=\"image\/webp\" \/>\n<meta name=\"twitter:card\" content=\"summary_large_image\" \/>\n<meta name=\"twitter:label1\" content=\"Gesch\u00e4tzte Lesezeit\" \/>\n\t<meta name=\"twitter:data1\" content=\"3\u00a0Minuten\" \/>\n<script type=\"application\/ld+json\" class=\"yoast-schema-graph\">{\"@context\":\"https:\/\/schema.org\",\"@graph\":[{\"@type\":\"WebPage\",\"@id\":\"https:\/\/demonray.de\/team\/benjamin-kruger\/\",\"url\":\"https:\/\/demonray.de\/team\/benjamin-kruger\/\",\"name\":\"Benjamin Kr\u00fcger - Demon Ray\",\"isPartOf\":{\"@id\":\"https:\/\/demonray.de\/#website\"},\"primaryImageOfPage\":{\"@id\":\"https:\/\/demonray.de\/team\/benjamin-kruger\/#primaryimage\"},\"image\":{\"@id\":\"https:\/\/demonray.de\/team\/benjamin-kruger\/#primaryimage\"},\"thumbnailUrl\":\"https:\/\/demonray.de\/wp-content\/uploads\/2024\/11\/Krueger_B_-1.webp\",\"datePublished\":\"2024-11-14T16:33:39+00:00\",\"dateModified\":\"2024-11-19T23:51:43+00:00\",\"breadcrumb\":{\"@id\":\"https:\/\/demonray.de\/team\/benjamin-kruger\/#breadcrumb\"},\"inLanguage\":\"de\",\"potentialAction\":[{\"@type\":\"ReadAction\",\"target\":[\"https:\/\/demonray.de\/team\/benjamin-kruger\/\"]}]},{\"@type\":\"ImageObject\",\"inLanguage\":\"de\",\"@id\":\"https:\/\/demonray.de\/team\/benjamin-kruger\/#primaryimage\",\"url\":\"https:\/\/demonray.de\/wp-content\/uploads\/2024\/11\/Krueger_B_-1.webp\",\"contentUrl\":\"https:\/\/demonray.de\/wp-content\/uploads\/2024\/11\/Krueger_B_-1.webp\"},{\"@type\":\"BreadcrumbList\",\"@id\":\"https:\/\/demonray.de\/team\/benjamin-kruger\/#breadcrumb\",\"itemListElement\":[{\"@type\":\"ListItem\",\"position\":1,\"name\":\"Strona g\u0142\u00f3wna\",\"item\":\"https:\/\/demonray.de\/\"},{\"@type\":\"ListItem\",\"position\":2,\"name\":\"Team\",\"item\":\"https:\/\/demonray.de\/team\/\"},{\"@type\":\"ListItem\",\"position\":3,\"name\":\"Benjamin Kr\u00fcger\"}]},{\"@type\":\"WebSite\",\"@id\":\"https:\/\/demonray.de\/#website\",\"url\":\"https:\/\/demonray.de\/\",\"name\":\"Demon Ray\",\"description\":\"Szko\u0142a nurkowania\",\"publisher\":{\"@id\":\"https:\/\/demonray.de\/#\/schema\/person\/40b8978b9b5617f17e8741a56fc1efbb\"},\"potentialAction\":[{\"@type\":\"SearchAction\",\"target\":{\"@type\":\"EntryPoint\",\"urlTemplate\":\"https:\/\/demonray.de\/?s={search_term_string}\"},\"query-input\":{\"@type\":\"PropertyValueSpecification\",\"valueRequired\":true,\"valueName\":\"search_term_string\"}}],\"inLanguage\":\"de\"},{\"@type\":[\"Person\",\"Organization\"],\"@id\":\"https:\/\/demonray.de\/#\/schema\/person\/40b8978b9b5617f17e8741a56fc1efbb\",\"name\":\"Beniamin\",\"image\":{\"@type\":\"ImageObject\",\"inLanguage\":\"de\",\"@id\":\"https:\/\/demonray.de\/#\/schema\/person\/image\/\",\"url\":\"https:\/\/demonray.de\/wp-content\/uploads\/2024\/04\/benjamin.webp\",\"contentUrl\":\"https:\/\/demonray.de\/wp-content\/uploads\/2024\/04\/benjamin.webp\",\"width\":1920,\"height\":1080,\"caption\":\"Beniamin\"},\"logo\":{\"@id\":\"https:\/\/demonray.de\/#\/schema\/person\/image\/\"},\"sameAs\":[\"https:\/\/demonray.de\/\",\"https:\/\/www.facebook.com\/p\/Demon-Ray-Scuba-Diving-61550789842853\/\",\"https:\/\/www.instagram.com\/demonray_diving\/\"]}]}<\/script>\n<!-- \/ Yoast SEO Premium plugin. -->","yoast_head_json":{"title":"Benjamin Kr\u00fcger - Demon Ray","robots":{"index":"index","follow":"follow","max-snippet":"max-snippet:-1","max-image-preview":"max-image-preview:large","max-video-preview":"max-video-preview:-1"},"canonical":"https:\/\/demonray.de\/de\/team\/benjamin-kruger\/","og_locale":"de_DE","og_type":"article","og_title":"Benjamin Kr\u00fcger","og_description":"Benjamin Kr\u00fcger Benjamin Kr\u00fcger Benjamin Kr\u00fcger ju\u017c w m\u0142odym wieku nauczy\u0142 si\u0119 nurkowa\u0107 i do\u015bwiadczy\u0142 fascynacji stanem niewa\u017cko\u015bci w rodzimych wodach. Podr\u00f3\u017c na Malediwy ostatecznie rozbudzi\u0142a jego pasj\u0119. Zafascynowany r\u00f3\u017cnorodno\u015bci\u0105 podwodnego \u015bwiata, si\u0142\u0105 pr\u0105d\u00f3w morskich i majestatyczno\u015bci\u0105 rekin\u00f3w oraz mant, jego zachwyt osi\u0105gn\u0105\u0142 szczyt, a intensywna podr\u00f3\u017c w \u015bwiat nurkowania rozpocz\u0119\u0142a si\u0119 na dobre. Od [&hellip;]","og_url":"https:\/\/demonray.de\/de\/team\/benjamin-kruger\/","og_site_name":"Demon Ray","article_publisher":"https:\/\/www.facebook.com\/p\/Demon-Ray-Scuba-Diving-61550789842853\/","article_modified_time":"2024-11-19T23:51:43+00:00","og_image":[{"width":629,"height":420,"url":"https:\/\/demonray.de\/wp-content\/uploads\/2024\/11\/Krueger_B_-1.webp","type":"image\/webp"}],"twitter_card":"summary_large_image","twitter_misc":{"Gesch\u00e4tzte Lesezeit":"3\u00a0Minuten"},"schema":{"@context":"https:\/\/schema.org","@graph":[{"@type":"WebPage","@id":"https:\/\/demonray.de\/team\/benjamin-kruger\/","url":"https:\/\/demonray.de\/team\/benjamin-kruger\/","name":"Benjamin Kr\u00fcger - Demon Ray","isPartOf":{"@id":"https:\/\/demonray.de\/#website"},"primaryImageOfPage":{"@id":"https:\/\/demonray.de\/team\/benjamin-kruger\/#primaryimage"},"image":{"@id":"https:\/\/demonray.de\/team\/benjamin-kruger\/#primaryimage"},"thumbnailUrl":"https:\/\/demonray.de\/wp-content\/uploads\/2024\/11\/Krueger_B_-1.webp","datePublished":"2024-11-14T16:33:39+00:00","dateModified":"2024-11-19T23:51:43+00:00","breadcrumb":{"@id":"https:\/\/demonray.de\/team\/benjamin-kruger\/#breadcrumb"},"inLanguage":"de","potentialAction":[{"@type":"ReadAction","target":["https:\/\/demonray.de\/team\/benjamin-kruger\/"]}]},{"@type":"ImageObject","inLanguage":"de","@id":"https:\/\/demonray.de\/team\/benjamin-kruger\/#primaryimage","url":"https:\/\/demonray.de\/wp-content\/uploads\/2024\/11\/Krueger_B_-1.webp","contentUrl":"https:\/\/demonray.de\/wp-content\/uploads\/2024\/11\/Krueger_B_-1.webp"},{"@type":"BreadcrumbList","@id":"https:\/\/demonray.de\/team\/benjamin-kruger\/#breadcrumb","itemListElement":[{"@type":"ListItem","position":1,"name":"Strona g\u0142\u00f3wna","item":"https:\/\/demonray.de\/"},{"@type":"ListItem","position":2,"name":"Team","item":"https:\/\/demonray.de\/team\/"},{"@type":"ListItem","position":3,"name":"Benjamin Kr\u00fcger"}]},{"@type":"WebSite","@id":"https:\/\/demonray.de\/#website","url":"https:\/\/demonray.de\/","name":"Demon Ray","description":"Szko\u0142a nurkowania","publisher":{"@id":"https:\/\/demonray.de\/#\/schema\/person\/40b8978b9b5617f17e8741a56fc1efbb"},"potentialAction":[{"@type":"SearchAction","target":{"@type":"EntryPoint","urlTemplate":"https:\/\/demonray.de\/?s={search_term_string}"},"query-input":{"@type":"PropertyValueSpecification","valueRequired":true,"valueName":"search_term_string"}}],"inLanguage":"de"},{"@type":["Person","Organization"],"@id":"https:\/\/demonray.de\/#\/schema\/person\/40b8978b9b5617f17e8741a56fc1efbb","name":"Beniamin","image":{"@type":"ImageObject","inLanguage":"de","@id":"https:\/\/demonray.de\/#\/schema\/person\/image\/","url":"https:\/\/demonray.de\/wp-content\/uploads\/2024\/04\/benjamin.webp","contentUrl":"https:\/\/demonray.de\/wp-content\/uploads\/2024\/04\/benjamin.webp","width":1920,"height":1080,"caption":"Beniamin"},"logo":{"@id":"https:\/\/demonray.de\/#\/schema\/person\/image\/"},"sameAs":["https:\/\/demonray.de\/","https:\/\/www.facebook.com\/p\/Demon-Ray-Scuba-Diving-61550789842853\/","https:\/\/www.instagram.com\/demonray_diving\/"]}]}},"_links":{"self":[{"href":"https:\/\/demonray.de\/de\/wp-json\/wp\/v2\/pages\/1835","targetHints":{"allow":["GET"]}}],"collection":[{"href":"https:\/\/demonray.de\/de\/wp-json\/wp\/v2\/pages"}],"about":[{"href":"https:\/\/demonray.de\/de\/wp-json\/wp\/v2\/types\/page"}],"author":[{"embeddable":true,"href":"https:\/\/demonray.de\/de\/wp-json\/wp\/v2\/users\/1"}],"replies":[{"embeddable":true,"href":"https:\/\/demonray.de\/de\/wp-json\/wp\/v2\/comments?post=1835"}],"version-history":[{"count":22,"href":"https:\/\/demonray.de\/de\/wp-json\/wp\/v2\/pages\/1835\/revisions"}],"predecessor-version":[{"id":2110,"href":"https:\/\/demonray.de\/de\/wp-json\/wp\/v2\/pages\/1835\/revisions\/2110"}],"up":[{"embeddable":true,"href":"https:\/\/demonray.de\/de\/wp-json\/wp\/v2\/pages\/194"}],"wp:attachment":[{"href":"https:\/\/demonray.de\/de\/wp-json\/wp\/v2\/media?parent=1835"}],"curies":[{"name":"wp","href":"https:\/\/api.w.org\/{rel}","templated":true}]}}