{"id":1824,"date":"2024-11-14T18:27:39","date_gmt":"2024-11-14T16:27:39","guid":{"rendered":"https:\/\/test.demonray.eu\/?page_id=1824"},"modified":"2026-01-05T22:44:54","modified_gmt":"2026-01-05T20:44:54","slug":"beniamin-schydlo","status":"publish","type":"page","link":"https:\/\/demonray.de\/de\/team\/benjamin-schydlo\/","title":{"rendered":"Beniamin Schydlo"},"content":{"rendered":"<div data-elementor-type=\"wp-page\" data-elementor-id=\"1824\" class=\"elementor elementor-1824\">\n\t\t\t\t<div class=\"elementor-element elementor-element-69ab59bc e-flex e-con-boxed e-con e-parent\" data-id=\"69ab59bc\" data-element_type=\"container\">\n\t\t\t\t\t<div class=\"e-con-inner\">\n\t\t\t\t<div class=\"elementor-element elementor-element-5192af78 elementor-widget elementor-widget-heading\" data-id=\"5192af78\" data-element_type=\"widget\" data-widget_type=\"heading.default\">\n\t\t\t\t<div class=\"elementor-widget-container\">\n\t\t\t<h1 class=\"elementor-heading-title elementor-size-default\">Beniamin schydlo<\/h1>\t\t<\/div>\n\t\t\t\t<\/div>\n\t\t\t\t<div class=\"elementor-element elementor-element-6eac30c8 elementor-view-default elementor-widget elementor-widget-icon\" data-id=\"6eac30c8\" data-element_type=\"widget\" data-widget_type=\"icon.default\">\n\t\t\t\t<div class=\"elementor-widget-container\">\n\t\t\t\t\t<div class=\"elementor-icon-wrapper\">\n\t\t\t<a class=\"elementor-icon\" href=\"#scrollToContent\">\n\t\t\t<svg xmlns=\"http:\/\/www.w3.org\/2000\/svg\" xmlns:xlink=\"http:\/\/www.w3.org\/1999\/xlink\" fill=\"#ffffff\" height=\"800px\" width=\"800px\" id=\"Layer_1\" viewbox=\"0 0 512 512\" xml:space=\"preserve\" stroke=\"#ffffff\"><g id=\"SVGRepo_bgCarrier\" stroke-width=\"0\"><\/g><g id=\"SVGRepo_tracerCarrier\" stroke-linecap=\"round\" stroke-linejoin=\"round\"><\/g><g id=\"SVGRepo_iconCarrier\"> <polygon points=\"442.2,93.1 256,279.3 69.8,93.1 0,162.9 256,418.9 512,162.9 \"><\/polygon> <\/g><\/svg>\t\t\t<\/a>\n\t\t<\/div>\n\t\t\t\t<\/div>\n\t\t\t\t<\/div>\n\t\t\t\t<div class=\"elementor-element elementor-element-26310b42 .trapez elementor-widget elementor-widget-html\" data-id=\"26310b42\" data-element_type=\"widget\" id=\"scrollToContent\" data-widget_type=\"html.default\">\n\t\t\t\t<div class=\"elementor-widget-container\">\n\t\t\t<div><\/div>\t\t<\/div>\n\t\t\t\t<\/div>\n\t\t\t\t\t<\/div>\n\t\t\t\t<\/div>\n\t\t<div class=\"elementor-element elementor-element-7a459a07 e-flex e-con-boxed e-con e-parent\" data-id=\"7a459a07\" data-element_type=\"container\">\n\t\t\t\t\t<div class=\"e-con-inner\">\n\t\t<div class=\"elementor-element elementor-element-1b8b4b73 e-con-full e-flex e-con e-child\" data-id=\"1b8b4b73\" data-element_type=\"container\">\n\t\t\t\t<div class=\"elementor-element elementor-element-13780ff7 elementor-widget elementor-widget-image\" data-id=\"13780ff7\" data-element_type=\"widget\" data-widget_type=\"image.default\">\n\t\t\t\t<div class=\"elementor-widget-container\">\n\t\t\t\t\t\t\t\t\t\t\t\t\t<img fetchpriority=\"high\" decoding=\"async\" width=\"800\" height=\"450\" src=\"https:\/\/demonray.de\/wp-content\/uploads\/2024\/04\/header1-1024x576.webp\" class=\"attachment-large size-large wp-image-153\" alt=\"Szko\u0142a nurkowania\" srcset=\"https:\/\/demonray.de\/wp-content\/uploads\/2024\/04\/header1-1024x576.webp 1024w, https:\/\/demonray.de\/wp-content\/uploads\/2024\/04\/header1-300x169.webp 300w, https:\/\/demonray.de\/wp-content\/uploads\/2024\/04\/header1-768x432.webp 768w, https:\/\/demonray.de\/wp-content\/uploads\/2024\/04\/header1-1536x864.webp 1536w, https:\/\/demonray.de\/wp-content\/uploads\/2024\/04\/header1.webp 1600w\" sizes=\"(max-width: 800px) 100vw, 800px\" \/>\t\t\t\t\t\t\t\t\t\t\t\t\t<\/div>\n\t\t\t\t<\/div>\n\t\t\t\t<\/div>\n\t\t<div class=\"elementor-element elementor-element-541d8acf e-con-full e-flex e-con e-child\" data-id=\"541d8acf\" data-element_type=\"container\">\n\t\t\t\t<div class=\"elementor-element elementor-element-28ce7303 elementor-widget elementor-widget-heading\" data-id=\"28ce7303\" data-element_type=\"widget\" data-widget_type=\"heading.default\">\n\t\t\t\t<div class=\"elementor-widget-container\">\n\t\t\t<h2 class=\"elementor-heading-title elementor-size-default\">Beniamin Schydlo <\/h2>\t\t<\/div>\n\t\t\t\t<\/div>\n\t\t\t\t<div class=\"elementor-element elementor-element-2c3bc549 elementor-widget elementor-widget-heading\" data-id=\"2c3bc549\" data-element_type=\"widget\" data-widget_type=\"heading.default\">\n\t\t\t\t<div class=\"elementor-widget-container\">\n\t\t\t<h2 class=\"elementor-heading-title elementor-size-default\">Gr\u00fcnder und Eigent\u00fcmer der Tauchschule Demon Ray. Sein Tauchabenteuer begann im Jahr 2014, als er zum ersten Mal in die Tiefen des Ozeans eintauchte und damit seinen gro\u00dfen Traum verwirklichte. Diese Erfahrung ver\u00e4nderte seine Sichtweise auf die Welt grundlegend und er\u00f6ffnete ihm v\u00f6llig neue Horizonte. Ein Jahr sp\u00e4ter absolvierte er den Open Water Diver Kurs.<\/h2>\t\t<\/div>\n\t\t\t\t<\/div>\n\t\t\t\t<\/div>\n\t\t\t\t\t<\/div>\n\t\t\t\t<\/div>\n\t\t<div class=\"elementor-element elementor-element-26088794 e-flex e-con-boxed e-con e-parent\" data-id=\"26088794\" data-element_type=\"container\">\n\t\t\t\t\t<div class=\"e-con-inner\">\n\t\t<div class=\"elementor-element elementor-element-f0667b0 e-con-full e-flex e-con e-child\" data-id=\"f0667b0\" data-element_type=\"container\">\n\t\t\t\t<div class=\"elementor-element elementor-element-501f5f2c elementor-widget elementor-widget-image\" data-id=\"501f5f2c\" data-element_type=\"widget\" data-widget_type=\"image.default\">\n\t\t\t\t<div class=\"elementor-widget-container\">\n\t\t\t\t\t\t\t\t\t\t\t\t\t<img decoding=\"async\" width=\"768\" height=\"1024\" src=\"https:\/\/demonray.de\/wp-content\/uploads\/2024\/04\/benjamin2-768x1024.webp\" class=\"attachment-large size-large wp-image-198\" alt=\"\" srcset=\"https:\/\/demonray.de\/wp-content\/uploads\/2024\/04\/benjamin2-768x1024.webp 768w, https:\/\/demonray.de\/wp-content\/uploads\/2024\/04\/benjamin2-225x300.webp 225w, https:\/\/demonray.de\/wp-content\/uploads\/2024\/04\/benjamin2-1152x1536.webp 1152w, https:\/\/demonray.de\/wp-content\/uploads\/2024\/04\/benjamin2.webp 1536w\" sizes=\"(max-width: 768px) 100vw, 768px\" \/>\t\t\t\t\t\t\t\t\t\t\t\t\t<\/div>\n\t\t\t\t<\/div>\n\t\t\t\t<\/div>\n\t\t<div class=\"elementor-element elementor-element-72e983a9 e-con-full e-flex e-con e-child\" data-id=\"72e983a9\" data-element_type=\"container\">\n\t\t\t\t<div class=\"elementor-element elementor-element-5a49880f elementor-widget elementor-widget-heading\" data-id=\"5a49880f\" data-element_type=\"widget\" data-widget_type=\"heading.default\">\n\t\t\t\t<div class=\"elementor-widget-container\">\n\t\t\t<h2 class=\"elementor-heading-title elementor-size-default\">W\u00e4hrend seiner Reisen sammelte er nicht nur au\u00dfergew\u00f6hnliche Erinnerungen, sondern auch unsch\u00e4tzbares Wissen und Erfahrung sowie weitere Tauchspezialisierungsgrade. Seine Leidenschaft entwickelte sich st\u00e4ndig weiter, und damit wuchs auch der Wunsch, sie mit anderen zu teilen.<\/h2>\t\t<\/div>\n\t\t\t\t<\/div>\n\t\t\t\t<div class=\"elementor-element elementor-element-4402b5c4 elementor-widget elementor-widget-heading\" data-id=\"4402b5c4\" data-element_type=\"widget\" data-widget_type=\"heading.default\">\n\t\t\t\t<div class=\"elementor-widget-container\">\n\t\t\t<h2 class=\"elementor-heading-title elementor-size-default\">Die Freude, die er bei der Arbeit mit Kursteilnehmern als Dive Master empfand, veranlasste ihn, sich f\u00fcr Ausbildungskurse anzumelden.<\/h2>\t\t<\/div>\n\t\t\t\t<\/div>\n\t\t\t\t<div class=\"elementor-element elementor-element-492b2c2e elementor-widget elementor-widget-heading\" data-id=\"492b2c2e\" data-element_type=\"widget\" data-widget_type=\"heading.default\">\n\t\t\t\t<div class=\"elementor-widget-container\">\n\t\t\t<h2 class=\"elementor-heading-title elementor-size-default\">Nach deren Abschluss wurde er zum PSAI Sport Diving Instructor, PSAI Nitrox Basic Instructor und PSAI Sidemount Instructor.<\/h2>\t\t<\/div>\n\t\t\t\t<\/div>\n\t\t\t\t<div class=\"elementor-element elementor-element-34ffb5c elementor-hidden-desktop elementor-hidden-tablet elementor-widget elementor-widget-image\" data-id=\"34ffb5c\" data-element_type=\"widget\" data-widget_type=\"image.default\">\n\t\t\t\t<div class=\"elementor-widget-container\">\n\t\t\t\t\t\t\t\t\t\t\t\t\t<img decoding=\"async\" width=\"800\" height=\"450\" src=\"https:\/\/demonray.de\/wp-content\/uploads\/2024\/11\/IMG-20241106-WA0067_1-1024x576.webp\" class=\"attachment-large size-large wp-image-2089\" alt=\"\" srcset=\"https:\/\/demonray.de\/wp-content\/uploads\/2024\/11\/IMG-20241106-WA0067_1-1024x576.webp 1024w, https:\/\/demonray.de\/wp-content\/uploads\/2024\/11\/IMG-20241106-WA0067_1-300x169.webp 300w, https:\/\/demonray.de\/wp-content\/uploads\/2024\/11\/IMG-20241106-WA0067_1-768x432.webp 768w, https:\/\/demonray.de\/wp-content\/uploads\/2024\/11\/IMG-20241106-WA0067_1-1536x864.webp 1536w, https:\/\/demonray.de\/wp-content\/uploads\/2024\/11\/IMG-20241106-WA0067_1-18x10.webp 18w, https:\/\/demonray.de\/wp-content\/uploads\/2024\/11\/IMG-20241106-WA0067_1-600x338.webp 600w, https:\/\/demonray.de\/wp-content\/uploads\/2024\/11\/IMG-20241106-WA0067_1.webp 1600w\" sizes=\"(max-width: 800px) 100vw, 800px\" \/>\t\t\t\t\t\t\t\t\t\t\t\t\t<\/div>\n\t\t\t\t<\/div>\n\t\t\t\t<div class=\"elementor-element elementor-element-36c6b233 elementor-widget elementor-widget-heading\" data-id=\"36c6b233\" data-element_type=\"widget\" data-widget_type=\"heading.default\">\n\t\t\t\t<div class=\"elementor-widget-container\">\n\t\t\t<h2 class=\"elementor-heading-title elementor-size-default\">Durch die Verbindung von Leidenschaft, Wissen und Erfahrung entstand Demon Ray.<\/h2>\t\t<\/div>\n\t\t\t\t<\/div>\n\t\t\t\t<div class=\"elementor-element elementor-element-48476759 elementor-widget elementor-widget-heading\" data-id=\"48476759\" data-element_type=\"widget\" data-widget_type=\"heading.default\">\n\t\t\t\t<div class=\"elementor-widget-container\">\n\t\t\t<h2 class=\"elementor-heading-title elementor-size-default\">Demon Ray ist mehr als nur eine weitere Tauchschule. Es ist ein Ort, an dem Leidenschaft und Liebe zum Tauchen auf Qualit\u00e4t, Professionalit\u00e4t und Engagement treffen.<\/h2>\t\t<\/div>\n\t\t\t\t<\/div>\n\t\t\t\t<\/div>\n\t\t\t\t\t<\/div>\n\t\t\t\t<\/div>\n\t\t<div class=\"elementor-element elementor-element-0a9608f elementor-hidden-mobile e-flex e-con-boxed e-con e-parent\" data-id=\"0a9608f\" data-element_type=\"container\">\n\t\t\t\t\t<div class=\"e-con-inner\">\n\t\t\t\t<div class=\"elementor-element elementor-element-0b37f74 elementor-widget elementor-widget-image\" data-id=\"0b37f74\" data-element_type=\"widget\" data-widget_type=\"image.default\">\n\t\t\t\t<div class=\"elementor-widget-container\">\n\t\t\t\t\t\t\t\t\t\t\t\t\t<img decoding=\"async\" width=\"800\" height=\"450\" src=\"https:\/\/demonray.de\/wp-content\/uploads\/2024\/11\/IMG-20241106-WA0067_1-1024x576.webp\" class=\"attachment-large size-large wp-image-2089\" alt=\"\" srcset=\"https:\/\/demonray.de\/wp-content\/uploads\/2024\/11\/IMG-20241106-WA0067_1-1024x576.webp 1024w, https:\/\/demonray.de\/wp-content\/uploads\/2024\/11\/IMG-20241106-WA0067_1-300x169.webp 300w, https:\/\/demonray.de\/wp-content\/uploads\/2024\/11\/IMG-20241106-WA0067_1-768x432.webp 768w, https:\/\/demonray.de\/wp-content\/uploads\/2024\/11\/IMG-20241106-WA0067_1-1536x864.webp 1536w, https:\/\/demonray.de\/wp-content\/uploads\/2024\/11\/IMG-20241106-WA0067_1-18x10.webp 18w, https:\/\/demonray.de\/wp-content\/uploads\/2024\/11\/IMG-20241106-WA0067_1-600x338.webp 600w, https:\/\/demonray.de\/wp-content\/uploads\/2024\/11\/IMG-20241106-WA0067_1.webp 1600w\" sizes=\"(max-width: 800px) 100vw, 800px\" \/>\t\t\t\t\t\t\t\t\t\t\t\t\t<\/div>\n\t\t\t\t<\/div>\n\t\t\t\t\t<\/div>\n\t\t\t\t<\/div>\n\t\t<div class=\"elementor-element elementor-element-6b4e739d e-flex e-con-boxed e-con e-parent\" data-id=\"6b4e739d\" data-element_type=\"container\" data-settings=\"{&quot;background_background&quot;:&quot;classic&quot;}\">\n\t\t\t\t\t<div class=\"e-con-inner\">\n\t\t\t\t<div class=\"elementor-element elementor-element-5bdf4476 elementor-widget elementor-widget-html\" data-id=\"5bdf4476\" data-element_type=\"widget\" data-widget_type=\"html.default\">\n\t\t\t\t<div class=\"elementor-widget-container\">\n\t\t\t<div><\/div>\t\t<\/div>\n\t\t\t\t<\/div>\n\t\t\t\t<div class=\"elementor-element elementor-element-5ed34c21 elementor-widget elementor-widget-heading\" data-id=\"5ed34c21\" data-element_type=\"widget\" data-widget_type=\"heading.default\">\n\t\t\t\t<div class=\"elementor-widget-container\">\n\t\t\t<h2 class=\"elementor-heading-title elementor-size-default\"><a href=\"https:\/\/www.facebook.com\/profile.php?id=61550789842853\" target=\"_blank\">FOLGEN SIE UNS AUF FACEBOOK UND INSTAGRAM<\/a><\/h2>\t\t<\/div>\n\t\t\t\t<\/div>\n\t\t\t\t<div class=\"elementor-element elementor-element-54d3d3ec elementor-widget elementor-widget-html\" data-id=\"54d3d3ec\" data-element_type=\"widget\" data-widget_type=\"html.default\">\n\t\t\t\t<div class=\"elementor-widget-container\">\n\t\t\t<div><\/div>\t\t<\/div>\n\t\t\t\t<\/div>\n\t\t<div class=\"elementor-element elementor-element-18f7e7f7 e-flex e-con-boxed e-con e-child\" data-id=\"18f7e7f7\" data-element_type=\"container\">\n\t\t\t\t\t<div class=\"e-con-inner\">\n\t\t\t\t<div class=\"elementor-element elementor-element-549c6472 elementor-widget elementor-widget-image\" data-id=\"549c6472\" data-element_type=\"widget\" data-widget_type=\"image.default\">\n\t\t\t\t<div class=\"elementor-widget-container\">\n\t\t\t\t\t\t\t\t\t\t\t\t\t\t<a href=\"https:\/\/www.facebook.com\/profile.php?id=61550789842853\" target=\"_blank\">\n\t\t\t\t\t\t\t<img loading=\"lazy\" decoding=\"async\" width=\"101\" height=\"100\" src=\"https:\/\/demonray.de\/wp-content\/uploads\/2024\/04\/fb_btn.png\" class=\"attachment-large size-large wp-image-1173\" alt=\"\" srcset=\"https:\/\/demonray.de\/wp-content\/uploads\/2024\/04\/fb_btn.png 101w, https:\/\/demonray.de\/wp-content\/uploads\/2024\/04\/fb_btn-12x12.png 12w\" sizes=\"(max-width: 101px) 100vw, 101px\" \/>\t\t\t\t\t\t\t\t<\/a>\n\t\t\t\t\t\t\t\t\t\t\t\t\t<\/div>\n\t\t\t\t<\/div>\n\t\t\t\t<div class=\"elementor-element elementor-element-5f40b731 elementor-widget elementor-widget-image\" data-id=\"5f40b731\" data-element_type=\"widget\" data-widget_type=\"image.default\">\n\t\t\t\t<div class=\"elementor-widget-container\">\n\t\t\t\t\t\t\t\t\t\t\t\t\t\t<a href=\"https:\/\/www.instagram.com\/demonray_diving\/\" target=\"_blank\">\n\t\t\t\t\t\t\t<img loading=\"lazy\" decoding=\"async\" width=\"101\" height=\"101\" src=\"https:\/\/demonray.de\/wp-content\/uploads\/2024\/04\/iggg.png\" class=\"attachment-large size-large wp-image-1174\" alt=\"\" srcset=\"https:\/\/demonray.de\/wp-content\/uploads\/2024\/04\/iggg.png 101w, https:\/\/demonray.de\/wp-content\/uploads\/2024\/04\/iggg-12x12.png 12w\" sizes=\"(max-width: 101px) 100vw, 101px\" \/>\t\t\t\t\t\t\t\t<\/a>\n\t\t\t\t\t\t\t\t\t\t\t\t\t<\/div>\n\t\t\t\t<\/div>\n\t\t\t\t\t<\/div>\n\t\t\t\t<\/div>\n\t\t\t\t\t<\/div>\n\t\t\t\t<\/div>\n\t\t\t\t<\/div>","protected":false},"excerpt":{"rendered":"<p>Beniamin schydlo Beniamin Schydlo Za\u0142o\u017cyciel i w\u0142a\u015bciciel szko\u0142y nurkowania Demon Ray. Swoj\u0105 przygod\u0119 z nurkowaniem rozpocz\u0105\u0142 w 2014r. Wtedy te\u017c zrealizowa\u0142 swoje ogromne marzenie gdy po raz pierwszy zanurzy\u0142 si\u0119 w oceanicznych g\u0142\u0119binach. To prze\u017cycie g\u0142\u0119boko zmieni\u0142o jego spojrzenie na \u015bwiat, otwieraj\u0105c przed nim zupe\u0142nie nowe horyzonty. Ju\u017c rok p\u00f3\u017aniej przystapi\u0142 do kursu Open Water [&hellip;]<\/p>","protected":false},"author":1,"featured_media":0,"parent":194,"menu_order":0,"comment_status":"closed","ping_status":"closed","template":"","meta":{"footnotes":""},"class_list":["post-1824","page","type-page","status-publish","hentry"],"yoast_head":"<!-- This site is optimized with the Yoast SEO Premium plugin v19.4 (Yoast SEO v24.3) - https:\/\/yoast.com\/wordpress\/plugins\/seo\/ -->\n<title>Beniamin Schydlo - Demon Ray<\/title>\n<meta name=\"robots\" content=\"index, follow, max-snippet:-1, max-image-preview:large, max-video-preview:-1\" \/>\n<link rel=\"canonical\" href=\"https:\/\/demonray.de\/de\/team\/benjamin-schydlo\/\" \/>\n<meta property=\"og:locale\" content=\"de_DE\" \/>\n<meta property=\"og:type\" content=\"article\" \/>\n<meta property=\"og:title\" content=\"Beniamin Schydlo\" \/>\n<meta property=\"og:description\" content=\"Beniamin schydlo Beniamin Schydlo Za\u0142o\u017cyciel i w\u0142a\u015bciciel szko\u0142y nurkowania Demon Ray. Swoj\u0105 przygod\u0119 z nurkowaniem rozpocz\u0105\u0142 w 2014r. Wtedy te\u017c zrealizowa\u0142 swoje ogromne marzenie gdy po raz pierwszy zanurzy\u0142 si\u0119 w oceanicznych g\u0142\u0119binach. To prze\u017cycie g\u0142\u0119boko zmieni\u0142o jego spojrzenie na \u015bwiat, otwieraj\u0105c przed nim zupe\u0142nie nowe horyzonty. Ju\u017c rok p\u00f3\u017aniej przystapi\u0142 do kursu Open Water [&hellip;]\" \/>\n<meta property=\"og:url\" content=\"https:\/\/demonray.de\/de\/team\/benjamin-schydlo\/\" \/>\n<meta property=\"og:site_name\" content=\"Demon Ray\" \/>\n<meta property=\"article:publisher\" content=\"https:\/\/www.facebook.com\/p\/Demon-Ray-Scuba-Diving-61550789842853\/\" \/>\n<meta property=\"article:modified_time\" content=\"2026-01-05T20:44:54+00:00\" \/>\n<meta property=\"og:image\" content=\"https:\/\/demonray.de\/wp-content\/uploads\/2024\/04\/header1-1024x576.webp\" \/>\n<meta name=\"twitter:card\" content=\"summary_large_image\" \/>\n<meta name=\"twitter:label1\" content=\"Gesch\u00e4tzte Lesezeit\" \/>\n\t<meta name=\"twitter:data1\" content=\"3\u00a0Minuten\" \/>\n<script type=\"application\/ld+json\" class=\"yoast-schema-graph\">{\"@context\":\"https:\/\/schema.org\",\"@graph\":[{\"@type\":\"WebPage\",\"@id\":\"https:\/\/demonray.de\/team\/benjamin-schydlo\/\",\"url\":\"https:\/\/demonray.de\/team\/benjamin-schydlo\/\",\"name\":\"Beniamin Schydlo - Demon Ray\",\"isPartOf\":{\"@id\":\"https:\/\/demonray.de\/#website\"},\"primaryImageOfPage\":{\"@id\":\"https:\/\/demonray.de\/team\/benjamin-schydlo\/#primaryimage\"},\"image\":{\"@id\":\"https:\/\/demonray.de\/team\/benjamin-schydlo\/#primaryimage\"},\"thumbnailUrl\":\"https:\/\/demonray.de\/wp-content\/uploads\/2024\/04\/header1-1024x576.webp\",\"datePublished\":\"2024-11-14T16:27:39+00:00\",\"dateModified\":\"2026-01-05T20:44:54+00:00\",\"breadcrumb\":{\"@id\":\"https:\/\/demonray.de\/team\/benjamin-schydlo\/#breadcrumb\"},\"inLanguage\":\"de\",\"potentialAction\":[{\"@type\":\"ReadAction\",\"target\":[\"https:\/\/demonray.de\/team\/benjamin-schydlo\/\"]}]},{\"@type\":\"ImageObject\",\"inLanguage\":\"de\",\"@id\":\"https:\/\/demonray.de\/team\/benjamin-schydlo\/#primaryimage\",\"url\":\"https:\/\/demonray.de\/wp-content\/uploads\/2024\/04\/header1-1024x576.webp\",\"contentUrl\":\"https:\/\/demonray.de\/wp-content\/uploads\/2024\/04\/header1-1024x576.webp\"},{\"@type\":\"BreadcrumbList\",\"@id\":\"https:\/\/demonray.de\/team\/benjamin-schydlo\/#breadcrumb\",\"itemListElement\":[{\"@type\":\"ListItem\",\"position\":1,\"name\":\"Strona g\u0142\u00f3wna\",\"item\":\"https:\/\/demonray.de\/\"},{\"@type\":\"ListItem\",\"position\":2,\"name\":\"Team\",\"item\":\"https:\/\/demonray.de\/team\/\"},{\"@type\":\"ListItem\",\"position\":3,\"name\":\"Beniamin Schydlo\"}]},{\"@type\":\"WebSite\",\"@id\":\"https:\/\/demonray.de\/#website\",\"url\":\"https:\/\/demonray.de\/\",\"name\":\"Demon Ray\",\"description\":\"Szko\u0142a nurkowania\",\"publisher\":{\"@id\":\"https:\/\/demonray.de\/#\/schema\/person\/40b8978b9b5617f17e8741a56fc1efbb\"},\"potentialAction\":[{\"@type\":\"SearchAction\",\"target\":{\"@type\":\"EntryPoint\",\"urlTemplate\":\"https:\/\/demonray.de\/?s={search_term_string}\"},\"query-input\":{\"@type\":\"PropertyValueSpecification\",\"valueRequired\":true,\"valueName\":\"search_term_string\"}}],\"inLanguage\":\"de\"},{\"@type\":[\"Person\",\"Organization\"],\"@id\":\"https:\/\/demonray.de\/#\/schema\/person\/40b8978b9b5617f17e8741a56fc1efbb\",\"name\":\"Beniamin\",\"image\":{\"@type\":\"ImageObject\",\"inLanguage\":\"de\",\"@id\":\"https:\/\/demonray.de\/#\/schema\/person\/image\/\",\"url\":\"https:\/\/demonray.de\/wp-content\/uploads\/2024\/04\/benjamin.webp\",\"contentUrl\":\"https:\/\/demonray.de\/wp-content\/uploads\/2024\/04\/benjamin.webp\",\"width\":1920,\"height\":1080,\"caption\":\"Beniamin\"},\"logo\":{\"@id\":\"https:\/\/demonray.de\/#\/schema\/person\/image\/\"},\"sameAs\":[\"https:\/\/demonray.de\/\",\"https:\/\/www.facebook.com\/p\/Demon-Ray-Scuba-Diving-61550789842853\/\",\"https:\/\/www.instagram.com\/demonray_diving\/\"]}]}<\/script>\n<!-- \/ Yoast SEO Premium plugin. -->","yoast_head_json":{"title":"Beniamin Schydlo - Demon Ray","robots":{"index":"index","follow":"follow","max-snippet":"max-snippet:-1","max-image-preview":"max-image-preview:large","max-video-preview":"max-video-preview:-1"},"canonical":"https:\/\/demonray.de\/de\/team\/benjamin-schydlo\/","og_locale":"de_DE","og_type":"article","og_title":"Beniamin Schydlo","og_description":"Beniamin schydlo Beniamin Schydlo Za\u0142o\u017cyciel i w\u0142a\u015bciciel szko\u0142y nurkowania Demon Ray. Swoj\u0105 przygod\u0119 z nurkowaniem rozpocz\u0105\u0142 w 2014r. Wtedy te\u017c zrealizowa\u0142 swoje ogromne marzenie gdy po raz pierwszy zanurzy\u0142 si\u0119 w oceanicznych g\u0142\u0119binach. To prze\u017cycie g\u0142\u0119boko zmieni\u0142o jego spojrzenie na \u015bwiat, otwieraj\u0105c przed nim zupe\u0142nie nowe horyzonty. Ju\u017c rok p\u00f3\u017aniej przystapi\u0142 do kursu Open Water [&hellip;]","og_url":"https:\/\/demonray.de\/de\/team\/benjamin-schydlo\/","og_site_name":"Demon Ray","article_publisher":"https:\/\/www.facebook.com\/p\/Demon-Ray-Scuba-Diving-61550789842853\/","article_modified_time":"2026-01-05T20:44:54+00:00","og_image":[{"url":"https:\/\/demonray.de\/wp-content\/uploads\/2024\/04\/header1-1024x576.webp","type":"","width":"","height":""}],"twitter_card":"summary_large_image","twitter_misc":{"Gesch\u00e4tzte Lesezeit":"3\u00a0Minuten"},"schema":{"@context":"https:\/\/schema.org","@graph":[{"@type":"WebPage","@id":"https:\/\/demonray.de\/team\/benjamin-schydlo\/","url":"https:\/\/demonray.de\/team\/benjamin-schydlo\/","name":"Beniamin Schydlo - Demon Ray","isPartOf":{"@id":"https:\/\/demonray.de\/#website"},"primaryImageOfPage":{"@id":"https:\/\/demonray.de\/team\/benjamin-schydlo\/#primaryimage"},"image":{"@id":"https:\/\/demonray.de\/team\/benjamin-schydlo\/#primaryimage"},"thumbnailUrl":"https:\/\/demonray.de\/wp-content\/uploads\/2024\/04\/header1-1024x576.webp","datePublished":"2024-11-14T16:27:39+00:00","dateModified":"2026-01-05T20:44:54+00:00","breadcrumb":{"@id":"https:\/\/demonray.de\/team\/benjamin-schydlo\/#breadcrumb"},"inLanguage":"de","potentialAction":[{"@type":"ReadAction","target":["https:\/\/demonray.de\/team\/benjamin-schydlo\/"]}]},{"@type":"ImageObject","inLanguage":"de","@id":"https:\/\/demonray.de\/team\/benjamin-schydlo\/#primaryimage","url":"https:\/\/demonray.de\/wp-content\/uploads\/2024\/04\/header1-1024x576.webp","contentUrl":"https:\/\/demonray.de\/wp-content\/uploads\/2024\/04\/header1-1024x576.webp"},{"@type":"BreadcrumbList","@id":"https:\/\/demonray.de\/team\/benjamin-schydlo\/#breadcrumb","itemListElement":[{"@type":"ListItem","position":1,"name":"Strona g\u0142\u00f3wna","item":"https:\/\/demonray.de\/"},{"@type":"ListItem","position":2,"name":"Team","item":"https:\/\/demonray.de\/team\/"},{"@type":"ListItem","position":3,"name":"Beniamin Schydlo"}]},{"@type":"WebSite","@id":"https:\/\/demonray.de\/#website","url":"https:\/\/demonray.de\/","name":"Demon Ray","description":"Szko\u0142a nurkowania","publisher":{"@id":"https:\/\/demonray.de\/#\/schema\/person\/40b8978b9b5617f17e8741a56fc1efbb"},"potentialAction":[{"@type":"SearchAction","target":{"@type":"EntryPoint","urlTemplate":"https:\/\/demonray.de\/?s={search_term_string}"},"query-input":{"@type":"PropertyValueSpecification","valueRequired":true,"valueName":"search_term_string"}}],"inLanguage":"de"},{"@type":["Person","Organization"],"@id":"https:\/\/demonray.de\/#\/schema\/person\/40b8978b9b5617f17e8741a56fc1efbb","name":"Beniamin","image":{"@type":"ImageObject","inLanguage":"de","@id":"https:\/\/demonray.de\/#\/schema\/person\/image\/","url":"https:\/\/demonray.de\/wp-content\/uploads\/2024\/04\/benjamin.webp","contentUrl":"https:\/\/demonray.de\/wp-content\/uploads\/2024\/04\/benjamin.webp","width":1920,"height":1080,"caption":"Beniamin"},"logo":{"@id":"https:\/\/demonray.de\/#\/schema\/person\/image\/"},"sameAs":["https:\/\/demonray.de\/","https:\/\/www.facebook.com\/p\/Demon-Ray-Scuba-Diving-61550789842853\/","https:\/\/www.instagram.com\/demonray_diving\/"]}]}},"_links":{"self":[{"href":"https:\/\/demonray.de\/de\/wp-json\/wp\/v2\/pages\/1824","targetHints":{"allow":["GET"]}}],"collection":[{"href":"https:\/\/demonray.de\/de\/wp-json\/wp\/v2\/pages"}],"about":[{"href":"https:\/\/demonray.de\/de\/wp-json\/wp\/v2\/types\/page"}],"author":[{"embeddable":true,"href":"https:\/\/demonray.de\/de\/wp-json\/wp\/v2\/users\/1"}],"replies":[{"embeddable":true,"href":"https:\/\/demonray.de\/de\/wp-json\/wp\/v2\/comments?post=1824"}],"version-history":[{"count":23,"href":"https:\/\/demonray.de\/de\/wp-json\/wp\/v2\/pages\/1824\/revisions"}],"predecessor-version":[{"id":3052,"href":"https:\/\/demonray.de\/de\/wp-json\/wp\/v2\/pages\/1824\/revisions\/3052"}],"up":[{"embeddable":true,"href":"https:\/\/demonray.de\/de\/wp-json\/wp\/v2\/pages\/194"}],"wp:attachment":[{"href":"https:\/\/demonray.de\/de\/wp-json\/wp\/v2\/media?parent=1824"}],"curies":[{"name":"wp","href":"https:\/\/api.w.org\/{rel}","templated":true}]}}