{"id":3114,"date":"2026-03-29T14:12:08","date_gmt":"2026-03-29T12:12:08","guid":{"rendered":"https:\/\/demonray.de\/?page_id=3114"},"modified":"2026-03-29T14:15:59","modified_gmt":"2026-03-29T12:15:59","slug":"rene-gaa","status":"publish","type":"page","link":"http:\/\/demonray.de\/en\/team\/rene-gaa\/","title":{"rendered":"Ren\u00e9 Gaa"},"content":{"rendered":"<div data-elementor-type=\"wp-page\" data-elementor-id=\"3114\" class=\"elementor elementor-3114\">\n\t\t\t\t<div class=\"elementor-element elementor-element-da11302 e-flex e-con-boxed e-con e-parent\" data-id=\"da11302\" data-element_type=\"container\">\n\t\t\t\t\t<div class=\"e-con-inner\">\n\t\t\t\t<div class=\"elementor-element elementor-element-35846e2b elementor-widget elementor-widget-heading\" data-id=\"35846e2b\" data-element_type=\"widget\" data-widget_type=\"heading.default\">\n\t\t\t\t<div class=\"elementor-widget-container\">\n\t\t\t<h1 class=\"elementor-heading-title elementor-size-default\">Ren\u00e9 Gaa<\/h1>\t\t<\/div>\n\t\t\t\t<\/div>\n\t\t\t\t<div class=\"elementor-element elementor-element-722ee5c6 elementor-view-default elementor-widget elementor-widget-icon\" data-id=\"722ee5c6\" data-element_type=\"widget\" data-widget_type=\"icon.default\">\n\t\t\t\t<div class=\"elementor-widget-container\">\n\t\t\t\t\t<div class=\"elementor-icon-wrapper\">\n\t\t\t<a class=\"elementor-icon\" href=\"#scrollToContent\">\n\t\t\t<svg xmlns=\"http:\/\/www.w3.org\/2000\/svg\" xmlns:xlink=\"http:\/\/www.w3.org\/1999\/xlink\" fill=\"#ffffff\" height=\"800px\" width=\"800px\" id=\"Layer_1\" viewbox=\"0 0 512 512\" xml:space=\"preserve\" stroke=\"#ffffff\"><g id=\"SVGRepo_bgCarrier\" stroke-width=\"0\"><\/g><g id=\"SVGRepo_tracerCarrier\" stroke-linecap=\"round\" stroke-linejoin=\"round\"><\/g><g id=\"SVGRepo_iconCarrier\"> <polygon points=\"442.2,93.1 256,279.3 69.8,93.1 0,162.9 256,418.9 512,162.9 \"><\/polygon> <\/g><\/svg>\t\t\t<\/a>\n\t\t<\/div>\n\t\t\t\t<\/div>\n\t\t\t\t<\/div>\n\t\t\t\t<div class=\"elementor-element elementor-element-51c3ddab .trapez elementor-widget elementor-widget-html\" data-id=\"51c3ddab\" data-element_type=\"widget\" id=\"scrollToContent\" data-widget_type=\"html.default\">\n\t\t\t\t<div class=\"elementor-widget-container\">\n\t\t\t<div><\/div>\t\t<\/div>\n\t\t\t\t<\/div>\n\t\t\t\t\t<\/div>\n\t\t\t\t<\/div>\n\t\t<div class=\"elementor-element elementor-element-60c3488d e-flex e-con-boxed e-con e-parent\" data-id=\"60c3488d\" data-element_type=\"container\">\n\t\t\t\t\t<div class=\"e-con-inner\">\n\t\t<div class=\"elementor-element elementor-element-d2dcef7 e-con-full e-flex e-con e-child\" data-id=\"d2dcef7\" data-element_type=\"container\">\n\t\t\t\t<div class=\"elementor-element elementor-element-3831d7e0 elementor-widget elementor-widget-image\" data-id=\"3831d7e0\" data-element_type=\"widget\" data-widget_type=\"image.default\">\n\t\t\t\t<div class=\"elementor-widget-container\">\n\t\t\t\t\t\t\t\t\t\t\t\t\t<img fetchpriority=\"high\" decoding=\"async\" width=\"768\" height=\"1024\" src=\"https:\/\/demonray.de\/wp-content\/uploads\/2026\/03\/20250404_165133-768x1024.jpg\" class=\"attachment-large size-large wp-image-3116\" alt=\"\" srcset=\"https:\/\/demonray.de\/wp-content\/uploads\/2026\/03\/20250404_165133-768x1024.jpg 768w, https:\/\/demonray.de\/wp-content\/uploads\/2026\/03\/20250404_165133-225x300.jpg 225w, https:\/\/demonray.de\/wp-content\/uploads\/2026\/03\/20250404_165133-1152x1536.jpg 1152w, https:\/\/demonray.de\/wp-content\/uploads\/2026\/03\/20250404_165133-1536x2048.jpg 1536w, https:\/\/demonray.de\/wp-content\/uploads\/2026\/03\/20250404_165133-9x12.jpg 9w, https:\/\/demonray.de\/wp-content\/uploads\/2026\/03\/20250404_165133-scaled.jpg 1920w\" sizes=\"(max-width: 768px) 100vw, 768px\" \/>\t\t\t\t\t\t\t\t\t\t\t\t\t<\/div>\n\t\t\t\t<\/div>\n\t\t\t\t<\/div>\n\t\t<div class=\"elementor-element elementor-element-34c6090e e-con-full e-flex e-con e-child\" data-id=\"34c6090e\" data-element_type=\"container\">\n\t\t\t\t<div class=\"elementor-element elementor-element-257f0fcd elementor-widget elementor-widget-heading\" data-id=\"257f0fcd\" data-element_type=\"widget\" data-widget_type=\"heading.default\">\n\t\t\t\t<div class=\"elementor-widget-container\">\n\t\t\t<h2 class=\"elementor-heading-title elementor-size-default\">Ren\u00e9 Gaa<\/h2>\t\t<\/div>\n\t\t\t\t<\/div>\n\t\t\t\t<div class=\"elementor-element elementor-element-2db0ceb4 elementor-widget elementor-widget-heading\" data-id=\"2db0ceb4\" data-element_type=\"widget\" data-widget_type=\"heading.default\">\n\t\t\t\t<div class=\"elementor-widget-container\">\n\t\t\t<h2 class=\"elementor-heading-title elementor-size-default\">For Ren\u00e9, adventure begins where air meets water \u2013 where family, sport, and diving come together.<\/h2>\t\t<\/div>\n\t\t\t\t<\/div>\n\t\t\t\t<div class=\"elementor-element elementor-element-3237be51 elementor-widget elementor-widget-heading\" data-id=\"3237be51\" data-element_type=\"widget\" data-widget_type=\"heading.default\">\n\t\t\t\t<div class=\"elementor-widget-container\">\n\t\t\t<h2 class=\"elementor-heading-title elementor-size-default\">Diving, mountains, and an active lifestyle are an important part of his life, and his family is always by his side in this passion for movement and exploration. The underwater world fascinates him just as much as nature above the surface, and his greatest joy is sharing this feeling with others.\n<\/h2>\t\t<\/div>\n\t\t\t\t<\/div>\n\t\t\t\t<div class=\"elementor-element elementor-element-974035 elementor-widget elementor-widget-heading\" data-id=\"974035\" data-element_type=\"widget\" data-widget_type=\"heading.default\">\n\t\t\t\t<div class=\"elementor-widget-container\">\n\t\t\t<h2 class=\"elementor-heading-title elementor-size-default\">As a PADI Divemaster, he not only guides people safely through the underwater world but also shares his true passion for diving. Learning, motivating, and enjoying the experience together are the moments he values the most. Whether it\u2019s someone\u2019s first breath underwater or small achievements on land \u2013 what fulfills him most is inspiring others and creating unforgettable adventures together.\n<\/h2>\t\t<\/div>\n\t\t\t\t<\/div>\n\t\t\t\t<\/div>\n\t\t\t\t\t<\/div>\n\t\t\t\t<\/div>\n\t\t<div class=\"elementor-element elementor-element-e8e1dd0 e-flex e-con-boxed e-con e-parent\" data-id=\"e8e1dd0\" data-element_type=\"container\">\n\t\t\t\t\t<div class=\"e-con-inner\">\n\t\t\t\t<div class=\"elementor-element elementor-element-c7664f9 elementor-widget elementor-widget-image\" data-id=\"c7664f9\" data-element_type=\"widget\" data-widget_type=\"image.default\">\n\t\t\t\t<div class=\"elementor-widget-container\">\n\t\t\t\t\t\t\t\t\t\t\t\t\t<img decoding=\"async\" width=\"800\" height=\"700\" src=\"https:\/\/demonray.de\/wp-content\/uploads\/2026\/03\/GOPR0840_ALTA1574799436886437160-1024x896.jpg\" class=\"attachment-large size-large wp-image-3117\" alt=\"\" srcset=\"https:\/\/demonray.de\/wp-content\/uploads\/2026\/03\/GOPR0840_ALTA1574799436886437160-1024x896.jpg 1024w, https:\/\/demonray.de\/wp-content\/uploads\/2026\/03\/GOPR0840_ALTA1574799436886437160-300x263.jpg 300w, https:\/\/demonray.de\/wp-content\/uploads\/2026\/03\/GOPR0840_ALTA1574799436886437160-768x672.jpg 768w, https:\/\/demonray.de\/wp-content\/uploads\/2026\/03\/GOPR0840_ALTA1574799436886437160-1536x1344.jpg 1536w, https:\/\/demonray.de\/wp-content\/uploads\/2026\/03\/GOPR0840_ALTA1574799436886437160-2048x1792.jpg 2048w, https:\/\/demonray.de\/wp-content\/uploads\/2026\/03\/GOPR0840_ALTA1574799436886437160-14x12.jpg 14w\" sizes=\"(max-width: 800px) 100vw, 800px\" \/>\t\t\t\t\t\t\t\t\t\t\t\t\t<\/div>\n\t\t\t\t<\/div>\n\t\t\t\t\t<\/div>\n\t\t\t\t<\/div>\n\t\t<div class=\"elementor-element elementor-element-ffe579b e-flex e-con-boxed e-con e-parent\" data-id=\"ffe579b\" data-element_type=\"container\">\n\t\t\t\t\t<div class=\"e-con-inner\">\n\t\t\t\t<div class=\"elementor-element elementor-element-70bc671 elementor-widget elementor-widget-image\" data-id=\"70bc671\" data-element_type=\"widget\" data-widget_type=\"image.default\">\n\t\t\t\t<div class=\"elementor-widget-container\">\n\t\t\t\t\t\t\t\t\t\t\t\t\t<img decoding=\"async\" width=\"800\" height=\"700\" src=\"https:\/\/demonray.de\/wp-content\/uploads\/2026\/03\/GOPR1374_1747074936366_2-1024x896.jpg\" class=\"attachment-large size-large wp-image-3118\" alt=\"\" srcset=\"https:\/\/demonray.de\/wp-content\/uploads\/2026\/03\/GOPR1374_1747074936366_2-1024x896.jpg 1024w, https:\/\/demonray.de\/wp-content\/uploads\/2026\/03\/GOPR1374_1747074936366_2-300x263.jpg 300w, https:\/\/demonray.de\/wp-content\/uploads\/2026\/03\/GOPR1374_1747074936366_2-768x672.jpg 768w, https:\/\/demonray.de\/wp-content\/uploads\/2026\/03\/GOPR1374_1747074936366_2-1536x1344.jpg 1536w, https:\/\/demonray.de\/wp-content\/uploads\/2026\/03\/GOPR1374_1747074936366_2-2048x1792.jpg 2048w, https:\/\/demonray.de\/wp-content\/uploads\/2026\/03\/GOPR1374_1747074936366_2-14x12.jpg 14w\" sizes=\"(max-width: 800px) 100vw, 800px\" \/>\t\t\t\t\t\t\t\t\t\t\t\t\t<\/div>\n\t\t\t\t<\/div>\n\t\t\t\t\t<\/div>\n\t\t\t\t<\/div>\n\t\t<div class=\"elementor-element elementor-element-71759e09 e-flex e-con-boxed e-con e-parent\" data-id=\"71759e09\" data-element_type=\"container\" data-settings=\"{&quot;background_background&quot;:&quot;classic&quot;}\">\n\t\t\t\t\t<div class=\"e-con-inner\">\n\t\t\t\t<div class=\"elementor-element elementor-element-2cc99775 elementor-widget elementor-widget-html\" data-id=\"2cc99775\" data-element_type=\"widget\" data-widget_type=\"html.default\">\n\t\t\t\t<div class=\"elementor-widget-container\">\n\t\t\t<div><\/div>\t\t<\/div>\n\t\t\t\t<\/div>\n\t\t\t\t<div class=\"elementor-element elementor-element-79193026 elementor-widget elementor-widget-heading\" data-id=\"79193026\" data-element_type=\"widget\" data-widget_type=\"heading.default\">\n\t\t\t\t<div class=\"elementor-widget-container\">\n\t\t\t<h2 class=\"elementor-heading-title elementor-size-default\"><a href=\"https:\/\/www.facebook.com\/profile.php?id=61550789842853\" target=\"_blank\">JOIN US ON FACEBOOK AND INSTAGRAM!<\/a><\/h2>\t\t<\/div>\n\t\t\t\t<\/div>\n\t\t\t\t<div class=\"elementor-element elementor-element-75be1b3b elementor-widget elementor-widget-html\" data-id=\"75be1b3b\" data-element_type=\"widget\" data-widget_type=\"html.default\">\n\t\t\t\t<div class=\"elementor-widget-container\">\n\t\t\t<div><\/div>\t\t<\/div>\n\t\t\t\t<\/div>\n\t\t<div class=\"elementor-element elementor-element-10b28923 e-flex e-con-boxed e-con e-child\" data-id=\"10b28923\" data-element_type=\"container\">\n\t\t\t\t\t<div class=\"e-con-inner\">\n\t\t\t\t<div class=\"elementor-element elementor-element-45d42926 elementor-widget elementor-widget-image\" data-id=\"45d42926\" data-element_type=\"widget\" data-widget_type=\"image.default\">\n\t\t\t\t<div class=\"elementor-widget-container\">\n\t\t\t\t\t\t\t\t\t\t\t\t\t\t<a href=\"https:\/\/www.facebook.com\/profile.php?id=61550789842853\" target=\"_blank\">\n\t\t\t\t\t\t\t<img loading=\"lazy\" decoding=\"async\" width=\"101\" height=\"100\" src=\"https:\/\/demonray.de\/wp-content\/uploads\/2024\/04\/fb_btn.png\" class=\"attachment-large size-large wp-image-1173\" alt=\"\" srcset=\"https:\/\/demonray.de\/wp-content\/uploads\/2024\/04\/fb_btn.png 101w, https:\/\/demonray.de\/wp-content\/uploads\/2024\/04\/fb_btn-12x12.png 12w\" sizes=\"(max-width: 101px) 100vw, 101px\" \/>\t\t\t\t\t\t\t\t<\/a>\n\t\t\t\t\t\t\t\t\t\t\t\t\t<\/div>\n\t\t\t\t<\/div>\n\t\t\t\t<div class=\"elementor-element elementor-element-e1c674c elementor-widget elementor-widget-image\" data-id=\"e1c674c\" data-element_type=\"widget\" data-widget_type=\"image.default\">\n\t\t\t\t<div class=\"elementor-widget-container\">\n\t\t\t\t\t\t\t\t\t\t\t\t\t\t<a href=\"https:\/\/www.instagram.com\/demonray_diving\/\" target=\"_blank\">\n\t\t\t\t\t\t\t<img loading=\"lazy\" decoding=\"async\" width=\"101\" height=\"101\" src=\"https:\/\/demonray.de\/wp-content\/uploads\/2024\/04\/iggg.png\" class=\"attachment-large size-large wp-image-1174\" alt=\"\" srcset=\"https:\/\/demonray.de\/wp-content\/uploads\/2024\/04\/iggg.png 101w, https:\/\/demonray.de\/wp-content\/uploads\/2024\/04\/iggg-12x12.png 12w\" sizes=\"(max-width: 101px) 100vw, 101px\" \/>\t\t\t\t\t\t\t\t<\/a>\n\t\t\t\t\t\t\t\t\t\t\t\t\t<\/div>\n\t\t\t\t<\/div>\n\t\t\t\t\t<\/div>\n\t\t\t\t<\/div>\n\t\t\t\t\t<\/div>\n\t\t\t\t<\/div>\n\t\t\t\t<\/div>","protected":false},"excerpt":{"rendered":"<p>Ren\u00e9 Gaa Ren\u00e9 Gaa Dla Ren\u00e9 przygoda zaczyna si\u0119 tam, gdzie spotykaj\u0105 si\u0119 powietrze i woda \u2013 tam, gdzie \u0142\u0105cz\u0105 si\u0119 rodzina, sport i nurkowanie. Nurkowanie, g\u00f3ry i aktywno\u015b\u0107 sportowa s\u0105 wa\u017cn\u0105 cz\u0119\u015bci\u0105 jego \u017cycia, a rodzina zawsze towarzyszy mu w tej pasji do ruchu i odkrywania \u015bwiata. Podwodny \u015bwiat fascynuje go tak samo jak [&hellip;]<\/p>","protected":false},"author":1,"featured_media":0,"parent":194,"menu_order":0,"comment_status":"closed","ping_status":"closed","template":"","meta":{"footnotes":""},"class_list":["post-3114","page","type-page","status-publish","hentry"],"yoast_head":"<!-- This site is optimized with the Yoast SEO Premium plugin v19.4 (Yoast SEO v24.3) - https:\/\/yoast.com\/wordpress\/plugins\/seo\/ -->\n<title>Ren\u00e9 Gaa - Demon Ray<\/title>\n<meta name=\"robots\" content=\"index, follow, max-snippet:-1, max-image-preview:large, max-video-preview:-1\" \/>\n<link rel=\"canonical\" href=\"https:\/\/demonray.de\/en\/team\/rene-gaa\/\" \/>\n<meta property=\"og:locale\" content=\"en_GB\" \/>\n<meta property=\"og:type\" content=\"article\" \/>\n<meta property=\"og:title\" content=\"Ren\u00e9 Gaa\" \/>\n<meta property=\"og:description\" content=\"Ren\u00e9 Gaa Ren\u00e9 Gaa Dla Ren\u00e9 przygoda zaczyna si\u0119 tam, gdzie spotykaj\u0105 si\u0119 powietrze i woda \u2013 tam, gdzie \u0142\u0105cz\u0105 si\u0119 rodzina, sport i nurkowanie. Nurkowanie, g\u00f3ry i aktywno\u015b\u0107 sportowa s\u0105 wa\u017cn\u0105 cz\u0119\u015bci\u0105 jego \u017cycia, a rodzina zawsze towarzyszy mu w tej pasji do ruchu i odkrywania \u015bwiata. Podwodny \u015bwiat fascynuje go tak samo jak [&hellip;]\" \/>\n<meta property=\"og:url\" content=\"https:\/\/demonray.de\/en\/team\/rene-gaa\/\" \/>\n<meta property=\"og:site_name\" content=\"Demon Ray\" \/>\n<meta property=\"article:publisher\" content=\"https:\/\/www.facebook.com\/p\/Demon-Ray-Scuba-Diving-61550789842853\/\" \/>\n<meta property=\"article:modified_time\" content=\"2026-03-29T12:15:59+00:00\" \/>\n<meta property=\"og:image\" content=\"https:\/\/demonray.de\/wp-content\/uploads\/2026\/03\/20250404_165133-scaled.jpg\" \/>\n\t<meta property=\"og:image:width\" content=\"1920\" \/>\n\t<meta property=\"og:image:height\" content=\"2560\" \/>\n\t<meta property=\"og:image:type\" content=\"image\/jpeg\" \/>\n<meta name=\"twitter:card\" content=\"summary_large_image\" \/>\n<meta name=\"twitter:label1\" content=\"Estimated reading time\" \/>\n\t<meta name=\"twitter:data1\" content=\"2 minutes\" \/>\n<script type=\"application\/ld+json\" class=\"yoast-schema-graph\">{\"@context\":\"https:\/\/schema.org\",\"@graph\":[{\"@type\":\"WebPage\",\"@id\":\"https:\/\/demonray.de\/de\/team\/rene-gaa\/\",\"url\":\"https:\/\/demonray.de\/de\/team\/rene-gaa\/\",\"name\":\"Ren\u00e9 Gaa - Demon Ray\",\"isPartOf\":{\"@id\":\"https:\/\/demonray.de\/#website\"},\"primaryImageOfPage\":{\"@id\":\"https:\/\/demonray.de\/de\/team\/rene-gaa\/#primaryimage\"},\"image\":{\"@id\":\"https:\/\/demonray.de\/de\/team\/rene-gaa\/#primaryimage\"},\"thumbnailUrl\":\"https:\/\/demonray.de\/wp-content\/uploads\/2026\/03\/20250404_165133-768x1024.jpg\",\"datePublished\":\"2026-03-29T12:12:08+00:00\",\"dateModified\":\"2026-03-29T12:15:59+00:00\",\"breadcrumb\":{\"@id\":\"https:\/\/demonray.de\/de\/team\/rene-gaa\/#breadcrumb\"},\"inLanguage\":\"en-GB\",\"potentialAction\":[{\"@type\":\"ReadAction\",\"target\":[\"https:\/\/demonray.de\/de\/team\/rene-gaa\/\"]}]},{\"@type\":\"ImageObject\",\"inLanguage\":\"en-GB\",\"@id\":\"https:\/\/demonray.de\/de\/team\/rene-gaa\/#primaryimage\",\"url\":\"https:\/\/demonray.de\/wp-content\/uploads\/2026\/03\/20250404_165133-768x1024.jpg\",\"contentUrl\":\"https:\/\/demonray.de\/wp-content\/uploads\/2026\/03\/20250404_165133-768x1024.jpg\"},{\"@type\":\"BreadcrumbList\",\"@id\":\"https:\/\/demonray.de\/de\/team\/rene-gaa\/#breadcrumb\",\"itemListElement\":[{\"@type\":\"ListItem\",\"position\":1,\"name\":\"Strona g\u0142\u00f3wna\",\"item\":\"https:\/\/demonray.de\/\"},{\"@type\":\"ListItem\",\"position\":2,\"name\":\"Team\",\"item\":\"https:\/\/demonray.de\/team\/\"},{\"@type\":\"ListItem\",\"position\":3,\"name\":\"Ren\u00e9 Gaa\"}]},{\"@type\":\"WebSite\",\"@id\":\"https:\/\/demonray.de\/#website\",\"url\":\"https:\/\/demonray.de\/\",\"name\":\"Demon Ray\",\"description\":\"Szko\u0142a nurkowania\",\"publisher\":{\"@id\":\"https:\/\/demonray.de\/#\/schema\/person\/40b8978b9b5617f17e8741a56fc1efbb\"},\"potentialAction\":[{\"@type\":\"SearchAction\",\"target\":{\"@type\":\"EntryPoint\",\"urlTemplate\":\"https:\/\/demonray.de\/?s={search_term_string}\"},\"query-input\":{\"@type\":\"PropertyValueSpecification\",\"valueRequired\":true,\"valueName\":\"search_term_string\"}}],\"inLanguage\":\"en-GB\"},{\"@type\":[\"Person\",\"Organization\"],\"@id\":\"https:\/\/demonray.de\/#\/schema\/person\/40b8978b9b5617f17e8741a56fc1efbb\",\"name\":\"Beniamin\",\"image\":{\"@type\":\"ImageObject\",\"inLanguage\":\"en-GB\",\"@id\":\"https:\/\/demonray.de\/#\/schema\/person\/image\/\",\"url\":\"https:\/\/demonray.de\/wp-content\/uploads\/2024\/04\/benjamin.webp\",\"contentUrl\":\"https:\/\/demonray.de\/wp-content\/uploads\/2024\/04\/benjamin.webp\",\"width\":1920,\"height\":1080,\"caption\":\"Beniamin\"},\"logo\":{\"@id\":\"https:\/\/demonray.de\/#\/schema\/person\/image\/\"},\"sameAs\":[\"https:\/\/demonray.de\/\",\"https:\/\/www.facebook.com\/p\/Demon-Ray-Scuba-Diving-61550789842853\/\",\"https:\/\/www.instagram.com\/demonray_diving\/\"]}]}<\/script>\n<!-- \/ Yoast SEO Premium plugin. -->","yoast_head_json":{"title":"Ren\u00e9 Gaa - Demon Ray","robots":{"index":"index","follow":"follow","max-snippet":"max-snippet:-1","max-image-preview":"max-image-preview:large","max-video-preview":"max-video-preview:-1"},"canonical":"https:\/\/demonray.de\/en\/team\/rene-gaa\/","og_locale":"en_GB","og_type":"article","og_title":"Ren\u00e9 Gaa","og_description":"Ren\u00e9 Gaa Ren\u00e9 Gaa Dla Ren\u00e9 przygoda zaczyna si\u0119 tam, gdzie spotykaj\u0105 si\u0119 powietrze i woda \u2013 tam, gdzie \u0142\u0105cz\u0105 si\u0119 rodzina, sport i nurkowanie. Nurkowanie, g\u00f3ry i aktywno\u015b\u0107 sportowa s\u0105 wa\u017cn\u0105 cz\u0119\u015bci\u0105 jego \u017cycia, a rodzina zawsze towarzyszy mu w tej pasji do ruchu i odkrywania \u015bwiata. Podwodny \u015bwiat fascynuje go tak samo jak [&hellip;]","og_url":"https:\/\/demonray.de\/en\/team\/rene-gaa\/","og_site_name":"Demon Ray","article_publisher":"https:\/\/www.facebook.com\/p\/Demon-Ray-Scuba-Diving-61550789842853\/","article_modified_time":"2026-03-29T12:15:59+00:00","og_image":[{"width":1920,"height":2560,"url":"https:\/\/demonray.de\/wp-content\/uploads\/2026\/03\/20250404_165133-scaled.jpg","type":"image\/jpeg"}],"twitter_card":"summary_large_image","twitter_misc":{"Estimated reading time":"2 minutes"},"schema":{"@context":"https:\/\/schema.org","@graph":[{"@type":"WebPage","@id":"https:\/\/demonray.de\/de\/team\/rene-gaa\/","url":"https:\/\/demonray.de\/de\/team\/rene-gaa\/","name":"Ren\u00e9 Gaa - Demon Ray","isPartOf":{"@id":"https:\/\/demonray.de\/#website"},"primaryImageOfPage":{"@id":"https:\/\/demonray.de\/de\/team\/rene-gaa\/#primaryimage"},"image":{"@id":"https:\/\/demonray.de\/de\/team\/rene-gaa\/#primaryimage"},"thumbnailUrl":"https:\/\/demonray.de\/wp-content\/uploads\/2026\/03\/20250404_165133-768x1024.jpg","datePublished":"2026-03-29T12:12:08+00:00","dateModified":"2026-03-29T12:15:59+00:00","breadcrumb":{"@id":"https:\/\/demonray.de\/de\/team\/rene-gaa\/#breadcrumb"},"inLanguage":"en-GB","potentialAction":[{"@type":"ReadAction","target":["https:\/\/demonray.de\/de\/team\/rene-gaa\/"]}]},{"@type":"ImageObject","inLanguage":"en-GB","@id":"https:\/\/demonray.de\/de\/team\/rene-gaa\/#primaryimage","url":"https:\/\/demonray.de\/wp-content\/uploads\/2026\/03\/20250404_165133-768x1024.jpg","contentUrl":"https:\/\/demonray.de\/wp-content\/uploads\/2026\/03\/20250404_165133-768x1024.jpg"},{"@type":"BreadcrumbList","@id":"https:\/\/demonray.de\/de\/team\/rene-gaa\/#breadcrumb","itemListElement":[{"@type":"ListItem","position":1,"name":"Strona g\u0142\u00f3wna","item":"https:\/\/demonray.de\/"},{"@type":"ListItem","position":2,"name":"Team","item":"https:\/\/demonray.de\/team\/"},{"@type":"ListItem","position":3,"name":"Ren\u00e9 Gaa"}]},{"@type":"WebSite","@id":"https:\/\/demonray.de\/#website","url":"https:\/\/demonray.de\/","name":"Demon Ray","description":"Szko\u0142a nurkowania","publisher":{"@id":"https:\/\/demonray.de\/#\/schema\/person\/40b8978b9b5617f17e8741a56fc1efbb"},"potentialAction":[{"@type":"SearchAction","target":{"@type":"EntryPoint","urlTemplate":"https:\/\/demonray.de\/?s={search_term_string}"},"query-input":{"@type":"PropertyValueSpecification","valueRequired":true,"valueName":"search_term_string"}}],"inLanguage":"en-GB"},{"@type":["Person","Organization"],"@id":"https:\/\/demonray.de\/#\/schema\/person\/40b8978b9b5617f17e8741a56fc1efbb","name":"Beniamin","image":{"@type":"ImageObject","inLanguage":"en-GB","@id":"https:\/\/demonray.de\/#\/schema\/person\/image\/","url":"https:\/\/demonray.de\/wp-content\/uploads\/2024\/04\/benjamin.webp","contentUrl":"https:\/\/demonray.de\/wp-content\/uploads\/2024\/04\/benjamin.webp","width":1920,"height":1080,"caption":"Beniamin"},"logo":{"@id":"https:\/\/demonray.de\/#\/schema\/person\/image\/"},"sameAs":["https:\/\/demonray.de\/","https:\/\/www.facebook.com\/p\/Demon-Ray-Scuba-Diving-61550789842853\/","https:\/\/www.instagram.com\/demonray_diving\/"]}]}},"_links":{"self":[{"href":"http:\/\/demonray.de\/en\/wp-json\/wp\/v2\/pages\/3114","targetHints":{"allow":["GET"]}}],"collection":[{"href":"http:\/\/demonray.de\/en\/wp-json\/wp\/v2\/pages"}],"about":[{"href":"http:\/\/demonray.de\/en\/wp-json\/wp\/v2\/types\/page"}],"author":[{"embeddable":true,"href":"http:\/\/demonray.de\/en\/wp-json\/wp\/v2\/users\/1"}],"replies":[{"embeddable":true,"href":"http:\/\/demonray.de\/en\/wp-json\/wp\/v2\/comments?post=3114"}],"version-history":[{"count":4,"href":"http:\/\/demonray.de\/en\/wp-json\/wp\/v2\/pages\/3114\/revisions"}],"predecessor-version":[{"id":3121,"href":"http:\/\/demonray.de\/en\/wp-json\/wp\/v2\/pages\/3114\/revisions\/3121"}],"up":[{"embeddable":true,"href":"http:\/\/demonray.de\/en\/wp-json\/wp\/v2\/pages\/194"}],"wp:attachment":[{"href":"http:\/\/demonray.de\/en\/wp-json\/wp\/v2\/media?parent=3114"}],"curies":[{"name":"wp","href":"https:\/\/api.w.org\/{rel}","templated":true}]}}