{"id":505,"date":"2024-04-07T19:38:51","date_gmt":"2024-04-07T18:38:51","guid":{"rendered":"http:\/\/szkolanurkowaniatest.dawidfemin.atthost24.pl\/?page_id=505"},"modified":"2026-03-29T20:05:12","modified_gmt":"2026-03-29T18:05:12","slug":"basic-open-water-sidemount-diver","status":"publish","type":"page","link":"http:\/\/demonray.de\/de\/basic-open-water-sidemount-diver\/","title":{"rendered":"Basic Open Water Sidemount Diver"},"content":{"rendered":"<div data-elementor-type=\"wp-page\" data-elementor-id=\"505\" class=\"elementor elementor-505\">\n\t\t\t\t<div class=\"elementor-element elementor-element-20a50535 e-flex e-con-boxed e-con e-parent\" data-id=\"20a50535\" data-element_type=\"container\">\n\t\t\t\t\t<div class=\"e-con-inner\">\n\t\t\t\t<div class=\"elementor-element elementor-element-522e1b1a elementor-widget elementor-widget-heading\" data-id=\"522e1b1a\" data-element_type=\"widget\" data-widget_type=\"heading.default\">\n\t\t\t\t<div class=\"elementor-widget-container\">\n\t\t\t<h1 class=\"elementor-heading-title elementor-size-default\">Basic Open Water Sidemount Diver<\/h1>\t\t<\/div>\n\t\t\t\t<\/div>\n\t\t\t\t<div class=\"elementor-element elementor-element-2800e7e3 elementor-view-default elementor-widget elementor-widget-icon\" data-id=\"2800e7e3\" data-element_type=\"widget\" data-widget_type=\"icon.default\">\n\t\t\t\t<div class=\"elementor-widget-container\">\n\t\t\t\t\t<div class=\"elementor-icon-wrapper\">\n\t\t\t<a class=\"elementor-icon\" href=\"#scrollToContent\">\n\t\t\t<svg xmlns=\"http:\/\/www.w3.org\/2000\/svg\" xmlns:xlink=\"http:\/\/www.w3.org\/1999\/xlink\" fill=\"#ffffff\" height=\"800px\" width=\"800px\" id=\"Layer_1\" viewbox=\"0 0 512 512\" xml:space=\"preserve\" stroke=\"#ffffff\"><g id=\"SVGRepo_bgCarrier\" stroke-width=\"0\"><\/g><g id=\"SVGRepo_tracerCarrier\" stroke-linecap=\"round\" stroke-linejoin=\"round\"><\/g><g id=\"SVGRepo_iconCarrier\"> <polygon points=\"442.2,93.1 256,279.3 69.8,93.1 0,162.9 256,418.9 512,162.9 \"><\/polygon> <\/g><\/svg>\t\t\t<\/a>\n\t\t<\/div>\n\t\t\t\t<\/div>\n\t\t\t\t<\/div>\n\t\t\t\t<div class=\"elementor-element elementor-element-58da2a50 .trapez elementor-widget elementor-widget-html\" data-id=\"58da2a50\" data-element_type=\"widget\" id=\"scrollToContent\" data-widget_type=\"html.default\">\n\t\t\t\t<div class=\"elementor-widget-container\">\n\t\t\t<div><\/div>\t\t<\/div>\n\t\t\t\t<\/div>\n\t\t\t\t\t<\/div>\n\t\t\t\t<\/div>\n\t\t<div class=\"elementor-element elementor-element-e4dbbce e-flex e-con-boxed e-con e-parent\" data-id=\"e4dbbce\" data-element_type=\"container\">\n\t\t\t\t\t<div class=\"e-con-inner\">\n\t\t\t\t<div class=\"elementor-element elementor-element-93a03e2 elementor-widget elementor-widget-heading\" data-id=\"93a03e2\" data-element_type=\"widget\" data-widget_type=\"heading.default\">\n\t\t\t\t<div class=\"elementor-widget-container\">\n\t\t\t<h2 class=\"elementor-heading-title elementor-size-default\">BASIC OPEN WATER SIDEMOUNT DIVER<\/h2>\t\t<\/div>\n\t\t\t\t<\/div>\n\t\t\t\t<div class=\"elementor-element elementor-element-35354a8 elementor-widget elementor-widget-heading\" data-id=\"35354a8\" data-element_type=\"widget\" data-widget_type=\"heading.default\">\n\t\t\t\t<div class=\"elementor-widget-container\">\n\t\t\t<p class=\"elementor-heading-title elementor-size-default\">Der PSAI Basic Sidemount Kurs auf Open Water Niveau zielt darauf ab, das korrekte Handling von zwei Flaschen in Sidemount-Konfiguration beim Tauchen in offenen Gew\u00e4ssern zu erlernen. Der Kurs behandelt die Ausr\u00fcstungskonfiguration, deren Elemente und ihre ordnungsgem\u00e4\u00dfe Wartung sowie die Verfahren und Techniken, die f\u00fcr die Sidemount-Konfiguration charakteristisch sind.<\/p>\t\t<\/div>\n\t\t\t\t<\/div>\n\t\t\t\t<div class=\"elementor-element elementor-element-0ee9204 elementor-widget elementor-widget-heading\" data-id=\"0ee9204\" data-element_type=\"widget\" data-widget_type=\"heading.default\">\n\t\t\t\t<div class=\"elementor-widget-container\">\n\t\t\t<h2 class=\"elementor-heading-title elementor-size-default\">AUSR\u00dcSTUNGSANFORDERUNGEN:<\/h2>\t\t<\/div>\n\t\t\t\t<\/div>\n\t\t\t\t<div class=\"elementor-element elementor-element-651e090 elementor-widget elementor-widget-heading\" data-id=\"651e090\" data-element_type=\"widget\" data-widget_type=\"heading.default\">\n\t\t\t\t<div class=\"elementor-widget-container\">\n\t\t\t<p class=\"elementor-heading-title elementor-size-default\">\u2022 2 erste Stufen, wovon eine mit einem 2 m langen Schlauch ausgestattet ist<\/p>\t\t<\/div>\n\t\t\t\t<\/div>\n\t\t\t\t<div class=\"elementor-element elementor-element-30d1a00 elementor-widget elementor-widget-heading\" data-id=\"30d1a00\" data-element_type=\"widget\" data-widget_type=\"heading.default\">\n\t\t\t\t<div class=\"elementor-widget-container\">\n\t\t\t<p class=\"elementor-heading-title elementor-size-default\">\u2022 2 Manometer<\/p>\t\t<\/div>\n\t\t\t\t<\/div>\n\t\t\t\t<div class=\"elementor-element elementor-element-440c54c elementor-widget elementor-widget-heading\" data-id=\"440c54c\" data-element_type=\"widget\" data-widget_type=\"heading.default\">\n\t\t\t\t<div class=\"elementor-widget-container\">\n\t\t\t<p class=\"elementor-heading-title elementor-size-default\">\u2022 Geeigneter Trockentauchanzug<\/p>\t\t<\/div>\n\t\t\t\t<\/div>\n\t\t\t\t<div class=\"elementor-element elementor-element-36d3479 elementor-widget elementor-widget-heading\" data-id=\"36d3479\" data-element_type=\"widget\" data-widget_type=\"heading.default\">\n\t\t\t\t<div class=\"elementor-widget-container\">\n\t\t\t<p class=\"elementor-heading-title elementor-size-default\">\u2022 Tiefen- und Zeitmesser<\/p>\t\t<\/div>\n\t\t\t\t<\/div>\n\t\t\t\t<div class=\"elementor-element elementor-element-71a3fbd elementor-widget elementor-widget-heading\" data-id=\"71a3fbd\" data-element_type=\"widget\" data-widget_type=\"heading.default\">\n\t\t\t\t<div class=\"elementor-widget-container\">\n\t\t\t<h2 class=\"elementor-heading-title elementor-size-default\">ZULASSUNGSVORAUSSETZUNGEN:<\/h2>\t\t<\/div>\n\t\t\t\t<\/div>\n\t\t\t\t<div class=\"elementor-element elementor-element-4871c16 elementor-widget elementor-widget-heading\" data-id=\"4871c16\" data-element_type=\"widget\" data-widget_type=\"heading.default\">\n\t\t\t\t<div class=\"elementor-widget-container\">\n\t\t\t<p class=\"elementor-heading-title elementor-size-default\">Jeder Kandidat muss die Open Water Diver Zertifizierung besitzen und mindestens 30 geloggte Tauchg\u00e4nge vorweisen. Der Teilnehmer muss \u00fcber aktuelle \u00e4rztliche Untersuchungen verf\u00fcgen.<\/p>\t\t<\/div>\n\t\t\t\t<\/div>\n\t\t\t\t<div class=\"elementor-element elementor-element-cf1e6c9 elementor-widget elementor-widget-heading\" data-id=\"cf1e6c9\" data-element_type=\"widget\" data-widget_type=\"heading.default\">\n\t\t\t\t<div class=\"elementor-widget-container\">\n\t\t\t<h2 class=\"elementor-heading-title elementor-size-default\">HINWEIS!<\/h2>\t\t<\/div>\n\t\t\t\t<\/div>\n\t\t\t\t<div class=\"elementor-element elementor-element-1fdbd42 elementor-widget elementor-widget-heading\" data-id=\"1fdbd42\" data-element_type=\"widget\" data-widget_type=\"heading.default\">\n\t\t\t\t<div class=\"elementor-widget-container\">\n\t\t\t<p class=\"elementor-heading-title elementor-size-default\">Mit Zustimmung des Instruktors f\u00fcr PSAI Open Water Sidemount kann der Kursteilnehmer gleichzeitig an diesem Kurs und am Kurs Open Water Sport Diver teilnehmen (d. h., mit Zustimmung des Instruktors kann der Teilnehmer an einem Grundkurs in Sidemount-Konfiguration teilnehmen). <\/p>\t\t<\/div>\n\t\t\t\t<\/div>\n\t\t\t\t<div class=\"elementor-element elementor-element-cb58769 elementor-widget elementor-widget-heading\" data-id=\"cb58769\" data-element_type=\"widget\" data-widget_type=\"heading.default\">\n\t\t\t\t<div class=\"elementor-widget-container\">\n\t\t\t<h2 class=\"elementor-heading-title elementor-size-default\">THEMEN DER VORTR\u00c4GE:<\/h2>\t\t<\/div>\n\t\t\t\t<\/div>\n\t\t\t\t<div class=\"elementor-element elementor-element-3d7e963 elementor-widget elementor-widget-heading\" data-id=\"3d7e963\" data-element_type=\"widget\" data-widget_type=\"heading.default\">\n\t\t\t\t<div class=\"elementor-widget-container\">\n\t\t\t<p class=\"elementor-heading-title elementor-size-default\">\u2022 Sidemount \u2013 Geschichte<\/p>\t\t<\/div>\n\t\t\t\t<\/div>\n\t\t\t\t<div class=\"elementor-element elementor-element-0f9a946 elementor-widget elementor-widget-heading\" data-id=\"0f9a946\" data-element_type=\"widget\" data-widget_type=\"heading.default\">\n\t\t\t\t<div class=\"elementor-widget-container\">\n\t\t\t<p class=\"elementor-heading-title elementor-size-default\">\u2022 Sidemount \u2013 heute<\/p>\t\t<\/div>\n\t\t\t\t<\/div>\n\t\t\t\t<div class=\"elementor-element elementor-element-a85aaa1 elementor-widget elementor-widget-heading\" data-id=\"a85aaa1\" data-element_type=\"widget\" data-widget_type=\"heading.default\">\n\t\t\t\t<div class=\"elementor-widget-container\">\n\t\t\t<p class=\"elementor-heading-title elementor-size-default\">\u2022 Ausr\u00fcstung f\u00fcr Sidemount-Konfiguration<\/p>\t\t<\/div>\n\t\t\t\t<\/div>\n\t\t\t\t<div class=\"elementor-element elementor-element-2e76463 elementor-widget elementor-widget-heading\" data-id=\"2e76463\" data-element_type=\"widget\" data-widget_type=\"heading.default\">\n\t\t\t\t<div class=\"elementor-widget-container\">\n\t\t\t<p class=\"elementor-heading-title elementor-size-default\">\u2022 Konfiguration und M\u00f6glichkeiten<\/p>\t\t<\/div>\n\t\t\t\t<\/div>\n\t\t\t\t<div class=\"elementor-element elementor-element-4bbdf81 elementor-widget elementor-widget-heading\" data-id=\"4bbdf81\" data-element_type=\"widget\" data-widget_type=\"heading.default\">\n\t\t\t\t<div class=\"elementor-widget-container\">\n\t\t\t<p class=\"elementor-heading-title elementor-size-default\">\u2022 Gasmanagement<\/p>\t\t<\/div>\n\t\t\t\t<\/div>\n\t\t\t\t<div class=\"elementor-element elementor-element-81a9b2c elementor-widget elementor-widget-heading\" data-id=\"81a9b2c\" data-element_type=\"widget\" data-widget_type=\"heading.default\">\n\t\t\t\t<div class=\"elementor-widget-container\">\n\t\t\t<p class=\"elementor-heading-title elementor-size-default\">\u2022 Aufstiegstechniken<\/p>\t\t<\/div>\n\t\t\t\t<\/div>\n\t\t\t\t<div class=\"elementor-element elementor-element-d3ebc18 elementor-widget elementor-widget-heading\" data-id=\"d3ebc18\" data-element_type=\"widget\" data-widget_type=\"heading.default\">\n\t\t\t\t<div class=\"elementor-widget-container\">\n\t\t\t<p class=\"elementor-heading-title elementor-size-default\">\u2022 Praktische F\u00e4higkeiten im Wasser <\/p>\t\t<\/div>\n\t\t\t\t<\/div>\n\t\t\t\t<div class=\"elementor-element elementor-element-0916d4f elementor-widget elementor-widget-heading\" data-id=\"0916d4f\" data-element_type=\"widget\" data-widget_type=\"heading.default\">\n\t\t\t\t<div class=\"elementor-widget-container\">\n\t\t\t<h2 class=\"elementor-heading-title elementor-size-default\">KURSDAUER:<\/h2>\t\t<\/div>\n\t\t\t\t<\/div>\n\t\t\t\t<div class=\"elementor-element elementor-element-a3ce73e elementor-widget elementor-widget-heading\" data-id=\"a3ce73e\" data-element_type=\"widget\" data-widget_type=\"heading.default\">\n\t\t\t\t<div class=\"elementor-widget-container\">\n\t\t\t<p class=\"elementor-heading-title elementor-size-default\">\u2022 Mindestens 60 Minuten Pool- oder pool\u00e4hnliche Wassersitzungen<\/p>\t\t<\/div>\n\t\t\t\t<\/div>\n\t\t\t\t<div class=\"elementor-element elementor-element-fc5dc20 elementor-widget elementor-widget-heading\" data-id=\"fc5dc20\" data-element_type=\"widget\" data-widget_type=\"heading.default\">\n\t\t\t\t<div class=\"elementor-widget-container\">\n\t\t\t<p class=\"elementor-heading-title elementor-size-default\">\u2022 Mindestens 3 Tauchg\u00e4nge im offenen Wasser bis zur maximalen Tiefe, f\u00fcr die der Kandidat berechtigt ist, mit einer Mindestgesamttauchzeit von 75 Minuten<\/p>\t\t<\/div>\n\t\t\t\t<\/div>\n\t\t\t\t<div class=\"elementor-element elementor-element-67f5cf2 elementor-widget elementor-widget-heading\" data-id=\"67f5cf2\" data-element_type=\"widget\" data-widget_type=\"heading.default\">\n\t\t\t\t<div class=\"elementor-widget-container\">\n\t\t\t<h2 class=\"elementor-heading-title elementor-size-default\">Kurspreis: <\/h2>\t\t<\/div>\n\t\t\t\t<\/div>\n\t\t\t\t<div class=\"elementor-element elementor-element-e570297 elementor-widget elementor-widget-heading\" data-id=\"e570297\" data-element_type=\"widget\" data-widget_type=\"heading.default\">\n\t\t\t\t<div class=\"elementor-widget-container\">\n\t\t\t<p class=\"elementor-heading-title elementor-size-default\">510\u20ac inklusive Lizenzgeb\u00fchr<\/p>\t\t<\/div>\n\t\t\t\t<\/div>\n\t\t\t\t\t<\/div>\n\t\t\t\t<\/div>\n\t\t\t\t<\/div>","protected":false},"excerpt":{"rendered":"<p>Basic Open Water Sidemount Diver BASIC OPEN WATER SIDEMOUNT DIVER Kurs PSAI Basic Sidemount na poziomie Open Water ma na celu nauk\u0119 w\u0142a\u015bciwej obs\u0142ugi dw\u00f3ch butli w konfiguracji sidemount przy wykonywaniu nurkowa\u0144 w wodach otwartych. Na kursie om\u00f3wiona zostanie konfiguracja sprz\u0119tu, jego elementy i ich w\u0142a\u015bciwa konserwacja oraz procedury i techniki charakterystyczne dla konfiguracji sidemount. [&hellip;]<\/p>","protected":false},"author":1,"featured_media":0,"parent":0,"menu_order":0,"comment_status":"closed","ping_status":"closed","template":"","meta":{"footnotes":""},"class_list":["post-505","page","type-page","status-publish","hentry"],"yoast_head":"<!-- This site is optimized with the Yoast SEO Premium plugin v19.4 (Yoast SEO v24.3) - https:\/\/yoast.com\/wordpress\/plugins\/seo\/ -->\n<title>Basic Open Water Sidemount Diver - Demon Ray<\/title>\n<meta name=\"robots\" content=\"index, follow, max-snippet:-1, max-image-preview:large, max-video-preview:-1\" \/>\n<link rel=\"canonical\" href=\"https:\/\/demonray.de\/de\/basic-open-water-sidemount-diver\/\" \/>\n<meta property=\"og:locale\" content=\"de_DE\" \/>\n<meta property=\"og:type\" content=\"article\" \/>\n<meta property=\"og:title\" content=\"Basic Open Water Sidemount Diver\" \/>\n<meta property=\"og:description\" content=\"Basic Open Water Sidemount Diver BASIC OPEN WATER SIDEMOUNT DIVER Kurs PSAI Basic Sidemount na poziomie Open Water ma na celu nauk\u0119 w\u0142a\u015bciwej obs\u0142ugi dw\u00f3ch butli w konfiguracji sidemount przy wykonywaniu nurkowa\u0144 w wodach otwartych. Na kursie om\u00f3wiona zostanie konfiguracja sprz\u0119tu, jego elementy i ich w\u0142a\u015bciwa konserwacja oraz procedury i techniki charakterystyczne dla konfiguracji sidemount. [&hellip;]\" \/>\n<meta property=\"og:url\" content=\"https:\/\/demonray.de\/de\/basic-open-water-sidemount-diver\/\" \/>\n<meta property=\"og:site_name\" content=\"Demon Ray\" \/>\n<meta property=\"article:publisher\" content=\"https:\/\/www.facebook.com\/p\/Demon-Ray-Scuba-Diving-61550789842853\/\" \/>\n<meta property=\"article:modified_time\" content=\"2026-03-29T18:05:12+00:00\" \/>\n<meta name=\"twitter:card\" content=\"summary_large_image\" \/>\n<meta name=\"twitter:label1\" content=\"Gesch\u00e4tzte Lesezeit\" \/>\n\t<meta name=\"twitter:data1\" content=\"2\u00a0Minuten\" \/>\n<script type=\"application\/ld+json\" class=\"yoast-schema-graph\">{\"@context\":\"https:\/\/schema.org\",\"@graph\":[{\"@type\":\"WebPage\",\"@id\":\"https:\/\/demonray.de\/de\/basic-open-water-sidemount-diver\/\",\"url\":\"https:\/\/demonray.de\/de\/basic-open-water-sidemount-diver\/\",\"name\":\"Basic Open Water Sidemount Diver - Demon Ray\",\"isPartOf\":{\"@id\":\"https:\/\/demonray.de\/#website\"},\"datePublished\":\"2024-04-07T18:38:51+00:00\",\"dateModified\":\"2026-03-29T18:05:12+00:00\",\"breadcrumb\":{\"@id\":\"https:\/\/demonray.de\/de\/basic-open-water-sidemount-diver\/#breadcrumb\"},\"inLanguage\":\"de\",\"potentialAction\":[{\"@type\":\"ReadAction\",\"target\":[\"https:\/\/demonray.de\/de\/basic-open-water-sidemount-diver\/\"]}]},{\"@type\":\"BreadcrumbList\",\"@id\":\"https:\/\/demonray.de\/de\/basic-open-water-sidemount-diver\/#breadcrumb\",\"itemListElement\":[{\"@type\":\"ListItem\",\"position\":1,\"name\":\"Strona g\u0142\u00f3wna\",\"item\":\"https:\/\/demonray.de\/\"},{\"@type\":\"ListItem\",\"position\":2,\"name\":\"Basic Open Water Sidemount Diver\"}]},{\"@type\":\"WebSite\",\"@id\":\"https:\/\/demonray.de\/#website\",\"url\":\"https:\/\/demonray.de\/\",\"name\":\"Demon Ray\",\"description\":\"Szko\u0142a nurkowania\",\"publisher\":{\"@id\":\"https:\/\/demonray.de\/#\/schema\/person\/40b8978b9b5617f17e8741a56fc1efbb\"},\"potentialAction\":[{\"@type\":\"SearchAction\",\"target\":{\"@type\":\"EntryPoint\",\"urlTemplate\":\"https:\/\/demonray.de\/?s={search_term_string}\"},\"query-input\":{\"@type\":\"PropertyValueSpecification\",\"valueRequired\":true,\"valueName\":\"search_term_string\"}}],\"inLanguage\":\"de\"},{\"@type\":[\"Person\",\"Organization\"],\"@id\":\"https:\/\/demonray.de\/#\/schema\/person\/40b8978b9b5617f17e8741a56fc1efbb\",\"name\":\"Beniamin\",\"image\":{\"@type\":\"ImageObject\",\"inLanguage\":\"de\",\"@id\":\"https:\/\/demonray.de\/#\/schema\/person\/image\/\",\"url\":\"https:\/\/demonray.de\/wp-content\/uploads\/2024\/04\/benjamin.webp\",\"contentUrl\":\"https:\/\/demonray.de\/wp-content\/uploads\/2024\/04\/benjamin.webp\",\"width\":1920,\"height\":1080,\"caption\":\"Beniamin\"},\"logo\":{\"@id\":\"https:\/\/demonray.de\/#\/schema\/person\/image\/\"},\"sameAs\":[\"https:\/\/demonray.de\/\",\"https:\/\/www.facebook.com\/p\/Demon-Ray-Scuba-Diving-61550789842853\/\",\"https:\/\/www.instagram.com\/demonray_diving\/\"]}]}<\/script>\n<!-- \/ Yoast SEO Premium plugin. -->","yoast_head_json":{"title":"Basic Open Water Sidemount Diver - Demon Ray","robots":{"index":"index","follow":"follow","max-snippet":"max-snippet:-1","max-image-preview":"max-image-preview:large","max-video-preview":"max-video-preview:-1"},"canonical":"https:\/\/demonray.de\/de\/basic-open-water-sidemount-diver\/","og_locale":"de_DE","og_type":"article","og_title":"Basic Open Water Sidemount Diver","og_description":"Basic Open Water Sidemount Diver BASIC OPEN WATER SIDEMOUNT DIVER Kurs PSAI Basic Sidemount na poziomie Open Water ma na celu nauk\u0119 w\u0142a\u015bciwej obs\u0142ugi dw\u00f3ch butli w konfiguracji sidemount przy wykonywaniu nurkowa\u0144 w wodach otwartych. Na kursie om\u00f3wiona zostanie konfiguracja sprz\u0119tu, jego elementy i ich w\u0142a\u015bciwa konserwacja oraz procedury i techniki charakterystyczne dla konfiguracji sidemount. [&hellip;]","og_url":"https:\/\/demonray.de\/de\/basic-open-water-sidemount-diver\/","og_site_name":"Demon Ray","article_publisher":"https:\/\/www.facebook.com\/p\/Demon-Ray-Scuba-Diving-61550789842853\/","article_modified_time":"2026-03-29T18:05:12+00:00","twitter_card":"summary_large_image","twitter_misc":{"Gesch\u00e4tzte Lesezeit":"2\u00a0Minuten"},"schema":{"@context":"https:\/\/schema.org","@graph":[{"@type":"WebPage","@id":"https:\/\/demonray.de\/de\/basic-open-water-sidemount-diver\/","url":"https:\/\/demonray.de\/de\/basic-open-water-sidemount-diver\/","name":"Basic Open Water Sidemount Diver - Demon Ray","isPartOf":{"@id":"https:\/\/demonray.de\/#website"},"datePublished":"2024-04-07T18:38:51+00:00","dateModified":"2026-03-29T18:05:12+00:00","breadcrumb":{"@id":"https:\/\/demonray.de\/de\/basic-open-water-sidemount-diver\/#breadcrumb"},"inLanguage":"de","potentialAction":[{"@type":"ReadAction","target":["https:\/\/demonray.de\/de\/basic-open-water-sidemount-diver\/"]}]},{"@type":"BreadcrumbList","@id":"https:\/\/demonray.de\/de\/basic-open-water-sidemount-diver\/#breadcrumb","itemListElement":[{"@type":"ListItem","position":1,"name":"Strona g\u0142\u00f3wna","item":"https:\/\/demonray.de\/"},{"@type":"ListItem","position":2,"name":"Basic Open Water Sidemount Diver"}]},{"@type":"WebSite","@id":"https:\/\/demonray.de\/#website","url":"https:\/\/demonray.de\/","name":"Demon Ray","description":"Szko\u0142a nurkowania","publisher":{"@id":"https:\/\/demonray.de\/#\/schema\/person\/40b8978b9b5617f17e8741a56fc1efbb"},"potentialAction":[{"@type":"SearchAction","target":{"@type":"EntryPoint","urlTemplate":"https:\/\/demonray.de\/?s={search_term_string}"},"query-input":{"@type":"PropertyValueSpecification","valueRequired":true,"valueName":"search_term_string"}}],"inLanguage":"de"},{"@type":["Person","Organization"],"@id":"https:\/\/demonray.de\/#\/schema\/person\/40b8978b9b5617f17e8741a56fc1efbb","name":"Beniamin","image":{"@type":"ImageObject","inLanguage":"de","@id":"https:\/\/demonray.de\/#\/schema\/person\/image\/","url":"https:\/\/demonray.de\/wp-content\/uploads\/2024\/04\/benjamin.webp","contentUrl":"https:\/\/demonray.de\/wp-content\/uploads\/2024\/04\/benjamin.webp","width":1920,"height":1080,"caption":"Beniamin"},"logo":{"@id":"https:\/\/demonray.de\/#\/schema\/person\/image\/"},"sameAs":["https:\/\/demonray.de\/","https:\/\/www.facebook.com\/p\/Demon-Ray-Scuba-Diving-61550789842853\/","https:\/\/www.instagram.com\/demonray_diving\/"]}]}},"_links":{"self":[{"href":"http:\/\/demonray.de\/de\/wp-json\/wp\/v2\/pages\/505","targetHints":{"allow":["GET"]}}],"collection":[{"href":"http:\/\/demonray.de\/de\/wp-json\/wp\/v2\/pages"}],"about":[{"href":"http:\/\/demonray.de\/de\/wp-json\/wp\/v2\/types\/page"}],"author":[{"embeddable":true,"href":"http:\/\/demonray.de\/de\/wp-json\/wp\/v2\/users\/1"}],"replies":[{"embeddable":true,"href":"http:\/\/demonray.de\/de\/wp-json\/wp\/v2\/comments?post=505"}],"version-history":[{"count":28,"href":"http:\/\/demonray.de\/de\/wp-json\/wp\/v2\/pages\/505\/revisions"}],"predecessor-version":[{"id":3127,"href":"http:\/\/demonray.de\/de\/wp-json\/wp\/v2\/pages\/505\/revisions\/3127"}],"wp:attachment":[{"href":"http:\/\/demonray.de\/de\/wp-json\/wp\/v2\/media?parent=505"}],"curies":[{"name":"wp","href":"https:\/\/api.w.org\/{rel}","templated":true}]}}