{"id":3082,"date":"2026-03-29T13:06:38","date_gmt":"2026-03-29T11:06:38","guid":{"rendered":"https:\/\/demonray.de\/?page_id=3082"},"modified":"2026-03-29T13:20:46","modified_gmt":"2026-03-29T11:20:46","slug":"roger-langmann","status":"publish","type":"page","link":"http:\/\/demonray.de\/de\/team\/roger-langmann\/","title":{"rendered":"Roger Langmann"},"content":{"rendered":"<div data-elementor-type=\"wp-page\" data-elementor-id=\"3082\" class=\"elementor elementor-3082\">\n\t\t\t\t<div class=\"elementor-element elementor-element-69ab59bc e-flex e-con-boxed e-con e-parent\" data-id=\"69ab59bc\" data-element_type=\"container\">\n\t\t\t\t\t<div class=\"e-con-inner\">\n\t\t\t\t<div class=\"elementor-element elementor-element-5192af78 elementor-widget elementor-widget-heading\" data-id=\"5192af78\" data-element_type=\"widget\" data-widget_type=\"heading.default\">\n\t\t\t\t<div class=\"elementor-widget-container\">\n\t\t\t<h1 class=\"elementor-heading-title elementor-size-default\">Roger Langmann<\/h1>\t\t<\/div>\n\t\t\t\t<\/div>\n\t\t\t\t<div class=\"elementor-element elementor-element-6eac30c8 elementor-view-default elementor-widget elementor-widget-icon\" data-id=\"6eac30c8\" data-element_type=\"widget\" data-widget_type=\"icon.default\">\n\t\t\t\t<div class=\"elementor-widget-container\">\n\t\t\t\t\t<div class=\"elementor-icon-wrapper\">\n\t\t\t<a class=\"elementor-icon\" href=\"#scrollToContent\">\n\t\t\t<svg xmlns=\"http:\/\/www.w3.org\/2000\/svg\" xmlns:xlink=\"http:\/\/www.w3.org\/1999\/xlink\" fill=\"#ffffff\" height=\"800px\" width=\"800px\" id=\"Layer_1\" viewbox=\"0 0 512 512\" xml:space=\"preserve\" stroke=\"#ffffff\"><g id=\"SVGRepo_bgCarrier\" stroke-width=\"0\"><\/g><g id=\"SVGRepo_tracerCarrier\" stroke-linecap=\"round\" stroke-linejoin=\"round\"><\/g><g id=\"SVGRepo_iconCarrier\"> <polygon points=\"442.2,93.1 256,279.3 69.8,93.1 0,162.9 256,418.9 512,162.9 \"><\/polygon> <\/g><\/svg>\t\t\t<\/a>\n\t\t<\/div>\n\t\t\t\t<\/div>\n\t\t\t\t<\/div>\n\t\t\t\t<div class=\"elementor-element elementor-element-26310b42 .trapez elementor-widget elementor-widget-html\" data-id=\"26310b42\" data-element_type=\"widget\" id=\"scrollToContent\" data-widget_type=\"html.default\">\n\t\t\t\t<div class=\"elementor-widget-container\">\n\t\t\t<div><\/div>\t\t<\/div>\n\t\t\t\t<\/div>\n\t\t\t\t\t<\/div>\n\t\t\t\t<\/div>\n\t\t<div class=\"elementor-element elementor-element-7a459a07 e-flex e-con-boxed e-con e-parent\" data-id=\"7a459a07\" data-element_type=\"container\">\n\t\t\t\t\t<div class=\"e-con-inner\">\n\t\t<div class=\"elementor-element elementor-element-1b8b4b73 e-con-full e-flex e-con e-child\" data-id=\"1b8b4b73\" data-element_type=\"container\">\n\t\t\t\t<div class=\"elementor-element elementor-element-13780ff7 elementor-widget elementor-widget-image\" data-id=\"13780ff7\" data-element_type=\"widget\" data-widget_type=\"image.default\">\n\t\t\t\t<div class=\"elementor-widget-container\">\n\t\t\t\t\t\t\t\t\t\t\t\t\t<img fetchpriority=\"high\" decoding=\"async\" width=\"800\" height=\"941\" src=\"https:\/\/demonray.de\/wp-content\/uploads\/2026\/03\/WhatsApp-Image-2026-03-08-at-10.00.14-871x1024.jpeg\" class=\"attachment-large size-large wp-image-3097\" alt=\"\" srcset=\"https:\/\/demonray.de\/wp-content\/uploads\/2026\/03\/WhatsApp-Image-2026-03-08-at-10.00.14-871x1024.jpeg 871w, https:\/\/demonray.de\/wp-content\/uploads\/2026\/03\/WhatsApp-Image-2026-03-08-at-10.00.14-255x300.jpeg 255w, https:\/\/demonray.de\/wp-content\/uploads\/2026\/03\/WhatsApp-Image-2026-03-08-at-10.00.14-768x903.jpeg 768w, https:\/\/demonray.de\/wp-content\/uploads\/2026\/03\/WhatsApp-Image-2026-03-08-at-10.00.14-1307x1536.jpeg 1307w, https:\/\/demonray.de\/wp-content\/uploads\/2026\/03\/WhatsApp-Image-2026-03-08-at-10.00.14-10x12.jpeg 10w, https:\/\/demonray.de\/wp-content\/uploads\/2026\/03\/WhatsApp-Image-2026-03-08-at-10.00.14.jpeg 1361w\" sizes=\"(max-width: 800px) 100vw, 800px\" \/>\t\t\t\t\t\t\t\t\t\t\t\t\t<\/div>\n\t\t\t\t<\/div>\n\t\t\t\t<\/div>\n\t\t<div class=\"elementor-element elementor-element-541d8acf e-con-full e-flex e-con e-child\" data-id=\"541d8acf\" data-element_type=\"container\">\n\t\t\t\t<div class=\"elementor-element elementor-element-28ce7303 elementor-widget elementor-widget-heading\" data-id=\"28ce7303\" data-element_type=\"widget\" data-widget_type=\"heading.default\">\n\t\t\t\t<div class=\"elementor-widget-container\">\n\t\t\t<h2 class=\"elementor-heading-title elementor-size-default\">Roger Langmann<\/h2>\t\t<\/div>\n\t\t\t\t<\/div>\n\t\t\t\t<div class=\"elementor-element elementor-element-2c3bc549 elementor-widget elementor-widget-heading\" data-id=\"2c3bc549\" data-element_type=\"widget\" data-widget_type=\"heading.default\">\n\t\t\t\t<div class=\"elementor-widget-container\">\n\t\t\t<h2 class=\"elementor-heading-title elementor-size-default\">Roger nahm im Jahr 2000 auf Taiwan seinen ersten Atemzug unter Wasser \u2013 von diesem Moment an wurde das Tauchen zu seiner gro\u00dfen Leidenschaft und zu einem sehr wichtigen Bestandteil seines Lebens.\n<\/h2>\t\t<\/div>\n\t\t\t\t<\/div>\n\t\t\t\t<div class=\"elementor-element elementor-element-9d26400 elementor-widget elementor-widget-heading\" data-id=\"9d26400\" data-element_type=\"widget\" data-widget_type=\"heading.default\">\n\t\t\t\t<div class=\"elementor-widget-container\">\n\t\t\t<h2 class=\"elementor-heading-title elementor-size-default\">Schon als Open Water Diver begann er im Tauchcenter mitzuhelfen und wertvolle praktische Erfahrungen zu sammeln. In seiner zweiten Heimat Taiwan entwickelte er sich kontinuierlich weiter, erreichte schlie\u00dflich die Qualifikation zum Divemaster und arbeitete dort in einem Tauchcenter. Dadurch konnte er seinen Horizont und seine praktischen F\u00e4higkeiten weiter ausbauen.\n<\/h2>\t\t<\/div>\n\t\t\t\t<\/div>\n\t\t\t\t<div class=\"elementor-element elementor-element-f55a07f elementor-widget elementor-widget-heading\" data-id=\"f55a07f\" data-element_type=\"widget\" data-widget_type=\"heading.default\">\n\t\t\t\t<div class=\"elementor-widget-container\">\n\t\t\t<h2 class=\"elementor-heading-title elementor-size-default\">Es folgten zahlreiche Tauchreisen mit vielen unvergesslichen Tauchg\u00e4ngen, unter anderem auf Taiwan, den Philippinen, in Indonesien, auf den Malediven und an vielen weiteren wundersch\u00f6nen Spots weltweit.\n<\/h2>\t\t<\/div>\n\t\t\t\t<\/div>\n\t\t\t\t<div class=\"elementor-element elementor-element-4402b5c4 elementor-widget elementor-widget-heading\" data-id=\"4402b5c4\" data-element_type=\"widget\" data-widget_type=\"heading.default\">\n\t\t\t\t<div class=\"elementor-widget-container\">\n\t\t\t<h2 class=\"elementor-heading-title elementor-size-default\">Bei seinen Tauchg\u00e4ngen begleitete ihn stets seine Kamera, mit der er die Vielfalt der Unterwasserwelt festhielt. Als leidenschaftlicher Unterwasserfotograf begeistert ihn besonders die faszinierende Makrowelt.\n<\/h2>\t\t<\/div>\n\t\t\t\t<\/div>\n\t\t\t\t<div class=\"elementor-element elementor-element-1038120 elementor-widget elementor-widget-heading\" data-id=\"1038120\" data-element_type=\"widget\" data-widget_type=\"heading.default\">\n\t\t\t\t<div class=\"elementor-widget-container\">\n\t\t\t<h2 class=\"elementor-heading-title elementor-size-default\">Nach vier Jahren auf Taiwan verlie\u00df Roger Asien und kehrte nach Deutschland zur\u00fcck. Seine Leidenschaft f\u00fcrs Tauchen blieb jedoch bestehen, und so begann er die Seen in seiner Umgebung zu erkunden. Nach einigen Jahren fasste er schlie\u00dflich den Entschluss, selbst Taucher auszubilden, und kehrte daf\u00fcr nach Taiwan zur\u00fcck, um dort seine Ausbildung zum Tauchlehrer zu absolvieren.\n<\/h2>\t\t<\/div>\n\t\t\t\t<\/div>\n\t\t\t\t<div class=\"elementor-element elementor-element-36c6b233 elementor-widget elementor-widget-heading\" data-id=\"36c6b233\" data-element_type=\"widget\" data-widget_type=\"heading.default\">\n\t\t\t\t<div class=\"elementor-widget-container\">\n\t\t\t<h2 class=\"elementor-heading-title elementor-size-default\">Als Tauchlehrer m\u00f6chte Roger seine Begeisterung f\u00fcr das Tauchen mit Gleichgesinnten teilen, seine Erfahrungen weitergeben und neue Taucher ausbilden.\n<\/h2>\t\t<\/div>\n\t\t\t\t<\/div>\n\t\t\t\t<\/div>\n\t\t\t\t\t<\/div>\n\t\t\t\t<\/div>\n\t\t<div class=\"elementor-element elementor-element-97b8167 e-flex e-con-boxed e-con e-parent\" data-id=\"97b8167\" data-element_type=\"container\">\n\t\t\t\t\t<div class=\"e-con-inner\">\n\t\t\t\t<div class=\"elementor-element elementor-element-97acb11 elementor-widget elementor-widget-image\" data-id=\"97acb11\" data-element_type=\"widget\" data-widget_type=\"image.default\">\n\t\t\t\t<div class=\"elementor-widget-container\">\n\t\t\t\t\t\t\t\t\t\t\t\t\t<img decoding=\"async\" width=\"800\" height=\"446\" src=\"https:\/\/demonray.de\/wp-content\/uploads\/2026\/03\/WhatsApp-Image-2026-03-08-at-10.04.53-1024x571.jpeg\" class=\"attachment-large size-large wp-image-3086\" alt=\"\" srcset=\"https:\/\/demonray.de\/wp-content\/uploads\/2026\/03\/WhatsApp-Image-2026-03-08-at-10.04.53-1024x571.jpeg 1024w, https:\/\/demonray.de\/wp-content\/uploads\/2026\/03\/WhatsApp-Image-2026-03-08-at-10.04.53-300x167.jpeg 300w, https:\/\/demonray.de\/wp-content\/uploads\/2026\/03\/WhatsApp-Image-2026-03-08-at-10.04.53-768x428.jpeg 768w, https:\/\/demonray.de\/wp-content\/uploads\/2026\/03\/WhatsApp-Image-2026-03-08-at-10.04.53-18x10.jpeg 18w, https:\/\/demonray.de\/wp-content\/uploads\/2026\/03\/WhatsApp-Image-2026-03-08-at-10.04.53.jpeg 1170w\" sizes=\"(max-width: 800px) 100vw, 800px\" \/>\t\t\t\t\t\t\t\t\t\t\t\t\t<\/div>\n\t\t\t\t<\/div>\n\t\t\t\t\t<\/div>\n\t\t\t\t<\/div>\n\t\t<div class=\"elementor-element elementor-element-65d2ad8 e-flex e-con-boxed e-con e-parent\" data-id=\"65d2ad8\" data-element_type=\"container\">\n\t\t\t\t\t<div class=\"e-con-inner\">\n\t\t\t\t<div class=\"elementor-element elementor-element-019922f elementor-widget elementor-widget-image\" data-id=\"019922f\" data-element_type=\"widget\" data-widget_type=\"image.default\">\n\t\t\t\t<div class=\"elementor-widget-container\">\n\t\t\t\t\t\t\t\t\t\t\t\t\t<img decoding=\"async\" width=\"800\" height=\"600\" src=\"https:\/\/demonray.de\/wp-content\/uploads\/2026\/03\/WhatsApp-Image-2026-03-08-at-10.01.39-1024x768.jpeg\" class=\"attachment-large size-large wp-image-3085\" alt=\"\" srcset=\"https:\/\/demonray.de\/wp-content\/uploads\/2026\/03\/WhatsApp-Image-2026-03-08-at-10.01.39-1024x768.jpeg 1024w, https:\/\/demonray.de\/wp-content\/uploads\/2026\/03\/WhatsApp-Image-2026-03-08-at-10.01.39-300x225.jpeg 300w, https:\/\/demonray.de\/wp-content\/uploads\/2026\/03\/WhatsApp-Image-2026-03-08-at-10.01.39-768x576.jpeg 768w, https:\/\/demonray.de\/wp-content\/uploads\/2026\/03\/WhatsApp-Image-2026-03-08-at-10.01.39-1536x1152.jpeg 1536w, https:\/\/demonray.de\/wp-content\/uploads\/2026\/03\/WhatsApp-Image-2026-03-08-at-10.01.39-16x12.jpeg 16w, https:\/\/demonray.de\/wp-content\/uploads\/2026\/03\/WhatsApp-Image-2026-03-08-at-10.01.39.jpeg 1600w\" sizes=\"(max-width: 800px) 100vw, 800px\" \/>\t\t\t\t\t\t\t\t\t\t\t\t\t<\/div>\n\t\t\t\t<\/div>\n\t\t\t\t\t<\/div>\n\t\t\t\t<\/div>\n\t\t<div class=\"elementor-element elementor-element-6b4e739d e-flex e-con-boxed e-con e-parent\" data-id=\"6b4e739d\" data-element_type=\"container\" data-settings=\"{&quot;background_background&quot;:&quot;classic&quot;}\">\n\t\t\t\t\t<div class=\"e-con-inner\">\n\t\t\t\t<div class=\"elementor-element elementor-element-5bdf4476 elementor-widget elementor-widget-html\" data-id=\"5bdf4476\" data-element_type=\"widget\" data-widget_type=\"html.default\">\n\t\t\t\t<div class=\"elementor-widget-container\">\n\t\t\t<div><\/div>\t\t<\/div>\n\t\t\t\t<\/div>\n\t\t\t\t<div class=\"elementor-element elementor-element-5ed34c21 elementor-widget elementor-widget-heading\" data-id=\"5ed34c21\" data-element_type=\"widget\" data-widget_type=\"heading.default\">\n\t\t\t\t<div class=\"elementor-widget-container\">\n\t\t\t<h2 class=\"elementor-heading-title elementor-size-default\"><a href=\"https:\/\/www.facebook.com\/profile.php?id=61550789842853\" target=\"_blank\">FOLGEN SIE UNS AUF FACEBOOK UND INSTAGRAM<\/a><\/h2>\t\t<\/div>\n\t\t\t\t<\/div>\n\t\t\t\t<div class=\"elementor-element elementor-element-54d3d3ec elementor-widget elementor-widget-html\" data-id=\"54d3d3ec\" data-element_type=\"widget\" data-widget_type=\"html.default\">\n\t\t\t\t<div class=\"elementor-widget-container\">\n\t\t\t<div><\/div>\t\t<\/div>\n\t\t\t\t<\/div>\n\t\t<div class=\"elementor-element elementor-element-18f7e7f7 e-flex e-con-boxed e-con e-child\" data-id=\"18f7e7f7\" data-element_type=\"container\">\n\t\t\t\t\t<div class=\"e-con-inner\">\n\t\t\t\t<div class=\"elementor-element elementor-element-549c6472 elementor-widget elementor-widget-image\" data-id=\"549c6472\" data-element_type=\"widget\" data-widget_type=\"image.default\">\n\t\t\t\t<div class=\"elementor-widget-container\">\n\t\t\t\t\t\t\t\t\t\t\t\t\t\t<a href=\"https:\/\/www.facebook.com\/profile.php?id=61550789842853\" target=\"_blank\">\n\t\t\t\t\t\t\t<img loading=\"lazy\" decoding=\"async\" width=\"101\" height=\"100\" src=\"https:\/\/demonray.de\/wp-content\/uploads\/2024\/04\/fb_btn.png\" class=\"attachment-large size-large wp-image-1173\" alt=\"\" srcset=\"https:\/\/demonray.de\/wp-content\/uploads\/2024\/04\/fb_btn.png 101w, https:\/\/demonray.de\/wp-content\/uploads\/2024\/04\/fb_btn-12x12.png 12w\" sizes=\"(max-width: 101px) 100vw, 101px\" \/>\t\t\t\t\t\t\t\t<\/a>\n\t\t\t\t\t\t\t\t\t\t\t\t\t<\/div>\n\t\t\t\t<\/div>\n\t\t\t\t<div class=\"elementor-element elementor-element-5f40b731 elementor-widget elementor-widget-image\" data-id=\"5f40b731\" data-element_type=\"widget\" data-widget_type=\"image.default\">\n\t\t\t\t<div class=\"elementor-widget-container\">\n\t\t\t\t\t\t\t\t\t\t\t\t\t\t<a href=\"https:\/\/www.instagram.com\/demonray_diving\/\" target=\"_blank\">\n\t\t\t\t\t\t\t<img loading=\"lazy\" decoding=\"async\" width=\"101\" height=\"101\" src=\"https:\/\/demonray.de\/wp-content\/uploads\/2024\/04\/iggg.png\" class=\"attachment-large size-large wp-image-1174\" alt=\"\" srcset=\"https:\/\/demonray.de\/wp-content\/uploads\/2024\/04\/iggg.png 101w, https:\/\/demonray.de\/wp-content\/uploads\/2024\/04\/iggg-12x12.png 12w\" sizes=\"(max-width: 101px) 100vw, 101px\" \/>\t\t\t\t\t\t\t\t<\/a>\n\t\t\t\t\t\t\t\t\t\t\t\t\t<\/div>\n\t\t\t\t<\/div>\n\t\t\t\t\t<\/div>\n\t\t\t\t<\/div>\n\t\t\t\t\t<\/div>\n\t\t\t\t<\/div>\n\t\t\t\t<\/div>","protected":false},"excerpt":{"rendered":"<p>Roger Langmann Roger Langmann Roger wzi\u0105\u0142 sw\u00f3j pierwszy oddech pod wod\u0105 w roku 2000 na Tajwanie \u2013 od tego momentu nurkowanie sta\u0142o si\u0119 jego wielk\u0105 pasj\u0105 i bardzo wa\u017cn\u0105 cz\u0119\u015bci\u0105 jego \u017cycia. Ju\u017c jako Open Water Diver zacz\u0105\u0142 pomaga\u0107 w centrum nurkowym i zdobywa\u0107 cenne do\u015bwiadczenie praktyczne. W swojej drugiej ojczy\u017anie, na Tajwanie, stale rozwija\u0142 [&hellip;]<\/p>","protected":false},"author":1,"featured_media":0,"parent":194,"menu_order":0,"comment_status":"closed","ping_status":"closed","template":"","meta":{"footnotes":""},"class_list":["post-3082","page","type-page","status-publish","hentry"],"yoast_head":"<!-- This site is optimized with the Yoast SEO Premium plugin v19.4 (Yoast SEO v24.3) - https:\/\/yoast.com\/wordpress\/plugins\/seo\/ -->\n<title>Roger Langmann - Demon Ray<\/title>\n<meta name=\"robots\" content=\"index, follow, max-snippet:-1, max-image-preview:large, max-video-preview:-1\" \/>\n<link rel=\"canonical\" href=\"http:\/\/demonray.de\/de\/team\/roger-langmann\/\" \/>\n<meta property=\"og:locale\" content=\"de_DE\" \/>\n<meta property=\"og:type\" content=\"article\" \/>\n<meta property=\"og:title\" content=\"Roger Langmann\" \/>\n<meta property=\"og:description\" content=\"Roger Langmann Roger Langmann Roger wzi\u0105\u0142 sw\u00f3j pierwszy oddech pod wod\u0105 w roku 2000 na Tajwanie \u2013 od tego momentu nurkowanie sta\u0142o si\u0119 jego wielk\u0105 pasj\u0105 i bardzo wa\u017cn\u0105 cz\u0119\u015bci\u0105 jego \u017cycia. Ju\u017c jako Open Water Diver zacz\u0105\u0142 pomaga\u0107 w centrum nurkowym i zdobywa\u0107 cenne do\u015bwiadczenie praktyczne. W swojej drugiej ojczy\u017anie, na Tajwanie, stale rozwija\u0142 [&hellip;]\" \/>\n<meta property=\"og:url\" content=\"http:\/\/demonray.de\/de\/team\/roger-langmann\/\" \/>\n<meta property=\"og:site_name\" content=\"Demon Ray\" \/>\n<meta property=\"article:publisher\" content=\"https:\/\/www.facebook.com\/p\/Demon-Ray-Scuba-Diving-61550789842853\/\" \/>\n<meta property=\"article:modified_time\" content=\"2026-03-29T11:20:46+00:00\" \/>\n<meta property=\"og:image\" content=\"https:\/\/demonray.de\/wp-content\/uploads\/2026\/03\/WhatsApp-Image-2026-03-08-at-10.00.14.jpeg\" \/>\n\t<meta property=\"og:image:width\" content=\"1361\" \/>\n\t<meta property=\"og:image:height\" content=\"1600\" \/>\n\t<meta property=\"og:image:type\" content=\"image\/jpeg\" \/>\n<meta name=\"twitter:card\" content=\"summary_large_image\" \/>\n<meta name=\"twitter:label1\" content=\"Gesch\u00e4tzte Lesezeit\" \/>\n\t<meta name=\"twitter:data1\" content=\"3\u00a0Minuten\" \/>\n<script type=\"application\/ld+json\" class=\"yoast-schema-graph\">{\"@context\":\"https:\/\/schema.org\",\"@graph\":[{\"@type\":\"WebPage\",\"@id\":\"https:\/\/demonray.de\/team\/roger-langmann\/\",\"url\":\"https:\/\/demonray.de\/team\/roger-langmann\/\",\"name\":\"Roger Langmann - Demon Ray\",\"isPartOf\":{\"@id\":\"https:\/\/demonray.de\/#website\"},\"primaryImageOfPage\":{\"@id\":\"https:\/\/demonray.de\/team\/roger-langmann\/#primaryimage\"},\"image\":{\"@id\":\"https:\/\/demonray.de\/team\/roger-langmann\/#primaryimage\"},\"thumbnailUrl\":\"https:\/\/demonray.de\/wp-content\/uploads\/2026\/03\/WhatsApp-Image-2026-03-08-at-10.00.14-871x1024.jpeg\",\"datePublished\":\"2026-03-29T11:06:38+00:00\",\"dateModified\":\"2026-03-29T11:20:46+00:00\",\"breadcrumb\":{\"@id\":\"https:\/\/demonray.de\/team\/roger-langmann\/#breadcrumb\"},\"inLanguage\":\"de\",\"potentialAction\":[{\"@type\":\"ReadAction\",\"target\":[\"https:\/\/demonray.de\/team\/roger-langmann\/\"]}]},{\"@type\":\"ImageObject\",\"inLanguage\":\"de\",\"@id\":\"https:\/\/demonray.de\/team\/roger-langmann\/#primaryimage\",\"url\":\"https:\/\/demonray.de\/wp-content\/uploads\/2026\/03\/WhatsApp-Image-2026-03-08-at-10.00.14-871x1024.jpeg\",\"contentUrl\":\"https:\/\/demonray.de\/wp-content\/uploads\/2026\/03\/WhatsApp-Image-2026-03-08-at-10.00.14-871x1024.jpeg\"},{\"@type\":\"BreadcrumbList\",\"@id\":\"https:\/\/demonray.de\/team\/roger-langmann\/#breadcrumb\",\"itemListElement\":[{\"@type\":\"ListItem\",\"position\":1,\"name\":\"Strona g\u0142\u00f3wna\",\"item\":\"https:\/\/demonray.de\/\"},{\"@type\":\"ListItem\",\"position\":2,\"name\":\"Team\",\"item\":\"https:\/\/demonray.de\/team\/\"},{\"@type\":\"ListItem\",\"position\":3,\"name\":\"Roger Langmann\"}]},{\"@type\":\"WebSite\",\"@id\":\"https:\/\/demonray.de\/#website\",\"url\":\"https:\/\/demonray.de\/\",\"name\":\"Demon Ray\",\"description\":\"Szko\u0142a nurkowania\",\"publisher\":{\"@id\":\"https:\/\/demonray.de\/#\/schema\/person\/40b8978b9b5617f17e8741a56fc1efbb\"},\"potentialAction\":[{\"@type\":\"SearchAction\",\"target\":{\"@type\":\"EntryPoint\",\"urlTemplate\":\"https:\/\/demonray.de\/?s={search_term_string}\"},\"query-input\":{\"@type\":\"PropertyValueSpecification\",\"valueRequired\":true,\"valueName\":\"search_term_string\"}}],\"inLanguage\":\"de\"},{\"@type\":[\"Person\",\"Organization\"],\"@id\":\"https:\/\/demonray.de\/#\/schema\/person\/40b8978b9b5617f17e8741a56fc1efbb\",\"name\":\"Beniamin\",\"image\":{\"@type\":\"ImageObject\",\"inLanguage\":\"de\",\"@id\":\"https:\/\/demonray.de\/#\/schema\/person\/image\/\",\"url\":\"https:\/\/demonray.de\/wp-content\/uploads\/2024\/04\/benjamin.webp\",\"contentUrl\":\"https:\/\/demonray.de\/wp-content\/uploads\/2024\/04\/benjamin.webp\",\"width\":1920,\"height\":1080,\"caption\":\"Beniamin\"},\"logo\":{\"@id\":\"https:\/\/demonray.de\/#\/schema\/person\/image\/\"},\"sameAs\":[\"https:\/\/demonray.de\/\",\"https:\/\/www.facebook.com\/p\/Demon-Ray-Scuba-Diving-61550789842853\/\",\"https:\/\/www.instagram.com\/demonray_diving\/\"]}]}<\/script>\n<!-- \/ Yoast SEO Premium plugin. -->","yoast_head_json":{"title":"Roger Langmann - Demon Ray","robots":{"index":"index","follow":"follow","max-snippet":"max-snippet:-1","max-image-preview":"max-image-preview:large","max-video-preview":"max-video-preview:-1"},"canonical":"http:\/\/demonray.de\/de\/team\/roger-langmann\/","og_locale":"de_DE","og_type":"article","og_title":"Roger Langmann","og_description":"Roger Langmann Roger Langmann Roger wzi\u0105\u0142 sw\u00f3j pierwszy oddech pod wod\u0105 w roku 2000 na Tajwanie \u2013 od tego momentu nurkowanie sta\u0142o si\u0119 jego wielk\u0105 pasj\u0105 i bardzo wa\u017cn\u0105 cz\u0119\u015bci\u0105 jego \u017cycia. Ju\u017c jako Open Water Diver zacz\u0105\u0142 pomaga\u0107 w centrum nurkowym i zdobywa\u0107 cenne do\u015bwiadczenie praktyczne. W swojej drugiej ojczy\u017anie, na Tajwanie, stale rozwija\u0142 [&hellip;]","og_url":"http:\/\/demonray.de\/de\/team\/roger-langmann\/","og_site_name":"Demon Ray","article_publisher":"https:\/\/www.facebook.com\/p\/Demon-Ray-Scuba-Diving-61550789842853\/","article_modified_time":"2026-03-29T11:20:46+00:00","og_image":[{"width":1361,"height":1600,"url":"https:\/\/demonray.de\/wp-content\/uploads\/2026\/03\/WhatsApp-Image-2026-03-08-at-10.00.14.jpeg","type":"image\/jpeg"}],"twitter_card":"summary_large_image","twitter_misc":{"Gesch\u00e4tzte Lesezeit":"3\u00a0Minuten"},"schema":{"@context":"https:\/\/schema.org","@graph":[{"@type":"WebPage","@id":"https:\/\/demonray.de\/team\/roger-langmann\/","url":"https:\/\/demonray.de\/team\/roger-langmann\/","name":"Roger Langmann - Demon Ray","isPartOf":{"@id":"https:\/\/demonray.de\/#website"},"primaryImageOfPage":{"@id":"https:\/\/demonray.de\/team\/roger-langmann\/#primaryimage"},"image":{"@id":"https:\/\/demonray.de\/team\/roger-langmann\/#primaryimage"},"thumbnailUrl":"https:\/\/demonray.de\/wp-content\/uploads\/2026\/03\/WhatsApp-Image-2026-03-08-at-10.00.14-871x1024.jpeg","datePublished":"2026-03-29T11:06:38+00:00","dateModified":"2026-03-29T11:20:46+00:00","breadcrumb":{"@id":"https:\/\/demonray.de\/team\/roger-langmann\/#breadcrumb"},"inLanguage":"de","potentialAction":[{"@type":"ReadAction","target":["https:\/\/demonray.de\/team\/roger-langmann\/"]}]},{"@type":"ImageObject","inLanguage":"de","@id":"https:\/\/demonray.de\/team\/roger-langmann\/#primaryimage","url":"https:\/\/demonray.de\/wp-content\/uploads\/2026\/03\/WhatsApp-Image-2026-03-08-at-10.00.14-871x1024.jpeg","contentUrl":"https:\/\/demonray.de\/wp-content\/uploads\/2026\/03\/WhatsApp-Image-2026-03-08-at-10.00.14-871x1024.jpeg"},{"@type":"BreadcrumbList","@id":"https:\/\/demonray.de\/team\/roger-langmann\/#breadcrumb","itemListElement":[{"@type":"ListItem","position":1,"name":"Strona g\u0142\u00f3wna","item":"https:\/\/demonray.de\/"},{"@type":"ListItem","position":2,"name":"Team","item":"https:\/\/demonray.de\/team\/"},{"@type":"ListItem","position":3,"name":"Roger Langmann"}]},{"@type":"WebSite","@id":"https:\/\/demonray.de\/#website","url":"https:\/\/demonray.de\/","name":"Demon Ray","description":"Szko\u0142a nurkowania","publisher":{"@id":"https:\/\/demonray.de\/#\/schema\/person\/40b8978b9b5617f17e8741a56fc1efbb"},"potentialAction":[{"@type":"SearchAction","target":{"@type":"EntryPoint","urlTemplate":"https:\/\/demonray.de\/?s={search_term_string}"},"query-input":{"@type":"PropertyValueSpecification","valueRequired":true,"valueName":"search_term_string"}}],"inLanguage":"de"},{"@type":["Person","Organization"],"@id":"https:\/\/demonray.de\/#\/schema\/person\/40b8978b9b5617f17e8741a56fc1efbb","name":"Beniamin","image":{"@type":"ImageObject","inLanguage":"de","@id":"https:\/\/demonray.de\/#\/schema\/person\/image\/","url":"https:\/\/demonray.de\/wp-content\/uploads\/2024\/04\/benjamin.webp","contentUrl":"https:\/\/demonray.de\/wp-content\/uploads\/2024\/04\/benjamin.webp","width":1920,"height":1080,"caption":"Beniamin"},"logo":{"@id":"https:\/\/demonray.de\/#\/schema\/person\/image\/"},"sameAs":["https:\/\/demonray.de\/","https:\/\/www.facebook.com\/p\/Demon-Ray-Scuba-Diving-61550789842853\/","https:\/\/www.instagram.com\/demonray_diving\/"]}]}},"_links":{"self":[{"href":"http:\/\/demonray.de\/de\/wp-json\/wp\/v2\/pages\/3082","targetHints":{"allow":["GET"]}}],"collection":[{"href":"http:\/\/demonray.de\/de\/wp-json\/wp\/v2\/pages"}],"about":[{"href":"http:\/\/demonray.de\/de\/wp-json\/wp\/v2\/types\/page"}],"author":[{"embeddable":true,"href":"http:\/\/demonray.de\/de\/wp-json\/wp\/v2\/users\/1"}],"replies":[{"embeddable":true,"href":"http:\/\/demonray.de\/de\/wp-json\/wp\/v2\/comments?post=3082"}],"version-history":[{"count":13,"href":"http:\/\/demonray.de\/de\/wp-json\/wp\/v2\/pages\/3082\/revisions"}],"predecessor-version":[{"id":3100,"href":"http:\/\/demonray.de\/de\/wp-json\/wp\/v2\/pages\/3082\/revisions\/3100"}],"up":[{"embeddable":true,"href":"http:\/\/demonray.de\/de\/wp-json\/wp\/v2\/pages\/194"}],"wp:attachment":[{"href":"http:\/\/demonray.de\/de\/wp-json\/wp\/v2\/media?parent=3082"}],"curies":[{"name":"wp","href":"https:\/\/api.w.org\/{rel}","templated":true}]}}